{"id":16715,"date":"2022-12-13T02:05:22","date_gmt":"2022-12-13T02:05:22","guid":{"rendered":"https:\/\/www.tenyutool.com\/?post_type=product&#038;p=16715"},"modified":"2022-12-13T02:09:00","modified_gmt":"2022-12-13T02:09:00","slug":"pelle-a-bois-plat","status":"publish","type":"product","link":"https:\/\/www.tenyutool.com\/fr\/product\/flat-wood-spade-paddle-drill-bit\/","title":{"rendered":"Foret \u00e0 palette en bois plat \u00e0 point central \u00e0 tige hexagonale \u00e0 changement rapide robuste pour trou de forage en bois"},"content":{"rendered":"<p>Traits:<\/p>\n<ul>\n<li>La tige robuste offre une durabilit\u00e9 maximale.<\/li>\n<li data-spm-anchor-id=\"a2700.custom-template.0.i87.54733333hQYjKB\">Les \u00e9perons de coupe offrent une finition de trou optimale.<\/li>\n<li data-spm-anchor-id=\"a2700.custom-template.0.i87.54733333hQYjKB\">La tige hexagonale emp\u00eache le glissement et s&#039;adapte \u00e0 tous les syst\u00e8mes de changement rapide 1\/4\u2033.<\/li>\n<li data-spm-anchor-id=\"a2700.custom-template.0.i87.54733333hQYjKB\">Le trou de suspension permet de ranger les embouts et de tirer les fils.<\/li>\n<li data-spm-anchor-id=\"a2700.custom-template.0.i87.54733333hQYjKB\">Id\u00e9al pour percer des trous dans les briques, les blocs, le b\u00e9ton et la ma\u00e7onnerie.\n<figure id=\"attachment_16717\" aria-describedby=\"caption-attachment-16717\" style=\"width: 800px\" class=\"wp-caption alignnone\"><img fetchpriority=\"high\" decoding=\"async\" class=\"size-full wp-image-16717\" src=\"https:\/\/www.tenyutool.com\/wp-content\/uploads\/2022\/12\/H2c69e68d04e44b62ae7b63d86ad7254dd.jpg\" alt=\"Foret \u00e0 palette en bois plat \u00e0 tige hexagonale \u00e0 changement rapide et robuste pour trou de forage en bois\" width=\"800\" height=\"800\" srcset=\"https:\/\/www.tenyutool.com\/wp-content\/uploads\/2022\/12\/H2c69e68d04e44b62ae7b63d86ad7254dd.jpg 800w, https:\/\/www.tenyutool.com\/wp-content\/uploads\/2022\/12\/H2c69e68d04e44b62ae7b63d86ad7254dd-150x150.jpg 150w, https:\/\/www.tenyutool.com\/wp-content\/uploads\/2022\/12\/H2c69e68d04e44b62ae7b63d86ad7254dd-768x768.jpg 768w, https:\/\/www.tenyutool.com\/wp-content\/uploads\/2022\/12\/H2c69e68d04e44b62ae7b63d86ad7254dd-12x12.jpg 12w, https:\/\/www.tenyutool.com\/wp-content\/uploads\/2022\/12\/H2c69e68d04e44b62ae7b63d86ad7254dd-300x300.jpg 300w, https:\/\/www.tenyutool.com\/wp-content\/uploads\/2022\/12\/H2c69e68d04e44b62ae7b63d86ad7254dd-600x600.jpg 600w, https:\/\/www.tenyutool.com\/wp-content\/uploads\/2022\/12\/H2c69e68d04e44b62ae7b63d86ad7254dd-100x100.jpg 100w\" sizes=\"(max-width: 800px) 100vw, 800px\" \/><figcaption id=\"caption-attachment-16717\" class=\"wp-caption-text\">Foret \u00e0 palette en bois plat \u00e0 tige hexagonale \u00e0 changement rapide et robuste pour trou de forage en bois<\/figcaption><\/figure>\n<div class=\"magic-14\" data-spm-anchor-id=\"a2700.details.0.i26.628e3e48DIdxJy\">\n<div data-spm-anchor-id=\"a2700.custom-template.0.i87.54733333hQYjKB\">\n<table width=\"736\">\n<tbody>\n<tr>\n<td colspan=\"6\" width=\"736\">Description du produit<\/td>\n<\/tr>\n<tr>\n<td colspan=\"6\">Plus de choix pour vous : <a href=\"https:\/\/www.tenyutool.com\/fr\/\">Maison<\/a> &gt; Foret \u00e0 bois &gt; Foret \u00e0 bois<\/td>\n<\/tr>\n<tr>\n<td>Nom du produit<\/td>\n<td colspan=\"5\" width=\"514\">Foret \u00e0 palette en bois plat \u00e0 point central \u00e0 tige hexagonale \u00e0 changement rapide robuste pour trou de forage en bois<\/td>\n<\/tr>\n<tr>\n<td>Mat\u00e9riel<\/td>\n<td colspan=\"5\" width=\"514\">Acier \u00e0 haute teneur en carbone avec traitement thermique<\/td>\n<\/tr>\n<tr>\n<td>Type de tige<\/td>\n<td colspan=\"5\">Tige hexagonale \u00e0 changement rapide (nous avons \u00e9galement une tige hexagonale)<\/td>\n<\/tr>\n<tr>\n<td>Pointe de la t\u00eate<\/td>\n<td colspan=\"5\" width=\"514\">Point central (nous avons \u00e9galement Tri Point, Tri Point avec rainure de coupe)<\/td>\n<\/tr>\n<tr>\n<td>Finition de surface<\/td>\n<td colspan=\"5\">Oxyde noir (nous avons \u00e9galement brillant, rev\u00eatu de titane)<\/td>\n<\/tr>\n<tr>\n<td>Forfait<\/td>\n<td colspan=\"5\" width=\"514\">Une pi\u00e8ce dans une pochette en PVC ou une carte de peau en PVC ou un sandwich en papier ou un double blister en PVC<\/td>\n<\/tr>\n<\/tbody>\n<\/table>\n<\/div>\n<\/div>\n<\/li>\n<\/ul>","protected":false},"excerpt":{"rendered":"<p>Features: Heavy-duty shank provides maximum durability. Cutting spurs provide optimum hole finish. Hex shank prevents slipping and fits all 1\/4&#8243; quick-change systems. Hang hole allows for bit storage &amp; wire pulling. Ideal for drilling holes in bricks, blocks, concrete, and masonry. Product Description More Choice For You\uff1a Home &gt; Wood Drill Bit &gt; Wood Spade [&hellip;]<\/p>\n","protected":false},"featured_media":16717,"comment_status":"closed","ping_status":"closed","template":"","meta":{"_acf_changed":false,"_seopress_robots_primary_cat":"none","_seopress_titles_title":"Quick Change Hex Shank Flat Wood Drill Bit |  for Wood Drilling Hole","_seopress_titles_desc":"","_seopress_robots_index":"","site-sidebar-layout":"default","site-content-layout":"default","ast-site-content-layout":"default","site-content-style":"default","site-sidebar-style":"default","ast-global-header-display":"","ast-banner-title-visibility":"","ast-main-header-display":"","ast-hfb-above-header-display":"","ast-hfb-below-header-display":"","ast-hfb-mobile-header-display":"","site-post-title":"","ast-breadcrumbs-content":"","ast-featured-img":"","footer-sml-layout":"","ast-disable-related-posts":"","theme-transparent-header-meta":"default","adv-header-id-meta":"","stick-header-meta":"","header-above-stick-meta":"","header-main-stick-meta":"","header-below-stick-meta":"","astra-migrate-meta-layouts":"default","ast-page-background-enabled":"default","ast-page-background-meta":{"desktop":{"background-color":"","background-image":"","background-repeat":"repeat","background-position":"center center","background-size":"auto","background-attachment":"scroll","background-type":"","background-media":"","overlay-type":"","overlay-color":"","overlay-opacity":"","overlay-gradient":""},"tablet":{"background-color":"","background-image":"","background-repeat":"repeat","background-position":"center center","background-size":"auto","background-attachment":"scroll","background-type":"","background-media":"","overlay-type":"","overlay-color":"","overlay-opacity":"","overlay-gradient":""},"mobile":{"background-color":"","background-image":"","background-repeat":"repeat","background-position":"center center","background-size":"auto","background-attachment":"scroll","background-type":"","background-media":"","overlay-type":"","overlay-color":"","overlay-opacity":"","overlay-gradient":""}},"ast-content-background-meta":{"desktop":{"background-color":"var(--ast-global-color-5)","background-image":"","background-repeat":"repeat","background-position":"center center","background-size":"auto","background-attachment":"scroll","background-type":"","background-media":"","overlay-type":"","overlay-color":"","overlay-opacity":"","overlay-gradient":""},"tablet":{"background-color":"var(--ast-global-color-5)","background-image":"","background-repeat":"repeat","background-position":"center center","background-size":"auto","background-attachment":"scroll","background-type":"","background-media":"","overlay-type":"","overlay-color":"","overlay-opacity":"","overlay-gradient":""},"mobile":{"background-color":"var(--ast-global-color-5)","background-image":"","background-repeat":"repeat","background-position":"center center","background-size":"auto","background-attachment":"scroll","background-type":"","background-media":"","overlay-type":"","overlay-color":"","overlay-opacity":"","overlay-gradient":""}}},"product_brand":[],"product_cat":[34],"product_tag":[],"class_list":{"0":"post-16715","1":"product","2":"type-product","3":"status-publish","4":"has-post-thumbnail","6":"product_cat-wood-spade-paddle-drill-bit","7":"desktop-align-left","8":"tablet-align-left","9":"mobile-align-left","11":"first","12":"instock","13":"shipping-taxable","14":"product-type-simple"},"acf":[],"_links":{"self":[{"href":"https:\/\/www.tenyutool.com\/fr\/wp-json\/wp\/v2\/product\/16715","targetHints":{"allow":["GET"]}}],"collection":[{"href":"https:\/\/www.tenyutool.com\/fr\/wp-json\/wp\/v2\/product"}],"about":[{"href":"https:\/\/www.tenyutool.com\/fr\/wp-json\/wp\/v2\/types\/product"}],"replies":[{"embeddable":true,"href":"https:\/\/www.tenyutool.com\/fr\/wp-json\/wp\/v2\/comments?post=16715"}],"wp:featuredmedia":[{"embeddable":true,"href":"https:\/\/www.tenyutool.com\/fr\/wp-json\/wp\/v2\/media\/16717"}],"wp:attachment":[{"href":"https:\/\/www.tenyutool.com\/fr\/wp-json\/wp\/v2\/media?parent=16715"}],"wp:term":[{"taxonomy":"product_brand","embeddable":true,"href":"https:\/\/www.tenyutool.com\/fr\/wp-json\/wp\/v2\/product_brand?post=16715"},{"taxonomy":"product_cat","embeddable":true,"href":"https:\/\/www.tenyutool.com\/fr\/wp-json\/wp\/v2\/product_cat?post=16715"},{"taxonomy":"product_tag","embeddable":true,"href":"https:\/\/www.tenyutool.com\/fr\/wp-json\/wp\/v2\/product_tag?post=16715"}],"curies":[{"name":"wp","href":"https:\/\/api.w.org\/{rel}","templated":true}]}}