{"id":16721,"date":"2022-12-20T08:53:01","date_gmt":"2022-12-20T08:53:01","guid":{"rendered":"https:\/\/www.tenyutool.com\/?post_type=product&#038;p=16721"},"modified":"2022-12-20T08:53:01","modified_gmt":"2022-12-20T08:53:01","slug":"meche-beche-a-bois-plat-a-pointe-tri-pointe-a-changement-rapide-avec-rainure-de-coupe-pour-le-bois-percage-rapide-et-propre","status":"publish","type":"product","link":"https:\/\/www.tenyutool.com\/fr\/product\/quick-change-hex-shank-tri-point-flat-wood-spade-drill-bit-with-cutting-groove-for-wood-fast-and-clean-drilling\/","title":{"rendered":"Foret \u00e0 b\u00eache \u00e0 bois plat \u00e0 trois pointes \u00e0 tige hexagonale \u00e0 changement rapide avec rainure de coupe pour un per\u00e7age rapide et propre du bois"},"content":{"rendered":"<p>Traits:<\/p>\n<ul>\n<li>Fabriqu\u00e9 en acier \u00e0 haute teneur en carbone, tige trait\u00e9e thermiquement pour la protection.<\/li>\n<li data-spm-anchor-id=\"a2700.pc-decorate.0.i14.50ca33330i6BKI\">La conception de la palette plate pr\u00e9sente un tranchant tranchant, assure un nettoyage en douceur du trou.<\/li>\n<li data-spm-anchor-id=\"a2700.pc-decorate.0.i16.50ca33330i6BKI\">Assure une long\u00e9vit\u00e9 et une haute r\u00e9sistance \u00e0 l&#039;usure.<\/li>\n<li data-spm-anchor-id=\"a2700.pc-decorate.0.i13.50ca33330i6BKI\">Pour une \u00e9limination efficace et en douceur des copeaux, plus rapide que les m\u00e8ches plates standard.<\/li>\n<li data-spm-anchor-id=\"a2700.pc-decorate.0.i15.50ca33330i6BKI\">Permet un per\u00e7age pr\u00e9cis de la plupart des types de bois, ainsi que du plastique et des m\u00e9taux mous tels que l&#039;aluminium.\n<figure id=\"attachment_16776\" aria-describedby=\"caption-attachment-16776\" style=\"width: 800px\" class=\"wp-caption alignnone\"><img fetchpriority=\"high\" decoding=\"async\" class=\"size-full wp-image-16776\" src=\"https:\/\/www.tenyutool.com\/wp-content\/uploads\/2022\/12\/H683f23de26264f9e85b803458f2826c2a.jpg\" alt=\"Foret \u00e0 b\u00eache \u00e0 bois plat \u00e0 trois pointes \u00e0 queue hexagonale \u00e0 changement rapide avec rainure de coupe pour le per\u00e7age rapide et propre du bois\" width=\"800\" height=\"800\" srcset=\"https:\/\/www.tenyutool.com\/wp-content\/uploads\/2022\/12\/H683f23de26264f9e85b803458f2826c2a.jpg 800w, https:\/\/www.tenyutool.com\/wp-content\/uploads\/2022\/12\/H683f23de26264f9e85b803458f2826c2a-150x150.jpg 150w, https:\/\/www.tenyutool.com\/wp-content\/uploads\/2022\/12\/H683f23de26264f9e85b803458f2826c2a-768x768.jpg 768w, https:\/\/www.tenyutool.com\/wp-content\/uploads\/2022\/12\/H683f23de26264f9e85b803458f2826c2a-12x12.jpg 12w, https:\/\/www.tenyutool.com\/wp-content\/uploads\/2022\/12\/H683f23de26264f9e85b803458f2826c2a-300x300.jpg 300w, https:\/\/www.tenyutool.com\/wp-content\/uploads\/2022\/12\/H683f23de26264f9e85b803458f2826c2a-600x600.jpg 600w, https:\/\/www.tenyutool.com\/wp-content\/uploads\/2022\/12\/H683f23de26264f9e85b803458f2826c2a-100x100.jpg 100w\" sizes=\"(max-width: 800px) 100vw, 800px\" \/><figcaption id=\"caption-attachment-16776\" class=\"wp-caption-text\">Foret \u00e0 b\u00eache \u00e0 bois plat \u00e0 trois pointes \u00e0 queue hexagonale \u00e0 changement rapide avec rainure de coupe pour le per\u00e7age rapide et propre du bois<\/figcaption><\/figure>\n<table width=\"794\">\n<tbody>\n<tr>\n<td colspan=\"6\" width=\"794\">Description du produit<\/td>\n<\/tr>\n<tr>\n<td colspan=\"6\">Plus de choix pour vous\uff1aAccueil &gt; Foret \u00e0 bois &gt; Foret \u00e0 bois<\/td>\n<\/tr>\n<tr>\n<td>Nom du produit<\/td>\n<td colspan=\"5\" width=\"572\">Foret \u00e0 b\u00eache \u00e0 bois plat \u00e0 trois pointes \u00e0 tige hexagonale \u00e0 changement rapide avec rainure de coupe pour un per\u00e7age rapide et propre du bois<\/td>\n<\/tr>\n<tr>\n<td>Mat\u00e9riel<\/td>\n<td colspan=\"5\" width=\"572\">Acier \u00e0 haute teneur en carbone avec traitement thermique<\/td>\n<\/tr>\n<tr>\n<td>Type de tige<\/td>\n<td colspan=\"5\">Tige hexagonale \u00e0 changement rapide (nous avons \u00e9galement une tige hexagonale)<\/td>\n<\/tr>\n<tr>\n<td>Pointe de la t\u00eate<\/td>\n<td colspan=\"5\" width=\"572\">\u00a0Tri-Point avec rainure de coupe (nous avons \u00e9galement un point central et un tri-point)<\/td>\n<\/tr>\n<tr>\n<td>Finition de surface<\/td>\n<td colspan=\"5\">Brillant (nous avons \u00e9galement un rev\u00eatement en oxyde noir et en titane)<\/td>\n<\/tr>\n<tr>\n<td>Forfait<\/td>\n<td colspan=\"5\" width=\"572\">Une pi\u00e8ce dans une pochette en PVC ou une carte de peau en PVC ou un sandwich en papier ou un double blister en PVC<\/td>\n<\/tr>\n<\/tbody>\n<\/table>\n<\/li>\n<\/ul>","protected":false},"excerpt":{"rendered":"<p>Features: Made of high carbon steel, heat-treated shank for protection. The flat paddle design features a sharp cutting edge, ensures the hole smooth clean. Ensure longevity and high wear resistance. For efficient and smooth chip removal, faster than standard spade bits. Allows for accurate drilling to most types of wood, and also plastic and soft [&hellip;]<\/p>\n","protected":false},"featured_media":16776,"comment_status":"closed","ping_status":"closed","template":"","meta":{"_acf_changed":false,"_seopress_robots_primary_cat":"","_seopress_titles_title":"Hex Shank Tri-Point Flat Wood Spade Drill Bit | for Wood Fast and Clean Drilling","_seopress_titles_desc":"","_seopress_robots_index":"","site-sidebar-layout":"default","site-content-layout":"default","ast-site-content-layout":"default","site-content-style":"default","site-sidebar-style":"default","ast-global-header-display":"","ast-banner-title-visibility":"","ast-main-header-display":"","ast-hfb-above-header-display":"","ast-hfb-below-header-display":"","ast-hfb-mobile-header-display":"","site-post-title":"","ast-breadcrumbs-content":"","ast-featured-img":"","footer-sml-layout":"","ast-disable-related-posts":"","theme-transparent-header-meta":"default","adv-header-id-meta":"","stick-header-meta":"","header-above-stick-meta":"","header-main-stick-meta":"","header-below-stick-meta":"","astra-migrate-meta-layouts":"default","ast-page-background-enabled":"default","ast-page-background-meta":{"desktop":{"background-color":"","background-image":"","background-repeat":"repeat","background-position":"center center","background-size":"auto","background-attachment":"scroll","background-type":"","background-media":"","overlay-type":"","overlay-color":"","overlay-opacity":"","overlay-gradient":""},"tablet":{"background-color":"","background-image":"","background-repeat":"repeat","background-position":"center center","background-size":"auto","background-attachment":"scroll","background-type":"","background-media":"","overlay-type":"","overlay-color":"","overlay-opacity":"","overlay-gradient":""},"mobile":{"background-color":"","background-image":"","background-repeat":"repeat","background-position":"center center","background-size":"auto","background-attachment":"scroll","background-type":"","background-media":"","overlay-type":"","overlay-color":"","overlay-opacity":"","overlay-gradient":""}},"ast-content-background-meta":{"desktop":{"background-color":"var(--ast-global-color-5)","background-image":"","background-repeat":"repeat","background-position":"center center","background-size":"auto","background-attachment":"scroll","background-type":"","background-media":"","overlay-type":"","overlay-color":"","overlay-opacity":"","overlay-gradient":""},"tablet":{"background-color":"var(--ast-global-color-5)","background-image":"","background-repeat":"repeat","background-position":"center center","background-size":"auto","background-attachment":"scroll","background-type":"","background-media":"","overlay-type":"","overlay-color":"","overlay-opacity":"","overlay-gradient":""},"mobile":{"background-color":"var(--ast-global-color-5)","background-image":"","background-repeat":"repeat","background-position":"center center","background-size":"auto","background-attachment":"scroll","background-type":"","background-media":"","overlay-type":"","overlay-color":"","overlay-opacity":"","overlay-gradient":""}}},"product_brand":[],"product_cat":[34],"product_tag":[],"class_list":{"0":"post-16721","1":"product","2":"type-product","3":"status-publish","4":"has-post-thumbnail","6":"product_cat-wood-spade-paddle-drill-bit","7":"desktop-align-left","8":"tablet-align-left","9":"mobile-align-left","11":"first","12":"instock","13":"shipping-taxable","14":"product-type-simple"},"acf":[],"_links":{"self":[{"href":"https:\/\/www.tenyutool.com\/fr\/wp-json\/wp\/v2\/product\/16721","targetHints":{"allow":["GET"]}}],"collection":[{"href":"https:\/\/www.tenyutool.com\/fr\/wp-json\/wp\/v2\/product"}],"about":[{"href":"https:\/\/www.tenyutool.com\/fr\/wp-json\/wp\/v2\/types\/product"}],"replies":[{"embeddable":true,"href":"https:\/\/www.tenyutool.com\/fr\/wp-json\/wp\/v2\/comments?post=16721"}],"wp:featuredmedia":[{"embeddable":true,"href":"https:\/\/www.tenyutool.com\/fr\/wp-json\/wp\/v2\/media\/16776"}],"wp:attachment":[{"href":"https:\/\/www.tenyutool.com\/fr\/wp-json\/wp\/v2\/media?parent=16721"}],"wp:term":[{"taxonomy":"product_brand","embeddable":true,"href":"https:\/\/www.tenyutool.com\/fr\/wp-json\/wp\/v2\/product_brand?post=16721"},{"taxonomy":"product_cat","embeddable":true,"href":"https:\/\/www.tenyutool.com\/fr\/wp-json\/wp\/v2\/product_cat?post=16721"},{"taxonomy":"product_tag","embeddable":true,"href":"https:\/\/www.tenyutool.com\/fr\/wp-json\/wp\/v2\/product_tag?post=16721"}],"curies":[{"name":"wp","href":"https:\/\/api.w.org\/{rel}","templated":true}]}}