{"id":16786,"date":"2022-12-28T01:53:19","date_gmt":"2022-12-28T01:53:19","guid":{"rendered":"https:\/\/www.tenyutool.com\/?post_type=product&#038;p=16786"},"modified":"2022-12-28T01:53:19","modified_gmt":"2022-12-28T01:53:19","slug":"11-pieces-perceuse-a-main-de-precision-avec-mini-micro-forets-helicoidaux-ensemble-le-plus-petit-foret-avec-etau-a-broche-ideal-pour-les-modeles-et-les-loisirs","status":"publish","type":"product","link":"https:\/\/www.tenyutool.com\/fr\/product\/11pcs-precision-hand-drill-with-mini-micro-twist-drill-bits-set-smallest-drill-bit-with-pin-vise-hand-great-for-models-and-hobby\/","title":{"rendered":"11pcs perceuse \u00e0 main de pr\u00e9cision avec mini micro forets h\u00e9lico\u00efdaux ensemble le plus petit foret avec \u00e9tau \u00e0 broche id\u00e9al pour les mod\u00e8les et les loisirs"},"content":{"rendered":"<p>Traits:<\/p>\n<ul>\n<li>Le jeu de forets comprend 1 perceuse \u00e0 main et 10 mini forets h\u00e9lico\u00efdaux.<\/li>\n<li data-spm-anchor-id=\"a2700.pc-decorate.0.i8.23e63333XIsGJl\">Mandrin con\u00e7u avec pr\u00e9cision pour maintenir cette perceuse droite.<\/li>\n<li data-spm-anchor-id=\"a2700.pc-decorate.0.i5.23e63333XIsGJl\">Performances sup\u00e9rieures et facilit\u00e9 d&#039;utilisation.<\/li>\n<li data-spm-anchor-id=\"a2700.pc-decorate.0.i11.23e63333XIsGJl\">Taille compacte et l\u00e9g\u00e8re.<\/li>\n<li data-spm-anchor-id=\"a2700.pc-decorate.0.i6.23e63333XIsGJl\">La perceuse \u00e0 main est utilis\u00e9e pour tenir et faire pivoter de petits forets pour travailler sur des mod\u00e8les, des bijoux, des perles, du plastique, des fils et de nombreux autres projets de bricolage qui n\u00e9cessitent de percer des trous pr\u00e9cis.<\/li>\n<\/ul>\n<figure id=\"attachment_16789\" aria-describedby=\"caption-attachment-16789\" style=\"width: 800px\" class=\"wp-caption alignnone\"><img fetchpriority=\"high\" decoding=\"async\" class=\"size-full wp-image-16789\" src=\"https:\/\/www.tenyutool.com\/wp-content\/uploads\/2022\/12\/H3eda7572a1d54b028b4aff6f5f8e82d91.webp.jpg\" alt=\"11 pi\u00e8ces perceuse \u00e0 main de pr\u00e9cision avec mini micro forets h\u00e9lico\u00efdaux ensemble le plus petit foret avec \u00e9tau \u00e0 broche id\u00e9al pour les mod\u00e8les et les loisirs\" width=\"800\" height=\"800\" srcset=\"https:\/\/www.tenyutool.com\/wp-content\/uploads\/2022\/12\/H3eda7572a1d54b028b4aff6f5f8e82d91.webp.jpg 800w, https:\/\/www.tenyutool.com\/wp-content\/uploads\/2022\/12\/H3eda7572a1d54b028b4aff6f5f8e82d91.webp-150x150.jpg 150w, https:\/\/www.tenyutool.com\/wp-content\/uploads\/2022\/12\/H3eda7572a1d54b028b4aff6f5f8e82d91.webp-768x768.jpg 768w, https:\/\/www.tenyutool.com\/wp-content\/uploads\/2022\/12\/H3eda7572a1d54b028b4aff6f5f8e82d91.webp-12x12.jpg 12w, https:\/\/www.tenyutool.com\/wp-content\/uploads\/2022\/12\/H3eda7572a1d54b028b4aff6f5f8e82d91.webp-300x300.jpg 300w, https:\/\/www.tenyutool.com\/wp-content\/uploads\/2022\/12\/H3eda7572a1d54b028b4aff6f5f8e82d91.webp-600x600.jpg 600w, https:\/\/www.tenyutool.com\/wp-content\/uploads\/2022\/12\/H3eda7572a1d54b028b4aff6f5f8e82d91.webp-100x100.jpg 100w\" sizes=\"(max-width: 800px) 100vw, 800px\" \/><figcaption id=\"caption-attachment-16789\" class=\"wp-caption-text\">11 pi\u00e8ces perceuse \u00e0 main de pr\u00e9cision avec mini micro forets h\u00e9lico\u00efdaux ensemble le plus petit foret avec \u00e9tau \u00e0 broche id\u00e9al pour les mod\u00e8les et les loisirs<\/figcaption><\/figure>\n<table width=\"794\">\n<tbody>\n<tr>\n<td colspan=\"6\" width=\"794\">Description du produit<\/td>\n<\/tr>\n<tr>\n<td colspan=\"6\">Plus de choix pour vous :<a href=\"https:\/\/www.tenyutool.com\/fr\/\">Maison<\/a> &gt; Nouveaux outils<\/td>\n<\/tr>\n<tr>\n<td>Nom du produit<\/td>\n<td colspan=\"5\" width=\"572\">11pcs perceuse \u00e0 main de pr\u00e9cision avec mini micro forets h\u00e9lico\u00efdaux ensemble le plus petit foret id\u00e9al pour les mod\u00e8les et les loisirs<\/td>\n<\/tr>\n<tr>\n<td>Mat\u00e9riel<\/td>\n<td colspan=\"5\" width=\"572\">HSS4241 ou HSS4341<\/td>\n<\/tr>\n<tr>\n<td>Poids de la perceuse \u00e0 main<\/td>\n<td colspan=\"5\">30g ou 45g<\/td>\n<\/tr>\n<tr>\n<td>Taille<\/td>\n<td colspan=\"5\" width=\"572\">0.5mm-2.0mm ou 0.8mm-3.0mm<\/td>\n<\/tr>\n<tr>\n<td>Usage<\/td>\n<td colspan=\"5\">Pour le per\u00e7age du bois, id\u00e9al pour les mod\u00e8les et les loisirs<\/td>\n<\/tr>\n<tr>\n<td>Forfait<\/td>\n<td colspan=\"5\" width=\"572\">\u00a010 mini forets dans une bo\u00eete en plastique<\/td>\n<\/tr>\n<\/tbody>\n<\/table>","protected":false},"excerpt":{"rendered":"<p>Features: Drill set is Includes 1 piece of hand drill and 10 pieces of mini twist drill bits. Precise designed chuck to keep that drill upright. Superior performance and easy to use. Compact size and light. Hand drill is used to hold and rotate small drill bits for working on models, jewelry, beads, plastic, wires [&hellip;]<\/p>\n","protected":false},"featured_media":16789,"comment_status":"closed","ping_status":"closed","template":"","meta":{"_acf_changed":false,"_seopress_robots_primary_cat":"","_seopress_titles_title":" Hand Drill Mini Micro Twist Drill Bits Set |  for Models and Hobby","_seopress_titles_desc":"","_seopress_robots_index":"","site-sidebar-layout":"default","site-content-layout":"default","ast-site-content-layout":"default","site-content-style":"default","site-sidebar-style":"default","ast-global-header-display":"","ast-banner-title-visibility":"","ast-main-header-display":"","ast-hfb-above-header-display":"","ast-hfb-below-header-display":"","ast-hfb-mobile-header-display":"","site-post-title":"","ast-breadcrumbs-content":"","ast-featured-img":"","footer-sml-layout":"","ast-disable-related-posts":"","theme-transparent-header-meta":"default","adv-header-id-meta":"","stick-header-meta":"","header-above-stick-meta":"","header-main-stick-meta":"","header-below-stick-meta":"","astra-migrate-meta-layouts":"default","ast-page-background-enabled":"default","ast-page-background-meta":{"desktop":{"background-color":"","background-image":"","background-repeat":"repeat","background-position":"center center","background-size":"auto","background-attachment":"scroll","background-type":"","background-media":"","overlay-type":"","overlay-color":"","overlay-opacity":"","overlay-gradient":""},"tablet":{"background-color":"","background-image":"","background-repeat":"repeat","background-position":"center center","background-size":"auto","background-attachment":"scroll","background-type":"","background-media":"","overlay-type":"","overlay-color":"","overlay-opacity":"","overlay-gradient":""},"mobile":{"background-color":"","background-image":"","background-repeat":"repeat","background-position":"center center","background-size":"auto","background-attachment":"scroll","background-type":"","background-media":"","overlay-type":"","overlay-color":"","overlay-opacity":"","overlay-gradient":""}},"ast-content-background-meta":{"desktop":{"background-color":"var(--ast-global-color-5)","background-image":"","background-repeat":"repeat","background-position":"center center","background-size":"auto","background-attachment":"scroll","background-type":"","background-media":"","overlay-type":"","overlay-color":"","overlay-opacity":"","overlay-gradient":""},"tablet":{"background-color":"var(--ast-global-color-5)","background-image":"","background-repeat":"repeat","background-position":"center center","background-size":"auto","background-attachment":"scroll","background-type":"","background-media":"","overlay-type":"","overlay-color":"","overlay-opacity":"","overlay-gradient":""},"mobile":{"background-color":"var(--ast-global-color-5)","background-image":"","background-repeat":"repeat","background-position":"center center","background-size":"auto","background-attachment":"scroll","background-type":"","background-media":"","overlay-type":"","overlay-color":"","overlay-opacity":"","overlay-gradient":""}}},"product_brand":[],"product_cat":[36],"product_tag":[],"class_list":{"0":"post-16786","1":"product","2":"type-product","3":"status-publish","4":"has-post-thumbnail","6":"product_cat-new-tools","7":"desktop-align-left","8":"tablet-align-left","9":"mobile-align-left","11":"first","12":"instock","13":"shipping-taxable","14":"product-type-simple"},"acf":[],"_links":{"self":[{"href":"https:\/\/www.tenyutool.com\/fr\/wp-json\/wp\/v2\/product\/16786","targetHints":{"allow":["GET"]}}],"collection":[{"href":"https:\/\/www.tenyutool.com\/fr\/wp-json\/wp\/v2\/product"}],"about":[{"href":"https:\/\/www.tenyutool.com\/fr\/wp-json\/wp\/v2\/types\/product"}],"replies":[{"embeddable":true,"href":"https:\/\/www.tenyutool.com\/fr\/wp-json\/wp\/v2\/comments?post=16786"}],"wp:featuredmedia":[{"embeddable":true,"href":"https:\/\/www.tenyutool.com\/fr\/wp-json\/wp\/v2\/media\/16789"}],"wp:attachment":[{"href":"https:\/\/www.tenyutool.com\/fr\/wp-json\/wp\/v2\/media?parent=16786"}],"wp:term":[{"taxonomy":"product_brand","embeddable":true,"href":"https:\/\/www.tenyutool.com\/fr\/wp-json\/wp\/v2\/product_brand?post=16786"},{"taxonomy":"product_cat","embeddable":true,"href":"https:\/\/www.tenyutool.com\/fr\/wp-json\/wp\/v2\/product_cat?post=16786"},{"taxonomy":"product_tag","embeddable":true,"href":"https:\/\/www.tenyutool.com\/fr\/wp-json\/wp\/v2\/product_tag?post=16786"}],"curies":[{"name":"wp","href":"https:\/\/api.w.org\/{rel}","templated":true}]}}