{"id":16799,"date":"2022-12-28T06:25:43","date_gmt":"2022-12-28T06:25:43","guid":{"rendered":"https:\/\/www.tenyutool.com\/?post_type=product&#038;p=16799"},"modified":"2022-12-28T06:25:44","modified_gmt":"2022-12-28T06:25:44","slug":"multi-fonction-246-pcs-foret-et-bit-tools-hardware-combinaison-drill-bits-socket-set-wood-hss-center-punch-screwdriver","status":"publish","type":"product","link":"https:\/\/www.tenyutool.com\/fr\/product\/multi-function-246-pcs-drill-and-bit-tools-hardware-combination-drill-bits-socket-set-wood-hss-center-punch-screwdriver\/","title":{"rendered":"Multi-fonction 246 pi\u00e8ces perceuse et forets outils mat\u00e9riel combinaison forets jeu de douilles bois Hss Center poin\u00e7on tournevis"},"content":{"rendered":"<p>Traits:<\/p>\n<ul>\n<li data-spm-anchor-id=\"0.0.0.i140.2dea4f05jD1M0Y\">\u00a0L&#039;ensemble complet comprend 87 X forets h\u00e9lico\u00efdaux HSS, 22 X forets \u00e0 bois, 21 X forets \u00e0 ma\u00e7onnerie, 4 X but\u00e9es de forage, 66 X 1 forets, 30 X 2 forets, 6 X tourne-\u00e9crous, 2 X cl\u00e9s hexagonales, 1 Fraise X, 4 scies cloches X, 1 adaptateur d&#039;arbre X, 1 chasse-clou X et 1 porte-embout X.<\/li>\n<li data-spm-anchor-id=\"0.0.0.i140.2dea4f05jD1M0Y\">\u00a0Convient pour le per\u00e7age dans la ma\u00e7onnerie, le bois, le m\u00e9tal et les plastiques et pour de multiples applications de vissage et de fixation.<\/li>\n<li data-spm-anchor-id=\"0.0.0.i140.2dea4f05jD1M0Y\">\u00a0Il peut \u00eatre utilis\u00e9 plusieurs fois sans d\u00e9formation.<\/li>\n<li data-spm-anchor-id=\"0.0.0.i140.2dea4f05jD1M0Y\">\u00a0Il est con\u00e7u pour garder tous les composants organis\u00e9s et faciles \u00e0 ranger.<\/li>\n<li data-spm-anchor-id=\"0.0.0.i140.2dea4f05jD1M0Y\">\u00a0Avec une large gamme de tailles de m\u00e8ches et comprend les outils les plus essentiels de forets, vis, une fraise, etc., qui vous aideront \u00e0 obtenir des r\u00e9sultats professionnels lors de votre prochain projet de r\u00e9novation domiciliaire ou de bricolage.<\/li>\n<\/ul>\n<figure id=\"attachment_16801\" aria-describedby=\"caption-attachment-16801\" style=\"width: 800px\" class=\"wp-caption alignnone\"><img fetchpriority=\"high\" decoding=\"async\" class=\"size-full wp-image-16801\" src=\"https:\/\/www.tenyutool.com\/wp-content\/uploads\/2022\/12\/H4904a5ad7ac94753af5c62522875ec4cy.webp.jpg\" alt=\"Multi fonction 246 pi\u00e8ces perceuse et foret outils mat\u00e9riel combinaison forets jeu de douilles bois hss poin\u00e7on tournevis\" width=\"800\" height=\"800\" srcset=\"https:\/\/www.tenyutool.com\/wp-content\/uploads\/2022\/12\/H4904a5ad7ac94753af5c62522875ec4cy.webp.jpg 800w, https:\/\/www.tenyutool.com\/wp-content\/uploads\/2022\/12\/H4904a5ad7ac94753af5c62522875ec4cy.webp-150x150.jpg 150w, https:\/\/www.tenyutool.com\/wp-content\/uploads\/2022\/12\/H4904a5ad7ac94753af5c62522875ec4cy.webp-768x768.jpg 768w, https:\/\/www.tenyutool.com\/wp-content\/uploads\/2022\/12\/H4904a5ad7ac94753af5c62522875ec4cy.webp-12x12.jpg 12w, https:\/\/www.tenyutool.com\/wp-content\/uploads\/2022\/12\/H4904a5ad7ac94753af5c62522875ec4cy.webp-300x300.jpg 300w, https:\/\/www.tenyutool.com\/wp-content\/uploads\/2022\/12\/H4904a5ad7ac94753af5c62522875ec4cy.webp-600x600.jpg 600w, https:\/\/www.tenyutool.com\/wp-content\/uploads\/2022\/12\/H4904a5ad7ac94753af5c62522875ec4cy.webp-100x100.jpg 100w\" sizes=\"(max-width: 800px) 100vw, 800px\" \/><figcaption id=\"caption-attachment-16801\" class=\"wp-caption-text\">Multi fonction 246 pi\u00e8ces perceuse et foret outils mat\u00e9riel combinaison forets jeu de douilles bois hss poin\u00e7on tournevis<\/figcaption><\/figure>\n<table width=\"794\">\n<tbody>\n<tr>\n<td colspan=\"6\" width=\"794\">Description du produit<\/td>\n<\/tr>\n<tr>\n<td colspan=\"6\">Plus de choix pour vous : <a href=\"https:\/\/www.tenyutool.com\/fr\/\">Maison<\/a> &gt; Foret HSS &gt; Jeu de forets<\/td>\n<\/tr>\n<tr>\n<td>Nom du produit<\/td>\n<td colspan=\"5\" width=\"572\">Multi-fonction 246 pi\u00e8ces perceuse et forets outils mat\u00e9riel combinaison forets jeu de douilles bois Hss Center poin\u00e7on tournevis<\/td>\n<\/tr>\n<tr>\n<td>Mat\u00e9riel<\/td>\n<td colspan=\"5\" width=\"572\">\u00a0HSS 4241\/4341\/M2(HSS6542)\/M35\/M42\/acier \u00e0 haute teneur en carbone<\/td>\n<\/tr>\n<tr>\n<td>Finition de surface<\/td>\n<td colspan=\"5\">Rev\u00eatement TiN\/surface brillante en option\/nitrur\u00e9\/brillant\/cobalt\/oxyde noir<\/td>\n<\/tr>\n<tr>\n<td>Type de tige<\/td>\n<td colspan=\"5\" width=\"572\">Tige ronde, tige hexagonale, tige SDS<\/td>\n<\/tr>\n<tr>\n<td>Usage<\/td>\n<td colspan=\"5\">Pour le per\u00e7age de ma\u00e7onnerie en pierre de bois en acier inoxydable en m\u00e9tal<\/td>\n<\/tr>\n<tr>\n<td>Forfait<\/td>\n<td colspan=\"5\" width=\"572\">\u00a0 256 pi\u00e8ces dans une bo\u00eete en plastique\/m\u00e9tal<\/td>\n<\/tr>\n<\/tbody>\n<\/table>","protected":false},"excerpt":{"rendered":"<p>Features: \u00a0The full set includes 87 X HSS twist drills, 22 X wood drill bits, 21 X masonry drill bits, 4 X drill stops, 66 X 1 drill bits, 30 X 2 drill bits, 6 X nut drivers, 2 X hex keys, 1 X countersink, 4 X hole saws, 1 X arbor adaptor, 1 X [&hellip;]<\/p>\n","protected":false},"featured_media":16801,"comment_status":"closed","ping_status":"closed","template":"","meta":{"_acf_changed":false,"_seopress_robots_primary_cat":"","_seopress_titles_title":"Multi-function 246 pcs Drill and Bit Tools | Hardware Combination Drill Bits","_seopress_titles_desc":"","_seopress_robots_index":"","site-sidebar-layout":"default","site-content-layout":"default","ast-site-content-layout":"default","site-content-style":"default","site-sidebar-style":"default","ast-global-header-display":"","ast-banner-title-visibility":"","ast-main-header-display":"","ast-hfb-above-header-display":"","ast-hfb-below-header-display":"","ast-hfb-mobile-header-display":"","site-post-title":"","ast-breadcrumbs-content":"","ast-featured-img":"","footer-sml-layout":"","ast-disable-related-posts":"","theme-transparent-header-meta":"default","adv-header-id-meta":"","stick-header-meta":"","header-above-stick-meta":"","header-main-stick-meta":"","header-below-stick-meta":"","astra-migrate-meta-layouts":"default","ast-page-background-enabled":"default","ast-page-background-meta":{"desktop":{"background-color":"","background-image":"","background-repeat":"repeat","background-position":"center center","background-size":"auto","background-attachment":"scroll","background-type":"","background-media":"","overlay-type":"","overlay-color":"","overlay-opacity":"","overlay-gradient":""},"tablet":{"background-color":"","background-image":"","background-repeat":"repeat","background-position":"center center","background-size":"auto","background-attachment":"scroll","background-type":"","background-media":"","overlay-type":"","overlay-color":"","overlay-opacity":"","overlay-gradient":""},"mobile":{"background-color":"","background-image":"","background-repeat":"repeat","background-position":"center center","background-size":"auto","background-attachment":"scroll","background-type":"","background-media":"","overlay-type":"","overlay-color":"","overlay-opacity":"","overlay-gradient":""}},"ast-content-background-meta":{"desktop":{"background-color":"var(--ast-global-color-5)","background-image":"","background-repeat":"repeat","background-position":"center center","background-size":"auto","background-attachment":"scroll","background-type":"","background-media":"","overlay-type":"","overlay-color":"","overlay-opacity":"","overlay-gradient":""},"tablet":{"background-color":"var(--ast-global-color-5)","background-image":"","background-repeat":"repeat","background-position":"center center","background-size":"auto","background-attachment":"scroll","background-type":"","background-media":"","overlay-type":"","overlay-color":"","overlay-opacity":"","overlay-gradient":""},"mobile":{"background-color":"var(--ast-global-color-5)","background-image":"","background-repeat":"repeat","background-position":"center center","background-size":"auto","background-attachment":"scroll","background-type":"","background-media":"","overlay-type":"","overlay-color":"","overlay-opacity":"","overlay-gradient":""}}},"product_brand":[],"product_cat":[22],"product_tag":[],"class_list":{"0":"post-16799","1":"product","2":"type-product","3":"status-publish","4":"has-post-thumbnail","6":"product_cat-drillbits","7":"desktop-align-left","8":"tablet-align-left","9":"mobile-align-left","11":"first","12":"instock","13":"shipping-taxable","14":"product-type-simple"},"acf":[],"_links":{"self":[{"href":"https:\/\/www.tenyutool.com\/fr\/wp-json\/wp\/v2\/product\/16799","targetHints":{"allow":["GET"]}}],"collection":[{"href":"https:\/\/www.tenyutool.com\/fr\/wp-json\/wp\/v2\/product"}],"about":[{"href":"https:\/\/www.tenyutool.com\/fr\/wp-json\/wp\/v2\/types\/product"}],"replies":[{"embeddable":true,"href":"https:\/\/www.tenyutool.com\/fr\/wp-json\/wp\/v2\/comments?post=16799"}],"wp:featuredmedia":[{"embeddable":true,"href":"https:\/\/www.tenyutool.com\/fr\/wp-json\/wp\/v2\/media\/16801"}],"wp:attachment":[{"href":"https:\/\/www.tenyutool.com\/fr\/wp-json\/wp\/v2\/media?parent=16799"}],"wp:term":[{"taxonomy":"product_brand","embeddable":true,"href":"https:\/\/www.tenyutool.com\/fr\/wp-json\/wp\/v2\/product_brand?post=16799"},{"taxonomy":"product_cat","embeddable":true,"href":"https:\/\/www.tenyutool.com\/fr\/wp-json\/wp\/v2\/product_cat?post=16799"},{"taxonomy":"product_tag","embeddable":true,"href":"https:\/\/www.tenyutool.com\/fr\/wp-json\/wp\/v2\/product_tag?post=16799"}],"curies":[{"name":"wp","href":"https:\/\/api.w.org\/{rel}","templated":true}]}}