{"id":16803,"date":"2022-12-28T06:43:12","date_gmt":"2022-12-28T06:43:12","guid":{"rendered":"https:\/\/www.tenyutool.com\/?post_type=product&#038;p=16803"},"modified":"2022-12-28T06:43:13","modified_gmt":"2022-12-28T06:43:13","slug":"foret-acier-rapide-couper-divers-types-de-materiaux-m2-hss-6542-pour-metal-acier-inoxydable-a-petit-prix","status":"publish","type":"product","link":"https:\/\/www.tenyutool.com\/fr\/product\/high-speed-steel-drill-bit-cut-various-of-material-types-m2-hss-6542-for-metal-stainless-steel-with-low-price\/","title":{"rendered":"Foret en acier \u00e0 grande vitesse coup\u00e9 divers types de mat\u00e9riaux M2 HSS 6542 pour le m\u00e9tal en acier inoxydable \u00e0 bas prix"},"content":{"rendered":"<p>Fonctionnalit\u00e9s:<\/p>\n<ul>\n<li>Les forets M2 sont plus chers que les autres forets, mais forer en acier inoxydable, longue dur\u00e9e de vie, mieux choisir<\/li>\n<li data-spm-anchor-id=\"0.0.0.i140.2dea4f05jD1M0Y\">Pas besoin de poin\u00e7on central, les perceuses \u00e0 pointe fendue \u00e0 135 \u00b0 au contact et emp\u00eachent la marche<\/li>\n<li data-spm-anchor-id=\"0.0.0.i140.2dea4f05jD1M0Y\">Point de masse, fl\u00fbtes, corps, d\u00e9gagement et diam\u00e8tre de per\u00e7age de pr\u00e9cision pour une pr\u00e9cision et des performances optimales<\/li>\n<li data-spm-anchor-id=\"0.0.0.i140.2dea4f05jD1M0Y\">Les cannelures rectifi\u00e9es fournissent un copeau rapide pour maximiser l&#039;efficacit\u00e9 sur toute la surface de travail du foret.<\/li>\n<\/ul>\n<figure id=\"attachment_16805\" aria-describedby=\"caption-attachment-16805\" style=\"width: 800px\" class=\"wp-caption alignnone\"><img fetchpriority=\"high\" decoding=\"async\" class=\"size-full wp-image-16805\" src=\"https:\/\/www.tenyutool.com\/wp-content\/uploads\/2022\/12\/H6ab9710e6896434fbf8b58c956ce0c0aa.webp.jpg\" alt=\"Foret en acier \u00e0 grande vitesse coup\u00e9 divers types de mat\u00e9riaux m2 hss 6542 pour le m\u00e9tal en acier inoxydable \u00e0 bas prix\" width=\"800\" height=\"800\" srcset=\"https:\/\/www.tenyutool.com\/wp-content\/uploads\/2022\/12\/H6ab9710e6896434fbf8b58c956ce0c0aa.webp.jpg 800w, https:\/\/www.tenyutool.com\/wp-content\/uploads\/2022\/12\/H6ab9710e6896434fbf8b58c956ce0c0aa.webp-150x150.jpg 150w, https:\/\/www.tenyutool.com\/wp-content\/uploads\/2022\/12\/H6ab9710e6896434fbf8b58c956ce0c0aa.webp-768x768.jpg 768w, https:\/\/www.tenyutool.com\/wp-content\/uploads\/2022\/12\/H6ab9710e6896434fbf8b58c956ce0c0aa.webp-12x12.jpg 12w, https:\/\/www.tenyutool.com\/wp-content\/uploads\/2022\/12\/H6ab9710e6896434fbf8b58c956ce0c0aa.webp-300x300.jpg 300w, https:\/\/www.tenyutool.com\/wp-content\/uploads\/2022\/12\/H6ab9710e6896434fbf8b58c956ce0c0aa.webp-600x600.jpg 600w, https:\/\/www.tenyutool.com\/wp-content\/uploads\/2022\/12\/H6ab9710e6896434fbf8b58c956ce0c0aa.webp-100x100.jpg 100w\" sizes=\"(max-width: 800px) 100vw, 800px\" \/><figcaption id=\"caption-attachment-16805\" class=\"wp-caption-text\">Foret en acier \u00e0 grande vitesse coup\u00e9 divers types de mat\u00e9riaux m2 hss 6542 pour le m\u00e9tal en acier inoxydable \u00e0 bas prix<\/figcaption><\/figure>\n<table style=\"border-collapse: collapse; width: 595.52pt;\" border=\"0\" width=\"794\" cellspacing=\"0\" cellpadding=\"0\">\n<tbody>\n<tr style=\"height: 35.00pt;\">\n<td class=\"et2\" style=\"height: 35.00pt; width: 595.50pt;\" colspan=\"6\" width=\"794\" height=\"46\">Description du produit<\/td>\n<\/tr>\n<tr style=\"height: 35.00pt;\">\n<td class=\"et3\" style=\"height: 35.00pt;\" colspan=\"6\" height=\"46\">Plus de choix pour vous : Accueil &gt; Foret HSS &gt; Foret \u00e0 tige droite<\/td>\n<\/tr>\n<tr style=\"height: 35.00pt;\">\n<td class=\"et4\" style=\"height: 35.00pt;\" height=\"46\">Nom du produit<\/td>\n<td class=\"et5\" style=\"width: 429.00pt;\" colspan=\"5\" width=\"572\">Foret en acier \u00e0 grande vitesse coup\u00e9 divers types de mat\u00e9riaux M2 HSS 6542 pour le m\u00e9tal en acier inoxydable \u00e0 bas prix<\/td>\n<\/tr>\n<tr style=\"height: 35.00pt;\">\n<td class=\"et4\" style=\"height: 35.00pt;\" height=\"46\">Mat\u00e9riel<\/td>\n<td class=\"et5\" style=\"width: 429.00pt;\" colspan=\"5\" width=\"572\">M2 HSS 6542 (M35 HSS-E HSS-Co5%)<\/td>\n<\/tr>\n<tr style=\"height: 35.00pt;\">\n<td class=\"et7\" style=\"height: 35.00pt;\" height=\"46\">Traiter<\/td>\n<td class=\"et6\" colspan=\"5\">Enti\u00e8rement rectifi\u00e9 (ont \u00e9galement roul\u00e9 et poli, roul\u00e9, frais\u00e9)<\/td>\n<\/tr>\n<tr style=\"height: 60.00pt;\">\n<td class=\"et7\" style=\"height: 60.00pt;\" height=\"80\">Standard<\/td>\n<td class=\"et5\" style=\"width: 429.00pt;\" colspan=\"5\" width=\"572\">DIN338 (Stub DIN1897, Long DIN340, Extra Long DIN1869, Blacksmith Reduced Shank 10mm, 13mm, DIN345 Taper Shank sont disponibles)<br \/>\nLongueur de travail (ont \u00e9galement une longueur de machine \u00e0 vis stub, une longueur de c\u00f4ne longue, une extension Airctraft, une tige extra longue de 12\u2033, 18\u2033, 24\u2033, Silver &amp; Deming 1\/2\u2033)<\/td>\n<\/tr>\n<tr style=\"height: 35.00pt;\">\n<td class=\"et7\" style=\"height: 35.00pt;\" height=\"46\">Type Web et fl\u00fbte<\/td>\n<td class=\"et5\" style=\"width: 429.00pt;\" colspan=\"5\" width=\"572\">Toile et fl\u00fbte r\u00e9guli\u00e8res (ont \u00e9galement une toile \u00e9paisse avec fl\u00fbte parabolique, une toile robuste avec fl\u00fbte r\u00e9guli\u00e8re)<\/td>\n<\/tr>\n<tr style=\"height: 35.00pt;\">\n<td class=\"et7\" style=\"height: 35.00pt;\" height=\"46\">Forfait<\/td>\n<td class=\"et5\" style=\"width: 429.00pt;\" colspan=\"5\" width=\"572\">10\/5 pi\u00e8ces dans une pochette en PVC, une bo\u00eete en plastique, individuellement dans une carte cutan\u00e9e, un double blister, une coque<\/td>\n<\/tr>\n<\/tbody>\n<\/table>","protected":false},"excerpt":{"rendered":"<p>Features\uff1a M2 drill bits are more expensive than other drill bits, but drilling in stainless steel, long life, best choose No need center punch, 135 \u00b0 split-point drills on contact and prevents walking Precision ground point, flutes, body, clearance and drill diameter for the ultimate in accuracy and performance Ground flutes provide fast chip to [&hellip;]<\/p>\n","protected":false},"featured_media":16805,"comment_status":"closed","ping_status":"closed","template":"","meta":{"_acf_changed":false,"_seopress_robots_primary_cat":"","_seopress_titles_title":"High-Speed Steel M2 HSS 6542 Drill Bit | for Metal Stainless Steel","_seopress_titles_desc":"","_seopress_robots_index":"","site-sidebar-layout":"default","site-content-layout":"default","ast-site-content-layout":"default","site-content-style":"default","site-sidebar-style":"default","ast-global-header-display":"","ast-banner-title-visibility":"","ast-main-header-display":"","ast-hfb-above-header-display":"","ast-hfb-below-header-display":"","ast-hfb-mobile-header-display":"","site-post-title":"","ast-breadcrumbs-content":"","ast-featured-img":"","footer-sml-layout":"","ast-disable-related-posts":"","theme-transparent-header-meta":"default","adv-header-id-meta":"","stick-header-meta":"","header-above-stick-meta":"","header-main-stick-meta":"","header-below-stick-meta":"","astra-migrate-meta-layouts":"default","ast-page-background-enabled":"default","ast-page-background-meta":{"desktop":{"background-color":"","background-image":"","background-repeat":"repeat","background-position":"center center","background-size":"auto","background-attachment":"scroll","background-type":"","background-media":"","overlay-type":"","overlay-color":"","overlay-opacity":"","overlay-gradient":""},"tablet":{"background-color":"","background-image":"","background-repeat":"repeat","background-position":"center center","background-size":"auto","background-attachment":"scroll","background-type":"","background-media":"","overlay-type":"","overlay-color":"","overlay-opacity":"","overlay-gradient":""},"mobile":{"background-color":"","background-image":"","background-repeat":"repeat","background-position":"center center","background-size":"auto","background-attachment":"scroll","background-type":"","background-media":"","overlay-type":"","overlay-color":"","overlay-opacity":"","overlay-gradient":""}},"ast-content-background-meta":{"desktop":{"background-color":"var(--ast-global-color-5)","background-image":"","background-repeat":"repeat","background-position":"center center","background-size":"auto","background-attachment":"scroll","background-type":"","background-media":"","overlay-type":"","overlay-color":"","overlay-opacity":"","overlay-gradient":""},"tablet":{"background-color":"var(--ast-global-color-5)","background-image":"","background-repeat":"repeat","background-position":"center center","background-size":"auto","background-attachment":"scroll","background-type":"","background-media":"","overlay-type":"","overlay-color":"","overlay-opacity":"","overlay-gradient":""},"mobile":{"background-color":"var(--ast-global-color-5)","background-image":"","background-repeat":"repeat","background-position":"center center","background-size":"auto","background-attachment":"scroll","background-type":"","background-media":"","overlay-type":"","overlay-color":"","overlay-opacity":"","overlay-gradient":""}}},"product_brand":[],"product_cat":[22],"product_tag":[],"class_list":{"0":"post-16803","1":"product","2":"type-product","3":"status-publish","4":"has-post-thumbnail","6":"product_cat-drillbits","7":"desktop-align-left","8":"tablet-align-left","9":"mobile-align-left","11":"first","12":"instock","13":"shipping-taxable","14":"product-type-simple"},"acf":[],"_links":{"self":[{"href":"https:\/\/www.tenyutool.com\/fr\/wp-json\/wp\/v2\/product\/16803","targetHints":{"allow":["GET"]}}],"collection":[{"href":"https:\/\/www.tenyutool.com\/fr\/wp-json\/wp\/v2\/product"}],"about":[{"href":"https:\/\/www.tenyutool.com\/fr\/wp-json\/wp\/v2\/types\/product"}],"replies":[{"embeddable":true,"href":"https:\/\/www.tenyutool.com\/fr\/wp-json\/wp\/v2\/comments?post=16803"}],"wp:featuredmedia":[{"embeddable":true,"href":"https:\/\/www.tenyutool.com\/fr\/wp-json\/wp\/v2\/media\/16805"}],"wp:attachment":[{"href":"https:\/\/www.tenyutool.com\/fr\/wp-json\/wp\/v2\/media?parent=16803"}],"wp:term":[{"taxonomy":"product_brand","embeddable":true,"href":"https:\/\/www.tenyutool.com\/fr\/wp-json\/wp\/v2\/product_brand?post=16803"},{"taxonomy":"product_cat","embeddable":true,"href":"https:\/\/www.tenyutool.com\/fr\/wp-json\/wp\/v2\/product_cat?post=16803"},{"taxonomy":"product_tag","embeddable":true,"href":"https:\/\/www.tenyutool.com\/fr\/wp-json\/wp\/v2\/product_tag?post=16803"}],"curies":[{"name":"wp","href":"https:\/\/api.w.org\/{rel}","templated":true}]}}