{"id":16808,"date":"2022-12-29T07:32:22","date_gmt":"2022-12-29T07:32:22","guid":{"rendered":"https:\/\/www.tenyutool.com\/?post_type=product&#038;p=16808"},"modified":"2022-12-29T07:32:22","modified_gmt":"2022-12-29T07:32:22","slug":"35pcs-tournevis-jeu-de-tournevis-jeu-dembouts-multi-fonction-outil-de-reparation-cliquet-tournevis-jeu-de-douilles-douilles","status":"publish","type":"product","link":"https:\/\/www.tenyutool.com\/fr\/product\/35pcs-screwdriver-set-of-screw-driver-bit-set-multi-function-repair-tool-ratchet-screwdriver-bit-socket-set\/","title":{"rendered":"35 pi\u00e8ces jeu de tournevis de jeu d&#039;embouts de tournevis outil de r\u00e9paration multifonction ensemble d&#039;embouts de tournevis \u00e0 cliquet et de douilles"},"content":{"rendered":"<p>Caract\u00e9ristique:<\/p>\n<ul>\n<li>Jeu de douilles et d&#039;embouts avec cliquet \u00e0 t\u00eate flexible\u00a0; id\u00e9al pour de multiples applications.<\/li>\n<li data-spm-anchor-id=\"a2700.pc-decorate.0.i4.6d083333xtzdB8\">Cl\u00e9 \u00e0 cliquet \u00e0 t\u00eate flexible, barre d&#039;extension \u00e0 d\u00e9gagement rapide, douilles cannel\u00e9es, forets.<\/li>\n<li data-spm-anchor-id=\"a2700.pc-decorate.0.i5.6d083333xtzdB8\">Fabriqu\u00e9 en acier Cr-V durable pour une r\u00e9sistance fiable et une utilisation durable.<\/li>\n<li data-spm-anchor-id=\"a2700.pc-decorate.0.i6.6d083333xtzdB8\">Les embouts de tournevis sont construits avec de l&#039;acier S2 et les douilles sont construites avec de l&#039;acier Cr-V.<\/li>\n<\/ul>\n<figure id=\"attachment_16810\" aria-describedby=\"caption-attachment-16810\" style=\"width: 800px\" class=\"wp-caption alignnone\"><img fetchpriority=\"high\" decoding=\"async\" class=\"size-full wp-image-16810\" src=\"https:\/\/www.tenyutool.com\/wp-content\/uploads\/2022\/12\/Screw-Driver-Bit-Set-4.jpg\" alt=\"Jeu de tournevis 35 pi\u00e8ces de jeu d&#039;embouts de tournevis outil de r\u00e9paration multifonction ensemble d&#039;embouts et de douilles de tournevis \u00e0 cliquet\" width=\"800\" height=\"800\" srcset=\"https:\/\/www.tenyutool.com\/wp-content\/uploads\/2022\/12\/Screw-Driver-Bit-Set-4.jpg 800w, https:\/\/www.tenyutool.com\/wp-content\/uploads\/2022\/12\/Screw-Driver-Bit-Set-4-150x150.jpg 150w, https:\/\/www.tenyutool.com\/wp-content\/uploads\/2022\/12\/Screw-Driver-Bit-Set-4-768x768.jpg 768w, https:\/\/www.tenyutool.com\/wp-content\/uploads\/2022\/12\/Screw-Driver-Bit-Set-4-12x12.jpg 12w, https:\/\/www.tenyutool.com\/wp-content\/uploads\/2022\/12\/Screw-Driver-Bit-Set-4-300x300.jpg 300w, https:\/\/www.tenyutool.com\/wp-content\/uploads\/2022\/12\/Screw-Driver-Bit-Set-4-600x600.jpg 600w, https:\/\/www.tenyutool.com\/wp-content\/uploads\/2022\/12\/Screw-Driver-Bit-Set-4-100x100.jpg 100w\" sizes=\"(max-width: 800px) 100vw, 800px\" \/><figcaption id=\"caption-attachment-16810\" class=\"wp-caption-text\">Jeu de tournevis 35 pi\u00e8ces de jeu d&#039;embouts de tournevis outil de r\u00e9paration multifonction ensemble d&#039;embouts et de douilles de tournevis \u00e0 cliquet<\/figcaption><\/figure>\n<table width=\"794\">\n<tbody>\n<tr>\n<td colspan=\"6\" width=\"794\">Description du produit<\/td>\n<\/tr>\n<tr>\n<td colspan=\"6\" width=\"794\">Plus de choix pour vous : Accueil &gt; Tournevis et extracteur de vis endommag\u00e9es<\/td>\n<\/tr>\n<tr>\n<td>Nom du produit<\/td>\n<td colspan=\"5\" width=\"572\">35 pi\u00e8ces jeu de tournevis de jeu d&#039;embouts de tournevis outil de r\u00e9paration multifonction ensemble d&#039;embouts de tournevis \u00e0 cliquet et de douilles<\/td>\n<\/tr>\n<tr>\n<td>Mat\u00e9riel<\/td>\n<td colspan=\"5\" width=\"572\">Aluminium<\/td>\n<\/tr>\n<tr>\n<td>Taper<\/td>\n<td colspan=\"5\">Pi\u00e8ces d&#039;outils \u00e0 main<\/td>\n<\/tr>\n<tr>\n<td>Forfait<\/td>\n<td colspan=\"5\" width=\"572\">Carte blister double<\/td>\n<\/tr>\n<\/tbody>\n<\/table>\n<p>&nbsp;<\/p>","protected":false},"excerpt":{"rendered":"<p>Feature\uff1a Socket and Bit Set with Flex Head Ratchet; ideal for Multiple Applications. Flex head ratchet, quick release extension bar, spline sockets, drill bits. Made of durable Cr-V steel for reliable strength and long-lasting use. The screwdriver bits are constructed with S2 steel and the sockets are constructed with Cr-V Steel. Product Description More Choice [&hellip;]<\/p>\n","protected":false},"featured_media":16810,"comment_status":"closed","ping_status":"closed","template":"","meta":{"_acf_changed":false,"_seopress_robots_primary_cat":"","_seopress_titles_title":"Screw Driver Bit Set | Multi-function Repair Tool","_seopress_titles_desc":"","_seopress_robots_index":"","site-sidebar-layout":"default","site-content-layout":"default","ast-site-content-layout":"default","site-content-style":"default","site-sidebar-style":"default","ast-global-header-display":"","ast-banner-title-visibility":"","ast-main-header-display":"","ast-hfb-above-header-display":"","ast-hfb-below-header-display":"","ast-hfb-mobile-header-display":"","site-post-title":"","ast-breadcrumbs-content":"","ast-featured-img":"","footer-sml-layout":"","ast-disable-related-posts":"","theme-transparent-header-meta":"default","adv-header-id-meta":"","stick-header-meta":"","header-above-stick-meta":"","header-main-stick-meta":"","header-below-stick-meta":"","astra-migrate-meta-layouts":"default","ast-page-background-enabled":"default","ast-page-background-meta":{"desktop":{"background-color":"","background-image":"","background-repeat":"repeat","background-position":"center center","background-size":"auto","background-attachment":"scroll","background-type":"","background-media":"","overlay-type":"","overlay-color":"","overlay-opacity":"","overlay-gradient":""},"tablet":{"background-color":"","background-image":"","background-repeat":"repeat","background-position":"center center","background-size":"auto","background-attachment":"scroll","background-type":"","background-media":"","overlay-type":"","overlay-color":"","overlay-opacity":"","overlay-gradient":""},"mobile":{"background-color":"","background-image":"","background-repeat":"repeat","background-position":"center center","background-size":"auto","background-attachment":"scroll","background-type":"","background-media":"","overlay-type":"","overlay-color":"","overlay-opacity":"","overlay-gradient":""}},"ast-content-background-meta":{"desktop":{"background-color":"var(--ast-global-color-5)","background-image":"","background-repeat":"repeat","background-position":"center center","background-size":"auto","background-attachment":"scroll","background-type":"","background-media":"","overlay-type":"","overlay-color":"","overlay-opacity":"","overlay-gradient":""},"tablet":{"background-color":"var(--ast-global-color-5)","background-image":"","background-repeat":"repeat","background-position":"center center","background-size":"auto","background-attachment":"scroll","background-type":"","background-media":"","overlay-type":"","overlay-color":"","overlay-opacity":"","overlay-gradient":""},"mobile":{"background-color":"var(--ast-global-color-5)","background-image":"","background-repeat":"repeat","background-position":"center center","background-size":"auto","background-attachment":"scroll","background-type":"","background-media":"","overlay-type":"","overlay-color":"","overlay-opacity":"","overlay-gradient":""}}},"product_brand":[],"product_cat":[38],"product_tag":[],"class_list":{"0":"post-16808","1":"product","2":"type-product","3":"status-publish","4":"has-post-thumbnail","6":"product_cat-screwdriver-and-damaged-screw-remover","7":"desktop-align-left","8":"tablet-align-left","9":"mobile-align-left","11":"first","12":"instock","13":"shipping-taxable","14":"product-type-simple"},"acf":[],"_links":{"self":[{"href":"https:\/\/www.tenyutool.com\/fr\/wp-json\/wp\/v2\/product\/16808","targetHints":{"allow":["GET"]}}],"collection":[{"href":"https:\/\/www.tenyutool.com\/fr\/wp-json\/wp\/v2\/product"}],"about":[{"href":"https:\/\/www.tenyutool.com\/fr\/wp-json\/wp\/v2\/types\/product"}],"replies":[{"embeddable":true,"href":"https:\/\/www.tenyutool.com\/fr\/wp-json\/wp\/v2\/comments?post=16808"}],"wp:featuredmedia":[{"embeddable":true,"href":"https:\/\/www.tenyutool.com\/fr\/wp-json\/wp\/v2\/media\/16810"}],"wp:attachment":[{"href":"https:\/\/www.tenyutool.com\/fr\/wp-json\/wp\/v2\/media?parent=16808"}],"wp:term":[{"taxonomy":"product_brand","embeddable":true,"href":"https:\/\/www.tenyutool.com\/fr\/wp-json\/wp\/v2\/product_brand?post=16808"},{"taxonomy":"product_cat","embeddable":true,"href":"https:\/\/www.tenyutool.com\/fr\/wp-json\/wp\/v2\/product_cat?post=16808"},{"taxonomy":"product_tag","embeddable":true,"href":"https:\/\/www.tenyutool.com\/fr\/wp-json\/wp\/v2\/product_tag?post=16808"}],"curies":[{"name":"wp","href":"https:\/\/api.w.org\/{rel}","templated":true}]}}