{"id":16846,"date":"2022-12-30T08:41:21","date_gmt":"2022-12-30T08:41:21","guid":{"rendered":"https:\/\/www.tenyutool.com\/?post_type=product&#038;p=16846"},"modified":"2022-12-30T08:41:22","modified_gmt":"2022-12-30T08:41:22","slug":"disque-de-coupe-metal-polyvalent-premium-hot-sell-lame-diamant-pour-le-poncage-et-la-coupe-du-verre-de-fer","status":"publish","type":"product","link":"https:\/\/www.tenyutool.com\/fr\/product\/premium-hot-sell-multipurpose-metal-cutting-disc-diamond-blade-for-iron-glass-grinding-and-cutting\/","title":{"rendered":"Lame de diamant de disque de coupe en m\u00e9tal polyvalente de vente chaude de qualit\u00e9 sup\u00e9rieure pour le meulage et la coupe de verre de fer"},"content":{"rendered":"<p>Fonctionnalit\u00e9s:<\/p>\n<ul>\n<li>Segments incassables et tr\u00e8s r\u00e9sistants \u00e0 la chaleur.<\/li>\n<li data-spm-anchor-id=\"a2700.pc-decorate.0.i7.21773333xCpgPo\">Les deux c\u00f4t\u00e9s du noyau sont recouverts de grains abrasifs.<\/li>\n<li data-spm-anchor-id=\"a2700.pc-decorate.0.i3.21773333xCpgPo\">Il est garanti d&#039;offrir une meilleure combinaison de vitesse de coupe et de dur\u00e9e de vie de l&#039;outil.<\/li>\n<li data-spm-anchor-id=\"a2700.pc-decorate.0.i9.21773333xCpgPo\">Le noyau est en acier rapide trait\u00e9 thermiquement.<\/li>\n<li data-spm-anchor-id=\"a2700.pc-decorate.0.i8.21773333xCpgPo\">Con\u00e7u pour couper \u00e0 travers des mat\u00e9riaux durs, y compris le granit, le marbre, l&#039;aluminium, les panneaux de carrosserie, la fonte.<\/li>\n<\/ul>\n<p>&nbsp;<\/p>\n<figure id=\"attachment_16848\" aria-describedby=\"caption-attachment-16848\" style=\"width: 800px\" class=\"wp-caption alignnone\"><img fetchpriority=\"high\" decoding=\"async\" class=\"size-full wp-image-16848\" src=\"https:\/\/www.tenyutool.com\/wp-content\/uploads\/2022\/12\/Hd1e1332ccac34eb8bec56637e8c5006bX.webp.jpg\" alt=\"Lame de diamant de disque de coupe en m\u00e9tal polyvalente de qualit\u00e9 sup\u00e9rieure pour le meulage et la coupe de verre de fer\" width=\"800\" height=\"800\" srcset=\"https:\/\/www.tenyutool.com\/wp-content\/uploads\/2022\/12\/Hd1e1332ccac34eb8bec56637e8c5006bX.webp.jpg 800w, https:\/\/www.tenyutool.com\/wp-content\/uploads\/2022\/12\/Hd1e1332ccac34eb8bec56637e8c5006bX.webp-150x150.jpg 150w, https:\/\/www.tenyutool.com\/wp-content\/uploads\/2022\/12\/Hd1e1332ccac34eb8bec56637e8c5006bX.webp-768x768.jpg 768w, https:\/\/www.tenyutool.com\/wp-content\/uploads\/2022\/12\/Hd1e1332ccac34eb8bec56637e8c5006bX.webp-12x12.jpg 12w, https:\/\/www.tenyutool.com\/wp-content\/uploads\/2022\/12\/Hd1e1332ccac34eb8bec56637e8c5006bX.webp-300x300.jpg 300w, https:\/\/www.tenyutool.com\/wp-content\/uploads\/2022\/12\/Hd1e1332ccac34eb8bec56637e8c5006bX.webp-600x600.jpg 600w, https:\/\/www.tenyutool.com\/wp-content\/uploads\/2022\/12\/Hd1e1332ccac34eb8bec56637e8c5006bX.webp-100x100.jpg 100w\" sizes=\"(max-width: 800px) 100vw, 800px\" \/><figcaption id=\"caption-attachment-16848\" class=\"wp-caption-text\">Lame de diamant de disque de coupe en m\u00e9tal polyvalente de qualit\u00e9 sup\u00e9rieure pour le meulage et la coupe de verre de fer<\/figcaption><\/figure>\n<table width=\"794\">\n<tbody>\n<tr>\n<td colspan=\"6\" width=\"794\">Description du produit<\/td>\n<\/tr>\n<tr>\n<td colspan=\"6\">Plus de choix pour vous : <a href=\"https:\/\/www.tenyutool.com\/fr\/\">Maison<\/a> &gt; Lame de scie &gt; Lame de scie diamant\u00e9e \u00e0 segments<\/td>\n<\/tr>\n<tr>\n<td>Nom du produit<\/td>\n<td colspan=\"5\" width=\"572\">Lame de diamant de disque de coupe en m\u00e9tal polyvalente de vente chaude de Preminum pour le meulage et la coupe de verre de fer<\/td>\n<\/tr>\n<tr>\n<td>Mat\u00e9riel<\/td>\n<td colspan=\"5\" width=\"572\">\u00a0Mat\u00e9riau de la lame : grain de diamant<br \/>\nMat\u00e9riau du corps\u00a0: alliage d&#039;acier<\/td>\n<\/tr>\n<tr>\n<td>Traiter<\/td>\n<td colspan=\"5\">Soudage<\/td>\n<\/tr>\n<tr>\n<td>Application<\/td>\n<td colspan=\"5\" width=\"572\">Pour la coupe de bois en fonte de marbre en acier<\/td>\n<\/tr>\n<tr>\n<td>Forfait<\/td>\n<td colspan=\"5\" width=\"572\">\u00a0Une pi\u00e8ce dans un double blister en PVC, une bo\u00eete en papier ou une carte en PVC<\/td>\n<\/tr>\n<\/tbody>\n<\/table>","protected":false},"excerpt":{"rendered":"<p>Features\uff1a Unbreakable and highly heat resistant segments. Both sides of the core are coated with abrasive grains. It is guaranteed to deliver a better combination of cutting speed and tool life. The core is made with heat-treated high speed steel. Designed to cut through tough materials, including granite, marble, Aluminum, Auto Body Panels, Cast Iron. [&hellip;]<\/p>\n","protected":false},"featured_media":16848,"comment_status":"closed","ping_status":"closed","template":"","meta":{"_acf_changed":false,"_seopress_robots_primary_cat":"","_seopress_titles_title":"Multipurpose Metal Cutting Disc Diamond Blade | for Iron Glass Grinding and Cutting","_seopress_titles_desc":"","_seopress_robots_index":"","site-sidebar-layout":"default","site-content-layout":"default","ast-site-content-layout":"default","site-content-style":"default","site-sidebar-style":"default","ast-global-header-display":"","ast-banner-title-visibility":"","ast-main-header-display":"","ast-hfb-above-header-display":"","ast-hfb-below-header-display":"","ast-hfb-mobile-header-display":"","site-post-title":"","ast-breadcrumbs-content":"","ast-featured-img":"","footer-sml-layout":"","ast-disable-related-posts":"","theme-transparent-header-meta":"default","adv-header-id-meta":"","stick-header-meta":"","header-above-stick-meta":"","header-main-stick-meta":"","header-below-stick-meta":"","astra-migrate-meta-layouts":"default","ast-page-background-enabled":"default","ast-page-background-meta":{"desktop":{"background-color":"","background-image":"","background-repeat":"repeat","background-position":"center center","background-size":"auto","background-attachment":"scroll","background-type":"","background-media":"","overlay-type":"","overlay-color":"","overlay-opacity":"","overlay-gradient":""},"tablet":{"background-color":"","background-image":"","background-repeat":"repeat","background-position":"center center","background-size":"auto","background-attachment":"scroll","background-type":"","background-media":"","overlay-type":"","overlay-color":"","overlay-opacity":"","overlay-gradient":""},"mobile":{"background-color":"","background-image":"","background-repeat":"repeat","background-position":"center center","background-size":"auto","background-attachment":"scroll","background-type":"","background-media":"","overlay-type":"","overlay-color":"","overlay-opacity":"","overlay-gradient":""}},"ast-content-background-meta":{"desktop":{"background-color":"var(--ast-global-color-5)","background-image":"","background-repeat":"repeat","background-position":"center center","background-size":"auto","background-attachment":"scroll","background-type":"","background-media":"","overlay-type":"","overlay-color":"","overlay-opacity":"","overlay-gradient":""},"tablet":{"background-color":"var(--ast-global-color-5)","background-image":"","background-repeat":"repeat","background-position":"center center","background-size":"auto","background-attachment":"scroll","background-type":"","background-media":"","overlay-type":"","overlay-color":"","overlay-opacity":"","overlay-gradient":""},"mobile":{"background-color":"var(--ast-global-color-5)","background-image":"","background-repeat":"repeat","background-position":"center center","background-size":"auto","background-attachment":"scroll","background-type":"","background-media":"","overlay-type":"","overlay-color":"","overlay-opacity":"","overlay-gradient":""}}},"product_brand":[],"product_cat":[21],"product_tag":[],"class_list":{"0":"post-16846","1":"product","2":"type-product","3":"status-publish","4":"has-post-thumbnail","6":"product_cat-sawblade","7":"desktop-align-left","8":"tablet-align-left","9":"mobile-align-left","11":"first","12":"instock","13":"shipping-taxable","14":"product-type-simple"},"acf":[],"_links":{"self":[{"href":"https:\/\/www.tenyutool.com\/fr\/wp-json\/wp\/v2\/product\/16846","targetHints":{"allow":["GET"]}}],"collection":[{"href":"https:\/\/www.tenyutool.com\/fr\/wp-json\/wp\/v2\/product"}],"about":[{"href":"https:\/\/www.tenyutool.com\/fr\/wp-json\/wp\/v2\/types\/product"}],"replies":[{"embeddable":true,"href":"https:\/\/www.tenyutool.com\/fr\/wp-json\/wp\/v2\/comments?post=16846"}],"wp:featuredmedia":[{"embeddable":true,"href":"https:\/\/www.tenyutool.com\/fr\/wp-json\/wp\/v2\/media\/16848"}],"wp:attachment":[{"href":"https:\/\/www.tenyutool.com\/fr\/wp-json\/wp\/v2\/media?parent=16846"}],"wp:term":[{"taxonomy":"product_brand","embeddable":true,"href":"https:\/\/www.tenyutool.com\/fr\/wp-json\/wp\/v2\/product_brand?post=16846"},{"taxonomy":"product_cat","embeddable":true,"href":"https:\/\/www.tenyutool.com\/fr\/wp-json\/wp\/v2\/product_cat?post=16846"},{"taxonomy":"product_tag","embeddable":true,"href":"https:\/\/www.tenyutool.com\/fr\/wp-json\/wp\/v2\/product_tag?post=16846"}],"curies":[{"name":"wp","href":"https:\/\/api.w.org\/{rel}","templated":true}]}}