{"id":16849,"date":"2022-12-30T08:48:45","date_gmt":"2022-12-30T08:48:45","guid":{"rendered":"https:\/\/www.tenyutool.com\/?post_type=product&#038;p=16849"},"modified":"2022-12-30T08:48:46","modified_gmt":"2022-12-30T08:48:46","slug":"lame-de-scie-pour-carreaux-de-verre-premium-ultra-mince-diamant-meule-de-coupe-pour-meuleuse-dangle","status":"publish","type":"product","link":"https:\/\/www.tenyutool.com\/fr\/product\/premium-ultra-thin-diamond-glass-tile-saw-blade-cutting-disc-wheel-for-angle-grinder\/","title":{"rendered":"Disque de coupe de lame de scie \u00e0 carreaux de verre diamant ultra mince de qualit\u00e9 sup\u00e9rieure pour meuleuse d&#039;angle"},"content":{"rendered":"<p>Fonctionnalit\u00e9s:<\/p>\n<ul>\n<li>R\u00e9sistant \u00e0 haute temp\u00e9rature.<\/li>\n<li data-spm-anchor-id=\"a2700.pc-decorate.0.i6.1bf43333aRzjZV\">Il est tranchant et ne s&#039;effondrera pas.<\/li>\n<li data-spm-anchor-id=\"a2700.pc-decorate.0.i4.1bf43333aRzjZV\">Faible bruit de meulage, moins de poussi\u00e8re, moins de d\u00e9bris.<\/li>\n<li data-spm-anchor-id=\"a2700.pc-decorate.0.i7.1bf43333aRzjZV\">Facile \u00e0 installer et \u00e0 utiliser.<\/li>\n<li data-spm-anchor-id=\"a2700.pc-decorate.0.i8.1bf43333aRzjZV\">Il adopte une matrice en acier au diamant \u00e0 haute teneur en mangan\u00e8se, un nouveau proc\u00e9d\u00e9 de brasage.<\/li>\n<\/ul>\n<figure id=\"attachment_16851\" aria-describedby=\"caption-attachment-16851\" style=\"width: 800px\" class=\"wp-caption alignnone\"><img fetchpriority=\"high\" decoding=\"async\" class=\"size-full wp-image-16851\" src=\"https:\/\/www.tenyutool.com\/wp-content\/uploads\/2022\/12\/H4c3d0b78b7454e428096972aff3c50cby.webp.jpg\" alt=\"Lame de scie \u00e0 carreaux de verre diamant ultra mince de qualit\u00e9 sup\u00e9rieure roue de disque de coupe pour meuleuse d&#039;angle\" width=\"800\" height=\"800\" srcset=\"https:\/\/www.tenyutool.com\/wp-content\/uploads\/2022\/12\/H4c3d0b78b7454e428096972aff3c50cby.webp.jpg 800w, https:\/\/www.tenyutool.com\/wp-content\/uploads\/2022\/12\/H4c3d0b78b7454e428096972aff3c50cby.webp-150x150.jpg 150w, https:\/\/www.tenyutool.com\/wp-content\/uploads\/2022\/12\/H4c3d0b78b7454e428096972aff3c50cby.webp-768x768.jpg 768w, https:\/\/www.tenyutool.com\/wp-content\/uploads\/2022\/12\/H4c3d0b78b7454e428096972aff3c50cby.webp-12x12.jpg 12w, https:\/\/www.tenyutool.com\/wp-content\/uploads\/2022\/12\/H4c3d0b78b7454e428096972aff3c50cby.webp-300x300.jpg 300w, https:\/\/www.tenyutool.com\/wp-content\/uploads\/2022\/12\/H4c3d0b78b7454e428096972aff3c50cby.webp-600x600.jpg 600w, https:\/\/www.tenyutool.com\/wp-content\/uploads\/2022\/12\/H4c3d0b78b7454e428096972aff3c50cby.webp-100x100.jpg 100w\" sizes=\"(max-width: 800px) 100vw, 800px\" \/><figcaption id=\"caption-attachment-16851\" class=\"wp-caption-text\">Lame de scie \u00e0 carreaux de verre diamant ultra mince de qualit\u00e9 sup\u00e9rieure roue de disque de coupe pour meuleuse d&#039;angle<\/figcaption><\/figure>\n<table width=\"794\">\n<tbody>\n<tr>\n<td colspan=\"6\" width=\"794\">Description du produit<\/td>\n<\/tr>\n<tr>\n<td colspan=\"6\">Plus de choix pour vous : <a href=\"https:\/\/www.tenyutool.com\/fr\/\">Maison<\/a> &gt; Lame de scie &gt; Lame de scie \u00e0 verre<\/td>\n<\/tr>\n<tr>\n<td>Nom du produit<\/td>\n<td colspan=\"5\" width=\"572\">Disque de coupe de lame de scie \u00e0 carreaux de verre diamant ultra mince de qualit\u00e9 sup\u00e9rieure pour meuleuse d&#039;angle<\/td>\n<\/tr>\n<tr>\n<td>Mat\u00e9riel<\/td>\n<td colspan=\"5\" width=\"572\">Grain de diamant<\/td>\n<\/tr>\n<tr>\n<td>Couleur<\/td>\n<td colspan=\"5\" width=\"572\">\u00a0Vert, Bleu, Jaune, Orange, Noir, Rouge, Bleu, Violet<\/td>\n<\/tr>\n<tr>\n<td>Type de lame<\/td>\n<td colspan=\"5\" width=\"572\">\u00a0Lame de scie \u00e0 verre<\/td>\n<\/tr>\n<tr>\n<td>Application<\/td>\n<td colspan=\"5\" width=\"572\">Pour la coupe du verre, de l&#039;aluminium, de la porcelaine, de la c\u00e9ramique et du marbre<\/td>\n<\/tr>\n<tr>\n<td>Forfait<\/td>\n<td colspan=\"5\" width=\"572\">Une pi\u00e8ce dans une bo\u00eete en papier<\/td>\n<\/tr>\n<\/tbody>\n<\/table>","protected":false},"excerpt":{"rendered":"<p>Features\uff1a Resistant to high temperature. It is sharp and will not collapse. Low grinding noise, less dust, less debris. Easy to install and use. It adopts diamond high manganese steel matrix, new brazing process. Product Description More Choice For You: Home &gt; Saw Blade &gt; Glass Saw Blade Product Name Premium Ultra Thin Diamond Glass [&hellip;]<\/p>\n","protected":false},"featured_media":16851,"comment_status":"closed","ping_status":"closed","template":"","meta":{"_acf_changed":false,"_seopress_robots_primary_cat":"","_seopress_titles_title":"Diamond Glass Tile Saw Blade Cutting Disc Wheel | for Angle Grinder","_seopress_titles_desc":"","_seopress_robots_index":"","site-sidebar-layout":"default","site-content-layout":"default","ast-site-content-layout":"default","site-content-style":"default","site-sidebar-style":"default","ast-global-header-display":"","ast-banner-title-visibility":"","ast-main-header-display":"","ast-hfb-above-header-display":"","ast-hfb-below-header-display":"","ast-hfb-mobile-header-display":"","site-post-title":"","ast-breadcrumbs-content":"","ast-featured-img":"","footer-sml-layout":"","ast-disable-related-posts":"","theme-transparent-header-meta":"default","adv-header-id-meta":"","stick-header-meta":"","header-above-stick-meta":"","header-main-stick-meta":"","header-below-stick-meta":"","astra-migrate-meta-layouts":"default","ast-page-background-enabled":"default","ast-page-background-meta":{"desktop":{"background-color":"","background-image":"","background-repeat":"repeat","background-position":"center center","background-size":"auto","background-attachment":"scroll","background-type":"","background-media":"","overlay-type":"","overlay-color":"","overlay-opacity":"","overlay-gradient":""},"tablet":{"background-color":"","background-image":"","background-repeat":"repeat","background-position":"center center","background-size":"auto","background-attachment":"scroll","background-type":"","background-media":"","overlay-type":"","overlay-color":"","overlay-opacity":"","overlay-gradient":""},"mobile":{"background-color":"","background-image":"","background-repeat":"repeat","background-position":"center center","background-size":"auto","background-attachment":"scroll","background-type":"","background-media":"","overlay-type":"","overlay-color":"","overlay-opacity":"","overlay-gradient":""}},"ast-content-background-meta":{"desktop":{"background-color":"var(--ast-global-color-5)","background-image":"","background-repeat":"repeat","background-position":"center center","background-size":"auto","background-attachment":"scroll","background-type":"","background-media":"","overlay-type":"","overlay-color":"","overlay-opacity":"","overlay-gradient":""},"tablet":{"background-color":"var(--ast-global-color-5)","background-image":"","background-repeat":"repeat","background-position":"center center","background-size":"auto","background-attachment":"scroll","background-type":"","background-media":"","overlay-type":"","overlay-color":"","overlay-opacity":"","overlay-gradient":""},"mobile":{"background-color":"var(--ast-global-color-5)","background-image":"","background-repeat":"repeat","background-position":"center center","background-size":"auto","background-attachment":"scroll","background-type":"","background-media":"","overlay-type":"","overlay-color":"","overlay-opacity":"","overlay-gradient":""}}},"product_brand":[],"product_cat":[21],"product_tag":[],"class_list":{"0":"post-16849","1":"product","2":"type-product","3":"status-publish","4":"has-post-thumbnail","6":"product_cat-sawblade","7":"desktop-align-left","8":"tablet-align-left","9":"mobile-align-left","11":"first","12":"instock","13":"shipping-taxable","14":"product-type-simple"},"acf":[],"_links":{"self":[{"href":"https:\/\/www.tenyutool.com\/fr\/wp-json\/wp\/v2\/product\/16849","targetHints":{"allow":["GET"]}}],"collection":[{"href":"https:\/\/www.tenyutool.com\/fr\/wp-json\/wp\/v2\/product"}],"about":[{"href":"https:\/\/www.tenyutool.com\/fr\/wp-json\/wp\/v2\/types\/product"}],"replies":[{"embeddable":true,"href":"https:\/\/www.tenyutool.com\/fr\/wp-json\/wp\/v2\/comments?post=16849"}],"wp:featuredmedia":[{"embeddable":true,"href":"https:\/\/www.tenyutool.com\/fr\/wp-json\/wp\/v2\/media\/16851"}],"wp:attachment":[{"href":"https:\/\/www.tenyutool.com\/fr\/wp-json\/wp\/v2\/media?parent=16849"}],"wp:term":[{"taxonomy":"product_brand","embeddable":true,"href":"https:\/\/www.tenyutool.com\/fr\/wp-json\/wp\/v2\/product_brand?post=16849"},{"taxonomy":"product_cat","embeddable":true,"href":"https:\/\/www.tenyutool.com\/fr\/wp-json\/wp\/v2\/product_cat?post=16849"},{"taxonomy":"product_tag","embeddable":true,"href":"https:\/\/www.tenyutool.com\/fr\/wp-json\/wp\/v2\/product_tag?post=16849"}],"curies":[{"name":"wp","href":"https:\/\/api.w.org\/{rel}","templated":true}]}}