{"id":16855,"date":"2023-01-02T01:25:50","date_gmt":"2023-01-02T01:25:50","guid":{"rendered":"https:\/\/www.tenyutool.com\/?post_type=product&#038;p=16855"},"modified":"2023-01-02T01:25:50","modified_gmt":"2023-01-02T01:25:50","slug":"pointe-en-carbure-de-tungstene-a-tige-ronde-reglable-tct-bois-forstner-foret-a-utiliser-pour-le-percage-du-bois","status":"publish","type":"product","link":"https:\/\/www.tenyutool.com\/fr\/product\/adjustable-round-shank-tungsten-carbide-tip-tct-wood-forstner-drill-bit-use-for-wood-drilling\/","title":{"rendered":"Pointe en carbure de tungst\u00e8ne \u00e0 tige ronde r\u00e9glable TCT Wood Forstner Foret Utilisation pour le per\u00e7age du bois"},"content":{"rendered":"<p>Caract\u00e9ristique:<\/p>\n<ul>\n<li>\u00a0Ouvertures lisses, petites bavures et faible bruit.<\/li>\n<li data-spm-anchor-id=\"a2700.pc-decorate.0.i103.66d033335KGPEj\">\u00a0La pointe est sp\u00e9cialement con\u00e7ue pour couper proprement le trou.<\/li>\n<li data-spm-anchor-id=\"a2700.pc-decorate.0.i101.66d033335KGPEj\">La profondeur de per\u00e7age est r\u00e9glable, vous pouvez \u00e9galement retirer la fixation de r\u00e9glage de la profondeur, rendre la profondeur de per\u00e7age sans limite.<\/li>\n<li data-spm-anchor-id=\"a2700.pc-decorate.0.i104.66d033335KGPEj\">Forte durabilit\u00e9 de la t\u00eate de coupe.<\/li>\n<li data-spm-anchor-id=\"a2700.pc-decorate.0.i105.66d033335KGPEj\">Perforation sur les produits en bois, les produits en plastique, le bois et le contreplaqu\u00e9, etc.<\/li>\n<\/ul>\n<figure id=\"attachment_16857\" aria-describedby=\"caption-attachment-16857\" style=\"width: 800px\" class=\"wp-caption alignnone\"><img fetchpriority=\"high\" decoding=\"async\" class=\"size-full wp-image-16857\" src=\"https:\/\/www.tenyutool.com\/wp-content\/uploads\/2023\/01\/H3eca3a5db7cb4ba794efa62afa950abd8.webp.jpg\" alt=\"pointe en carbure de tungst\u00e8ne \u00e0 tige ronde r\u00e9glable tct bois forstner foret \u00e0 utiliser pour le per\u00e7age du bois\" width=\"800\" height=\"800\" srcset=\"https:\/\/www.tenyutool.com\/wp-content\/uploads\/2023\/01\/H3eca3a5db7cb4ba794efa62afa950abd8.webp.jpg 800w, https:\/\/www.tenyutool.com\/wp-content\/uploads\/2023\/01\/H3eca3a5db7cb4ba794efa62afa950abd8.webp-150x150.jpg 150w, https:\/\/www.tenyutool.com\/wp-content\/uploads\/2023\/01\/H3eca3a5db7cb4ba794efa62afa950abd8.webp-768x768.jpg 768w, https:\/\/www.tenyutool.com\/wp-content\/uploads\/2023\/01\/H3eca3a5db7cb4ba794efa62afa950abd8.webp-12x12.jpg 12w, https:\/\/www.tenyutool.com\/wp-content\/uploads\/2023\/01\/H3eca3a5db7cb4ba794efa62afa950abd8.webp-300x300.jpg 300w, https:\/\/www.tenyutool.com\/wp-content\/uploads\/2023\/01\/H3eca3a5db7cb4ba794efa62afa950abd8.webp-600x600.jpg 600w, https:\/\/www.tenyutool.com\/wp-content\/uploads\/2023\/01\/H3eca3a5db7cb4ba794efa62afa950abd8.webp-100x100.jpg 100w\" sizes=\"(max-width: 800px) 100vw, 800px\" \/><figcaption id=\"caption-attachment-16857\" class=\"wp-caption-text\">pointe en carbure de tungst\u00e8ne \u00e0 tige ronde r\u00e9glable tct bois forstner foret \u00e0 utiliser pour le per\u00e7age du bois<\/figcaption><\/figure>\n<table width=\"794\">\n<tbody>\n<tr>\n<td colspan=\"6\" width=\"794\">Description du produit<\/td>\n<\/tr>\n<tr>\n<td colspan=\"6\">Plus de choix pour vous :<a href=\"https:\/\/www.tenyutool.com\/fr\/\"> Maison<\/a> &gt; Foret \u00e0 bois &gt; Foret \u00e0 bois Forstner<\/td>\n<\/tr>\n<tr>\n<td>Nom du produit<\/td>\n<td colspan=\"5\" width=\"572\">\u00a0Pointe en carbure de tungst\u00e8ne \u00e0 tige ronde r\u00e9glable TCT Wood Forstner Foret Utilisation pour le per\u00e7age du bois<\/td>\n<\/tr>\n<tr>\n<td>Mat\u00e9riel<\/td>\n<td colspan=\"5\" width=\"572\">Acier \u00e0 haute teneur en carbone avec traitement thermique<\/td>\n<\/tr>\n<tr>\n<td>Type de dents<\/td>\n<td colspan=\"5\" width=\"572\">\u00a0Le carbure de tungst\u00e8ne<\/td>\n<\/tr>\n<tr>\n<td>Type de tige<\/td>\n<td colspan=\"5\" width=\"572\">Tige ronde<\/td>\n<\/tr>\n<tr>\n<td>Diam\u00e8tre<\/td>\n<td colspan=\"5\" width=\"572\">\u00a014mm-100mm<\/td>\n<\/tr>\n<tr>\n<td>Forfait<\/td>\n<td colspan=\"5\" width=\"572\">Une pi\u00e8ce dans une bo\u00eete en plastique<\/td>\n<\/tr>\n<\/tbody>\n<\/table>","protected":false},"excerpt":{"rendered":"<p>Feature\uff1a \u00a0Smooth openings, small burrs, and low noise. \u00a0The tip is specially designed to cut through hole cleanly. The drilling depth is adjustable, you can also remove the depth adjusting fastener, make the drilling depth no limit. Strong cutter head durability. Perforation on wood products, plastic products, wood, and plywood, etc. Product Description More Choice [&hellip;]<\/p>\n","protected":false},"featured_media":16857,"comment_status":"closed","ping_status":"closed","template":"","meta":{"_acf_changed":false,"_seopress_robots_primary_cat":"","_seopress_titles_title":"TCT Wood Forstner Drill Bit | for Wood Drilling","_seopress_titles_desc":"","_seopress_robots_index":"","site-sidebar-layout":"default","site-content-layout":"default","ast-site-content-layout":"default","site-content-style":"default","site-sidebar-style":"default","ast-global-header-display":"","ast-banner-title-visibility":"","ast-main-header-display":"","ast-hfb-above-header-display":"","ast-hfb-below-header-display":"","ast-hfb-mobile-header-display":"","site-post-title":"","ast-breadcrumbs-content":"","ast-featured-img":"","footer-sml-layout":"","ast-disable-related-posts":"","theme-transparent-header-meta":"default","adv-header-id-meta":"","stick-header-meta":"","header-above-stick-meta":"","header-main-stick-meta":"","header-below-stick-meta":"","astra-migrate-meta-layouts":"default","ast-page-background-enabled":"default","ast-page-background-meta":{"desktop":{"background-color":"","background-image":"","background-repeat":"repeat","background-position":"center center","background-size":"auto","background-attachment":"scroll","background-type":"","background-media":"","overlay-type":"","overlay-color":"","overlay-opacity":"","overlay-gradient":""},"tablet":{"background-color":"","background-image":"","background-repeat":"repeat","background-position":"center center","background-size":"auto","background-attachment":"scroll","background-type":"","background-media":"","overlay-type":"","overlay-color":"","overlay-opacity":"","overlay-gradient":""},"mobile":{"background-color":"","background-image":"","background-repeat":"repeat","background-position":"center center","background-size":"auto","background-attachment":"scroll","background-type":"","background-media":"","overlay-type":"","overlay-color":"","overlay-opacity":"","overlay-gradient":""}},"ast-content-background-meta":{"desktop":{"background-color":"var(--ast-global-color-5)","background-image":"","background-repeat":"repeat","background-position":"center center","background-size":"auto","background-attachment":"scroll","background-type":"","background-media":"","overlay-type":"","overlay-color":"","overlay-opacity":"","overlay-gradient":""},"tablet":{"background-color":"var(--ast-global-color-5)","background-image":"","background-repeat":"repeat","background-position":"center center","background-size":"auto","background-attachment":"scroll","background-type":"","background-media":"","overlay-type":"","overlay-color":"","overlay-opacity":"","overlay-gradient":""},"mobile":{"background-color":"var(--ast-global-color-5)","background-image":"","background-repeat":"repeat","background-position":"center center","background-size":"auto","background-attachment":"scroll","background-type":"","background-media":"","overlay-type":"","overlay-color":"","overlay-opacity":"","overlay-gradient":""}}},"product_brand":[],"product_cat":[39],"product_tag":[],"class_list":{"0":"post-16855","1":"product","2":"type-product","3":"status-publish","4":"has-post-thumbnail","6":"product_cat-wood-drill-bits","7":"desktop-align-left","8":"tablet-align-left","9":"mobile-align-left","11":"first","12":"instock","13":"shipping-taxable","14":"product-type-simple"},"acf":[],"_links":{"self":[{"href":"https:\/\/www.tenyutool.com\/fr\/wp-json\/wp\/v2\/product\/16855","targetHints":{"allow":["GET"]}}],"collection":[{"href":"https:\/\/www.tenyutool.com\/fr\/wp-json\/wp\/v2\/product"}],"about":[{"href":"https:\/\/www.tenyutool.com\/fr\/wp-json\/wp\/v2\/types\/product"}],"replies":[{"embeddable":true,"href":"https:\/\/www.tenyutool.com\/fr\/wp-json\/wp\/v2\/comments?post=16855"}],"wp:featuredmedia":[{"embeddable":true,"href":"https:\/\/www.tenyutool.com\/fr\/wp-json\/wp\/v2\/media\/16857"}],"wp:attachment":[{"href":"https:\/\/www.tenyutool.com\/fr\/wp-json\/wp\/v2\/media?parent=16855"}],"wp:term":[{"taxonomy":"product_brand","embeddable":true,"href":"https:\/\/www.tenyutool.com\/fr\/wp-json\/wp\/v2\/product_brand?post=16855"},{"taxonomy":"product_cat","embeddable":true,"href":"https:\/\/www.tenyutool.com\/fr\/wp-json\/wp\/v2\/product_cat?post=16855"},{"taxonomy":"product_tag","embeddable":true,"href":"https:\/\/www.tenyutool.com\/fr\/wp-json\/wp\/v2\/product_tag?post=16855"}],"curies":[{"name":"wp","href":"https:\/\/api.w.org\/{rel}","templated":true}]}}