{"id":16862,"date":"2023-01-02T02:12:25","date_gmt":"2023-01-02T02:12:25","guid":{"rendered":"https:\/\/www.tenyutool.com\/?post_type=product&#038;p=16862"},"modified":"2023-01-02T02:12:26","modified_gmt":"2023-01-02T02:12:26","slug":"magnetiseur-bague-vis-magnetique-anneau-catcher-support-pour-embouts-de-tournevis-a-tige-hexagonale-1-4-pouces","status":"publish","type":"product","link":"https:\/\/www.tenyutool.com\/fr\/product\/magnetizer-ring-magnetic-screw-ring-catcher-holder-for-1-4-inch-hex-shank-screwdriver-bits\/","title":{"rendered":"Anneau de magn\u00e9tiseur support de receveur d&#039;anneau de vis magn\u00e9tique pour embouts de tournevis \u00e0 tige hexagonale de 1\/4 pouce"},"content":{"rendered":"<p>Caract\u00e9ristique:<\/p>\n<ul>\n<li>\u00a0Mat\u00e9riau durable, haute efficacit\u00e9 et longue dur\u00e9e de vie.<\/li>\n<li data-spm-anchor-id=\"a2700.pc-decorate.0.i15.13673333lS58XV\">Outil pratique pour attraper la vis facilement et rapidement lorsque vous travaillez.<\/li>\n<li data-spm-anchor-id=\"a2700.pc-decorate.0.i15.13673333lS58XV\">Ins\u00e9rez simplement l&#039;embout de tournevis dans l&#039;anneau magn\u00e9tique, la vis peut \u00eatre facilement r\u00e9cup\u00e9r\u00e9e.<\/li>\n<li data-spm-anchor-id=\"a2700.pc-decorate.0.i15.13673333lS58XV\">Facile \u00e0 utiliser.<\/li>\n<li data-spm-anchor-id=\"a2700.pc-decorate.0.i15.13673333lS58XV\">Verrouillez avec pr\u00e9cision les vis et serrez fermement tout en r\u00e9duisant l&#039;abrasion de la vis et du tournevis<\/li>\n<\/ul>\n<figure id=\"attachment_16864\" aria-describedby=\"caption-attachment-16864\" style=\"width: 800px\" class=\"wp-caption alignnone\"><img fetchpriority=\"high\" decoding=\"async\" class=\"size-full wp-image-16864\" src=\"https:\/\/www.tenyutool.com\/wp-content\/uploads\/2023\/01\/H726a59e6f93541d38be286de9ad41959E.webp.jpg\" alt=\"Anneau de magn\u00e9tiseur support de receveur d&#039;anneau de vis magn\u00e9tique pour embouts de tournevis \u00e0 tige hexagonale de 1\/4 pouce\" width=\"800\" height=\"800\" srcset=\"https:\/\/www.tenyutool.com\/wp-content\/uploads\/2023\/01\/H726a59e6f93541d38be286de9ad41959E.webp.jpg 800w, https:\/\/www.tenyutool.com\/wp-content\/uploads\/2023\/01\/H726a59e6f93541d38be286de9ad41959E.webp-150x150.jpg 150w, https:\/\/www.tenyutool.com\/wp-content\/uploads\/2023\/01\/H726a59e6f93541d38be286de9ad41959E.webp-768x768.jpg 768w, https:\/\/www.tenyutool.com\/wp-content\/uploads\/2023\/01\/H726a59e6f93541d38be286de9ad41959E.webp-12x12.jpg 12w, https:\/\/www.tenyutool.com\/wp-content\/uploads\/2023\/01\/H726a59e6f93541d38be286de9ad41959E.webp-300x300.jpg 300w, https:\/\/www.tenyutool.com\/wp-content\/uploads\/2023\/01\/H726a59e6f93541d38be286de9ad41959E.webp-600x600.jpg 600w, https:\/\/www.tenyutool.com\/wp-content\/uploads\/2023\/01\/H726a59e6f93541d38be286de9ad41959E.webp-100x100.jpg 100w\" sizes=\"(max-width: 800px) 100vw, 800px\" \/><figcaption id=\"caption-attachment-16864\" class=\"wp-caption-text\">Anneau de magn\u00e9tiseur support de receveur d&#039;anneau de vis magn\u00e9tique pour embouts de tournevis \u00e0 tige hexagonale de 1\/4 pouce<\/figcaption><\/figure>\n<table width=\"794\">\n<tbody>\n<tr>\n<td colspan=\"6\" width=\"794\">Description du produit<\/td>\n<\/tr>\n<tr>\n<td colspan=\"6\">Plus de choix pour vous : <a href=\"https:\/\/www.tenyutool.com\/fr\/\">Maison<\/a> &gt; Tournevis et extracteur de vis endommag\u00e9es<\/td>\n<\/tr>\n<tr>\n<td>Nom du produit<\/td>\n<td colspan=\"5\" width=\"572\">Anneau de magn\u00e9tiseur support de receveur d&#039;anneau de vis magn\u00e9tique pour embouts de tournevis \u00e0 tige hexagonale de 1\/4 pouce<\/td>\n<\/tr>\n<tr>\n<td>Mat\u00e9riel<\/td>\n<td colspan=\"5\" width=\"572\">\u00a0Alliage d&#039;aluminium<\/td>\n<\/tr>\n<tr>\n<td>Taille<\/td>\n<td colspan=\"5\" width=\"572\">25mm<\/td>\n<\/tr>\n<tr>\n<td>Taille int\u00e9rieure<\/td>\n<td colspan=\"5\" width=\"572\">\u00a01\/4\u2033 \/ 6,35 mm<\/td>\n<\/tr>\n<tr>\n<td>Finition de surface<\/td>\n<td colspan=\"5\" width=\"572\">Rouge, Jaune, Bleu<\/td>\n<\/tr>\n<tr>\n<td>Forfait<\/td>\n<td colspan=\"5\" width=\"572\">10 pi\u00e8ces dans une bo\u00eete en plastique<\/td>\n<\/tr>\n<\/tbody>\n<\/table>","protected":false},"excerpt":{"rendered":"<p>Feature\uff1a \u00a0Durable material, high efficiency, and long service life. Practical tool for you to catch the screw easily and quickly when you are working. Just insert the screwdriver bit into the magnetic ring, the screw can be easily picked up. Easy to use. Accurately lock screws and tightly snapped while reducing abrasion to the screw [&hellip;]<\/p>\n","protected":false},"featured_media":16864,"comment_status":"closed","ping_status":"closed","template":"","meta":{"_acf_changed":false,"_seopress_robots_primary_cat":"","_seopress_titles_title":"Ring Catcher Holder | For 1\/4 Inch Hex Shank Screwdriver Bits","_seopress_titles_desc":"","_seopress_robots_index":"","site-sidebar-layout":"default","site-content-layout":"default","ast-site-content-layout":"default","site-content-style":"default","site-sidebar-style":"default","ast-global-header-display":"","ast-banner-title-visibility":"","ast-main-header-display":"","ast-hfb-above-header-display":"","ast-hfb-below-header-display":"","ast-hfb-mobile-header-display":"","site-post-title":"","ast-breadcrumbs-content":"","ast-featured-img":"","footer-sml-layout":"","ast-disable-related-posts":"","theme-transparent-header-meta":"default","adv-header-id-meta":"","stick-header-meta":"","header-above-stick-meta":"","header-main-stick-meta":"","header-below-stick-meta":"","astra-migrate-meta-layouts":"default","ast-page-background-enabled":"default","ast-page-background-meta":{"desktop":{"background-color":"","background-image":"","background-repeat":"repeat","background-position":"center center","background-size":"auto","background-attachment":"scroll","background-type":"","background-media":"","overlay-type":"","overlay-color":"","overlay-opacity":"","overlay-gradient":""},"tablet":{"background-color":"","background-image":"","background-repeat":"repeat","background-position":"center center","background-size":"auto","background-attachment":"scroll","background-type":"","background-media":"","overlay-type":"","overlay-color":"","overlay-opacity":"","overlay-gradient":""},"mobile":{"background-color":"","background-image":"","background-repeat":"repeat","background-position":"center center","background-size":"auto","background-attachment":"scroll","background-type":"","background-media":"","overlay-type":"","overlay-color":"","overlay-opacity":"","overlay-gradient":""}},"ast-content-background-meta":{"desktop":{"background-color":"var(--ast-global-color-5)","background-image":"","background-repeat":"repeat","background-position":"center center","background-size":"auto","background-attachment":"scroll","background-type":"","background-media":"","overlay-type":"","overlay-color":"","overlay-opacity":"","overlay-gradient":""},"tablet":{"background-color":"var(--ast-global-color-5)","background-image":"","background-repeat":"repeat","background-position":"center center","background-size":"auto","background-attachment":"scroll","background-type":"","background-media":"","overlay-type":"","overlay-color":"","overlay-opacity":"","overlay-gradient":""},"mobile":{"background-color":"var(--ast-global-color-5)","background-image":"","background-repeat":"repeat","background-position":"center center","background-size":"auto","background-attachment":"scroll","background-type":"","background-media":"","overlay-type":"","overlay-color":"","overlay-opacity":"","overlay-gradient":""}}},"product_brand":[],"product_cat":[38],"product_tag":[],"class_list":{"0":"post-16862","1":"product","2":"type-product","3":"status-publish","4":"has-post-thumbnail","6":"product_cat-screwdriver-and-damaged-screw-remover","7":"desktop-align-left","8":"tablet-align-left","9":"mobile-align-left","11":"first","12":"instock","13":"shipping-taxable","14":"product-type-simple"},"acf":[],"_links":{"self":[{"href":"https:\/\/www.tenyutool.com\/fr\/wp-json\/wp\/v2\/product\/16862","targetHints":{"allow":["GET"]}}],"collection":[{"href":"https:\/\/www.tenyutool.com\/fr\/wp-json\/wp\/v2\/product"}],"about":[{"href":"https:\/\/www.tenyutool.com\/fr\/wp-json\/wp\/v2\/types\/product"}],"replies":[{"embeddable":true,"href":"https:\/\/www.tenyutool.com\/fr\/wp-json\/wp\/v2\/comments?post=16862"}],"wp:featuredmedia":[{"embeddable":true,"href":"https:\/\/www.tenyutool.com\/fr\/wp-json\/wp\/v2\/media\/16864"}],"wp:attachment":[{"href":"https:\/\/www.tenyutool.com\/fr\/wp-json\/wp\/v2\/media?parent=16862"}],"wp:term":[{"taxonomy":"product_brand","embeddable":true,"href":"https:\/\/www.tenyutool.com\/fr\/wp-json\/wp\/v2\/product_brand?post=16862"},{"taxonomy":"product_cat","embeddable":true,"href":"https:\/\/www.tenyutool.com\/fr\/wp-json\/wp\/v2\/product_cat?post=16862"},{"taxonomy":"product_tag","embeddable":true,"href":"https:\/\/www.tenyutool.com\/fr\/wp-json\/wp\/v2\/product_tag?post=16862"}],"curies":[{"name":"wp","href":"https:\/\/api.w.org\/{rel}","templated":true}]}}