{"id":16865,"date":"2023-01-02T02:26:18","date_gmt":"2023-01-02T02:26:18","guid":{"rendered":"https:\/\/www.tenyutool.com\/?post_type=product&#038;p=16865"},"modified":"2023-01-02T02:26:18","modified_gmt":"2023-01-02T02:26:18","slug":"200-300mm-tige-hexagonale-foret-flexible-tournevis-magnetique-porte-embout-dextension-darbre-pour-espace-etroit","status":"publish","type":"product","link":"https:\/\/www.tenyutool.com\/fr\/product\/200-300mm-hex-shank-flexible-drill-bit-magnetic-screwdriver-shaft-extension-bit-holder-for-narrow-space\/","title":{"rendered":"200-300mm Hex Shank Flexible Foret Tournevis Magn\u00e9tique Arbre Extension Bit Holder pour Espace \u00c9troit"},"content":{"rendered":"<p>Caract\u00e9ristique:<\/p>\n<ul>\n<li>Le plastique et l&#039;acier de haute qualit\u00e9 se combinent pour en faire une bonne aide pour la r\u00e9paration et l&#039;installation.<\/li>\n<li data-spm-anchor-id=\"a2700.pc-decorate.0.i4.16b833331qKNNd\">Il peut se plier, se tordre et tourner sous de nombreux angles diff\u00e9rents.<\/li>\n<li data-spm-anchor-id=\"a2700.pc-decorate.0.i6.16b833331qKNNd\">Laissez cette extension de foret flexible vous aider \u00e0 r\u00e9soudre plus de probl\u00e8mes rapidement.<\/li>\n<li data-spm-anchor-id=\"a2700.pc-decorate.0.i7.16b833331qKNNd\">L&#039;arbre int\u00e9rieur a une large plage de rotation et est stable en masse.<\/li>\n<li data-spm-anchor-id=\"a2700.pc-decorate.0.i2.16b83333hu3tND\">Faites correspondre votre vis, 1\/4\u2033 (6.35mm)<\/li>\n<\/ul>\n<figure id=\"attachment_16867\" aria-describedby=\"caption-attachment-16867\" style=\"width: 800px\" class=\"wp-caption alignnone\"><img fetchpriority=\"high\" decoding=\"async\" class=\"size-full wp-image-16867\" src=\"https:\/\/www.tenyutool.com\/wp-content\/uploads\/2023\/01\/H723d5dbeab014472b5f601f580ef344aQ.webp.jpg\" alt=\"200 300mm tige hexagonale foret flexible tournevis magn\u00e9tique porte-embout d&#039;extension d&#039;arbre pour espace \u00e9troit\" width=\"800\" height=\"800\" srcset=\"https:\/\/www.tenyutool.com\/wp-content\/uploads\/2023\/01\/H723d5dbeab014472b5f601f580ef344aQ.webp.jpg 800w, https:\/\/www.tenyutool.com\/wp-content\/uploads\/2023\/01\/H723d5dbeab014472b5f601f580ef344aQ.webp-150x150.jpg 150w, https:\/\/www.tenyutool.com\/wp-content\/uploads\/2023\/01\/H723d5dbeab014472b5f601f580ef344aQ.webp-768x768.jpg 768w, https:\/\/www.tenyutool.com\/wp-content\/uploads\/2023\/01\/H723d5dbeab014472b5f601f580ef344aQ.webp-12x12.jpg 12w, https:\/\/www.tenyutool.com\/wp-content\/uploads\/2023\/01\/H723d5dbeab014472b5f601f580ef344aQ.webp-300x300.jpg 300w, https:\/\/www.tenyutool.com\/wp-content\/uploads\/2023\/01\/H723d5dbeab014472b5f601f580ef344aQ.webp-600x600.jpg 600w, https:\/\/www.tenyutool.com\/wp-content\/uploads\/2023\/01\/H723d5dbeab014472b5f601f580ef344aQ.webp-100x100.jpg 100w\" sizes=\"(max-width: 800px) 100vw, 800px\" \/><figcaption id=\"caption-attachment-16867\" class=\"wp-caption-text\">200 300mm tige hexagonale foret flexible tournevis magn\u00e9tique porte-embout d&#039;extension d&#039;arbre pour espace \u00e9troit<\/figcaption><\/figure>\n<table width=\"794\">\n<tbody>\n<tr>\n<td colspan=\"6\" width=\"794\">Description du produit<\/td>\n<\/tr>\n<tr>\n<td colspan=\"6\">Plus de choix pour vous :<a href=\"https:\/\/www.tenyutool.com\/fr\/\"> Maison<\/a> &gt; Tournevis et extracteur de vis endommag\u00e9es<\/td>\n<\/tr>\n<tr>\n<td>Nom du produit<\/td>\n<td colspan=\"5\" width=\"572\">200-300mm Hex Shank Flexible Foret Tournevis Magn\u00e9tique Arbre Extension Bit Holder pour Norrow Space<\/td>\n<\/tr>\n<tr>\n<td>Mat\u00e9riel<\/td>\n<td colspan=\"5\" width=\"572\">Acier au carbone, acier magn\u00e9tique et plastique<\/td>\n<\/tr>\n<tr>\n<td>Jarret<\/td>\n<td colspan=\"5\" width=\"572\">Tige hexagonale 1\/4\u2033<\/td>\n<\/tr>\n<tr>\n<td>Couleur<\/td>\n<td colspan=\"5\" width=\"572\">\u00a0Noir\/Bleu\/Rouge\/Orange\/Jaune<\/td>\n<\/tr>\n<tr>\n<td>Taille<\/td>\n<td colspan=\"5\" width=\"572\">200mm, 250mm, 300mm<\/td>\n<\/tr>\n<tr>\n<td>Forfait<\/td>\n<td colspan=\"5\" width=\"572\">Une pi\u00e8ce dans un double blister<\/td>\n<\/tr>\n<\/tbody>\n<\/table>","protected":false},"excerpt":{"rendered":"<p>Feature\uff1a High quality plastic and steel combine to make it a good helper for repair and installation. It can bend, twist and spin at many different angles. Let this flexible drill bit extension help you solve more problems quickly. The inner shaft has a wide rotation range and is stable in mass. Match your screw, [&hellip;]<\/p>\n","protected":false},"featured_media":16867,"comment_status":"closed","ping_status":"closed","template":"","meta":{"_acf_changed":false,"_seopress_robots_primary_cat":"","_seopress_titles_title":"200-300mm Hex Shank Flexible Drill Bit  | for Norrow Space","_seopress_titles_desc":"","_seopress_robots_index":"","site-sidebar-layout":"default","site-content-layout":"default","ast-site-content-layout":"default","site-content-style":"default","site-sidebar-style":"default","ast-global-header-display":"","ast-banner-title-visibility":"","ast-main-header-display":"","ast-hfb-above-header-display":"","ast-hfb-below-header-display":"","ast-hfb-mobile-header-display":"","site-post-title":"","ast-breadcrumbs-content":"","ast-featured-img":"","footer-sml-layout":"","ast-disable-related-posts":"","theme-transparent-header-meta":"default","adv-header-id-meta":"","stick-header-meta":"","header-above-stick-meta":"","header-main-stick-meta":"","header-below-stick-meta":"","astra-migrate-meta-layouts":"default","ast-page-background-enabled":"default","ast-page-background-meta":{"desktop":{"background-color":"","background-image":"","background-repeat":"repeat","background-position":"center center","background-size":"auto","background-attachment":"scroll","background-type":"","background-media":"","overlay-type":"","overlay-color":"","overlay-opacity":"","overlay-gradient":""},"tablet":{"background-color":"","background-image":"","background-repeat":"repeat","background-position":"center center","background-size":"auto","background-attachment":"scroll","background-type":"","background-media":"","overlay-type":"","overlay-color":"","overlay-opacity":"","overlay-gradient":""},"mobile":{"background-color":"","background-image":"","background-repeat":"repeat","background-position":"center center","background-size":"auto","background-attachment":"scroll","background-type":"","background-media":"","overlay-type":"","overlay-color":"","overlay-opacity":"","overlay-gradient":""}},"ast-content-background-meta":{"desktop":{"background-color":"var(--ast-global-color-5)","background-image":"","background-repeat":"repeat","background-position":"center center","background-size":"auto","background-attachment":"scroll","background-type":"","background-media":"","overlay-type":"","overlay-color":"","overlay-opacity":"","overlay-gradient":""},"tablet":{"background-color":"var(--ast-global-color-5)","background-image":"","background-repeat":"repeat","background-position":"center center","background-size":"auto","background-attachment":"scroll","background-type":"","background-media":"","overlay-type":"","overlay-color":"","overlay-opacity":"","overlay-gradient":""},"mobile":{"background-color":"var(--ast-global-color-5)","background-image":"","background-repeat":"repeat","background-position":"center center","background-size":"auto","background-attachment":"scroll","background-type":"","background-media":"","overlay-type":"","overlay-color":"","overlay-opacity":"","overlay-gradient":""}}},"product_brand":[],"product_cat":[38],"product_tag":[],"class_list":{"0":"post-16865","1":"product","2":"type-product","3":"status-publish","4":"has-post-thumbnail","6":"product_cat-screwdriver-and-damaged-screw-remover","7":"desktop-align-left","8":"tablet-align-left","9":"mobile-align-left","11":"first","12":"instock","13":"shipping-taxable","14":"product-type-simple"},"acf":[],"_links":{"self":[{"href":"https:\/\/www.tenyutool.com\/fr\/wp-json\/wp\/v2\/product\/16865","targetHints":{"allow":["GET"]}}],"collection":[{"href":"https:\/\/www.tenyutool.com\/fr\/wp-json\/wp\/v2\/product"}],"about":[{"href":"https:\/\/www.tenyutool.com\/fr\/wp-json\/wp\/v2\/types\/product"}],"replies":[{"embeddable":true,"href":"https:\/\/www.tenyutool.com\/fr\/wp-json\/wp\/v2\/comments?post=16865"}],"wp:featuredmedia":[{"embeddable":true,"href":"https:\/\/www.tenyutool.com\/fr\/wp-json\/wp\/v2\/media\/16867"}],"wp:attachment":[{"href":"https:\/\/www.tenyutool.com\/fr\/wp-json\/wp\/v2\/media?parent=16865"}],"wp:term":[{"taxonomy":"product_brand","embeddable":true,"href":"https:\/\/www.tenyutool.com\/fr\/wp-json\/wp\/v2\/product_brand?post=16865"},{"taxonomy":"product_cat","embeddable":true,"href":"https:\/\/www.tenyutool.com\/fr\/wp-json\/wp\/v2\/product_cat?post=16865"},{"taxonomy":"product_tag","embeddable":true,"href":"https:\/\/www.tenyutool.com\/fr\/wp-json\/wp\/v2\/product_tag?post=16865"}],"curies":[{"name":"wp","href":"https:\/\/api.w.org\/{rel}","templated":true}]}}