{"id":16872,"date":"2023-01-09T02:18:05","date_gmt":"2023-01-09T02:18:05","guid":{"rendered":"https:\/\/www.tenyutool.com\/?post_type=product&#038;p=16872"},"modified":"2023-01-09T02:18:05","modified_gmt":"2023-01-09T02:18:05","slug":"6-pouces-aluminium-oxyde-papier-abrasif-60-2000-grain-rond-papier-abrasif-polissage-humide-et-sec-poncage-disque","status":"publish","type":"product","link":"https:\/\/www.tenyutool.com\/fr\/product\/6-inch-aluminum-oxide-sandpaper-60-2000-grit-round-sandpaper-polishing-wet-and-dry-sanding-disc\/","title":{"rendered":"Papier abrasif en oxyde d&#039;aluminium de 6 pouces, grain 60-2000, papier abrasif rond, disque de pon\u00e7age humide et sec"},"content":{"rendered":"<p>Caract\u00e9ristique:<\/p>\n<ul>\n<li>Mat\u00e9riau de pon\u00e7age net multifonctionnel, super effet anti-colmatage peut r\u00e9duire efficacement le d\u00e9p\u00f4t de poussi\u00e8re.<\/li>\n<li>Pon\u00e7age pratiquement sans poussi\u00e8re, peut \u00eatre utilis\u00e9 avec des syst\u00e8mes d&#039;aspiration portables ou autres.<\/li>\n<li>Largement utilis\u00e9 pour les travaux automobiles, le polissage de voitures, le travail du bois, le travail des m\u00e9taux, le pon\u00e7age des appr\u00eats, la fibre de verre et les plastiques.<\/li>\n<li>Installation et retrait faciles, ne tombera pas non plus lors de l&#039;installation en cours d&#039;utilisation.<\/li>\n<li>Ils peuvent \u00eatre utilis\u00e9s \u00e0 des fins humides et s\u00e8ches.<\/li>\n<\/ul>\n<figure id=\"attachment_16874\" aria-describedby=\"caption-attachment-16874\" style=\"width: 800px\" class=\"wp-caption alignnone\"><img fetchpriority=\"high\" decoding=\"async\" class=\"size-full wp-image-16874\" src=\"https:\/\/www.tenyutool.com\/wp-content\/uploads\/2023\/01\/Round-Sandpaper.jpg\" alt=\"Papier abrasif en oxyde d&#039;aluminium de 6 pouces 60 2000 grain papier abrasif rond polissage disque de pon\u00e7age sec et humide\" width=\"800\" height=\"800\" srcset=\"https:\/\/www.tenyutool.com\/wp-content\/uploads\/2023\/01\/Round-Sandpaper.jpg 800w, https:\/\/www.tenyutool.com\/wp-content\/uploads\/2023\/01\/Round-Sandpaper-150x150.jpg 150w, https:\/\/www.tenyutool.com\/wp-content\/uploads\/2023\/01\/Round-Sandpaper-768x768.jpg 768w, https:\/\/www.tenyutool.com\/wp-content\/uploads\/2023\/01\/Round-Sandpaper-12x12.jpg 12w, https:\/\/www.tenyutool.com\/wp-content\/uploads\/2023\/01\/Round-Sandpaper-300x300.jpg 300w, https:\/\/www.tenyutool.com\/wp-content\/uploads\/2023\/01\/Round-Sandpaper-600x600.jpg 600w, https:\/\/www.tenyutool.com\/wp-content\/uploads\/2023\/01\/Round-Sandpaper-100x100.jpg 100w\" sizes=\"(max-width: 800px) 100vw, 800px\" \/><figcaption id=\"caption-attachment-16874\" class=\"wp-caption-text\">Papier abrasif en oxyde d&#039;aluminium de 6 pouces 60 2000 grain papier abrasif rond polissage disque de pon\u00e7age sec et humide<\/figcaption><\/figure>\n<table style=\"border-collapse: collapse; width: 595.52pt;\" border=\"0\" width=\"794\" cellspacing=\"0\" cellpadding=\"0\">\n<tbody>\n<tr style=\"height: 35.00pt;\">\n<td class=\"et2\" style=\"height: 35.00pt; width: 595.50pt;\" colspan=\"6\" width=\"794\" height=\"46\">Description du produit<\/td>\n<\/tr>\n<tr style=\"height: 35.00pt;\">\n<td class=\"et3\" style=\"height: 35.00pt;\" colspan=\"6\" height=\"46\">Plus de choix pour vous<span class=\"font4\">\uff1a <\/span><a href=\"https:\/\/www.tenyutool.com\/fr\/\"><span class=\"font3\">Maison<\/span><\/a><span class=\"font4\">\uff1e<\/span><span class=\"font3\">Outils de polissage &gt; Papier abrasif<\/span><\/td>\n<\/tr>\n<tr style=\"height: 35.00pt;\">\n<td class=\"et4\" style=\"height: 35.00pt;\" height=\"46\">Nom du produit<\/td>\n<td class=\"et5\" style=\"width: 429.00pt;\" colspan=\"5\" width=\"572\">Papier abrasif en oxyde d&#039;aluminium de 6 pouces, grain 60-2000, papier abrasif rond, disque de pon\u00e7age humide et sec<\/td>\n<\/tr>\n<tr style=\"height: 35.00pt;\">\n<td class=\"et4\" style=\"height: 35.00pt;\" height=\"46\">Mat\u00e9riel<\/td>\n<td class=\"et5\" style=\"width: 429.00pt;\" colspan=\"5\" width=\"572\">Papier abrasif \u00e0 l&#039;oxyde d&#039;aluminium<\/td>\n<\/tr>\n<tr style=\"height: 35.00pt;\">\n<td class=\"et7\" style=\"height: 35.00pt;\" height=\"46\">Application<\/td>\n<td class=\"et6\" colspan=\"5\">pour le pon\u00e7age ou le polissage<\/td>\n<\/tr>\n<tr style=\"height: 35.00pt;\">\n<td class=\"et7\" style=\"height: 35.00pt;\" height=\"46\">Grincer<\/td>\n<td class=\"et5\" style=\"width: 429.00pt;\" colspan=\"5\" width=\"572\">60-2000 Grain<\/td>\n<\/tr>\n<tr style=\"height: 35.00pt;\">\n<td class=\"et7\" style=\"height: 35.00pt;\" height=\"46\">Taper<\/td>\n<td class=\"et5\" style=\"width: 429.00pt;\" colspan=\"5\" width=\"572\">Disque abrasif<\/td>\n<\/tr>\n<tr style=\"height: 35.00pt;\">\n<td class=\"et7\" style=\"height: 35.00pt;\" height=\"46\">Forfait<\/td>\n<td class=\"et5\" style=\"width: 429.00pt;\" colspan=\"5\" width=\"572\">100 pi\u00e8ces\/sac, 1000 pi\u00e8ces\/ctn, carton standard<\/td>\n<\/tr>\n<\/tbody>\n<\/table>","protected":false},"excerpt":{"rendered":"<p>Feature: Multifunctional net sanding material, super anti-clogging effect can effectively reduce dust deposition. Virtually dust-free sanding, can be used with portable or other vacuuming systems. Widely used for automotive work, car polishing, wood working, metal working, sanding down primers, fiberglass and plastics. Easy installation and removal, also will not fall off when installed in use. [&hellip;]<\/p>\n","protected":false},"featured_media":16874,"comment_status":"closed","ping_status":"closed","template":"","meta":{"_acf_changed":false,"_seopress_robots_primary_cat":"","_seopress_titles_title":"Aluminum Oxide Sandpaper | Sandpaper Polishing Wet and Dry Sanding Disc","_seopress_titles_desc":"","_seopress_robots_index":"","site-sidebar-layout":"default","site-content-layout":"default","ast-site-content-layout":"default","site-content-style":"default","site-sidebar-style":"default","ast-global-header-display":"","ast-banner-title-visibility":"","ast-main-header-display":"","ast-hfb-above-header-display":"","ast-hfb-below-header-display":"","ast-hfb-mobile-header-display":"","site-post-title":"","ast-breadcrumbs-content":"","ast-featured-img":"","footer-sml-layout":"","ast-disable-related-posts":"","theme-transparent-header-meta":"default","adv-header-id-meta":"","stick-header-meta":"","header-above-stick-meta":"","header-main-stick-meta":"","header-below-stick-meta":"","astra-migrate-meta-layouts":"default","ast-page-background-enabled":"default","ast-page-background-meta":{"desktop":{"background-color":"","background-image":"","background-repeat":"repeat","background-position":"center center","background-size":"auto","background-attachment":"scroll","background-type":"","background-media":"","overlay-type":"","overlay-color":"","overlay-opacity":"","overlay-gradient":""},"tablet":{"background-color":"","background-image":"","background-repeat":"repeat","background-position":"center center","background-size":"auto","background-attachment":"scroll","background-type":"","background-media":"","overlay-type":"","overlay-color":"","overlay-opacity":"","overlay-gradient":""},"mobile":{"background-color":"","background-image":"","background-repeat":"repeat","background-position":"center center","background-size":"auto","background-attachment":"scroll","background-type":"","background-media":"","overlay-type":"","overlay-color":"","overlay-opacity":"","overlay-gradient":""}},"ast-content-background-meta":{"desktop":{"background-color":"var(--ast-global-color-5)","background-image":"","background-repeat":"repeat","background-position":"center center","background-size":"auto","background-attachment":"scroll","background-type":"","background-media":"","overlay-type":"","overlay-color":"","overlay-opacity":"","overlay-gradient":""},"tablet":{"background-color":"var(--ast-global-color-5)","background-image":"","background-repeat":"repeat","background-position":"center center","background-size":"auto","background-attachment":"scroll","background-type":"","background-media":"","overlay-type":"","overlay-color":"","overlay-opacity":"","overlay-gradient":""},"mobile":{"background-color":"var(--ast-global-color-5)","background-image":"","background-repeat":"repeat","background-position":"center center","background-size":"auto","background-attachment":"scroll","background-type":"","background-media":"","overlay-type":"","overlay-color":"","overlay-opacity":"","overlay-gradient":""}}},"product_brand":[],"product_cat":[35],"product_tag":[],"class_list":{"0":"post-16872","1":"product","2":"type-product","3":"status-publish","4":"has-post-thumbnail","6":"product_cat-polishing-tools","7":"desktop-align-left","8":"tablet-align-left","9":"mobile-align-left","11":"first","12":"instock","13":"shipping-taxable","14":"product-type-simple"},"acf":[],"_links":{"self":[{"href":"https:\/\/www.tenyutool.com\/fr\/wp-json\/wp\/v2\/product\/16872","targetHints":{"allow":["GET"]}}],"collection":[{"href":"https:\/\/www.tenyutool.com\/fr\/wp-json\/wp\/v2\/product"}],"about":[{"href":"https:\/\/www.tenyutool.com\/fr\/wp-json\/wp\/v2\/types\/product"}],"replies":[{"embeddable":true,"href":"https:\/\/www.tenyutool.com\/fr\/wp-json\/wp\/v2\/comments?post=16872"}],"wp:featuredmedia":[{"embeddable":true,"href":"https:\/\/www.tenyutool.com\/fr\/wp-json\/wp\/v2\/media\/16874"}],"wp:attachment":[{"href":"https:\/\/www.tenyutool.com\/fr\/wp-json\/wp\/v2\/media?parent=16872"}],"wp:term":[{"taxonomy":"product_brand","embeddable":true,"href":"https:\/\/www.tenyutool.com\/fr\/wp-json\/wp\/v2\/product_brand?post=16872"},{"taxonomy":"product_cat","embeddable":true,"href":"https:\/\/www.tenyutool.com\/fr\/wp-json\/wp\/v2\/product_cat?post=16872"},{"taxonomy":"product_tag","embeddable":true,"href":"https:\/\/www.tenyutool.com\/fr\/wp-json\/wp\/v2\/product_tag?post=16872"}],"curies":[{"name":"wp","href":"https:\/\/api.w.org\/{rel}","templated":true}]}}