{"id":16878,"date":"2023-01-09T02:44:33","date_gmt":"2023-01-09T02:44:33","guid":{"rendered":"https:\/\/www.tenyutool.com\/?post_type=product&#038;p=16878"},"modified":"2023-01-09T02:44:33","modified_gmt":"2023-01-09T02:44:33","slug":"jeu-de-mandrins-de-perceuse-robustes-adaptateur-de-changement-rapide-avec-filetage-3-8-24unf-capacite-1-5-10mm-avec-cle-de-mandrin","status":"publish","type":"product","link":"https:\/\/www.tenyutool.com\/fr\/product\/heavy-duty-drill-chuck-set-quick-change-adapter-with-3-8-24unf-threaded-1-5-10mm-capacity-with-chuck-key\/","title":{"rendered":"Jeu de mandrins de perceuse robustes adaptateur \u00e0 changement rapide avec capacit\u00e9 filet\u00e9e 3\/8-24UNF 1,5-10 mm avec cl\u00e9 de mandrin"},"content":{"rendered":"<p>Caract\u00e9ristique:<\/p>\n<ul>\n<li>Diam\u00e8tre du trou int\u00e9rieur : 16 mm.<\/li>\n<li data-spm-anchor-id=\"a2700.pc-decorate.0.i6.16683333hZw17W\">Hauteur totale : 55 mm\/ 2,2\u2033.<\/li>\n<li data-spm-anchor-id=\"a2700.pc-decorate.0.i9.16683333hZw17W\">Pr\u00e9cision et force de pr\u00e9hension \u00e9lev\u00e9e.<\/li>\n<li data-spm-anchor-id=\"a2700.pc-decorate.0.i7.16683333hZw17W\">Livr\u00e9 avec cl\u00e9 de serrage.<\/li>\n<li data-spm-anchor-id=\"a2700.pc-decorate.0.i7.16683333hZw17W\">Pour perceuse \u00e0 colonne portable, d&#039;\u00e9tabli ou au sol.<\/li>\n<\/ul>\n<figure id=\"attachment_16880\" aria-describedby=\"caption-attachment-16880\" style=\"width: 800px\" class=\"wp-caption alignnone\"><img fetchpriority=\"high\" decoding=\"async\" class=\"size-full wp-image-16880\" src=\"https:\/\/www.tenyutool.com\/wp-content\/uploads\/2023\/01\/Heavy-Duty-Drill-Chuck-Set.jpg\" alt=\"Jeu de mandrins de perceuse robustes adaptateur \u00e0 changement rapide avec 3\/8 24unf filet\u00e9 capacit\u00e9 1.5 10mm avec cl\u00e9 de mandrin\" width=\"800\" height=\"800\" srcset=\"https:\/\/www.tenyutool.com\/wp-content\/uploads\/2023\/01\/Heavy-Duty-Drill-Chuck-Set.jpg 800w, https:\/\/www.tenyutool.com\/wp-content\/uploads\/2023\/01\/Heavy-Duty-Drill-Chuck-Set-150x150.jpg 150w, https:\/\/www.tenyutool.com\/wp-content\/uploads\/2023\/01\/Heavy-Duty-Drill-Chuck-Set-768x768.jpg 768w, https:\/\/www.tenyutool.com\/wp-content\/uploads\/2023\/01\/Heavy-Duty-Drill-Chuck-Set-12x12.jpg 12w, https:\/\/www.tenyutool.com\/wp-content\/uploads\/2023\/01\/Heavy-Duty-Drill-Chuck-Set-300x300.jpg 300w, https:\/\/www.tenyutool.com\/wp-content\/uploads\/2023\/01\/Heavy-Duty-Drill-Chuck-Set-600x600.jpg 600w, https:\/\/www.tenyutool.com\/wp-content\/uploads\/2023\/01\/Heavy-Duty-Drill-Chuck-Set-100x100.jpg 100w\" sizes=\"(max-width: 800px) 100vw, 800px\" \/><figcaption id=\"caption-attachment-16880\" class=\"wp-caption-text\">Jeu de mandrins de perceuse robustes adaptateur \u00e0 changement rapide avec 3\/8 24unf filet\u00e9 capacit\u00e9 1.5 10mm avec cl\u00e9 de mandrin<\/figcaption><\/figure>\n<table width=\"794\">\n<tbody>\n<tr>\n<td colspan=\"6\" width=\"794\">Description du produit<\/td>\n<\/tr>\n<tr>\n<td colspan=\"6\">Plus de choix pour vous : Accueil &gt; Produits &gt; Nouveaux outils<\/td>\n<\/tr>\n<tr>\n<td>Nom du produit<\/td>\n<td colspan=\"5\" width=\"572\">Jeu de mandrins de perceuse robustes adaptateur \u00e0 changement rapide avec tige MT2 \u00e0 changement rapide avec cl\u00e9 de mandrin<\/td>\n<\/tr>\n<tr>\n<td>Mat\u00e9riel<\/td>\n<td colspan=\"5\" width=\"572\">Acier<\/td>\n<\/tr>\n<tr>\n<td>Mat\u00e9riau du mandrin<\/td>\n<td colspan=\"5\" width=\"572\">M\u00e9tal<\/td>\n<\/tr>\n<tr>\n<td>Mat\u00e9riau de la tige<\/td>\n<td colspan=\"5\" width=\"572\">\u00a0Acier Carbone<\/td>\n<\/tr>\n<tr>\n<td>Forfait<\/td>\n<td colspan=\"5\" width=\"572\">Une pi\u00e8ce dans une bo\u00eete<\/td>\n<\/tr>\n<\/tbody>\n<\/table>","protected":false},"excerpt":{"rendered":"<p>Feature: Interior Hole Diameter : 16mm. Total Height : 55mm\/ 2.2&#8243;. Accuracy and strong gripping force. Supplied with chuck key. For portable, bench or floor type drill press. Product Description More Choice For You: Home &gt; Products &gt; New Tools Product Name Heavy Duty Drill Chuck Set Quick Change Adapter with Quick Change MT2 Shank [&hellip;]<\/p>\n","protected":false},"featured_media":16880,"comment_status":"closed","ping_status":"closed","template":"","meta":{"_acf_changed":false,"_seopress_robots_primary_cat":"","_seopress_titles_title":"Heavy Duty Drill Chuck Set |  Quick Change Adapter","_seopress_titles_desc":"","_seopress_robots_index":"","site-sidebar-layout":"default","site-content-layout":"default","ast-site-content-layout":"default","site-content-style":"default","site-sidebar-style":"default","ast-global-header-display":"","ast-banner-title-visibility":"","ast-main-header-display":"","ast-hfb-above-header-display":"","ast-hfb-below-header-display":"","ast-hfb-mobile-header-display":"","site-post-title":"","ast-breadcrumbs-content":"","ast-featured-img":"","footer-sml-layout":"","ast-disable-related-posts":"","theme-transparent-header-meta":"default","adv-header-id-meta":"","stick-header-meta":"","header-above-stick-meta":"","header-main-stick-meta":"","header-below-stick-meta":"","astra-migrate-meta-layouts":"default","ast-page-background-enabled":"default","ast-page-background-meta":{"desktop":{"background-color":"","background-image":"","background-repeat":"repeat","background-position":"center center","background-size":"auto","background-attachment":"scroll","background-type":"","background-media":"","overlay-type":"","overlay-color":"","overlay-opacity":"","overlay-gradient":""},"tablet":{"background-color":"","background-image":"","background-repeat":"repeat","background-position":"center center","background-size":"auto","background-attachment":"scroll","background-type":"","background-media":"","overlay-type":"","overlay-color":"","overlay-opacity":"","overlay-gradient":""},"mobile":{"background-color":"","background-image":"","background-repeat":"repeat","background-position":"center center","background-size":"auto","background-attachment":"scroll","background-type":"","background-media":"","overlay-type":"","overlay-color":"","overlay-opacity":"","overlay-gradient":""}},"ast-content-background-meta":{"desktop":{"background-color":"var(--ast-global-color-5)","background-image":"","background-repeat":"repeat","background-position":"center center","background-size":"auto","background-attachment":"scroll","background-type":"","background-media":"","overlay-type":"","overlay-color":"","overlay-opacity":"","overlay-gradient":""},"tablet":{"background-color":"var(--ast-global-color-5)","background-image":"","background-repeat":"repeat","background-position":"center center","background-size":"auto","background-attachment":"scroll","background-type":"","background-media":"","overlay-type":"","overlay-color":"","overlay-opacity":"","overlay-gradient":""},"mobile":{"background-color":"var(--ast-global-color-5)","background-image":"","background-repeat":"repeat","background-position":"center center","background-size":"auto","background-attachment":"scroll","background-type":"","background-media":"","overlay-type":"","overlay-color":"","overlay-opacity":"","overlay-gradient":""}}},"product_brand":[],"product_cat":[36],"product_tag":[],"class_list":{"0":"post-16878","1":"product","2":"type-product","3":"status-publish","4":"has-post-thumbnail","6":"product_cat-new-tools","7":"desktop-align-left","8":"tablet-align-left","9":"mobile-align-left","11":"first","12":"instock","13":"shipping-taxable","14":"product-type-simple"},"acf":[],"_links":{"self":[{"href":"https:\/\/www.tenyutool.com\/fr\/wp-json\/wp\/v2\/product\/16878","targetHints":{"allow":["GET"]}}],"collection":[{"href":"https:\/\/www.tenyutool.com\/fr\/wp-json\/wp\/v2\/product"}],"about":[{"href":"https:\/\/www.tenyutool.com\/fr\/wp-json\/wp\/v2\/types\/product"}],"replies":[{"embeddable":true,"href":"https:\/\/www.tenyutool.com\/fr\/wp-json\/wp\/v2\/comments?post=16878"}],"wp:featuredmedia":[{"embeddable":true,"href":"https:\/\/www.tenyutool.com\/fr\/wp-json\/wp\/v2\/media\/16880"}],"wp:attachment":[{"href":"https:\/\/www.tenyutool.com\/fr\/wp-json\/wp\/v2\/media?parent=16878"}],"wp:term":[{"taxonomy":"product_brand","embeddable":true,"href":"https:\/\/www.tenyutool.com\/fr\/wp-json\/wp\/v2\/product_brand?post=16878"},{"taxonomy":"product_cat","embeddable":true,"href":"https:\/\/www.tenyutool.com\/fr\/wp-json\/wp\/v2\/product_cat?post=16878"},{"taxonomy":"product_tag","embeddable":true,"href":"https:\/\/www.tenyutool.com\/fr\/wp-json\/wp\/v2\/product_tag?post=16878"}],"curies":[{"name":"wp","href":"https:\/\/api.w.org\/{rel}","templated":true}]}}