{"id":16891,"date":"2023-01-15T05:40:47","date_gmt":"2023-01-15T05:40:47","guid":{"rendered":"https:\/\/www.tenyutool.com\/?post_type=product&#038;p=16891"},"modified":"2023-01-31T08:03:44","modified_gmt":"2023-01-31T08:03:44","slug":"gabarit-de-chevillage-pour-le-travail-du-bois-portable-localisateur-de-trou-droit-accessoires-de-chevillage-de-percage-du-bois-outil-de-bricolage","status":"publish","type":"product","link":"https:\/\/www.tenyutool.com\/fr\/product\/handheld-woodworking-doweling-jig-straight-hole-locator-wood-drilling-dowelling-accessories-diy-tool\/","title":{"rendered":"Outil de bricolage de gabarit de chevillage pour le travail du bois tenu dans la main"},"content":{"rendered":"<p>Caract\u00e9ristique:<\/p>\n<ul>\n<li>Plastique r\u00e9sistant aux chocs avec douille en m\u00e9tal, robuste, durable et longue dur\u00e9e de vie.<\/li>\n<li data-spm-anchor-id=\"a2700.pc-decorate.0.i5.1fd53333HgqKHR\">Capable de joints bord \u00e0 bord, en T et bord \u00e0 coin.<\/li>\n<li data-spm-anchor-id=\"a2700.pc-decorate.0.i9.1fd53333HgqKHR\">Pr\u00e9cision millim\u00e9trique, la distance peut \u00eatre ajust\u00e9e avec pr\u00e9cision, adapt\u00e9e au poin\u00e7onnage du bois.<\/li>\n<li data-spm-anchor-id=\"a2700.pc-decorate.0.i4.1fd53333HgqKHR\">La distance entre le trou de forage et le bord du bois peut \u00eatre ajust\u00e9e d&#039;avant en arri\u00e8re.<\/li>\n<li data-spm-anchor-id=\"a2700.pc-decorate.0.i11.1fd53333HgqKHR\">Convient aux forets de 6 mm 8 mm 10 mm, facile \u00e0 installer, peut \u00eatre utilis\u00e9 pour \u00e9pisser les chevilles rondes.<\/li>\n<\/ul>\n<figure id=\"attachment_16893\" aria-describedby=\"caption-attachment-16893\" style=\"width: 800px\" class=\"wp-caption alignnone\"><img fetchpriority=\"high\" decoding=\"async\" class=\"size-full wp-image-16893\" src=\"https:\/\/www.tenyutool.com\/wp-content\/uploads\/2023\/01\/Straight-Hole-Locator-.jpg\" alt=\"gabarit de chevillage pour le travail du bois portable localisateur de trou droit accessoires de chevillage de per\u00e7age du bois outil de bricolage\" width=\"800\" height=\"800\" srcset=\"https:\/\/www.tenyutool.com\/wp-content\/uploads\/2023\/01\/Straight-Hole-Locator-.jpg 800w, https:\/\/www.tenyutool.com\/wp-content\/uploads\/2023\/01\/Straight-Hole-Locator--150x150.jpg 150w, https:\/\/www.tenyutool.com\/wp-content\/uploads\/2023\/01\/Straight-Hole-Locator--768x768.jpg 768w, https:\/\/www.tenyutool.com\/wp-content\/uploads\/2023\/01\/Straight-Hole-Locator--12x12.jpg 12w, https:\/\/www.tenyutool.com\/wp-content\/uploads\/2023\/01\/Straight-Hole-Locator--300x300.jpg 300w, https:\/\/www.tenyutool.com\/wp-content\/uploads\/2023\/01\/Straight-Hole-Locator--600x600.jpg 600w, https:\/\/www.tenyutool.com\/wp-content\/uploads\/2023\/01\/Straight-Hole-Locator--100x100.jpg 100w\" sizes=\"(max-width: 800px) 100vw, 800px\" \/><figcaption id=\"caption-attachment-16893\" class=\"wp-caption-text\">gabarit de chevillage pour le travail du bois portable localisateur de trou droit accessoires de chevillage de per\u00e7age du bois outil de bricolage<\/figcaption><\/figure>\n<table width=\"794\">\n<tbody>\n<tr>\n<td colspan=\"6\" width=\"794\">Description du produit<\/td>\n<\/tr>\n<tr>\n<td colspan=\"6\">Plus de choix pour vous : <a href=\"https:\/\/www.tenyutool.com\/fr\/\">Maison<\/a> &gt; Produits &gt; Nouveaux outils<\/td>\n<\/tr>\n<tr>\n<td>Nom du produit<\/td>\n<td colspan=\"5\" width=\"572\">Outil de bricolage de gabarit de chevillage pour le travail du bois tenu dans la main<\/td>\n<\/tr>\n<tr>\n<td>Application<\/td>\n<td colspan=\"5\" width=\"572\">\u00a0Travail du bois<\/td>\n<\/tr>\n<tr>\n<td>Mat\u00e9riel<\/td>\n<td colspan=\"5\" width=\"572\">Plastique ABS<\/td>\n<\/tr>\n<tr>\n<td>Couleur<\/td>\n<td colspan=\"5\" width=\"572\">Jaune\/Orange\/Vert\/Bleu\/Gris<\/td>\n<\/tr>\n<tr>\n<td>Usage<\/td>\n<td colspan=\"5\" width=\"572\">\u00a0Multifonctionnel<\/td>\n<\/tr>\n<\/tbody>\n<\/table>","protected":false},"excerpt":{"rendered":"<p>Feature: High-impact Plastic with Metal Bushing, Sturdy, Durable and Long Service Life. Capable of edge-to-edge, T, and edge-to-corner joints. Millimeter accuracy, distance can be adjusted accurately, suitable for woodworking punching. The distance between the drill hole and the wood edge can be adjusted back and forth. Suitable for 6mm 8mm10mm drill bits, easy to install, [&hellip;]<\/p>\n","protected":false},"featured_media":16893,"comment_status":"closed","ping_status":"closed","template":"","meta":{"_acf_changed":false,"_seopress_robots_primary_cat":"none","_seopress_titles_title":"Hole Locator Wood Drilling |  Dowelling Accessories DIY tool","_seopress_titles_desc":"","_seopress_robots_index":"","site-sidebar-layout":"default","site-content-layout":"default","ast-site-content-layout":"default","site-content-style":"default","site-sidebar-style":"default","ast-global-header-display":"","ast-banner-title-visibility":"","ast-main-header-display":"","ast-hfb-above-header-display":"","ast-hfb-below-header-display":"","ast-hfb-mobile-header-display":"","site-post-title":"","ast-breadcrumbs-content":"","ast-featured-img":"","footer-sml-layout":"","ast-disable-related-posts":"","theme-transparent-header-meta":"default","adv-header-id-meta":"","stick-header-meta":"","header-above-stick-meta":"","header-main-stick-meta":"","header-below-stick-meta":"","astra-migrate-meta-layouts":"default","ast-page-background-enabled":"default","ast-page-background-meta":{"desktop":{"background-color":"","background-image":"","background-repeat":"repeat","background-position":"center center","background-size":"auto","background-attachment":"scroll","background-type":"","background-media":"","overlay-type":"","overlay-color":"","overlay-opacity":"","overlay-gradient":""},"tablet":{"background-color":"","background-image":"","background-repeat":"repeat","background-position":"center center","background-size":"auto","background-attachment":"scroll","background-type":"","background-media":"","overlay-type":"","overlay-color":"","overlay-opacity":"","overlay-gradient":""},"mobile":{"background-color":"","background-image":"","background-repeat":"repeat","background-position":"center center","background-size":"auto","background-attachment":"scroll","background-type":"","background-media":"","overlay-type":"","overlay-color":"","overlay-opacity":"","overlay-gradient":""}},"ast-content-background-meta":{"desktop":{"background-color":"var(--ast-global-color-5)","background-image":"","background-repeat":"repeat","background-position":"center center","background-size":"auto","background-attachment":"scroll","background-type":"","background-media":"","overlay-type":"","overlay-color":"","overlay-opacity":"","overlay-gradient":""},"tablet":{"background-color":"var(--ast-global-color-5)","background-image":"","background-repeat":"repeat","background-position":"center center","background-size":"auto","background-attachment":"scroll","background-type":"","background-media":"","overlay-type":"","overlay-color":"","overlay-opacity":"","overlay-gradient":""},"mobile":{"background-color":"var(--ast-global-color-5)","background-image":"","background-repeat":"repeat","background-position":"center center","background-size":"auto","background-attachment":"scroll","background-type":"","background-media":"","overlay-type":"","overlay-color":"","overlay-opacity":"","overlay-gradient":""}}},"product_brand":[],"product_cat":[36],"product_tag":[],"class_list":{"0":"post-16891","1":"product","2":"type-product","3":"status-publish","4":"has-post-thumbnail","6":"product_cat-new-tools","7":"desktop-align-left","8":"tablet-align-left","9":"mobile-align-left","11":"first","12":"instock","13":"shipping-taxable","14":"product-type-simple"},"acf":[],"_links":{"self":[{"href":"https:\/\/www.tenyutool.com\/fr\/wp-json\/wp\/v2\/product\/16891","targetHints":{"allow":["GET"]}}],"collection":[{"href":"https:\/\/www.tenyutool.com\/fr\/wp-json\/wp\/v2\/product"}],"about":[{"href":"https:\/\/www.tenyutool.com\/fr\/wp-json\/wp\/v2\/types\/product"}],"replies":[{"embeddable":true,"href":"https:\/\/www.tenyutool.com\/fr\/wp-json\/wp\/v2\/comments?post=16891"}],"wp:featuredmedia":[{"embeddable":true,"href":"https:\/\/www.tenyutool.com\/fr\/wp-json\/wp\/v2\/media\/16893"}],"wp:attachment":[{"href":"https:\/\/www.tenyutool.com\/fr\/wp-json\/wp\/v2\/media?parent=16891"}],"wp:term":[{"taxonomy":"product_brand","embeddable":true,"href":"https:\/\/www.tenyutool.com\/fr\/wp-json\/wp\/v2\/product_brand?post=16891"},{"taxonomy":"product_cat","embeddable":true,"href":"https:\/\/www.tenyutool.com\/fr\/wp-json\/wp\/v2\/product_cat?post=16891"},{"taxonomy":"product_tag","embeddable":true,"href":"https:\/\/www.tenyutool.com\/fr\/wp-json\/wp\/v2\/product_tag?post=16891"}],"curies":[{"name":"wp","href":"https:\/\/api.w.org\/{rel}","templated":true}]}}