{"id":16897,"date":"2023-01-31T07:20:25","date_gmt":"2023-01-31T07:20:25","guid":{"rendered":"https:\/\/www.tenyutool.com\/?post_type=product&#038;p=16897"},"modified":"2023-01-31T08:19:34","modified_gmt":"2023-01-31T08:19:34","slug":"poinconnage-de-ceinture-multifonctionnel","status":"publish","type":"product","link":"https:\/\/www.tenyutool.com\/fr\/product\/multifunctional-belt-punching\/","title":{"rendered":"Outil \u00e0 main multi-trous Mini 6 trous poign\u00e9e confort ceinture multifonctionnelle poin\u00e7onnage tournant pince de r\u00e9glage rapide de la taille"},"content":{"rendered":"<p>Caract\u00e9ristique:<\/p>\n<ul>\n<li>La poign\u00e9e adopte une conception antid\u00e9rapante incurv\u00e9e, une flexion mod\u00e9r\u00e9e, des gestes coh\u00e9rents, un bon effet d&#039;absorption des chocs et une bonne praticabilit\u00e9.<\/li>\n<li data-spm-anchor-id=\"a2700.pc-decorate.0.i9.685f3333LhHDWb\">La vis est fermement fix\u00e9e, la surface est trait\u00e9e anti-corrosion et anti-rouille, ce qui n&#039;est pas facile \u00e0 desserrer.<\/li>\n<li data-spm-anchor-id=\"a2700.pc-decorate.0.i10.685f3333LhHDWb\">Forme : Bouche pointue.<\/li>\n<li data-spm-anchor-id=\"a2700.pc-decorate.0.i12.685f3333LhHDWb\">Fabriqu\u00e9 en acier \u00e0 haute teneur en carbone, avec une duret\u00e9 et une t\u00e9nacit\u00e9 \u00e9lev\u00e9es, et peut facilement percer le mat\u00e9riau qui doit \u00eatre poin\u00e7onn\u00e9.<\/li>\n<li data-spm-anchor-id=\"a2700.pc-decorate.0.i17.685f3333LhHDWb\">La pince \u00e0 poin\u00e7onner est multifonctionnelle, avec 6 pi\u00e8ces de poin\u00e7onnage de diff\u00e9rentes tailles pour r\u00e9pondre \u00e0 divers besoins de poin\u00e7onnage.<\/li>\n<\/ul>\n<figure id=\"attachment_16899\" aria-describedby=\"caption-attachment-16899\" style=\"width: 800px\" class=\"wp-caption alignnone\"><img fetchpriority=\"high\" decoding=\"async\" class=\"size-full wp-image-16899\" src=\"https:\/\/www.tenyutool.com\/wp-content\/uploads\/2023\/01\/Multifunctional-Belt-Punching.jpg\" alt=\"Outil \u00e0 main multi-trous mini 6 trous poign\u00e9e confort ceinture multifonctionnelle poin\u00e7onnage rotatif pince de r\u00e9glage rapide de la taille\" width=\"800\" height=\"800\" srcset=\"https:\/\/www.tenyutool.com\/wp-content\/uploads\/2023\/01\/Multifunctional-Belt-Punching.jpg 800w, https:\/\/www.tenyutool.com\/wp-content\/uploads\/2023\/01\/Multifunctional-Belt-Punching-150x150.jpg 150w, https:\/\/www.tenyutool.com\/wp-content\/uploads\/2023\/01\/Multifunctional-Belt-Punching-768x768.jpg 768w, https:\/\/www.tenyutool.com\/wp-content\/uploads\/2023\/01\/Multifunctional-Belt-Punching-12x12.jpg 12w, https:\/\/www.tenyutool.com\/wp-content\/uploads\/2023\/01\/Multifunctional-Belt-Punching-300x300.jpg 300w, https:\/\/www.tenyutool.com\/wp-content\/uploads\/2023\/01\/Multifunctional-Belt-Punching-600x600.jpg 600w, https:\/\/www.tenyutool.com\/wp-content\/uploads\/2023\/01\/Multifunctional-Belt-Punching-100x100.jpg 100w\" sizes=\"(max-width: 800px) 100vw, 800px\" \/><figcaption id=\"caption-attachment-16899\" class=\"wp-caption-text\">Outil \u00e0 main multi-trous mini 6 trous poign\u00e9e confort ceinture multifonctionnelle poin\u00e7onnage rotatif pince de r\u00e9glage rapide de la taille<\/figcaption><\/figure>\n<table width=\"794\">\n<tbody>\n<tr>\n<td colspan=\"6\" width=\"794\">Description du produit<\/td>\n<\/tr>\n<tr>\n<td colspan=\"6\">Plus de choix pour vous\u00a0: <a href=\"https:\/\/www.tenyutool.com\/fr\/\">Maison<\/a> &gt; Produits &gt; Nouveaux outils<\/td>\n<\/tr>\n<tr>\n<td>Nom du produit<\/td>\n<td colspan=\"5\" width=\"572\">Outil \u00e0 main multi-trous Mini 6 trous poign\u00e9e confort ceinture multifonctionnelle poin\u00e7onnage tournant pince de r\u00e9glage rapide de la taille<\/td>\n<\/tr>\n<tr>\n<td>Mat\u00e9riel<\/td>\n<td colspan=\"5\" width=\"572\">\u00a0Acier<\/td>\n<\/tr>\n<tr>\n<td>Mat\u00e9riau de la poign\u00e9e<\/td>\n<td colspan=\"5\">\u00a0Plastique souple<\/td>\n<\/tr>\n<tr>\n<td>Taper<\/td>\n<td colspan=\"5\" width=\"572\">Outils mat\u00e9riels<\/td>\n<\/tr>\n<tr>\n<td>Forfait<\/td>\n<td colspan=\"5\">Carte blister + carton<\/td>\n<\/tr>\n<\/tbody>\n<\/table>","protected":false},"excerpt":{"rendered":"<p>Feature\uff1a The Handle Adopts Curved anti-slip Design, Moderate Bending, Consistent Gestures, Good Shock Absorption Effect and Good Practicability. The Screw is Fixed Firmly, the Surface is Treated with Anti-corrosion and Anti-rust, Which is not Easy to Loosen. Shape: Pointed Mouth. Made of high\u2011carbon steel material, with high hardness and toughness, and can easily pierce through [&hellip;]<\/p>\n","protected":false},"featured_media":16899,"comment_status":"closed","ping_status":"closed","template":"","meta":{"_acf_changed":false,"_seopress_robots_primary_cat":"none","_seopress_titles_title":"Multifunctional Belt Punching | Revolving Quick Size Adjustment Pliers","_seopress_titles_desc":"","_seopress_robots_index":"","site-sidebar-layout":"default","site-content-layout":"default","ast-site-content-layout":"default","site-content-style":"default","site-sidebar-style":"default","ast-global-header-display":"","ast-banner-title-visibility":"","ast-main-header-display":"","ast-hfb-above-header-display":"","ast-hfb-below-header-display":"","ast-hfb-mobile-header-display":"","site-post-title":"","ast-breadcrumbs-content":"","ast-featured-img":"","footer-sml-layout":"","ast-disable-related-posts":"","theme-transparent-header-meta":"default","adv-header-id-meta":"","stick-header-meta":"","header-above-stick-meta":"","header-main-stick-meta":"","header-below-stick-meta":"","astra-migrate-meta-layouts":"default","ast-page-background-enabled":"default","ast-page-background-meta":{"desktop":{"background-color":"","background-image":"","background-repeat":"repeat","background-position":"center center","background-size":"auto","background-attachment":"scroll","background-type":"","background-media":"","overlay-type":"","overlay-color":"","overlay-opacity":"","overlay-gradient":""},"tablet":{"background-color":"","background-image":"","background-repeat":"repeat","background-position":"center center","background-size":"auto","background-attachment":"scroll","background-type":"","background-media":"","overlay-type":"","overlay-color":"","overlay-opacity":"","overlay-gradient":""},"mobile":{"background-color":"","background-image":"","background-repeat":"repeat","background-position":"center center","background-size":"auto","background-attachment":"scroll","background-type":"","background-media":"","overlay-type":"","overlay-color":"","overlay-opacity":"","overlay-gradient":""}},"ast-content-background-meta":{"desktop":{"background-color":"var(--ast-global-color-5)","background-image":"","background-repeat":"repeat","background-position":"center center","background-size":"auto","background-attachment":"scroll","background-type":"","background-media":"","overlay-type":"","overlay-color":"","overlay-opacity":"","overlay-gradient":""},"tablet":{"background-color":"var(--ast-global-color-5)","background-image":"","background-repeat":"repeat","background-position":"center center","background-size":"auto","background-attachment":"scroll","background-type":"","background-media":"","overlay-type":"","overlay-color":"","overlay-opacity":"","overlay-gradient":""},"mobile":{"background-color":"var(--ast-global-color-5)","background-image":"","background-repeat":"repeat","background-position":"center center","background-size":"auto","background-attachment":"scroll","background-type":"","background-media":"","overlay-type":"","overlay-color":"","overlay-opacity":"","overlay-gradient":""}}},"product_brand":[],"product_cat":[36],"product_tag":[],"class_list":{"0":"post-16897","1":"product","2":"type-product","3":"status-publish","4":"has-post-thumbnail","6":"product_cat-new-tools","7":"desktop-align-left","8":"tablet-align-left","9":"mobile-align-left","11":"first","12":"instock","13":"shipping-taxable","14":"product-type-simple"},"acf":[],"_links":{"self":[{"href":"https:\/\/www.tenyutool.com\/fr\/wp-json\/wp\/v2\/product\/16897","targetHints":{"allow":["GET"]}}],"collection":[{"href":"https:\/\/www.tenyutool.com\/fr\/wp-json\/wp\/v2\/product"}],"about":[{"href":"https:\/\/www.tenyutool.com\/fr\/wp-json\/wp\/v2\/types\/product"}],"replies":[{"embeddable":true,"href":"https:\/\/www.tenyutool.com\/fr\/wp-json\/wp\/v2\/comments?post=16897"}],"wp:featuredmedia":[{"embeddable":true,"href":"https:\/\/www.tenyutool.com\/fr\/wp-json\/wp\/v2\/media\/16899"}],"wp:attachment":[{"href":"https:\/\/www.tenyutool.com\/fr\/wp-json\/wp\/v2\/media?parent=16897"}],"wp:term":[{"taxonomy":"product_brand","embeddable":true,"href":"https:\/\/www.tenyutool.com\/fr\/wp-json\/wp\/v2\/product_brand?post=16897"},{"taxonomy":"product_cat","embeddable":true,"href":"https:\/\/www.tenyutool.com\/fr\/wp-json\/wp\/v2\/product_cat?post=16897"},{"taxonomy":"product_tag","embeddable":true,"href":"https:\/\/www.tenyutool.com\/fr\/wp-json\/wp\/v2\/product_tag?post=16897"}],"curies":[{"name":"wp","href":"https:\/\/api.w.org\/{rel}","templated":true}]}}