{"id":16900,"date":"2023-01-31T07:58:07","date_gmt":"2023-01-31T07:58:07","guid":{"rendered":"https:\/\/www.tenyutool.com\/?post_type=product&#038;p=16900"},"modified":"2023-01-31T08:19:58","modified_gmt":"2023-01-31T08:19:58","slug":"bougie-pivotante-magnetique","status":"publish","type":"product","link":"https:\/\/www.tenyutool.com\/fr\/product\/magnetic-swivel-spark-plug\/","title":{"rendered":"Bougie d&#039;allumage magn\u00e9tique pivotante 14\/16 mm Outils de douilles \u00e0 paroi mince 3\/8 pouces compatibles avec les moteurs BMW et Nissan"},"content":{"rendered":"<p>Caract\u00e9ristique:<\/p>\n<ul>\n<li>\u00a0Fabriqu\u00e9 \u00e0 partir d&#039;acier au chrome vanadium durable de haute qualit\u00e9.<\/li>\n<li>L&#039;aimant int\u00e9rieur garantit qu&#039;il peut rester fermement en place pendant l&#039;installation et le retrait.<\/li>\n<li>L&#039;action pivotante \u00e0 360 degr\u00e9s garantit une flexibilit\u00e9 maximale.<\/li>\n<li>Les parois minces ne mesurent que 17,7 mm d&#039;\u00e9paisseur, contre 19,7 mm d&#039;\u00e9paisseur standard.<\/li>\n<li>100% tout neuf.<\/li>\n<\/ul>\n<figure id=\"attachment_16902\" aria-describedby=\"caption-attachment-16902\" style=\"width: 800px\" class=\"wp-caption alignnone\"><img fetchpriority=\"high\" decoding=\"async\" class=\"size-full wp-image-16902\" src=\"https:\/\/www.tenyutool.com\/wp-content\/uploads\/2023\/01\/Magnetic-Swivel-Spark-Plug.jpg\" alt=\"Bougie d&#039;allumage pivotante magn\u00e9tique 14\/16mm outils de douilles \u00e0 paroi mince de 3\/8 pouces compatibles avec les moteurs bmw et nissan\" width=\"800\" height=\"800\" srcset=\"https:\/\/www.tenyutool.com\/wp-content\/uploads\/2023\/01\/Magnetic-Swivel-Spark-Plug.jpg 800w, https:\/\/www.tenyutool.com\/wp-content\/uploads\/2023\/01\/Magnetic-Swivel-Spark-Plug-150x150.jpg 150w, https:\/\/www.tenyutool.com\/wp-content\/uploads\/2023\/01\/Magnetic-Swivel-Spark-Plug-768x768.jpg 768w, https:\/\/www.tenyutool.com\/wp-content\/uploads\/2023\/01\/Magnetic-Swivel-Spark-Plug-12x12.jpg 12w, https:\/\/www.tenyutool.com\/wp-content\/uploads\/2023\/01\/Magnetic-Swivel-Spark-Plug-300x300.jpg 300w, https:\/\/www.tenyutool.com\/wp-content\/uploads\/2023\/01\/Magnetic-Swivel-Spark-Plug-600x600.jpg 600w, https:\/\/www.tenyutool.com\/wp-content\/uploads\/2023\/01\/Magnetic-Swivel-Spark-Plug-100x100.jpg 100w\" sizes=\"(max-width: 800px) 100vw, 800px\" \/><figcaption id=\"caption-attachment-16902\" class=\"wp-caption-text\">Bougie d&#039;allumage pivotante magn\u00e9tique 14\/16mm outils de douilles \u00e0 paroi mince de 3\/8 pouces compatibles avec les moteurs bmw et nissan<\/figcaption><\/figure>\n<table width=\"794\">\n<tbody>\n<tr>\n<td colspan=\"6\" width=\"794\">Description du produit<\/td>\n<\/tr>\n<tr>\n<td colspan=\"6\">Plus de choix pour vous\u00a0: <a href=\"https:\/\/www.tenyutool.com\/fr\/\">Maison<\/a> &gt; Produits &gt; Nouveaux outils<\/td>\n<\/tr>\n<tr>\n<td>Nom du produit<\/td>\n<td colspan=\"5\" width=\"572\">Bougie d&#039;allumage magn\u00e9tique pivotante 14\/16 mm Outils de douilles \u00e0 paroi mince 3\/8 pouces compatibles avec les moteurs BMW et Nissan<\/td>\n<\/tr>\n<tr>\n<td>Mat\u00e9riel<\/td>\n<td colspan=\"5\" width=\"572\">Acier au chrome-vanadium<\/td>\n<\/tr>\n<tr>\n<td>Couleur<\/td>\n<td colspan=\"5\">Finition polie miroir<\/td>\n<\/tr>\n<tr>\n<td>Taille<\/td>\n<td colspan=\"5\" width=\"572\">\u00a014\/16mm<\/td>\n<\/tr>\n<tr>\n<td>Usage<\/td>\n<td colspan=\"5\">Tels que les R55, R56, R57 et R60<\/td>\n<\/tr>\n<\/tbody>\n<\/table>","protected":false},"excerpt":{"rendered":"<p>Feature: \u00a0Made from high-quality durable Chrome Vanadium Steel. The interior magnet ensures that it can firmly stay in place during installation and removal. 360-degree swivel action guarantees a maximum flexibility. Thin walls are only 17.7mm thick, as opposed to 19.7mm standard thickness. 100% brand new. Product Description More Choice for You: Home &gt; Products &gt; [&hellip;]<\/p>\n","protected":false},"featured_media":16902,"comment_status":"closed","ping_status":"closed","template":"","meta":{"_acf_changed":false,"_seopress_robots_primary_cat":"none","_seopress_titles_title":"Magnetic Swivel Spark Plug  |  with BMW and Nissan Engines","_seopress_titles_desc":"","_seopress_robots_index":"","site-sidebar-layout":"default","site-content-layout":"default","ast-site-content-layout":"default","site-content-style":"default","site-sidebar-style":"default","ast-global-header-display":"","ast-banner-title-visibility":"","ast-main-header-display":"","ast-hfb-above-header-display":"","ast-hfb-below-header-display":"","ast-hfb-mobile-header-display":"","site-post-title":"","ast-breadcrumbs-content":"","ast-featured-img":"","footer-sml-layout":"","ast-disable-related-posts":"","theme-transparent-header-meta":"default","adv-header-id-meta":"","stick-header-meta":"","header-above-stick-meta":"","header-main-stick-meta":"","header-below-stick-meta":"","astra-migrate-meta-layouts":"default","ast-page-background-enabled":"default","ast-page-background-meta":{"desktop":{"background-color":"","background-image":"","background-repeat":"repeat","background-position":"center center","background-size":"auto","background-attachment":"scroll","background-type":"","background-media":"","overlay-type":"","overlay-color":"","overlay-opacity":"","overlay-gradient":""},"tablet":{"background-color":"","background-image":"","background-repeat":"repeat","background-position":"center center","background-size":"auto","background-attachment":"scroll","background-type":"","background-media":"","overlay-type":"","overlay-color":"","overlay-opacity":"","overlay-gradient":""},"mobile":{"background-color":"","background-image":"","background-repeat":"repeat","background-position":"center center","background-size":"auto","background-attachment":"scroll","background-type":"","background-media":"","overlay-type":"","overlay-color":"","overlay-opacity":"","overlay-gradient":""}},"ast-content-background-meta":{"desktop":{"background-color":"var(--ast-global-color-5)","background-image":"","background-repeat":"repeat","background-position":"center center","background-size":"auto","background-attachment":"scroll","background-type":"","background-media":"","overlay-type":"","overlay-color":"","overlay-opacity":"","overlay-gradient":""},"tablet":{"background-color":"var(--ast-global-color-5)","background-image":"","background-repeat":"repeat","background-position":"center center","background-size":"auto","background-attachment":"scroll","background-type":"","background-media":"","overlay-type":"","overlay-color":"","overlay-opacity":"","overlay-gradient":""},"mobile":{"background-color":"var(--ast-global-color-5)","background-image":"","background-repeat":"repeat","background-position":"center center","background-size":"auto","background-attachment":"scroll","background-type":"","background-media":"","overlay-type":"","overlay-color":"","overlay-opacity":"","overlay-gradient":""}}},"product_brand":[],"product_cat":[36],"product_tag":[],"class_list":{"0":"post-16900","1":"product","2":"type-product","3":"status-publish","4":"has-post-thumbnail","6":"product_cat-new-tools","7":"desktop-align-left","8":"tablet-align-left","9":"mobile-align-left","11":"first","12":"instock","13":"shipping-taxable","14":"product-type-simple"},"acf":[],"_links":{"self":[{"href":"https:\/\/www.tenyutool.com\/fr\/wp-json\/wp\/v2\/product\/16900","targetHints":{"allow":["GET"]}}],"collection":[{"href":"https:\/\/www.tenyutool.com\/fr\/wp-json\/wp\/v2\/product"}],"about":[{"href":"https:\/\/www.tenyutool.com\/fr\/wp-json\/wp\/v2\/types\/product"}],"replies":[{"embeddable":true,"href":"https:\/\/www.tenyutool.com\/fr\/wp-json\/wp\/v2\/comments?post=16900"}],"wp:featuredmedia":[{"embeddable":true,"href":"https:\/\/www.tenyutool.com\/fr\/wp-json\/wp\/v2\/media\/16902"}],"wp:attachment":[{"href":"https:\/\/www.tenyutool.com\/fr\/wp-json\/wp\/v2\/media?parent=16900"}],"wp:term":[{"taxonomy":"product_brand","embeddable":true,"href":"https:\/\/www.tenyutool.com\/fr\/wp-json\/wp\/v2\/product_brand?post=16900"},{"taxonomy":"product_cat","embeddable":true,"href":"https:\/\/www.tenyutool.com\/fr\/wp-json\/wp\/v2\/product_cat?post=16900"},{"taxonomy":"product_tag","embeddable":true,"href":"https:\/\/www.tenyutool.com\/fr\/wp-json\/wp\/v2\/product_tag?post=16900"}],"curies":[{"name":"wp","href":"https:\/\/api.w.org\/{rel}","templated":true}]}}