{"id":16909,"date":"2023-01-31T08:35:08","date_gmt":"2023-01-31T08:35:08","guid":{"rendered":"https:\/\/www.tenyutool.com\/?post_type=product&#038;p=16909"},"modified":"2023-01-31T08:35:10","modified_gmt":"2023-01-31T08:35:10","slug":"outil-de-separateur-d-ecrou-casse-rouille","status":"publish","type":"product","link":"https:\/\/www.tenyutool.com\/fr\/product\/rusted-broken-nut-separator-tool\/","title":{"rendered":"Outil s\u00e9parateur d&#039;\u00e9crous cass\u00e9s rouill\u00e9s Retrait des \u00e9crous cass\u00e9s et endommag\u00e9s"},"content":{"rendered":"<p>Caract\u00e9ristique:<\/p>\n<ul>\n<li>Le s\u00e9parateur d&#039;\u00e9crous rouill\u00e9s est un outil professionnel pour d\u00e9monter les \u00e9crous \u00e0 vis en toute s\u00e9curit\u00e9.<\/li>\n<li data-spm-anchor-id=\"a2700.pc-decorate.0.i6.1f063333YzHuBz\">Le couteau en acier dur et tranchant peut facilement couper l&#039;\u00e9crou, r\u00e9soudre tous les probl\u00e8mes de d\u00e9montage que vous avez et n&#039;endommagera pas le filetage du boulon.<\/li>\n<li data-spm-anchor-id=\"a2700.pc-decorate.0.i9.1f063333YzHuBz\">L&#039;outil d&#039;extraction d&#039;\u00e9crous convient pour fendre et enlever les \u00e9crous corrod\u00e9s, rouill\u00e9s, cass\u00e9s, endommag\u00e9s et coinc\u00e9s.<\/li>\n<li data-spm-anchor-id=\"a2700.pc-decorate.0.i10.1f063333YzHuBz\">L&#039;outil de s\u00e9paration d&#039;\u00e9crous robuste est fabriqu\u00e9 en acier \u00e0 roulement dur.<\/li>\n<li data-spm-anchor-id=\"a2700.pc-decorate.0.i11.1f063333YzHuBz\">Faites simplement pivoter le boulon du s\u00e9parateur d&#039;\u00e9crou pour travailler sur l&#039;\u00e9crou cible.<\/li>\n<\/ul>\n<figure id=\"attachment_16911\" aria-describedby=\"caption-attachment-16911\" style=\"width: 800px\" class=\"wp-caption alignnone\"><img fetchpriority=\"high\" decoding=\"async\" class=\"size-full wp-image-16911\" src=\"https:\/\/www.tenyutool.com\/wp-content\/uploads\/2023\/01\/Rusted-Broken-Nut-Separator-Tool.jpg\" alt=\"outil s\u00e9parateur d&#039;\u00e9crou cass\u00e9 rouill\u00e9 enlevant les \u00e9crous cass\u00e9s et endommag\u00e9s\" width=\"800\" height=\"800\" srcset=\"https:\/\/www.tenyutool.com\/wp-content\/uploads\/2023\/01\/Rusted-Broken-Nut-Separator-Tool.jpg 800w, https:\/\/www.tenyutool.com\/wp-content\/uploads\/2023\/01\/Rusted-Broken-Nut-Separator-Tool-150x150.jpg 150w, https:\/\/www.tenyutool.com\/wp-content\/uploads\/2023\/01\/Rusted-Broken-Nut-Separator-Tool-768x768.jpg 768w, https:\/\/www.tenyutool.com\/wp-content\/uploads\/2023\/01\/Rusted-Broken-Nut-Separator-Tool-12x12.jpg 12w, https:\/\/www.tenyutool.com\/wp-content\/uploads\/2023\/01\/Rusted-Broken-Nut-Separator-Tool-300x300.jpg 300w, https:\/\/www.tenyutool.com\/wp-content\/uploads\/2023\/01\/Rusted-Broken-Nut-Separator-Tool-600x600.jpg 600w, https:\/\/www.tenyutool.com\/wp-content\/uploads\/2023\/01\/Rusted-Broken-Nut-Separator-Tool-100x100.jpg 100w\" sizes=\"(max-width: 800px) 100vw, 800px\" \/><figcaption id=\"caption-attachment-16911\" class=\"wp-caption-text\">outil s\u00e9parateur d&#039;\u00e9crou cass\u00e9 rouill\u00e9 enlevant les \u00e9crous cass\u00e9s et endommag\u00e9s<\/figcaption><\/figure>\n<table width=\"816\">\n<tbody>\n<tr>\n<td colspan=\"6\" width=\"816\">Description du produit<\/td>\n<\/tr>\n<tr>\n<td colspan=\"6\" width=\"816\">Plus de choix pour vous\u00a0:\u00a0 <a href=\"https:\/\/www.tenyutool.com\/fr\/\">Maison<\/a> &gt; Produit &gt; Nouveaux outils<\/td>\n<\/tr>\n<tr>\n<td>Nom du produit<\/td>\n<td colspan=\"5\" width=\"594\">Outil s\u00e9parateur d&#039;\u00e9crous cass\u00e9s rouill\u00e9s Retrait des \u00e9crous cass\u00e9s et endommag\u00e9s<\/td>\n<\/tr>\n<tr>\n<td>Mat\u00e9riel<\/td>\n<td colspan=\"5\" width=\"594\">\u00a0Acier \u00e0 haute teneur en carbone<\/td>\n<\/tr>\n<tr>\n<td>Application<\/td>\n<td colspan=\"5\" width=\"594\">\u00a0Retirer l&#039;\u00e9crou<\/td>\n<\/tr>\n<tr>\n<td>Type de m\u00e9tal<\/td>\n<td colspan=\"5\" width=\"594\">Acier alli\u00e9<\/td>\n<\/tr>\n<\/tbody>\n<\/table>","protected":false},"excerpt":{"rendered":"<p>Feature: Rusty nut separator is a professional tool to safely disassemble screw nuts. The hard and sharp steel knife can easily cut the nut, solve any disassembly problems you have, and will not damage the bolt thread. Nut remover extraction tool is suitable for splitting and removing corroded, rusty, broken, damaged and stuck nuts. Heavy [&hellip;]<\/p>\n","protected":false},"featured_media":16911,"comment_status":"closed","ping_status":"closed","template":"","meta":{"_acf_changed":false,"_seopress_robots_primary_cat":"","_seopress_titles_title":"Rusted Broken Nut Separator Tool | Removing Broken and Damaged Nuts","_seopress_titles_desc":"","_seopress_robots_index":"","site-sidebar-layout":"default","site-content-layout":"default","ast-site-content-layout":"default","site-content-style":"default","site-sidebar-style":"default","ast-global-header-display":"","ast-banner-title-visibility":"","ast-main-header-display":"","ast-hfb-above-header-display":"","ast-hfb-below-header-display":"","ast-hfb-mobile-header-display":"","site-post-title":"","ast-breadcrumbs-content":"","ast-featured-img":"","footer-sml-layout":"","ast-disable-related-posts":"","theme-transparent-header-meta":"default","adv-header-id-meta":"","stick-header-meta":"","header-above-stick-meta":"","header-main-stick-meta":"","header-below-stick-meta":"","astra-migrate-meta-layouts":"default","ast-page-background-enabled":"default","ast-page-background-meta":{"desktop":{"background-color":"","background-image":"","background-repeat":"repeat","background-position":"center center","background-size":"auto","background-attachment":"scroll","background-type":"","background-media":"","overlay-type":"","overlay-color":"","overlay-opacity":"","overlay-gradient":""},"tablet":{"background-color":"","background-image":"","background-repeat":"repeat","background-position":"center center","background-size":"auto","background-attachment":"scroll","background-type":"","background-media":"","overlay-type":"","overlay-color":"","overlay-opacity":"","overlay-gradient":""},"mobile":{"background-color":"","background-image":"","background-repeat":"repeat","background-position":"center center","background-size":"auto","background-attachment":"scroll","background-type":"","background-media":"","overlay-type":"","overlay-color":"","overlay-opacity":"","overlay-gradient":""}},"ast-content-background-meta":{"desktop":{"background-color":"var(--ast-global-color-5)","background-image":"","background-repeat":"repeat","background-position":"center center","background-size":"auto","background-attachment":"scroll","background-type":"","background-media":"","overlay-type":"","overlay-color":"","overlay-opacity":"","overlay-gradient":""},"tablet":{"background-color":"var(--ast-global-color-5)","background-image":"","background-repeat":"repeat","background-position":"center center","background-size":"auto","background-attachment":"scroll","background-type":"","background-media":"","overlay-type":"","overlay-color":"","overlay-opacity":"","overlay-gradient":""},"mobile":{"background-color":"var(--ast-global-color-5)","background-image":"","background-repeat":"repeat","background-position":"center center","background-size":"auto","background-attachment":"scroll","background-type":"","background-media":"","overlay-type":"","overlay-color":"","overlay-opacity":"","overlay-gradient":""}}},"product_brand":[],"product_cat":[36],"product_tag":[],"class_list":{"0":"post-16909","1":"product","2":"type-product","3":"status-publish","4":"has-post-thumbnail","6":"product_cat-new-tools","7":"desktop-align-left","8":"tablet-align-left","9":"mobile-align-left","11":"first","12":"instock","13":"shipping-taxable","14":"product-type-simple"},"acf":[],"_links":{"self":[{"href":"https:\/\/www.tenyutool.com\/fr\/wp-json\/wp\/v2\/product\/16909","targetHints":{"allow":["GET"]}}],"collection":[{"href":"https:\/\/www.tenyutool.com\/fr\/wp-json\/wp\/v2\/product"}],"about":[{"href":"https:\/\/www.tenyutool.com\/fr\/wp-json\/wp\/v2\/types\/product"}],"replies":[{"embeddable":true,"href":"https:\/\/www.tenyutool.com\/fr\/wp-json\/wp\/v2\/comments?post=16909"}],"wp:featuredmedia":[{"embeddable":true,"href":"https:\/\/www.tenyutool.com\/fr\/wp-json\/wp\/v2\/media\/16911"}],"wp:attachment":[{"href":"https:\/\/www.tenyutool.com\/fr\/wp-json\/wp\/v2\/media?parent=16909"}],"wp:term":[{"taxonomy":"product_brand","embeddable":true,"href":"https:\/\/www.tenyutool.com\/fr\/wp-json\/wp\/v2\/product_brand?post=16909"},{"taxonomy":"product_cat","embeddable":true,"href":"https:\/\/www.tenyutool.com\/fr\/wp-json\/wp\/v2\/product_cat?post=16909"},{"taxonomy":"product_tag","embeddable":true,"href":"https:\/\/www.tenyutool.com\/fr\/wp-json\/wp\/v2\/product_tag?post=16909"}],"curies":[{"name":"wp","href":"https:\/\/api.w.org\/{rel}","templated":true}]}}