{"id":16912,"date":"2023-01-31T09:06:51","date_gmt":"2023-01-31T09:06:51","guid":{"rendered":"https:\/\/www.tenyutool.com\/?post_type=product&#038;p=16912"},"modified":"2023-01-31T09:06:53","modified_gmt":"2023-01-31T09:06:53","slug":"jeu-de-cles-pour-evier","status":"publish","type":"product","link":"https:\/\/www.tenyutool.com\/fr\/product\/sink-wrench-set\/","title":{"rendered":"Cl\u00e9 \u00e0 tuyau d&#039;eau r\u00e9glable universelle \u00e0 grande ouverture outil de r\u00e9paration de cl\u00e9 de salle de bain sp\u00e9ciale pour la maison"},"content":{"rendered":"<p>Caract\u00e9ristique:<\/p>\n<ul>\n<li>Structure de dent arrondie avec conception de dents canines, adapt\u00e9e au d\u00e9montage des raccords d&#039;\u00e9vier, avec des dents autour du p\u00e9rim\u00e8tre ne glissent pas.<\/li>\n<li>La cl\u00e9 \u00e0 molette est livr\u00e9e avec 3 t\u00eates de rechange, ce qui la rend adapt\u00e9e \u00e0 la forme sp\u00e9ciale de l&#039;\u00e9vier et des raccords de tuyauterie.<\/li>\n<li data-spm-anchor-id=\"a2700.pc-decorate.0.i7.77ad3333S3GxO3\">La cl\u00e9 en alliage d&#039;aluminium est dot\u00e9e d&#039;une t\u00e9nacit\u00e9, d&#039;une r\u00e9sistance aux chocs et d&#039;une durabilit\u00e9 \u00e9lev\u00e9es.<\/li>\n<li data-spm-anchor-id=\"a2700.pc-decorate.0.i8.77ad3333S3GxO3\">\u00a0La poign\u00e9e est courte, ergonomique, difficile \u00e0 casser et pratique \u00e0 utiliser dans les petits espaces.<\/li>\n<li data-spm-anchor-id=\"a2700.pc-decorate.0.i9.77ad3333S3GxO3\">Plus de pr\u00e9cision, plus de flexibilit\u00e9 et plus d&#039;efficacit\u00e9.<\/li>\n<\/ul>\n<figure id=\"attachment_16916\" aria-describedby=\"caption-attachment-16916\" style=\"width: 800px\" class=\"wp-caption alignnone\"><img fetchpriority=\"high\" decoding=\"async\" class=\"size-full wp-image-16916\" src=\"https:\/\/www.tenyutool.com\/wp-content\/uploads\/2023\/01\/sink-wrench-set.jpg\" alt=\"Cl\u00e9 \u00e0 tuyau d&#039;eau r\u00e9glable universelle \u00e0 grande ouverture outil de r\u00e9paration de cl\u00e9 de salle de bain sp\u00e9ciale pour la maison\" width=\"800\" height=\"800\" srcset=\"https:\/\/www.tenyutool.com\/wp-content\/uploads\/2023\/01\/sink-wrench-set.jpg 800w, https:\/\/www.tenyutool.com\/wp-content\/uploads\/2023\/01\/sink-wrench-set-150x150.jpg 150w, https:\/\/www.tenyutool.com\/wp-content\/uploads\/2023\/01\/sink-wrench-set-768x768.jpg 768w, https:\/\/www.tenyutool.com\/wp-content\/uploads\/2023\/01\/sink-wrench-set-12x12.jpg 12w, https:\/\/www.tenyutool.com\/wp-content\/uploads\/2023\/01\/sink-wrench-set-300x300.jpg 300w, https:\/\/www.tenyutool.com\/wp-content\/uploads\/2023\/01\/sink-wrench-set-600x600.jpg 600w, https:\/\/www.tenyutool.com\/wp-content\/uploads\/2023\/01\/sink-wrench-set-100x100.jpg 100w\" sizes=\"(max-width: 800px) 100vw, 800px\" \/><figcaption id=\"caption-attachment-16916\" class=\"wp-caption-text\">Cl\u00e9 \u00e0 tuyau d&#039;eau r\u00e9glable universelle \u00e0 grande ouverture outil de r\u00e9paration de cl\u00e9 de salle de bain sp\u00e9ciale pour la maison<\/figcaption><\/figure>\n<table width=\"816\">\n<tbody>\n<tr>\n<td colspan=\"6\" width=\"816\">Description du produit<\/td>\n<\/tr>\n<tr>\n<td colspan=\"6\" width=\"816\">Plus de choix pour vous\u00a0:\u00a0 <a href=\"https:\/\/www.tenyutool.com\/fr\/\">Maison<\/a> &gt; Produit &gt; Nouveaux outils<\/td>\n<\/tr>\n<tr>\n<td>Nom du produit<\/td>\n<td colspan=\"5\" width=\"594\">Cl\u00e9 \u00e0 tuyau d&#039;eau r\u00e9glable universelle \u00e0 grande ouverture outil de r\u00e9paration de cl\u00e9 de salle de bain sp\u00e9ciale pour la maison<\/td>\n<\/tr>\n<tr>\n<td>Mat\u00e9riel<\/td>\n<td colspan=\"5\" width=\"594\">Alliage<\/td>\n<\/tr>\n<tr>\n<td>Application<\/td>\n<td colspan=\"5\" width=\"594\">\u00a0Accueil Outil de r\u00e9paration de cl\u00e9 de salle de bain sp\u00e9ciale<\/td>\n<\/tr>\n<tr>\n<td>lester<\/td>\n<td colspan=\"5\" width=\"594\">226g<\/td>\n<\/tr>\n<tr>\n<td>Forfait<\/td>\n<td colspan=\"5\" width=\"594\">Boite en plastique<\/td>\n<\/tr>\n<\/tbody>\n<\/table>\n<p>&nbsp;<\/p>\n<p>&nbsp;<\/p>","protected":false},"excerpt":{"rendered":"<p>Feature\uff1a Rounded tooth structure with canine teeth design, suitable for the disassembly of sink fittings, with teeth around the perimeter do not slip. The Adjustable Spanner Wrench comes with 3 replacement heads, making it suitable for the special shape of the sink and the pipe fittings. The wrench made of aluminum alloy, it is with [&hellip;]<\/p>\n","protected":false},"featured_media":16916,"comment_status":"closed","ping_status":"closed","template":"","meta":{"_acf_changed":false,"_seopress_robots_primary_cat":"","_seopress_titles_title":"Universal Large Opening Adjustable Water Pipe Wrench | Wrench Repair Tool","_seopress_titles_desc":"","_seopress_robots_index":"","site-sidebar-layout":"default","site-content-layout":"default","ast-site-content-layout":"default","site-content-style":"default","site-sidebar-style":"default","ast-global-header-display":"","ast-banner-title-visibility":"","ast-main-header-display":"","ast-hfb-above-header-display":"","ast-hfb-below-header-display":"","ast-hfb-mobile-header-display":"","site-post-title":"","ast-breadcrumbs-content":"","ast-featured-img":"","footer-sml-layout":"","ast-disable-related-posts":"","theme-transparent-header-meta":"default","adv-header-id-meta":"","stick-header-meta":"","header-above-stick-meta":"","header-main-stick-meta":"","header-below-stick-meta":"","astra-migrate-meta-layouts":"default","ast-page-background-enabled":"default","ast-page-background-meta":{"desktop":{"background-color":"","background-image":"","background-repeat":"repeat","background-position":"center center","background-size":"auto","background-attachment":"scroll","background-type":"","background-media":"","overlay-type":"","overlay-color":"","overlay-opacity":"","overlay-gradient":""},"tablet":{"background-color":"","background-image":"","background-repeat":"repeat","background-position":"center center","background-size":"auto","background-attachment":"scroll","background-type":"","background-media":"","overlay-type":"","overlay-color":"","overlay-opacity":"","overlay-gradient":""},"mobile":{"background-color":"","background-image":"","background-repeat":"repeat","background-position":"center center","background-size":"auto","background-attachment":"scroll","background-type":"","background-media":"","overlay-type":"","overlay-color":"","overlay-opacity":"","overlay-gradient":""}},"ast-content-background-meta":{"desktop":{"background-color":"var(--ast-global-color-5)","background-image":"","background-repeat":"repeat","background-position":"center center","background-size":"auto","background-attachment":"scroll","background-type":"","background-media":"","overlay-type":"","overlay-color":"","overlay-opacity":"","overlay-gradient":""},"tablet":{"background-color":"var(--ast-global-color-5)","background-image":"","background-repeat":"repeat","background-position":"center center","background-size":"auto","background-attachment":"scroll","background-type":"","background-media":"","overlay-type":"","overlay-color":"","overlay-opacity":"","overlay-gradient":""},"mobile":{"background-color":"var(--ast-global-color-5)","background-image":"","background-repeat":"repeat","background-position":"center center","background-size":"auto","background-attachment":"scroll","background-type":"","background-media":"","overlay-type":"","overlay-color":"","overlay-opacity":"","overlay-gradient":""}}},"product_brand":[],"product_cat":[36],"product_tag":[],"class_list":{"0":"post-16912","1":"product","2":"type-product","3":"status-publish","4":"has-post-thumbnail","6":"product_cat-new-tools","7":"desktop-align-left","8":"tablet-align-left","9":"mobile-align-left","11":"first","12":"instock","13":"shipping-taxable","14":"product-type-simple"},"acf":[],"_links":{"self":[{"href":"https:\/\/www.tenyutool.com\/fr\/wp-json\/wp\/v2\/product\/16912","targetHints":{"allow":["GET"]}}],"collection":[{"href":"https:\/\/www.tenyutool.com\/fr\/wp-json\/wp\/v2\/product"}],"about":[{"href":"https:\/\/www.tenyutool.com\/fr\/wp-json\/wp\/v2\/types\/product"}],"replies":[{"embeddable":true,"href":"https:\/\/www.tenyutool.com\/fr\/wp-json\/wp\/v2\/comments?post=16912"}],"wp:featuredmedia":[{"embeddable":true,"href":"https:\/\/www.tenyutool.com\/fr\/wp-json\/wp\/v2\/media\/16916"}],"wp:attachment":[{"href":"https:\/\/www.tenyutool.com\/fr\/wp-json\/wp\/v2\/media?parent=16912"}],"wp:term":[{"taxonomy":"product_brand","embeddable":true,"href":"https:\/\/www.tenyutool.com\/fr\/wp-json\/wp\/v2\/product_brand?post=16912"},{"taxonomy":"product_cat","embeddable":true,"href":"https:\/\/www.tenyutool.com\/fr\/wp-json\/wp\/v2\/product_cat?post=16912"},{"taxonomy":"product_tag","embeddable":true,"href":"https:\/\/www.tenyutool.com\/fr\/wp-json\/wp\/v2\/product_tag?post=16912"}],"curies":[{"name":"wp","href":"https:\/\/api.w.org\/{rel}","templated":true}]}}