{"id":16936,"date":"2023-04-03T06:26:53","date_gmt":"2023-04-03T06:26:53","guid":{"rendered":"https:\/\/www.tenyutool.com\/?post_type=product&#038;p=16936"},"modified":"2023-04-03T06:26:53","modified_gmt":"2023-04-03T06:26:53","slug":"jeu-dembouts-de-tournevis","status":"publish","type":"product","link":"https:\/\/www.tenyutool.com\/fr\/product\/screwdriver-bits-set\/","title":{"rendered":"Embout de tournevis Embout de torsion Double t\u00eate de lot antid\u00e9rapante #2 Jeu d&#039;embouts de tournevis Phillips"},"content":{"rendered":"<p>Caract\u00e9ristique:<\/p>\n<ul>\n<li>Magn\u00e9tique et double extr\u00e9mit\u00e9 \u2013 Les embouts Phillips \u00e0 double extr\u00e9mit\u00e9 sont de conception magn\u00e9tique, \u00e0 double extr\u00e9mit\u00e9 pour plus de polyvalence.<\/li>\n<li data-spm-anchor-id=\"a2700.pc-decorate.0.i23.5f993333gqP9io\">Foret de tournevis cruciforme en acier alli\u00e9 S2 pour une durabilit\u00e9 maximale.<\/li>\n<li data-spm-anchor-id=\"a2700.pc-decorate.0.i24.5f993333gqP9io\">Excellent remplacement pour les embouts de tournevis Phillips manquants, pli\u00e9s ou cass\u00e9s.<\/li>\n<li data-spm-anchor-id=\"a2700.pc-decorate.0.i25.5f993333gqP9io\">Embout de tournevis cruciforme adapt\u00e9 aux tournevis \u00e9lectriques, tournevis \u00e0 main, perceuses \u00e9lectriques, perceuses pneumatiques, etc.<\/li>\n<li data-spm-anchor-id=\"a2700.pc-decorate.0.i26.5f993333gqP9io\">Traitement de surface\u00a0: sablage\/brun\/nickel\u00e9\/chrom\u00e9\/couleur de pistolet, etc.<\/li>\n<\/ul>\n<figure id=\"attachment_16939\" aria-describedby=\"caption-attachment-16939\" style=\"width: 800px\" class=\"wp-caption alignnone\"><img fetchpriority=\"high\" decoding=\"async\" class=\"size-full wp-image-16939\" src=\"https:\/\/www.tenyutool.com\/wp-content\/uploads\/2023\/04\/Screwdriver-Bits-Set.jpg\" alt=\"Embout de tournevis embout de torsion double t\u00eate de lot antid\u00e9rapante #2 jeu d&#039;embouts de tournevis phillips\" width=\"800\" height=\"800\" srcset=\"https:\/\/www.tenyutool.com\/wp-content\/uploads\/2023\/04\/Screwdriver-Bits-Set.jpg 800w, https:\/\/www.tenyutool.com\/wp-content\/uploads\/2023\/04\/Screwdriver-Bits-Set-150x150.jpg 150w, https:\/\/www.tenyutool.com\/wp-content\/uploads\/2023\/04\/Screwdriver-Bits-Set-768x768.jpg 768w, https:\/\/www.tenyutool.com\/wp-content\/uploads\/2023\/04\/Screwdriver-Bits-Set-12x12.jpg 12w, https:\/\/www.tenyutool.com\/wp-content\/uploads\/2023\/04\/Screwdriver-Bits-Set-300x300.jpg 300w, https:\/\/www.tenyutool.com\/wp-content\/uploads\/2023\/04\/Screwdriver-Bits-Set-600x600.jpg 600w, https:\/\/www.tenyutool.com\/wp-content\/uploads\/2023\/04\/Screwdriver-Bits-Set-100x100.jpg 100w\" sizes=\"(max-width: 800px) 100vw, 800px\" \/><figcaption id=\"caption-attachment-16939\" class=\"wp-caption-text\">Embout de tournevis embout de torsion double t\u00eate de lot antid\u00e9rapante #2 jeu d&#039;embouts de tournevis phillips<\/figcaption><\/figure>\n<table width=\"794\">\n<tbody>\n<tr>\n<td colspan=\"6\" width=\"794\">Description du produit<\/td>\n<\/tr>\n<tr>\n<td colspan=\"6\">Plus de choix pour vous\uff1aAccueil &gt; Tournevis et extracteur de vis endommag\u00e9es<\/td>\n<\/tr>\n<tr>\n<td>Nom du produit<\/td>\n<td colspan=\"5\" width=\"572\">Embout de tournevis Embout de torsion Double t\u00eate de lot antid\u00e9rapante #2 Jeu d&#039;embouts de tournevis Phillips<\/td>\n<\/tr>\n<tr>\n<td>Mat\u00e9riel<\/td>\n<td colspan=\"5\">\u00a0Acier S2<\/td>\n<\/tr>\n<tr>\n<td>Duret\u00e9<\/td>\n<td colspan=\"5\">HRC56-60\/ HRC61-62<\/td>\n<\/tr>\n<tr>\n<td>Taille<\/td>\n<td colspan=\"5\" width=\"572\">PH2*50MM\/ 65MM \/ 100MM ou selon votre demande<\/td>\n<\/tr>\n<tr>\n<td>Type de tige<\/td>\n<td colspan=\"5\">Tige hexagonale<\/td>\n<\/tr>\n<\/tbody>\n<\/table>","protected":false},"excerpt":{"rendered":"<p>Feature\uff1a Magnetic &amp; Double Ended &#8211; Double end phillips bit are with magnetic design, Double-ended for extra versatility. Phillips screwdriver drill bit made of S2 alloy steel for maximum durability. Great replacement for missing, bent or broken phillips screwdriver bits. Cross head screwdriver bit fit for electric screwdrivers, hand screwdrivers, electric drills, air drills and [&hellip;]<\/p>\n","protected":false},"featured_media":16939,"comment_status":"closed","ping_status":"closed","template":"","meta":{"_acf_changed":false,"_seopress_robots_primary_cat":"","_seopress_titles_title":"Screwdriver Bit Torsion Bit Double Anti-slip Batch Head | #2 Phillips Screwdriver Bits Set","_seopress_titles_desc":"","_seopress_robots_index":"","site-sidebar-layout":"default","site-content-layout":"default","ast-site-content-layout":"default","site-content-style":"default","site-sidebar-style":"default","ast-global-header-display":"","ast-banner-title-visibility":"","ast-main-header-display":"","ast-hfb-above-header-display":"","ast-hfb-below-header-display":"","ast-hfb-mobile-header-display":"","site-post-title":"","ast-breadcrumbs-content":"","ast-featured-img":"","footer-sml-layout":"","ast-disable-related-posts":"","theme-transparent-header-meta":"default","adv-header-id-meta":"","stick-header-meta":"","header-above-stick-meta":"","header-main-stick-meta":"","header-below-stick-meta":"","astra-migrate-meta-layouts":"default","ast-page-background-enabled":"default","ast-page-background-meta":{"desktop":{"background-color":"","background-image":"","background-repeat":"repeat","background-position":"center center","background-size":"auto","background-attachment":"scroll","background-type":"","background-media":"","overlay-type":"","overlay-color":"","overlay-opacity":"","overlay-gradient":""},"tablet":{"background-color":"","background-image":"","background-repeat":"repeat","background-position":"center center","background-size":"auto","background-attachment":"scroll","background-type":"","background-media":"","overlay-type":"","overlay-color":"","overlay-opacity":"","overlay-gradient":""},"mobile":{"background-color":"","background-image":"","background-repeat":"repeat","background-position":"center center","background-size":"auto","background-attachment":"scroll","background-type":"","background-media":"","overlay-type":"","overlay-color":"","overlay-opacity":"","overlay-gradient":""}},"ast-content-background-meta":{"desktop":{"background-color":"var(--ast-global-color-5)","background-image":"","background-repeat":"repeat","background-position":"center center","background-size":"auto","background-attachment":"scroll","background-type":"","background-media":"","overlay-type":"","overlay-color":"","overlay-opacity":"","overlay-gradient":""},"tablet":{"background-color":"var(--ast-global-color-5)","background-image":"","background-repeat":"repeat","background-position":"center center","background-size":"auto","background-attachment":"scroll","background-type":"","background-media":"","overlay-type":"","overlay-color":"","overlay-opacity":"","overlay-gradient":""},"mobile":{"background-color":"var(--ast-global-color-5)","background-image":"","background-repeat":"repeat","background-position":"center center","background-size":"auto","background-attachment":"scroll","background-type":"","background-media":"","overlay-type":"","overlay-color":"","overlay-opacity":"","overlay-gradient":""}}},"product_brand":[],"product_cat":[38],"product_tag":[],"class_list":{"0":"post-16936","1":"product","2":"type-product","3":"status-publish","4":"has-post-thumbnail","6":"product_cat-screwdriver-and-damaged-screw-remover","7":"desktop-align-left","8":"tablet-align-left","9":"mobile-align-left","11":"first","12":"instock","13":"shipping-taxable","14":"product-type-simple"},"acf":[],"_links":{"self":[{"href":"https:\/\/www.tenyutool.com\/fr\/wp-json\/wp\/v2\/product\/16936","targetHints":{"allow":["GET"]}}],"collection":[{"href":"https:\/\/www.tenyutool.com\/fr\/wp-json\/wp\/v2\/product"}],"about":[{"href":"https:\/\/www.tenyutool.com\/fr\/wp-json\/wp\/v2\/types\/product"}],"replies":[{"embeddable":true,"href":"https:\/\/www.tenyutool.com\/fr\/wp-json\/wp\/v2\/comments?post=16936"}],"wp:featuredmedia":[{"embeddable":true,"href":"https:\/\/www.tenyutool.com\/fr\/wp-json\/wp\/v2\/media\/16939"}],"wp:attachment":[{"href":"https:\/\/www.tenyutool.com\/fr\/wp-json\/wp\/v2\/media?parent=16936"}],"wp:term":[{"taxonomy":"product_brand","embeddable":true,"href":"https:\/\/www.tenyutool.com\/fr\/wp-json\/wp\/v2\/product_brand?post=16936"},{"taxonomy":"product_cat","embeddable":true,"href":"https:\/\/www.tenyutool.com\/fr\/wp-json\/wp\/v2\/product_cat?post=16936"},{"taxonomy":"product_tag","embeddable":true,"href":"https:\/\/www.tenyutool.com\/fr\/wp-json\/wp\/v2\/product_tag?post=16936"}],"curies":[{"name":"wp","href":"https:\/\/api.w.org\/{rel}","templated":true}]}}