{"id":2062,"date":"2020-11-01T03:42:52","date_gmt":"2020-11-01T03:42:52","guid":{"rendered":"http:\/\/tenyutool.leizi.xyz\/?page_id=2062"},"modified":"2022-06-17T01:16:55","modified_gmt":"2022-06-17T01:16:55","slug":"broca-de-alvenaria-com-ponta-de-carboneto-de-u-flauta-jateada-para-perfuracao-de-alvenaria-de-tijolo-de-concreto-14","status":"publish","type":"page","link":"https:\/\/www.tenyutool.com\/pt\/sand-blasted-u-flute-carbide-tipped-masonry-drill-bit-for-concrete-brick-masonry-drilling-14\/","title":{"rendered":"Broca para alvenaria 14mm | Broca de concreto espiral r\u00e1pida"},"content":{"rendered":"<p>&nbsp;<\/p>\n<div class=\"innercontent\">\n<div class=\"singlepage\">\n<div class=\"container\">\n<div class=\"row\">\n<div class=\"single_block\">\n<div class=\"single-contents col-md-7 col-sm-12 col-xs-12\">\n<h2 class=\"single_title\">Conjunto de brocas para alvenaria com ponta de carboneto niquelado S4 em caixa de pl\u00e1stico para perfura\u00e7\u00e3o de alvenaria de tijolos de concreto<\/h2>\n<\/div>\n<\/div>\n<\/div>\n<\/div>\n<\/div>\n<\/div>\n<p>&nbsp;<\/p>\n<div class=\"innercontent\">\n<div class=\"singlepage\">\n<div class=\"container\">\n<div class=\"row\">\n<div class=\"single_block\">\n<div class=\"single-contents col-md-7 col-sm-12 col-xs-12\">\n<h2 class=\"single_title\">Broca de alvenaria de impacto com haste hexagonal jateada R flauta para perfura\u00e7\u00e3o de alvenaria de tijolos de concreto<\/h2>\n<\/div>\n<\/div>\n<\/div>\n<\/div>\n<\/div>\n<\/div>\n<p>&nbsp;<\/p>\n<div class=\"innercontent\">\n<div class=\"singlepage\">\n<div class=\"container\">\n<div class=\"row\">\n<div class=\"single_block\">\n<div class=\"single-contents col-md-7 col-sm-12 col-xs-12\">\n<h2 class=\"single_title\">Haste Redonda Extra Longa Jateada R Flute Ponta de Carboneto Constru\u00e7\u00e3o Universal Broca de Alvenaria Multiuso para Tijolo de Concreto Azulejo Granito Azul<\/h2>\n<\/div>\n<\/div>\n<\/div>\n<\/div>\n<\/div>\n<\/div>\n<p>&nbsp;<\/p>\n<div class=\"innercontent\">\n<div class=\"singlepage\">\n<div class=\"container\">\n<div class=\"row\">\n<div class=\"single_block\">\n<div class=\"single-contents col-md-7 col-sm-12 col-xs-12\">\n<h2 class=\"single_title\">Broca de alvenaria com ponta de carboneto de flauta cromada para perfura\u00e7\u00e3o de alvenaria de tijolos de concreto<\/h2>\n<\/div>\n<\/div>\n<\/div>\n<\/div>\n<\/div>\n<\/div>\n<p>&nbsp;<\/p>\n<div class=\"innercontent\">\n<div class=\"singlepage\">\n<div class=\"container\">\n<div class=\"row\">\n<div class=\"single_block\">\n<div class=\"single-contents col-md-7 col-sm-12 col-xs-12\">\n<h2 class=\"single_title\">Broca de alvenaria com ponta de carboneto de haste triangular preta e brilhante r para perfura\u00e7\u00e3o de alvenaria de tijolos de pedra de concreto<\/h2>\n<\/div>\n<\/div>\n<\/div>\n<\/div>\n<\/div>\n<\/div>\n<p>&nbsp;<\/p>\n<div class=\"innercontent\">\n<div class=\"singlepage\">\n<div class=\"container\">\n<div class=\"row\">\n<div class=\"single_block\">\n<div class=\"single-contents col-md-7 col-sm-12 col-xs-12\">\n<h2 class=\"single_title\">Broca de alvenaria com ponta de carboneto SDS Plus chapeado cromado S4 flauta para perfura\u00e7\u00e3o de alvenaria de tijolo de concreto<\/h2>\n<\/div>\n<\/div>\n<\/div>\n<\/div>\n<\/div>\n<\/div>\n<p>&nbsp;<\/p>\n<div class=\"innercontent\">\n<div class=\"singlepage\">\n<div class=\"container\">\n<div class=\"row\">\n<div class=\"single_block\">\n<div class=\"single-contents col-md-7 col-sm-12 col-xs-12\">\n<h2 class=\"single_title\">Conjunto de brocas para alvenaria com ponta de carboneto de flauta cromada S4 em caixa de pl\u00e1stico para perfura\u00e7\u00e3o de alvenaria de tijolos de concreto<\/h2>\n<\/div>\n<\/div>\n<\/div>\n<\/div>\n<\/div>\n<\/div>\n<p>&nbsp;<\/p>","protected":false},"excerpt":{"rendered":"<p>&nbsp; Nickel Plated S4 Flute Carbide Tipped Masonry Drill Bit Set in Plastic Box for Concrete Brick Masonry Drilling &nbsp; Impact Hex Shank Sand Blasted R Flute Masonry Drill Bit for Concrete Brick Masonry Drilling &nbsp; Extra Long Round Shank Sand Blasted R Flute Carbide Tip Universal Construction Multi Purpose Masonry Drill Bit for Concrete [&hellip;]<\/p>\n","protected":false},"author":1,"featured_media":0,"parent":0,"menu_order":1,"comment_status":"closed","ping_status":"closed","template":"product-details.php","meta":{"_acf_changed":false,"_seopress_robots_primary_cat":"","_seopress_titles_title":"%%post_title%%","_seopress_titles_desc":"","_seopress_robots_index":"","site-sidebar-layout":"default","site-content-layout":"page-builder","ast-site-content-layout":"default","site-content-style":"default","site-sidebar-style":"default","ast-global-header-display":"","ast-banner-title-visibility":"","ast-main-header-display":"","ast-hfb-above-header-display":"","ast-hfb-below-header-display":"","ast-hfb-mobile-header-display":"","site-post-title":"","ast-breadcrumbs-content":"","ast-featured-img":"","footer-sml-layout":"","ast-disable-related-posts":"","theme-transparent-header-meta":"default","adv-header-id-meta":"","stick-header-meta":"","header-above-stick-meta":"","header-main-stick-meta":"","header-below-stick-meta":"","astra-migrate-meta-layouts":"default","ast-page-background-enabled":"default","ast-page-background-meta":{"desktop":{"background-color":"","background-image":"","background-repeat":"repeat","background-position":"center center","background-size":"auto","background-attachment":"scroll","background-type":"","background-media":"","overlay-type":"","overlay-color":"","overlay-opacity":"","overlay-gradient":""},"tablet":{"background-color":"","background-image":"","background-repeat":"repeat","background-position":"center center","background-size":"auto","background-attachment":"scroll","background-type":"","background-media":"","overlay-type":"","overlay-color":"","overlay-opacity":"","overlay-gradient":""},"mobile":{"background-color":"","background-image":"","background-repeat":"repeat","background-position":"center center","background-size":"auto","background-attachment":"scroll","background-type":"","background-media":"","overlay-type":"","overlay-color":"","overlay-opacity":"","overlay-gradient":""}},"ast-content-background-meta":{"desktop":{"background-color":"var(--ast-global-color-5)","background-image":"","background-repeat":"repeat","background-position":"center center","background-size":"auto","background-attachment":"scroll","background-type":"","background-media":"","overlay-type":"","overlay-color":"","overlay-opacity":"","overlay-gradient":""},"tablet":{"background-color":"var(--ast-global-color-5)","background-image":"","background-repeat":"repeat","background-position":"center center","background-size":"auto","background-attachment":"scroll","background-type":"","background-media":"","overlay-type":"","overlay-color":"","overlay-opacity":"","overlay-gradient":""},"mobile":{"background-color":"var(--ast-global-color-5)","background-image":"","background-repeat":"repeat","background-position":"center center","background-size":"auto","background-attachment":"scroll","background-type":"","background-media":"","overlay-type":"","overlay-color":"","overlay-opacity":"","overlay-gradient":""}},"footnotes":""},"class_list":["post-2062","page","type-page","status-publish","hentry"],"acf":[],"_links":{"self":[{"href":"https:\/\/www.tenyutool.com\/pt\/wp-json\/wp\/v2\/pages\/2062","targetHints":{"allow":["GET"]}}],"collection":[{"href":"https:\/\/www.tenyutool.com\/pt\/wp-json\/wp\/v2\/pages"}],"about":[{"href":"https:\/\/www.tenyutool.com\/pt\/wp-json\/wp\/v2\/types\/page"}],"author":[{"embeddable":true,"href":"https:\/\/www.tenyutool.com\/pt\/wp-json\/wp\/v2\/users\/1"}],"replies":[{"embeddable":true,"href":"https:\/\/www.tenyutool.com\/pt\/wp-json\/wp\/v2\/comments?post=2062"}],"version-history":[{"count":0,"href":"https:\/\/www.tenyutool.com\/pt\/wp-json\/wp\/v2\/pages\/2062\/revisions"}],"wp:attachment":[{"href":"https:\/\/www.tenyutool.com\/pt\/wp-json\/wp\/v2\/media?parent=2062"}],"curies":[{"name":"wp","href":"https:\/\/api.w.org\/{rel}","templated":true}]}}