{"id":14246,"date":"2022-08-12T06:00:56","date_gmt":"2022-08-12T06:00:56","guid":{"rendered":"https:\/\/www.tenyutool.com\/?post_type=product&#038;p=14246"},"modified":"2022-08-12T06:00:56","modified_gmt":"2022-08-12T06:00:56","slug":"21-pecas-de-torno-de-pinos-com-mini-conjunto-de-brocas","status":"publish","type":"product","link":"https:\/\/www.tenyutool.com\/pt\/product\/21pcs-pin-vise-with-mini-drill-bits-set\/","title":{"rendered":"21 pe\u00e7as de torno de pinos com mini conjunto de brocas"},"content":{"rendered":"<p>Caracter\u00edstica:<\/p>\n<ul>\n<li>As brocas micro mini helicoidais s\u00e3o feitas de a\u00e7o de alta velocidade, tornando-as dur\u00e1veis e afiadas.<\/li>\n<li>Eles t\u00eam uma pequena resist\u00eancia \u00e0 perfura\u00e7\u00e3o e podem remover cavacos sem problemas.<\/li>\n<li>Eles v\u00eam com uma caixa especialmente projetada que mant\u00e9m os bits firmemente no lugar e os dispensa um de cada vez.<\/li>\n<li>Essas mini brocas s\u00e3o \u00f3timas para todos os tipos de artesanato e relojoaria DIY de joias, e tamb\u00e9m s\u00e3o ideais para trabalhos em madeira, reparos dom\u00e9sticos e trabalhos de reparo de pe\u00e7as eletr\u00f4nicas.<\/li>\n<li>Straight Shank Mini Bits s\u00e3o compat\u00edveis com o Pin Vise.<\/li>\n<\/ul>\n<p>&nbsp;<\/p>\n<figure id=\"attachment_14249\" aria-describedby=\"caption-attachment-14249\" style=\"width: 800px\" class=\"wp-caption alignnone\"><img fetchpriority=\"high\" decoding=\"async\" class=\"size-full wp-image-14249\" src=\"https:\/\/www.tenyutool.com\/wp-content\/uploads\/2022\/08\/21pcs-HSS-Small-Mini-Micro-Drill-Bits-with-Aluminum-Hand-Drill-Pin-Vise-1.jpg\" alt=\"21 pe\u00e7as de torno de pinos com mini conjunto de brocas\" width=\"800\" height=\"800\" srcset=\"https:\/\/www.tenyutool.com\/wp-content\/uploads\/2022\/08\/21pcs-HSS-Small-Mini-Micro-Drill-Bits-with-Aluminum-Hand-Drill-Pin-Vise-1.jpg 800w, https:\/\/www.tenyutool.com\/wp-content\/uploads\/2022\/08\/21pcs-HSS-Small-Mini-Micro-Drill-Bits-with-Aluminum-Hand-Drill-Pin-Vise-1-150x150.jpg 150w, https:\/\/www.tenyutool.com\/wp-content\/uploads\/2022\/08\/21pcs-HSS-Small-Mini-Micro-Drill-Bits-with-Aluminum-Hand-Drill-Pin-Vise-1-768x768.jpg 768w, https:\/\/www.tenyutool.com\/wp-content\/uploads\/2022\/08\/21pcs-HSS-Small-Mini-Micro-Drill-Bits-with-Aluminum-Hand-Drill-Pin-Vise-1-12x12.jpg 12w, https:\/\/www.tenyutool.com\/wp-content\/uploads\/2022\/08\/21pcs-HSS-Small-Mini-Micro-Drill-Bits-with-Aluminum-Hand-Drill-Pin-Vise-1-300x300.jpg 300w, https:\/\/www.tenyutool.com\/wp-content\/uploads\/2022\/08\/21pcs-HSS-Small-Mini-Micro-Drill-Bits-with-Aluminum-Hand-Drill-Pin-Vise-1-600x600.jpg 600w, https:\/\/www.tenyutool.com\/wp-content\/uploads\/2022\/08\/21pcs-HSS-Small-Mini-Micro-Drill-Bits-with-Aluminum-Hand-Drill-Pin-Vise-1-100x100.jpg 100w\" sizes=\"(max-width: 800px) 100vw, 800px\" \/><figcaption id=\"caption-attachment-14249\" class=\"wp-caption-text\">21 pe\u00e7as de torno de pinos com mini conjunto de brocas<\/figcaption><\/figure>\n<table class=\"has-title all magic-4\">\n<tbody>\n<tr>\n<td colspan=\"1\" rowspan=\"1\">\n<div class=\"magic-5\">Nome do Produto<\/div>\n<\/td>\n<td colspan=\"3\" rowspan=\"1\">\n<div class=\"magic-6\" data-spm-anchor-id=\"a2700.details.0.i53.76f9435fjge666\">21 pe\u00e7as HSS pequenas mini micro brocas conjunto broca helicoidal kit DIY ferramenta manual girat\u00f3ria com estojo de alum\u00ednio para furadeira manual<\/div>\n<\/td>\n<\/tr>\n<tr>\n<td colspan=\"1\" rowspan=\"1\">\n<div class=\"magic-5\">Material<\/div>\n<\/td>\n<td colspan=\"3\" rowspan=\"1\">\n<div class=\"magic-6\">HSS 4241 (HSS M2, HSS Cobalto M35 est\u00e1 dispon\u00edvel)<\/div>\n<\/td>\n<\/tr>\n<tr>\n<td colspan=\"1\" rowspan=\"1\">\n<div class=\"magic-5\">Processo<\/div>\n<\/td>\n<td colspan=\"3\" rowspan=\"1\">\n<div class=\"magic-6\">Laminado para HSS 4241 (totalmente aterrado para HSS M2)<\/div>\n<\/td>\n<\/tr>\n<tr>\n<td colspan=\"1\" rowspan=\"1\">\n<div class=\"magic-5\">Tamanho<\/div>\n<\/td>\n<td colspan=\"3\" rowspan=\"1\">\n<div class=\"magic-8\">20 pe\u00e7as brocas (0,3 0,35 0,4 0,45 0,5 0,55 0,6 0,65 0,7 0,75 0,8 0,85 0,9 0,95 1,0 1,2 1,3 1,4 1,5 1,6 mm) com 1 pe\u00e7a: broca manual<\/div>\n<\/td>\n<\/tr>\n<tr>\n<td colspan=\"1\" rowspan=\"1\">\n<div class=\"magic-5\">Embalagem<\/div>\n<\/td>\n<td colspan=\"3\" rowspan=\"1\">\n<div class=\"magic-8\">21 pe\u00e7as embaladas em uma caixa de pl\u00e1stico<\/div>\n<\/td>\n<\/tr>\n<tr>\n<td colspan=\"1\" rowspan=\"1\">\n<div class=\"magic-9\"><span class=\"magic-10\" data-spm-anchor-id=\"0.0.0.i27.2dea4f05rPiUyH\">Tipo de ponto<\/span><\/div>\n<\/td>\n<td colspan=\"3\" rowspan=\"1\">\n<div class=\"magic-11\">Ponto regular de 118 graus (ponto de divis\u00e3o de 135 graus est\u00e1 dispon\u00edvel)<\/div>\n<\/td>\n<\/tr>\n<tr>\n<td colspan=\"1\" rowspan=\"1\">\n<div class=\"magic-9\"><span class=\"magic-10\" data-spm-anchor-id=\"a2700.pc-decorate.0.i12.3fbd3333ASJOcD\">Tipo de haste<\/span><\/div>\n<\/td>\n<td colspan=\"3\" rowspan=\"1\">\n<div class=\"magic-11\">Haste Reta<\/div>\n<\/td>\n<\/tr>\n<tr>\n<td colspan=\"1\" rowspan=\"1\">\n<div class=\"magic-9\"><span class=\"magic-10\" style=\"color: #000000;\">Acabamento de superf\u00edcie<\/span><\/div>\n<\/td>\n<td colspan=\"3\" rowspan=\"1\">\n<div class=\"magic-11\">Brilhante<\/div>\n<\/td>\n<\/tr>\n<\/tbody>\n<\/table>\n<p>&nbsp;<\/p>","protected":false},"excerpt":{"rendered":"<p>Feature: Micro mini twist drill bits are made of high-speed steel, making them both durable and sharp. They have a small drilling resistance and can remove chips smoothly. They come with a specially designed box that keeps bits securely in place and dispenses them one at a time. These mini drill bits are great for [&hellip;]<\/p>\n","protected":false},"featured_media":14249,"comment_status":"closed","ping_status":"closed","template":"","meta":{"_acf_changed":false,"_seopress_robots_primary_cat":"","_seopress_titles_title":"","_seopress_titles_desc":"","_seopress_robots_index":"","site-sidebar-layout":"default","site-content-layout":"default","ast-site-content-layout":"default","site-content-style":"default","site-sidebar-style":"default","ast-global-header-display":"","ast-banner-title-visibility":"","ast-main-header-display":"","ast-hfb-above-header-display":"","ast-hfb-below-header-display":"","ast-hfb-mobile-header-display":"","site-post-title":"","ast-breadcrumbs-content":"","ast-featured-img":"","footer-sml-layout":"","ast-disable-related-posts":"","theme-transparent-header-meta":"default","adv-header-id-meta":"","stick-header-meta":"","header-above-stick-meta":"","header-main-stick-meta":"","header-below-stick-meta":"","astra-migrate-meta-layouts":"default","ast-page-background-enabled":"default","ast-page-background-meta":{"desktop":{"background-color":"","background-image":"","background-repeat":"repeat","background-position":"center center","background-size":"auto","background-attachment":"scroll","background-type":"","background-media":"","overlay-type":"","overlay-color":"","overlay-opacity":"","overlay-gradient":""},"tablet":{"background-color":"","background-image":"","background-repeat":"repeat","background-position":"center center","background-size":"auto","background-attachment":"scroll","background-type":"","background-media":"","overlay-type":"","overlay-color":"","overlay-opacity":"","overlay-gradient":""},"mobile":{"background-color":"","background-image":"","background-repeat":"repeat","background-position":"center center","background-size":"auto","background-attachment":"scroll","background-type":"","background-media":"","overlay-type":"","overlay-color":"","overlay-opacity":"","overlay-gradient":""}},"ast-content-background-meta":{"desktop":{"background-color":"var(--ast-global-color-5)","background-image":"","background-repeat":"repeat","background-position":"center center","background-size":"auto","background-attachment":"scroll","background-type":"","background-media":"","overlay-type":"","overlay-color":"","overlay-opacity":"","overlay-gradient":""},"tablet":{"background-color":"var(--ast-global-color-5)","background-image":"","background-repeat":"repeat","background-position":"center center","background-size":"auto","background-attachment":"scroll","background-type":"","background-media":"","overlay-type":"","overlay-color":"","overlay-opacity":"","overlay-gradient":""},"mobile":{"background-color":"var(--ast-global-color-5)","background-image":"","background-repeat":"repeat","background-position":"center center","background-size":"auto","background-attachment":"scroll","background-type":"","background-media":"","overlay-type":"","overlay-color":"","overlay-opacity":"","overlay-gradient":""}}},"product_brand":[],"product_cat":[22],"product_tag":[],"class_list":{"0":"post-14246","1":"product","2":"type-product","3":"status-publish","4":"has-post-thumbnail","6":"product_cat-drillbits","7":"desktop-align-left","8":"tablet-align-left","9":"mobile-align-left","11":"first","12":"instock","13":"shipping-taxable","14":"product-type-simple"},"acf":[],"_links":{"self":[{"href":"https:\/\/www.tenyutool.com\/pt\/wp-json\/wp\/v2\/product\/14246","targetHints":{"allow":["GET"]}}],"collection":[{"href":"https:\/\/www.tenyutool.com\/pt\/wp-json\/wp\/v2\/product"}],"about":[{"href":"https:\/\/www.tenyutool.com\/pt\/wp-json\/wp\/v2\/types\/product"}],"replies":[{"embeddable":true,"href":"https:\/\/www.tenyutool.com\/pt\/wp-json\/wp\/v2\/comments?post=14246"}],"wp:featuredmedia":[{"embeddable":true,"href":"https:\/\/www.tenyutool.com\/pt\/wp-json\/wp\/v2\/media\/14249"}],"wp:attachment":[{"href":"https:\/\/www.tenyutool.com\/pt\/wp-json\/wp\/v2\/media?parent=14246"}],"wp:term":[{"taxonomy":"product_brand","embeddable":true,"href":"https:\/\/www.tenyutool.com\/pt\/wp-json\/wp\/v2\/product_brand?post=14246"},{"taxonomy":"product_cat","embeddable":true,"href":"https:\/\/www.tenyutool.com\/pt\/wp-json\/wp\/v2\/product_cat?post=14246"},{"taxonomy":"product_tag","embeddable":true,"href":"https:\/\/www.tenyutool.com\/pt\/wp-json\/wp\/v2\/product_tag?post=14246"}],"curies":[{"name":"wp","href":"https:\/\/api.w.org\/{rel}","templated":true}]}}