{"id":14425,"date":"2022-08-16T01:57:52","date_gmt":"2022-08-16T01:57:52","guid":{"rendered":"https:\/\/www.tenyutool.com\/?post_type=product&#038;p=14425"},"modified":"2022-08-16T02:03:10","modified_gmt":"2022-08-16T02:03:10","slug":"broca-de-broca-de-14-mm","status":"publish","type":"product","link":"https:\/\/www.tenyutool.com\/pt\/product\/14mm-auger-drill-bit\/","title":{"rendered":"Broca de broca de madeira de flauta \u00fanica sem haste"},"content":{"rendered":"<p>Caracter\u00edstica<\/p>\n<ul>\n<li>Fabricado em a\u00e7o de alto carbono com ponta rosqueada.<\/li>\n<li>Ponta de rosca grossa de alimenta\u00e7\u00e3o autom\u00e1tica projetada para perfura\u00e7\u00e3o mais r\u00e1pida.<\/li>\n<li>Produza um corte mais r\u00e1pido e limpo e limpe rapidamente os cavacos dos furos.<\/li>\n<li>Fixado em todas as ferramentas el\u00e9tricas com mais seguran\u00e7a para redu\u00e7\u00e3o de escorregamento em mandris padr\u00e3o.<\/li>\n<li data-spm-anchor-id=\"a2700.pc-decorate.0.i10.223f3333oqCITw\">Pode ser usado em madeira dura, madeira macia, viga de se\u00e7\u00e3o grande, aglomerado, pl\u00e1stico e madeira compensada para perfura\u00e7\u00e3o precisa.<\/li>\n<\/ul>\n<figure id=\"attachment_14427\" aria-describedby=\"caption-attachment-14427\" style=\"width: 800px\" class=\"wp-caption alignnone\"><img fetchpriority=\"high\" decoding=\"async\" class=\"size-full wp-image-14427\" src=\"https:\/\/www.tenyutool.com\/wp-content\/uploads\/2022\/08\/Hex-Shank-Titanium-Coated-Single-Flute-Wood-Auger-Drill-Bit-without-Stem-for-Wood-Drilling.jpg\" alt=\"broca de broca de madeira de flauta \u00fanica sem haste\" width=\"800\" height=\"800\" srcset=\"https:\/\/www.tenyutool.com\/wp-content\/uploads\/2022\/08\/Hex-Shank-Titanium-Coated-Single-Flute-Wood-Auger-Drill-Bit-without-Stem-for-Wood-Drilling.jpg 800w, https:\/\/www.tenyutool.com\/wp-content\/uploads\/2022\/08\/Hex-Shank-Titanium-Coated-Single-Flute-Wood-Auger-Drill-Bit-without-Stem-for-Wood-Drilling-150x150.jpg 150w, https:\/\/www.tenyutool.com\/wp-content\/uploads\/2022\/08\/Hex-Shank-Titanium-Coated-Single-Flute-Wood-Auger-Drill-Bit-without-Stem-for-Wood-Drilling-768x768.jpg 768w, https:\/\/www.tenyutool.com\/wp-content\/uploads\/2022\/08\/Hex-Shank-Titanium-Coated-Single-Flute-Wood-Auger-Drill-Bit-without-Stem-for-Wood-Drilling-12x12.jpg 12w, https:\/\/www.tenyutool.com\/wp-content\/uploads\/2022\/08\/Hex-Shank-Titanium-Coated-Single-Flute-Wood-Auger-Drill-Bit-without-Stem-for-Wood-Drilling-300x300.jpg 300w, https:\/\/www.tenyutool.com\/wp-content\/uploads\/2022\/08\/Hex-Shank-Titanium-Coated-Single-Flute-Wood-Auger-Drill-Bit-without-Stem-for-Wood-Drilling-600x600.jpg 600w, https:\/\/www.tenyutool.com\/wp-content\/uploads\/2022\/08\/Hex-Shank-Titanium-Coated-Single-Flute-Wood-Auger-Drill-Bit-without-Stem-for-Wood-Drilling-100x100.jpg 100w\" sizes=\"(max-width: 800px) 100vw, 800px\" \/><figcaption id=\"caption-attachment-14427\" class=\"wp-caption-text\">broca de broca de madeira de flauta \u00fanica sem haste<\/figcaption><\/figure>\n<table class=\"has-title hight-light-first-column all magic-4\">\n<tbody>\n<tr>\n<td colspan=\"5\" rowspan=\"1\">\n<div class=\"magic-5\"><span class=\"magic-6\">Descri\u00e7\u00e3o do produto<\/span><\/div>\n<\/td>\n<\/tr>\n<tr>\n<td colspan=\"5\" rowspan=\"1\">\n<div class=\"magic-5\"><b><span class=\"magic-11\">Mais escolha para voc\u00ea:\u00a0<a href=\"https:\/\/www.tenyutool.com\/pt\/\" target=\"_blank\" rel=\"noopener\">Casa<\/a>\u00a0&gt;\u00a0<a href=\"https:\/\/www.tenyutool.com\/pt\/brocas-de-madeira\/\" target=\"_blank\" rel=\"noopener\">Broca de Madeira<\/a>\u00a0&gt;\u00a0<a href=\"https:\/\/www.tenyutool.com\/pt\/broca-de-broca-de-madeira\/\" target=\"_blank\" rel=\"noopener\">Broca de madeira<\/a><\/span><\/b><\/div>\n<\/td>\n<\/tr>\n<tr>\n<td colspan=\"1\" rowspan=\"1\">\n<div class=\"magic-12\">Nome do Produto<\/div>\n<\/td>\n<td colspan=\"4\" rowspan=\"1\">\n<div class=\"magic-13\" data-spm-anchor-id=\"a2700.details.0.i45.5a5c7c8eBwqjav\">Broca hexagonal para madeira de flauta \u00fanica sem haste para perfura\u00e7\u00e3o de madeira<\/div>\n<\/td>\n<\/tr>\n<tr>\n<td colspan=\"1\" rowspan=\"1\">\n<div class=\"magic-12\">Shank<\/div>\n<\/td>\n<td colspan=\"1\" rowspan=\"1\">\n<div class=\"magic-14\" data-spm-anchor-id=\"a2700.details.0.i47.5a5c7c8eBwqjav\">Haste hexagonal de troca r\u00e1pida (tamb\u00e9m temos haste hexagonal, haste SDS Plus e haste de uso manual)<\/div>\n<\/td>\n<\/tr>\n<tr>\n<td colspan=\"1\" rowspan=\"1\">\n<div class=\"magic-12\">Flauta<\/div>\n<\/td>\n<td colspan=\"4\" rowspan=\"1\">\n<div class=\"magic-14\">Flauta simples com haste (tamb\u00e9m temos flautas simples sem haste, flautas duplas,<br \/>\nTr\u00eas Flautas e Quatro Flautas)<\/div>\n<\/td>\n<\/tr>\n<tr>\n<td colspan=\"1\" rowspan=\"1\">\n<div class=\"magic-12\">Dica<\/div>\n<\/td>\n<td colspan=\"4\" rowspan=\"1\">\n<div class=\"magic-14\">Espora simples com ponta de parafuso (tamb\u00e9m temos esporas duplas, tr\u00eas esporas e quatro esporas de cabe\u00e7a qu\u00e1drupla)<\/div>\n<\/td>\n<\/tr>\n<tr>\n<td colspan=\"1\" rowspan=\"1\">\n<div class=\"magic-12\">Material<\/div>\n<\/td>\n<td colspan=\"1\" rowspan=\"1\">\n<div class=\"magic-14\">A\u00e7o carbono com tratamento t\u00e9rmico<\/div>\n<\/td>\n<\/tr>\n<tr>\n<td colspan=\"1\" rowspan=\"1\">\n<div class=\"magic-12\">Acabamento de superf\u00edcie<\/div>\n<\/td>\n<td colspan=\"1\" rowspan=\"1\">\n<div class=\"magic-14\">Revestido de tit\u00e2nio (tamb\u00e9m temos pintura colorida, preto e brilhante)<\/div>\n<\/td>\n<\/tr>\n<tr>\n<td colspan=\"1\" rowspan=\"1\">\n<div class=\"magic-12\">Pacote<\/div>\n<\/td>\n<td colspan=\"1\" rowspan=\"1\">\n<div class=\"magic-14\">Uma pe\u00e7a em uma bolsa de pvc, tubo de pvc ou bolha dupla de pvc<\/div>\n<\/td>\n<\/tr>\n<\/tbody>\n<\/table>","protected":false},"excerpt":{"rendered":"<p>Feature Made of high carbon steel with a threaded tip. Self Feeding Coarse screw point designed for faster drilling. Produce a faster and cleaner cut and clear quickly chips out of holes. Fixed in all power tools more safely for slipping reducing in standard chucks. Be used in hardwood, softwood, large section beam, chipboard, plastic, [&hellip;]<\/p>\n","protected":false},"featured_media":14427,"comment_status":"closed","ping_status":"closed","template":"","meta":{"_acf_changed":false,"_seopress_robots_primary_cat":"none","_seopress_titles_title":"14mm Auger Drill Bit | Single Flute Wood Auger Bit","_seopress_titles_desc":"","_seopress_robots_index":"","site-sidebar-layout":"default","site-content-layout":"default","ast-site-content-layout":"default","site-content-style":"default","site-sidebar-style":"default","ast-global-header-display":"","ast-banner-title-visibility":"","ast-main-header-display":"","ast-hfb-above-header-display":"","ast-hfb-below-header-display":"","ast-hfb-mobile-header-display":"","site-post-title":"","ast-breadcrumbs-content":"","ast-featured-img":"","footer-sml-layout":"","ast-disable-related-posts":"","theme-transparent-header-meta":"default","adv-header-id-meta":"","stick-header-meta":"","header-above-stick-meta":"","header-main-stick-meta":"","header-below-stick-meta":"","astra-migrate-meta-layouts":"default","ast-page-background-enabled":"default","ast-page-background-meta":{"desktop":{"background-color":"","background-image":"","background-repeat":"repeat","background-position":"center center","background-size":"auto","background-attachment":"scroll","background-type":"","background-media":"","overlay-type":"","overlay-color":"","overlay-opacity":"","overlay-gradient":""},"tablet":{"background-color":"","background-image":"","background-repeat":"repeat","background-position":"center center","background-size":"auto","background-attachment":"scroll","background-type":"","background-media":"","overlay-type":"","overlay-color":"","overlay-opacity":"","overlay-gradient":""},"mobile":{"background-color":"","background-image":"","background-repeat":"repeat","background-position":"center center","background-size":"auto","background-attachment":"scroll","background-type":"","background-media":"","overlay-type":"","overlay-color":"","overlay-opacity":"","overlay-gradient":""}},"ast-content-background-meta":{"desktop":{"background-color":"var(--ast-global-color-5)","background-image":"","background-repeat":"repeat","background-position":"center center","background-size":"auto","background-attachment":"scroll","background-type":"","background-media":"","overlay-type":"","overlay-color":"","overlay-opacity":"","overlay-gradient":""},"tablet":{"background-color":"var(--ast-global-color-5)","background-image":"","background-repeat":"repeat","background-position":"center center","background-size":"auto","background-attachment":"scroll","background-type":"","background-media":"","overlay-type":"","overlay-color":"","overlay-opacity":"","overlay-gradient":""},"mobile":{"background-color":"var(--ast-global-color-5)","background-image":"","background-repeat":"repeat","background-position":"center center","background-size":"auto","background-attachment":"scroll","background-type":"","background-media":"","overlay-type":"","overlay-color":"","overlay-opacity":"","overlay-gradient":""}}},"product_brand":[],"product_cat":[23],"product_tag":[],"class_list":{"0":"post-14425","1":"product","2":"type-product","3":"status-publish","4":"has-post-thumbnail","6":"product_cat-wood-auger-drill-bits","7":"desktop-align-left","8":"tablet-align-left","9":"mobile-align-left","11":"first","12":"instock","13":"shipping-taxable","14":"product-type-simple"},"acf":[],"_links":{"self":[{"href":"https:\/\/www.tenyutool.com\/pt\/wp-json\/wp\/v2\/product\/14425","targetHints":{"allow":["GET"]}}],"collection":[{"href":"https:\/\/www.tenyutool.com\/pt\/wp-json\/wp\/v2\/product"}],"about":[{"href":"https:\/\/www.tenyutool.com\/pt\/wp-json\/wp\/v2\/types\/product"}],"replies":[{"embeddable":true,"href":"https:\/\/www.tenyutool.com\/pt\/wp-json\/wp\/v2\/comments?post=14425"}],"wp:featuredmedia":[{"embeddable":true,"href":"https:\/\/www.tenyutool.com\/pt\/wp-json\/wp\/v2\/media\/14427"}],"wp:attachment":[{"href":"https:\/\/www.tenyutool.com\/pt\/wp-json\/wp\/v2\/media?parent=14425"}],"wp:term":[{"taxonomy":"product_brand","embeddable":true,"href":"https:\/\/www.tenyutool.com\/pt\/wp-json\/wp\/v2\/product_brand?post=14425"},{"taxonomy":"product_cat","embeddable":true,"href":"https:\/\/www.tenyutool.com\/pt\/wp-json\/wp\/v2\/product_cat?post=14425"},{"taxonomy":"product_tag","embeddable":true,"href":"https:\/\/www.tenyutool.com\/pt\/wp-json\/wp\/v2\/product_tag?post=14425"}],"curies":[{"name":"wp","href":"https:\/\/api.w.org\/{rel}","templated":true}]}}