{"id":14597,"date":"2022-08-17T06:39:26","date_gmt":"2022-08-17T06:39:26","guid":{"rendered":"https:\/\/www.tenyutool.com\/?post_type=product&#038;p=14597"},"modified":"2022-08-23T07:38:13","modified_gmt":"2022-08-23T07:38:13","slug":"brocas-de-centro","status":"publish","type":"product","link":"https:\/\/www.tenyutool.com\/pt\/product\/center-drill-bits\/","title":{"rendered":"Conjunto de brocas de centro de 7 pe\u00e7as, kit de brocas de centro de \u00e2ngulo M2 HSS 60\u00b0 ferramentas de escareamento"},"content":{"rendered":"<p>Caracter\u00edstica:<\/p>\n<ul>\n<li>Esta broca vers\u00e1til \u00e9 perfeita para uma ampla gama de aplica\u00e7\u00f5es, desde perfura\u00e7\u00e3o geral at\u00e9 trabalhos mais precisos.<\/li>\n<li>Feita com materiais de alta qualidade, nossa broca central foi projetada para suportar at\u00e9 os mais dif\u00edceis desafios de perfura\u00e7\u00e3o.<\/li>\n<li>com um \u00e2ngulo agudo de 60 graus, \u00e9 perfeito para criar furos limpos e precisos em uma variedade de materiais.<\/li>\n<li>trabalhamos com tornos e a maioria das furadeiras eletr\u00f4nicas para fazer furos em a\u00e7o, ferro, alum\u00ednio, a\u00e7o carbono, lat\u00e3o e outros materiais resistentes que variam de 170HB at\u00e9 200HB.<\/li>\n<\/ul>\n<figure id=\"attachment_14190\" aria-describedby=\"caption-attachment-14190\" style=\"width: 800px\" class=\"wp-caption alignnone\"><img fetchpriority=\"high\" decoding=\"async\" class=\"size-full wp-image-14190\" src=\"https:\/\/www.tenyutool.com\/wp-content\/uploads\/2022\/08\/7-Pieces-M2-High-Speed-Steel-60-Degree-Angle-Centre-Drill-Bits-Set-Tools.jpg\" alt=\"7 pe\u00e7as m2 a\u00e7o de alta velocidade conjunto de brocas de centro de \u00e2ngulo de 60 graus ferramentas\" width=\"800\" height=\"800\" srcset=\"https:\/\/www.tenyutool.com\/wp-content\/uploads\/2022\/08\/7-Pieces-M2-High-Speed-Steel-60-Degree-Angle-Centre-Drill-Bits-Set-Tools.jpg 800w, https:\/\/www.tenyutool.com\/wp-content\/uploads\/2022\/08\/7-Pieces-M2-High-Speed-Steel-60-Degree-Angle-Centre-Drill-Bits-Set-Tools-150x150.jpg 150w, https:\/\/www.tenyutool.com\/wp-content\/uploads\/2022\/08\/7-Pieces-M2-High-Speed-Steel-60-Degree-Angle-Centre-Drill-Bits-Set-Tools-768x768.jpg 768w, https:\/\/www.tenyutool.com\/wp-content\/uploads\/2022\/08\/7-Pieces-M2-High-Speed-Steel-60-Degree-Angle-Centre-Drill-Bits-Set-Tools-12x12.jpg 12w, https:\/\/www.tenyutool.com\/wp-content\/uploads\/2022\/08\/7-Pieces-M2-High-Speed-Steel-60-Degree-Angle-Centre-Drill-Bits-Set-Tools-300x300.jpg 300w, https:\/\/www.tenyutool.com\/wp-content\/uploads\/2022\/08\/7-Pieces-M2-High-Speed-Steel-60-Degree-Angle-Centre-Drill-Bits-Set-Tools-600x600.jpg 600w, https:\/\/www.tenyutool.com\/wp-content\/uploads\/2022\/08\/7-Pieces-M2-High-Speed-Steel-60-Degree-Angle-Centre-Drill-Bits-Set-Tools-100x100.jpg 100w\" sizes=\"(max-width: 800px) 100vw, 800px\" \/><figcaption id=\"caption-attachment-14190\" class=\"wp-caption-text\">7 pe\u00e7as m2 a\u00e7o de alta velocidade conjunto de brocas de centro de \u00e2ngulo de 60 graus ferramentas<\/figcaption><\/figure>\n<table width=\"1078\">\n<tbody>\n<tr>\n<td colspan=\"9\" width=\"1078\">Descri\u00e7\u00e3o do produto<\/td>\n<\/tr>\n<tr>\n<td colspan=\"9\">Mais escolha para voc\u00ea: <a href=\"https:\/\/www.tenyutool.com\/pt\/\">Casa<\/a> &gt; brocas de centro<\/td>\n<\/tr>\n<tr>\n<td>Nome do Produto<\/td>\n<td colspan=\"8\" width=\"910\">Conjunto de brocas de centro de 7 pe\u00e7as, kit de brocas de centro de \u00e2ngulo M2 HSS 60\u00b0 ferramentas de escareamento<\/td>\n<\/tr>\n<tr>\n<td>Material<\/td>\n<td colspan=\"8\">A\u00e7o de alta velocidade\/a\u00e7o cobalto<\/td>\n<\/tr>\n<tr>\n<td>Cor<\/td>\n<td colspan=\"8\">Ouro Prata<\/td>\n<\/tr>\n<tr>\n<td>Tipo de flauta de ferramenta<\/td>\n<td colspan=\"8\">Espiral<\/td>\n<\/tr>\n<tr>\n<td>Pacote<\/td>\n<td colspan=\"8\">Caixa de pl\u00e1stico<\/td>\n<\/tr>\n<\/tbody>\n<\/table>","protected":false},"excerpt":{"rendered":"<p>Feature: This versatile bit is perfect for a wide range of applications, from general drilling to more precise jobs. Made from high-quality materials, our center drill bit is designed to withstand even the toughest drilling challenges. with a sharp 60-degree angle, it&#8217;s perfect for creating clean, precise holes in a variety of materials. work with [&hellip;]<\/p>\n","protected":false},"featured_media":14190,"comment_status":"closed","ping_status":"closed","template":"","meta":{"_acf_changed":false,"_seopress_robots_primary_cat":"none","_seopress_titles_title":"Center Drill Bits Set | 60\u00b0 Angle Center Drill Bits Kit Countersink Tools","_seopress_titles_desc":"","_seopress_robots_index":"","site-sidebar-layout":"default","site-content-layout":"default","ast-site-content-layout":"default","site-content-style":"default","site-sidebar-style":"default","ast-global-header-display":"","ast-banner-title-visibility":"","ast-main-header-display":"","ast-hfb-above-header-display":"","ast-hfb-below-header-display":"","ast-hfb-mobile-header-display":"","site-post-title":"","ast-breadcrumbs-content":"","ast-featured-img":"","footer-sml-layout":"","ast-disable-related-posts":"","theme-transparent-header-meta":"default","adv-header-id-meta":"","stick-header-meta":"","header-above-stick-meta":"","header-main-stick-meta":"","header-below-stick-meta":"","astra-migrate-meta-layouts":"default","ast-page-background-enabled":"default","ast-page-background-meta":{"desktop":{"background-color":"","background-image":"","background-repeat":"repeat","background-position":"center center","background-size":"auto","background-attachment":"scroll","background-type":"","background-media":"","overlay-type":"","overlay-color":"","overlay-opacity":"","overlay-gradient":""},"tablet":{"background-color":"","background-image":"","background-repeat":"repeat","background-position":"center center","background-size":"auto","background-attachment":"scroll","background-type":"","background-media":"","overlay-type":"","overlay-color":"","overlay-opacity":"","overlay-gradient":""},"mobile":{"background-color":"","background-image":"","background-repeat":"repeat","background-position":"center center","background-size":"auto","background-attachment":"scroll","background-type":"","background-media":"","overlay-type":"","overlay-color":"","overlay-opacity":"","overlay-gradient":""}},"ast-content-background-meta":{"desktop":{"background-color":"var(--ast-global-color-5)","background-image":"","background-repeat":"repeat","background-position":"center center","background-size":"auto","background-attachment":"scroll","background-type":"","background-media":"","overlay-type":"","overlay-color":"","overlay-opacity":"","overlay-gradient":""},"tablet":{"background-color":"var(--ast-global-color-5)","background-image":"","background-repeat":"repeat","background-position":"center center","background-size":"auto","background-attachment":"scroll","background-type":"","background-media":"","overlay-type":"","overlay-color":"","overlay-opacity":"","overlay-gradient":""},"mobile":{"background-color":"var(--ast-global-color-5)","background-image":"","background-repeat":"repeat","background-position":"center center","background-size":"auto","background-attachment":"scroll","background-type":"","background-media":"","overlay-type":"","overlay-color":"","overlay-opacity":"","overlay-gradient":""}}},"product_brand":[],"product_cat":[24],"product_tag":[],"class_list":{"0":"post-14597","1":"product","2":"type-product","3":"status-publish","4":"has-post-thumbnail","6":"product_cat-center-drill-bit","7":"desktop-align-left","8":"tablet-align-left","9":"mobile-align-left","11":"first","12":"instock","13":"shipping-taxable","14":"product-type-simple"},"acf":[],"_links":{"self":[{"href":"https:\/\/www.tenyutool.com\/pt\/wp-json\/wp\/v2\/product\/14597","targetHints":{"allow":["GET"]}}],"collection":[{"href":"https:\/\/www.tenyutool.com\/pt\/wp-json\/wp\/v2\/product"}],"about":[{"href":"https:\/\/www.tenyutool.com\/pt\/wp-json\/wp\/v2\/types\/product"}],"replies":[{"embeddable":true,"href":"https:\/\/www.tenyutool.com\/pt\/wp-json\/wp\/v2\/comments?post=14597"}],"wp:featuredmedia":[{"embeddable":true,"href":"https:\/\/www.tenyutool.com\/pt\/wp-json\/wp\/v2\/media\/14190"}],"wp:attachment":[{"href":"https:\/\/www.tenyutool.com\/pt\/wp-json\/wp\/v2\/media?parent=14597"}],"wp:term":[{"taxonomy":"product_brand","embeddable":true,"href":"https:\/\/www.tenyutool.com\/pt\/wp-json\/wp\/v2\/product_brand?post=14597"},{"taxonomy":"product_cat","embeddable":true,"href":"https:\/\/www.tenyutool.com\/pt\/wp-json\/wp\/v2\/product_cat?post=14597"},{"taxonomy":"product_tag","embeddable":true,"href":"https:\/\/www.tenyutool.com\/pt\/wp-json\/wp\/v2\/product_tag?post=14597"}],"curies":[{"name":"wp","href":"https:\/\/api.w.org\/{rel}","templated":true}]}}