{"id":14641,"date":"2022-08-17T08:47:25","date_gmt":"2022-08-17T08:47:25","guid":{"rendered":"https:\/\/www.tenyutool.com\/?post_type=product&#038;p=14641"},"modified":"2022-08-22T10:04:07","modified_gmt":"2022-08-22T10:04:07","slug":"din333-brocas-de-centro-duplo","status":"publish","type":"product","link":"https:\/\/www.tenyutool.com\/pt\/product\/din333-double-centre-drill-bits\/","title":{"rendered":"Conjunto de 6 pe\u00e7as HSS DIN333 duas pontas de duas cabe\u00e7as autocentralizadas para processamento de furos"},"content":{"rendered":"<p>Caracter\u00edstica:<\/p>\n<ul>\n<li>nossas brocas centrais s\u00e3o tratadas termicamente e temperadas para uso duradouro.<\/li>\n<li>As arestas de corte afiadas ou caneladas criam facilmente furos limpos e precisos em v\u00e1rios materiais, como madeira, pl\u00e1stico e at\u00e9 metal.<\/li>\n<li>O recurso de autocentragem facilita manter seus furos perfeitamente alinhados.<\/li>\n<\/ul>\n<figure id=\"attachment_14188\" aria-describedby=\"caption-attachment-14188\" style=\"width: 800px\" class=\"wp-caption alignnone\"><img fetchpriority=\"high\" decoding=\"async\" class=\"size-full wp-image-14188\" src=\"https:\/\/www.tenyutool.com\/wp-content\/uploads\/2022\/08\/HSS-DIN333-Double-Ended-Two-Head-Self-Centre-Drill-Bits-for-Hole-Processing.jpg\" alt=\"hss din333 brocas de duas cabe\u00e7as auto-centradas de duas cabe\u00e7as para processamento de furos\" width=\"800\" height=\"800\" srcset=\"https:\/\/www.tenyutool.com\/wp-content\/uploads\/2022\/08\/HSS-DIN333-Double-Ended-Two-Head-Self-Centre-Drill-Bits-for-Hole-Processing.jpg 800w, https:\/\/www.tenyutool.com\/wp-content\/uploads\/2022\/08\/HSS-DIN333-Double-Ended-Two-Head-Self-Centre-Drill-Bits-for-Hole-Processing-150x150.jpg 150w, https:\/\/www.tenyutool.com\/wp-content\/uploads\/2022\/08\/HSS-DIN333-Double-Ended-Two-Head-Self-Centre-Drill-Bits-for-Hole-Processing-768x768.jpg 768w, https:\/\/www.tenyutool.com\/wp-content\/uploads\/2022\/08\/HSS-DIN333-Double-Ended-Two-Head-Self-Centre-Drill-Bits-for-Hole-Processing-12x12.jpg 12w, https:\/\/www.tenyutool.com\/wp-content\/uploads\/2022\/08\/HSS-DIN333-Double-Ended-Two-Head-Self-Centre-Drill-Bits-for-Hole-Processing-300x300.jpg 300w, https:\/\/www.tenyutool.com\/wp-content\/uploads\/2022\/08\/HSS-DIN333-Double-Ended-Two-Head-Self-Centre-Drill-Bits-for-Hole-Processing-600x600.jpg 600w, https:\/\/www.tenyutool.com\/wp-content\/uploads\/2022\/08\/HSS-DIN333-Double-Ended-Two-Head-Self-Centre-Drill-Bits-for-Hole-Processing-100x100.jpg 100w\" sizes=\"(max-width: 800px) 100vw, 800px\" \/><figcaption id=\"caption-attachment-14188\" class=\"wp-caption-text\">hss din333 brocas de duas cabe\u00e7as auto-centradas de duas cabe\u00e7as para processamento de furos<\/figcaption><\/figure>\n<table style=\"border-collapse: collapse; width: 808.52pt;\" border=\"0\" width=\"1078\" cellspacing=\"0\" cellpadding=\"0\">\n<tbody>\n<tr style=\"height: 30.00pt;\">\n<td class=\"et3\" style=\"height: 30.00pt; width: 808.50pt;\" colspan=\"9\" width=\"1078\" height=\"40\">Descri\u00e7\u00e3o do produto<\/td>\n<\/tr>\n<tr style=\"height: 32.00pt;\">\n<td class=\"et4\" style=\"height: 32.00pt;\" colspan=\"9\" height=\"42\">Mais escolha para voc\u00ea: <a href=\"https:\/\/www.tenyutool.com\/pt\/\">Casa<\/a> &gt; brocas de centro<\/td>\n<\/tr>\n<tr style=\"height: 35.00pt;\">\n<td class=\"et6\" style=\"height: 35.00pt;\" height=\"46\">Nome do Produto<\/td>\n<td class=\"et7\" style=\"width: 682.50pt;\" colspan=\"8\" width=\"910\">Conjunto de 6 pe\u00e7as HSS DIN333 duas pontas de duas cabe\u00e7as autocentralizadas para processamento de furos<\/td>\n<\/tr>\n<tr style=\"height: 32.00pt;\">\n<td class=\"et9\" style=\"height: 32.00pt;\" height=\"42\">Material<\/td>\n<td class=\"et10\" colspan=\"8\">A\u00e7o de alta velocidade, a\u00e7o cobalto<\/td>\n<\/tr>\n<tr style=\"height: 32.00pt;\">\n<td class=\"et12\" style=\"height: 32.00pt;\" height=\"42\">Tamanho<\/td>\n<td class=\"et13\" style=\"border-right: .5pt solid #000000;\" colspan=\"8\">1 - 5 mil\u00edmetros<\/td>\n<\/tr>\n<tr style=\"height: 32.00pt;\">\n<td class=\"et15\" style=\"height: 32.00pt;\" height=\"42\">Tipo de flauta de ferramenta<\/td>\n<td class=\"et10\" colspan=\"8\">Espiral<\/td>\n<\/tr>\n<tr style=\"height: 32.00pt;\">\n<td class=\"et16\" style=\"height: 32.00pt;\" height=\"42\">Tipo de acabamento<\/td>\n<td class=\"et17\" style=\"border-right: .5pt solid #000000;\" colspan=\"8\">Sem revestimento<\/td>\n<\/tr>\n<tr style=\"height: 32.00pt;\">\n<td class=\"et15\" style=\"height: 32.00pt;\" height=\"42\">Pacote<\/td>\n<td class=\"et17\" style=\"border-right: .5pt solid #000000;\" colspan=\"8\">Caixa de pl\u00e1stico<\/td>\n<\/tr>\n<\/tbody>\n<\/table>","protected":false},"excerpt":{"rendered":"<p>Feature: our center drill bits are heat treated and tempered for long-lasting use. The sharp or fluted cutting edges easily create clean, precise holes in various materials like wood, plastic, and even metal. The self-centring feature makes it easy to keep your holes perfectly aligned. Product Description More Choice For You: Home &gt; center drill [&hellip;]<\/p>\n","protected":false},"featured_media":14188,"comment_status":"closed","ping_status":"closed","template":"","meta":{"_acf_changed":false,"_seopress_robots_primary_cat":"none","_seopress_titles_title":"din333-double-centre-drill-bits | for Hole Processing","_seopress_titles_desc":"","_seopress_robots_index":"","site-sidebar-layout":"default","site-content-layout":"default","ast-site-content-layout":"default","site-content-style":"default","site-sidebar-style":"default","ast-global-header-display":"","ast-banner-title-visibility":"","ast-main-header-display":"","ast-hfb-above-header-display":"","ast-hfb-below-header-display":"","ast-hfb-mobile-header-display":"","site-post-title":"","ast-breadcrumbs-content":"","ast-featured-img":"","footer-sml-layout":"","ast-disable-related-posts":"","theme-transparent-header-meta":"default","adv-header-id-meta":"","stick-header-meta":"","header-above-stick-meta":"","header-main-stick-meta":"","header-below-stick-meta":"","astra-migrate-meta-layouts":"default","ast-page-background-enabled":"default","ast-page-background-meta":{"desktop":{"background-color":"","background-image":"","background-repeat":"repeat","background-position":"center center","background-size":"auto","background-attachment":"scroll","background-type":"","background-media":"","overlay-type":"","overlay-color":"","overlay-opacity":"","overlay-gradient":""},"tablet":{"background-color":"","background-image":"","background-repeat":"repeat","background-position":"center center","background-size":"auto","background-attachment":"scroll","background-type":"","background-media":"","overlay-type":"","overlay-color":"","overlay-opacity":"","overlay-gradient":""},"mobile":{"background-color":"","background-image":"","background-repeat":"repeat","background-position":"center center","background-size":"auto","background-attachment":"scroll","background-type":"","background-media":"","overlay-type":"","overlay-color":"","overlay-opacity":"","overlay-gradient":""}},"ast-content-background-meta":{"desktop":{"background-color":"var(--ast-global-color-5)","background-image":"","background-repeat":"repeat","background-position":"center center","background-size":"auto","background-attachment":"scroll","background-type":"","background-media":"","overlay-type":"","overlay-color":"","overlay-opacity":"","overlay-gradient":""},"tablet":{"background-color":"var(--ast-global-color-5)","background-image":"","background-repeat":"repeat","background-position":"center center","background-size":"auto","background-attachment":"scroll","background-type":"","background-media":"","overlay-type":"","overlay-color":"","overlay-opacity":"","overlay-gradient":""},"mobile":{"background-color":"var(--ast-global-color-5)","background-image":"","background-repeat":"repeat","background-position":"center center","background-size":"auto","background-attachment":"scroll","background-type":"","background-media":"","overlay-type":"","overlay-color":"","overlay-opacity":"","overlay-gradient":""}}},"product_brand":[],"product_cat":[24],"product_tag":[],"class_list":{"0":"post-14641","1":"product","2":"type-product","3":"status-publish","4":"has-post-thumbnail","6":"product_cat-center-drill-bit","7":"desktop-align-left","8":"tablet-align-left","9":"mobile-align-left","11":"first","12":"instock","13":"shipping-taxable","14":"product-type-simple"},"acf":[],"_links":{"self":[{"href":"https:\/\/www.tenyutool.com\/pt\/wp-json\/wp\/v2\/product\/14641","targetHints":{"allow":["GET"]}}],"collection":[{"href":"https:\/\/www.tenyutool.com\/pt\/wp-json\/wp\/v2\/product"}],"about":[{"href":"https:\/\/www.tenyutool.com\/pt\/wp-json\/wp\/v2\/types\/product"}],"replies":[{"embeddable":true,"href":"https:\/\/www.tenyutool.com\/pt\/wp-json\/wp\/v2\/comments?post=14641"}],"wp:featuredmedia":[{"embeddable":true,"href":"https:\/\/www.tenyutool.com\/pt\/wp-json\/wp\/v2\/media\/14188"}],"wp:attachment":[{"href":"https:\/\/www.tenyutool.com\/pt\/wp-json\/wp\/v2\/media?parent=14641"}],"wp:term":[{"taxonomy":"product_brand","embeddable":true,"href":"https:\/\/www.tenyutool.com\/pt\/wp-json\/wp\/v2\/product_brand?post=14641"},{"taxonomy":"product_cat","embeddable":true,"href":"https:\/\/www.tenyutool.com\/pt\/wp-json\/wp\/v2\/product_cat?post=14641"},{"taxonomy":"product_tag","embeddable":true,"href":"https:\/\/www.tenyutool.com\/pt\/wp-json\/wp\/v2\/product_tag?post=14641"}],"curies":[{"name":"wp","href":"https:\/\/api.w.org\/{rel}","templated":true}]}}