{"id":14930,"date":"2022-08-22T08:47:01","date_gmt":"2022-08-22T08:47:01","guid":{"rendered":"https:\/\/www.tenyutool.com\/?post_type=product&#038;p=14930"},"modified":"2022-08-29T08:57:09","modified_gmt":"2022-08-29T08:57:09","slug":"hss-m2-6542-brocas","status":"publish","type":"product","link":"https:\/\/www.tenyutool.com\/pt\/product\/hss-m2-6542-drill-bits\/","title":{"rendered":"Broca de a\u00e7o de alta velocidade cortada v\u00e1rios tipos de materiais M2 HSS 6542 para a\u00e7o inoxid\u00e1vel de metal com pre\u00e7o baixo"},"content":{"rendered":"<p>Caracter\u00edsticas:<\/p>\n<ul>\n<li>Brocas M2 s\u00e3o mais caras do que outras brocas, mas perfurar em a\u00e7o inoxid\u00e1vel, longa vida \u00fatil, melhor escolha<\/li>\n<li data-spm-anchor-id=\"0.0.0.i140.2dea4f05jD1M0Y\">N\u00e3o h\u00e1 necessidade de pun\u00e7\u00e3o central, brocas de ponto dividido de 135 \u00b0 em contato e evita andar<\/li>\n<li data-spm-anchor-id=\"0.0.0.i140.2dea4f05jD1M0Y\">Ponto de aterramento de precis\u00e3o, canais, corpo, folga e di\u00e2metro da broca para o m\u00e1ximo em precis\u00e3o e desempenho<\/li>\n<li data-spm-anchor-id=\"0.0.0.i140.2dea4f05jD1M0Y\">As ranhuras de terra fornecem cavaco r\u00e1pido para remover maximizar, efici\u00eancia ao longo de toda a superf\u00edcie de trabalho da broca<\/li>\n<\/ul>\n<figure id=\"attachment_14932\" aria-describedby=\"caption-attachment-14932\" style=\"width: 800px\" class=\"wp-caption alignnone\"><img fetchpriority=\"high\" decoding=\"async\" class=\"size-full wp-image-14932\" src=\"https:\/\/www.tenyutool.com\/wp-content\/uploads\/2022\/08\/Twist-Drill-China6-1.jpg\" alt=\"Broca de a\u00e7o de alta velocidade corta v\u00e1rios tipos de material m2 hss 6542 para metal a\u00e7o inoxid\u00e1vel com pre\u00e7o baixo\" width=\"800\" height=\"800\" srcset=\"https:\/\/www.tenyutool.com\/wp-content\/uploads\/2022\/08\/Twist-Drill-China6-1.jpg 800w, https:\/\/www.tenyutool.com\/wp-content\/uploads\/2022\/08\/Twist-Drill-China6-1-150x150.jpg 150w, https:\/\/www.tenyutool.com\/wp-content\/uploads\/2022\/08\/Twist-Drill-China6-1-768x768.jpg 768w, https:\/\/www.tenyutool.com\/wp-content\/uploads\/2022\/08\/Twist-Drill-China6-1-12x12.jpg 12w, https:\/\/www.tenyutool.com\/wp-content\/uploads\/2022\/08\/Twist-Drill-China6-1-300x300.jpg 300w, https:\/\/www.tenyutool.com\/wp-content\/uploads\/2022\/08\/Twist-Drill-China6-1-600x600.jpg 600w, https:\/\/www.tenyutool.com\/wp-content\/uploads\/2022\/08\/Twist-Drill-China6-1-100x100.jpg 100w\" sizes=\"(max-width: 800px) 100vw, 800px\" \/><figcaption id=\"caption-attachment-14932\" class=\"wp-caption-text\">Broca de a\u00e7o de alta velocidade corta v\u00e1rios tipos de material m2 hss 6542 para metal a\u00e7o inoxid\u00e1vel com pre\u00e7o baixo<\/figcaption><\/figure>\n<table class=\"has-title hight-light-first-column all magic-7\">\n<tbody>\n<tr>\n<td colspan=\"5\" rowspan=\"1\">\n<div class=\"magic-8\" data-spm-anchor-id=\"a2700.details.0.i38.413b3f69vXqKDK\"><span class=\"magic-9\" style=\"font-family: Arial;\">Descri\u00e7\u00e3o do produto<\/span><\/div>\n<\/td>\n<\/tr>\n<tr>\n<td colspan=\"5\" rowspan=\"1\">\n<div class=\"magic-8\"><span class=\"magic-13\"><span class=\"magic-14\" style=\"font-family: Arial;\"><b class=\"magic-14\" data-spm-anchor-id=\"0.0.0.i53.2dea4f05jD1M0Y\"><span class=\"magic-14\">Mais op\u00e7\u00f5es para voc\u00ea<\/span>:\u00a0<a class=\"magic-14\" href=\"https:\/\/www.tenyutool.com\/pt\/\" target=\"_blank\" rel=\"noopener\">Casa<\/a>\u00a0&gt;\u00a0<a class=\"magic-14\" href=\"https:\/\/tenyutools.en.alibaba.com\/productgrouplist-806424819\/HSS_Drill_Bit.html?spm=a2700.icbuShop.88.22.6f5065bcUQbh6v\" target=\"_blank\" rel=\"noopener\">Broca HSS\u00a0<\/a><\/b><\/span><b><\/b><\/span><\/div>\n<\/td>\n<\/tr>\n<tr>\n<td colspan=\"1\" rowspan=\"1\">\n<div class=\"magic-15\">Nome do Produto<\/div>\n<\/td>\n<td colspan=\"4\" rowspan=\"1\">\n<div class=\"magic-16\">Broca de a\u00e7o de alta velocidade cortada v\u00e1rios tipos de materiais M2 HSS 6542 para a\u00e7o inoxid\u00e1vel de metal com pre\u00e7o baixo<\/div>\n<\/td>\n<\/tr>\n<tr>\n<td colspan=\"1\" rowspan=\"1\">\n<div class=\"magic-15\">Material<\/div>\n<\/td>\n<td colspan=\"4\" rowspan=\"1\">\n<div class=\"magic-16\">M2 HSS 6542 (M35 HSS-E HSS-Co5%)<\/div>\n<\/td>\n<\/tr>\n<tr>\n<td colspan=\"1\" rowspan=\"1\">\n<div class=\"magic-15\">Processo<\/div>\n<\/td>\n<td colspan=\"4\" rowspan=\"1\">\n<div class=\"magic-16\">Totalmente mo\u00eddo (tamb\u00e9m tem laminado e polido, laminado, fresado)<\/div>\n<\/td>\n<\/tr>\n<tr>\n<td colspan=\"1\" rowspan=\"1\">\n<div class=\"magic-15\">Padr\u00e3o<\/div>\n<\/td>\n<td colspan=\"4\" rowspan=\"1\">\n<div class=\"magic-16\">DIN338 (Stub DIN1897, DIN340 Longo, DIN1869 Extra Longo, Haste Reduzida de Ferreiro 10mm, 13mm, Haste C\u00f4nica DIN345 Est\u00e3o Dispon\u00edveis)<br \/>\nComprimento do Jobber (Tamb\u00e9m tem comprimento da m\u00e1quina do parafuso de ponta, comprimento do cone longo, extens\u00e3o da aeronave, extra longo 12\u2033, 18\u2033, 24\u2033, Silver &amp; Deming 1\/2\u2033 haste reduzida)<\/div>\n<\/td>\n<\/tr>\n<tr>\n<td colspan=\"1\" rowspan=\"1\">\n<div class=\"magic-15\">Tamanho<\/div>\n<\/td>\n<td colspan=\"4\" rowspan=\"1\">\n<div class=\"magic-16\">1\/16\u2033 \u2013 1\u2033 (0,5mm-25mm)<\/div>\n<\/td>\n<\/tr>\n<tr>\n<td colspan=\"1\" rowspan=\"1\">\n<div class=\"magic-15\">Tipo de ponto<\/div>\n<\/td>\n<td colspan=\"4\" rowspan=\"1\">\n<div class=\"magic-16\" data-spm-anchor-id=\"a2700.details.0.i39.413b3f69vXqKDK\">135 Graus Split Point (Tamb\u00e9m tem 118 Graus Regular Point, Turbo Max Point, Pilot Point)<\/div>\n<\/td>\n<\/tr>\n<tr>\n<td colspan=\"1\" rowspan=\"1\">\n<div class=\"magic-17\">Tipo de haste<\/div>\n<\/td>\n<td class=\"magic-18\" colspan=\"4\" rowspan=\"1\">\n<div class=\"magic-19\">Haste reta (Tamb\u00e9m tem haste tri-flats, haste hexagonal, haste hexagonal dupla R, haste reduzida, haste hexagonal rosqueada, haste c\u00f4nica)<\/div>\n<\/td>\n<\/tr>\n<tr>\n<td colspan=\"1\" rowspan=\"1\">\n<div class=\"magic-15\">\u00c2ngulo de h\u00e9lice<\/div>\n<\/td>\n<td colspan=\"4\" rowspan=\"1\">\n<div class=\"magic-19\">Espiral Regular Tipo N (Tamb\u00e9m tem Espiral Lenta Tipo H, Espiral R\u00e1pida Tipo W, Espiral Esquerda)<\/div>\n<\/td>\n<\/tr>\n<tr>\n<td colspan=\"1\" rowspan=\"1\">\n<div class=\"magic-15\">Tipo Web e Flauta<\/div>\n<\/td>\n<td colspan=\"4\" rowspan=\"1\">\n<div class=\"magic-19\">Web &amp; Flauta Regular (Tamb\u00e9m tem Web Grossa com Flauta Parab\u00f3lica, Web Heavy Duty com Flauta Regular)<\/div>\n<\/td>\n<\/tr>\n<tr>\n<td colspan=\"1\" rowspan=\"1\">\n<div class=\"magic-15\">Acabamento de superf\u00edcie<\/div>\n<\/td>\n<td colspan=\"4\" rowspan=\"1\">\n<div class=\"magic-19\">Brilhante (tamb\u00e9m tem \u00f3xido preto, preto e dourado, tit\u00e2nio, preto e brilhante, cor \u00e2mbar)<\/div>\n<\/td>\n<\/tr>\n<tr>\n<td colspan=\"1\" rowspan=\"1\">\n<div class=\"magic-15\">Pacote<\/div>\n<\/td>\n<td colspan=\"4\" rowspan=\"1\">\n<div class=\"magic-19\">10\/5 pe\u00e7as em bolsa de pvc, caixa de pl\u00e1stico, individualmente em cart\u00e3o de pele, bolha dupla, garra<\/div>\n<\/td>\n<\/tr>\n<\/tbody>\n<\/table>","protected":false},"excerpt":{"rendered":"<p>Features\uff1a M2 drill bits are more expensive than other drill bits, but drilling in stainless steel, long life, best choose No need center punch, 135 \u00b0 split-point drills on contact and prevents walking Precision ground point, flutes, body, clearance and drill diameter for the ultimate in accuracy and performance Ground flutes provide fast chip to [&hellip;]<\/p>\n","protected":false},"featured_media":14932,"comment_status":"closed","ping_status":"closed","template":"","meta":{"_acf_changed":false,"_seopress_robots_primary_cat":"none","_seopress_titles_title":"hss m2 6542 drill bits | for Metal Stainless Steel","_seopress_titles_desc":"","_seopress_robots_index":"","site-sidebar-layout":"default","site-content-layout":"default","ast-site-content-layout":"default","site-content-style":"default","site-sidebar-style":"default","ast-global-header-display":"","ast-banner-title-visibility":"","ast-main-header-display":"","ast-hfb-above-header-display":"","ast-hfb-below-header-display":"","ast-hfb-mobile-header-display":"","site-post-title":"","ast-breadcrumbs-content":"","ast-featured-img":"","footer-sml-layout":"","ast-disable-related-posts":"","theme-transparent-header-meta":"default","adv-header-id-meta":"","stick-header-meta":"","header-above-stick-meta":"","header-main-stick-meta":"","header-below-stick-meta":"","astra-migrate-meta-layouts":"default","ast-page-background-enabled":"default","ast-page-background-meta":{"desktop":{"background-color":"","background-image":"","background-repeat":"repeat","background-position":"center center","background-size":"auto","background-attachment":"scroll","background-type":"","background-media":"","overlay-type":"","overlay-color":"","overlay-opacity":"","overlay-gradient":""},"tablet":{"background-color":"","background-image":"","background-repeat":"repeat","background-position":"center center","background-size":"auto","background-attachment":"scroll","background-type":"","background-media":"","overlay-type":"","overlay-color":"","overlay-opacity":"","overlay-gradient":""},"mobile":{"background-color":"","background-image":"","background-repeat":"repeat","background-position":"center center","background-size":"auto","background-attachment":"scroll","background-type":"","background-media":"","overlay-type":"","overlay-color":"","overlay-opacity":"","overlay-gradient":""}},"ast-content-background-meta":{"desktop":{"background-color":"var(--ast-global-color-5)","background-image":"","background-repeat":"repeat","background-position":"center center","background-size":"auto","background-attachment":"scroll","background-type":"","background-media":"","overlay-type":"","overlay-color":"","overlay-opacity":"","overlay-gradient":""},"tablet":{"background-color":"var(--ast-global-color-5)","background-image":"","background-repeat":"repeat","background-position":"center center","background-size":"auto","background-attachment":"scroll","background-type":"","background-media":"","overlay-type":"","overlay-color":"","overlay-opacity":"","overlay-gradient":""},"mobile":{"background-color":"var(--ast-global-color-5)","background-image":"","background-repeat":"repeat","background-position":"center center","background-size":"auto","background-attachment":"scroll","background-type":"","background-media":"","overlay-type":"","overlay-color":"","overlay-opacity":"","overlay-gradient":""}}},"product_brand":[],"product_cat":[22],"product_tag":[],"class_list":{"0":"post-14930","1":"product","2":"type-product","3":"status-publish","4":"has-post-thumbnail","6":"product_cat-drillbits","7":"desktop-align-left","8":"tablet-align-left","9":"mobile-align-left","11":"first","12":"instock","13":"shipping-taxable","14":"product-type-simple"},"acf":[],"_links":{"self":[{"href":"https:\/\/www.tenyutool.com\/pt\/wp-json\/wp\/v2\/product\/14930","targetHints":{"allow":["GET"]}}],"collection":[{"href":"https:\/\/www.tenyutool.com\/pt\/wp-json\/wp\/v2\/product"}],"about":[{"href":"https:\/\/www.tenyutool.com\/pt\/wp-json\/wp\/v2\/types\/product"}],"replies":[{"embeddable":true,"href":"https:\/\/www.tenyutool.com\/pt\/wp-json\/wp\/v2\/comments?post=14930"}],"wp:featuredmedia":[{"embeddable":true,"href":"https:\/\/www.tenyutool.com\/pt\/wp-json\/wp\/v2\/media\/14932"}],"wp:attachment":[{"href":"https:\/\/www.tenyutool.com\/pt\/wp-json\/wp\/v2\/media?parent=14930"}],"wp:term":[{"taxonomy":"product_brand","embeddable":true,"href":"https:\/\/www.tenyutool.com\/pt\/wp-json\/wp\/v2\/product_brand?post=14930"},{"taxonomy":"product_cat","embeddable":true,"href":"https:\/\/www.tenyutool.com\/pt\/wp-json\/wp\/v2\/product_cat?post=14930"},{"taxonomy":"product_tag","embeddable":true,"href":"https:\/\/www.tenyutool.com\/pt\/wp-json\/wp\/v2\/product_tag?post=14930"}],"curies":[{"name":"wp","href":"https:\/\/api.w.org\/{rel}","templated":true}]}}