{"id":15228,"date":"2022-08-29T09:14:33","date_gmt":"2022-08-29T09:14:33","guid":{"rendered":"https:\/\/www.tenyutool.com\/?post_type=product&#038;p=15228"},"modified":"2022-08-29T09:14:33","modified_gmt":"2022-08-29T09:14:33","slug":"furadeira-sem-fio-furadeira-de-1-2-polegadas","status":"publish","type":"product","link":"https:\/\/www.tenyutool.com\/pt\/product\/cordless-drill-1-2-inch-drill\/","title":{"rendered":"Furadeira sem fio Furadeira de 1\/2 polegada, torque de 400 pol-lbs, bateria de 20 V com carregador r\u00e1pido, furadeira el\u00e9trica sem fio para parede de concreto, madeira, metal"},"content":{"rendered":"<p>Caracter\u00edstica:<\/p>\n<ul>\n<li>O mandril de catraca de 1\/2 polegada fornece for\u00e7a de preens\u00e3o de bits superior.<\/li>\n<li>Corpo da broca um pouco maior que brocas de 3\/8\u2033 com muito mais solidez e desempenho superior. A al\u00e7a lateral aumentou o conforto, o equil\u00edbrio e o controle da ferramenta mais f\u00e1cil.<\/li>\n<li>Torque de 400 in-lbs, 2 configura\u00e7\u00f5es de velocidade vari\u00e1vel (0-400 rpm e 0-1.600 rpm), 20 + 1 configura\u00e7\u00f5es de torque.<\/li>\n<\/ul>\n<figure id=\"attachment_15222\" aria-describedby=\"caption-attachment-15222\" style=\"width: 800px\" class=\"wp-caption alignnone\"><img fetchpriority=\"high\" decoding=\"async\" class=\"size-full wp-image-15222\" src=\"https:\/\/www.tenyutool.com\/wp-content\/uploads\/2022\/08\/Electric-Hammer5.jpg\" alt=\"martelo el\u00e9trico5\" width=\"800\" height=\"800\" srcset=\"https:\/\/www.tenyutool.com\/wp-content\/uploads\/2022\/08\/Electric-Hammer5.jpg 800w, https:\/\/www.tenyutool.com\/wp-content\/uploads\/2022\/08\/Electric-Hammer5-150x150.jpg 150w, https:\/\/www.tenyutool.com\/wp-content\/uploads\/2022\/08\/Electric-Hammer5-768x768.jpg 768w, https:\/\/www.tenyutool.com\/wp-content\/uploads\/2022\/08\/Electric-Hammer5-12x12.jpg 12w, https:\/\/www.tenyutool.com\/wp-content\/uploads\/2022\/08\/Electric-Hammer5-300x300.jpg 300w, https:\/\/www.tenyutool.com\/wp-content\/uploads\/2022\/08\/Electric-Hammer5-600x600.jpg 600w, https:\/\/www.tenyutool.com\/wp-content\/uploads\/2022\/08\/Electric-Hammer5-100x100.jpg 100w\" sizes=\"(max-width: 800px) 100vw, 800px\" \/><figcaption id=\"caption-attachment-15222\" class=\"wp-caption-text\">Martelo El\u00e9trico<\/figcaption><\/figure>\n<table width=\"1114\">\n<tbody>\n<tr>\n<td colspan=\"9\" width=\"1114\">Descri\u00e7\u00e3o do produto<\/td>\n<\/tr>\n<tr>\n<td colspan=\"9\">Mais escolha para voc\u00ea: <a href=\"https:\/\/www.tenyutool.com\/pt\/\">Casa<\/a> &gt; Martelo El\u00e9trico<\/td>\n<\/tr>\n<tr>\n<td>Nome do Produto<\/td>\n<td colspan=\"8\" width=\"910\">Furadeira sem fio Furadeira de 1\/2 polegada, torque de 400 pol-lbs, bateria de 20 V com carregador r\u00e1pido, furadeira el\u00e9trica sem fio para parede de concreto, madeira, metal<\/td>\n<\/tr>\n<tr>\n<td>Fonte de energia<\/td>\n<td colspan=\"8\">Alimentado por bateria<\/td>\n<\/tr>\n<tr>\n<td>Velocidade Rotacional M\u00e1xima<\/td>\n<td colspan=\"8\">1600 RPM<\/td>\n<\/tr>\n<tr>\n<td>Tens\u00e3o<\/td>\n<td colspan=\"8\">\u00a020 Volts<\/td>\n<\/tr>\n<\/tbody>\n<\/table>\n<p>&nbsp;<\/p>","protected":false},"excerpt":{"rendered":"<p>Feature: 1\/2 inch ratcheting chuck provides superior bit gripping strength. Drill body little bit larger than 3\/8&#8243; drills with much more solid, higher performance. The side handle increased comfort, balance, and easier tool control. 400 in-lbs torque, 2 variable speed setting(0-400rpm&amp;0-1,600rpm), 20+1 torque settings. Product Description More Choice For You: Home &gt; Electric Hammer Product [&hellip;]<\/p>\n","protected":false},"featured_media":15222,"comment_status":"closed","ping_status":"closed","template":"","meta":{"_acf_changed":false,"_seopress_robots_primary_cat":"","_seopress_titles_title":"Cordless Drill 1\/2 Inch Drill | for Concrete Wall, Wood, Metal","_seopress_titles_desc":"","_seopress_robots_index":"","site-sidebar-layout":"default","site-content-layout":"default","ast-site-content-layout":"default","site-content-style":"default","site-sidebar-style":"default","ast-global-header-display":"","ast-banner-title-visibility":"","ast-main-header-display":"","ast-hfb-above-header-display":"","ast-hfb-below-header-display":"","ast-hfb-mobile-header-display":"","site-post-title":"","ast-breadcrumbs-content":"","ast-featured-img":"","footer-sml-layout":"","ast-disable-related-posts":"","theme-transparent-header-meta":"default","adv-header-id-meta":"","stick-header-meta":"","header-above-stick-meta":"","header-main-stick-meta":"","header-below-stick-meta":"","astra-migrate-meta-layouts":"default","ast-page-background-enabled":"default","ast-page-background-meta":{"desktop":{"background-color":"","background-image":"","background-repeat":"repeat","background-position":"center center","background-size":"auto","background-attachment":"scroll","background-type":"","background-media":"","overlay-type":"","overlay-color":"","overlay-opacity":"","overlay-gradient":""},"tablet":{"background-color":"","background-image":"","background-repeat":"repeat","background-position":"center center","background-size":"auto","background-attachment":"scroll","background-type":"","background-media":"","overlay-type":"","overlay-color":"","overlay-opacity":"","overlay-gradient":""},"mobile":{"background-color":"","background-image":"","background-repeat":"repeat","background-position":"center center","background-size":"auto","background-attachment":"scroll","background-type":"","background-media":"","overlay-type":"","overlay-color":"","overlay-opacity":"","overlay-gradient":""}},"ast-content-background-meta":{"desktop":{"background-color":"var(--ast-global-color-5)","background-image":"","background-repeat":"repeat","background-position":"center center","background-size":"auto","background-attachment":"scroll","background-type":"","background-media":"","overlay-type":"","overlay-color":"","overlay-opacity":"","overlay-gradient":""},"tablet":{"background-color":"var(--ast-global-color-5)","background-image":"","background-repeat":"repeat","background-position":"center center","background-size":"auto","background-attachment":"scroll","background-type":"","background-media":"","overlay-type":"","overlay-color":"","overlay-opacity":"","overlay-gradient":""},"mobile":{"background-color":"var(--ast-global-color-5)","background-image":"","background-repeat":"repeat","background-position":"center center","background-size":"auto","background-attachment":"scroll","background-type":"","background-media":"","overlay-type":"","overlay-color":"","overlay-opacity":"","overlay-gradient":""}}},"product_brand":[],"product_cat":[25],"product_tag":[],"class_list":{"0":"post-15228","1":"product","2":"type-product","3":"status-publish","4":"has-post-thumbnail","6":"product_cat-electric-hammer","7":"desktop-align-left","8":"tablet-align-left","9":"mobile-align-left","11":"first","12":"instock","13":"shipping-taxable","14":"product-type-simple"},"acf":[],"_links":{"self":[{"href":"https:\/\/www.tenyutool.com\/pt\/wp-json\/wp\/v2\/product\/15228","targetHints":{"allow":["GET"]}}],"collection":[{"href":"https:\/\/www.tenyutool.com\/pt\/wp-json\/wp\/v2\/product"}],"about":[{"href":"https:\/\/www.tenyutool.com\/pt\/wp-json\/wp\/v2\/types\/product"}],"replies":[{"embeddable":true,"href":"https:\/\/www.tenyutool.com\/pt\/wp-json\/wp\/v2\/comments?post=15228"}],"wp:featuredmedia":[{"embeddable":true,"href":"https:\/\/www.tenyutool.com\/pt\/wp-json\/wp\/v2\/media\/15222"}],"wp:attachment":[{"href":"https:\/\/www.tenyutool.com\/pt\/wp-json\/wp\/v2\/media?parent=15228"}],"wp:term":[{"taxonomy":"product_brand","embeddable":true,"href":"https:\/\/www.tenyutool.com\/pt\/wp-json\/wp\/v2\/product_brand?post=15228"},{"taxonomy":"product_cat","embeddable":true,"href":"https:\/\/www.tenyutool.com\/pt\/wp-json\/wp\/v2\/product_cat?post=15228"},{"taxonomy":"product_tag","embeddable":true,"href":"https:\/\/www.tenyutool.com\/pt\/wp-json\/wp\/v2\/product_tag?post=15228"}],"curies":[{"name":"wp","href":"https:\/\/api.w.org\/{rel}","templated":true}]}}