{"id":15231,"date":"2022-08-29T09:50:59","date_gmt":"2022-08-29T09:50:59","guid":{"rendered":"https:\/\/www.tenyutool.com\/?post_type=product&#038;p=15231"},"modified":"2022-08-29T09:50:59","modified_gmt":"2022-08-29T09:50:59","slug":"furadeira-de-martelo-eletrico-com-fio-de-1-2-polegadas","status":"publish","type":"product","link":"https:\/\/www.tenyutool.com\/pt\/product\/1-2-inch-corded-electric-hammer-drill\/","title":{"rendered":"Furadeira de martelo de 7 Amp (850W), furadeira de martelo el\u00e9trica com fio de 1\/2 polegada com 3000 rpm, para reforma da casa, bricolage, a\u00e7o, alvenaria, madeira (N\u00c3O para concreto armado)"},"content":{"rendered":"<p>Caracter\u00edstica:<\/p>\n<ul>\n<li>Esta poderosa furadeira el\u00e9trica com fio de 1\/2 polegada est\u00e1 equipada com um motor de n\u00facleo de cobre industrial de alta efici\u00eancia.<\/li>\n<li>Com seu recurso de velocidade vari\u00e1vel, voc\u00ea pode ajustar facilmente a velocidade para atender \u00e0s suas necessidades - de 0 a 3.000 rpm.<\/li>\n<li>Seu design f\u00e1cil de usar permite alternar rapidamente entre as fun\u00e7\u00f5es de martelo e perfura\u00e7\u00e3o, tornando-o ideal para uso dom\u00e9stico e profissional.<\/li>\n<\/ul>\n<figure id=\"attachment_15233\" aria-describedby=\"caption-attachment-15233\" style=\"width: 800px\" class=\"wp-caption alignnone\"><img fetchpriority=\"high\" decoding=\"async\" class=\"size-full wp-image-15233\" src=\"https:\/\/www.tenyutool.com\/wp-content\/uploads\/2022\/08\/Electric-Hammer9..jpg\" alt=\"Furadeira de impacto de 7 amp (850 w), furadeira el\u00e9trica com fio de 1\/2 polegada com 3000 rpm, para melhoria da casa, fa\u00e7a voc\u00ea mesmo, a\u00e7o, alvenaria, madeira (n\u00e3o para concreto armado)\" width=\"800\" height=\"800\" srcset=\"https:\/\/www.tenyutool.com\/wp-content\/uploads\/2022\/08\/Electric-Hammer9..jpg 800w, https:\/\/www.tenyutool.com\/wp-content\/uploads\/2022\/08\/Electric-Hammer9.-150x150.jpg 150w, https:\/\/www.tenyutool.com\/wp-content\/uploads\/2022\/08\/Electric-Hammer9.-768x768.jpg 768w, https:\/\/www.tenyutool.com\/wp-content\/uploads\/2022\/08\/Electric-Hammer9.-12x12.jpg 12w, https:\/\/www.tenyutool.com\/wp-content\/uploads\/2022\/08\/Electric-Hammer9.-300x300.jpg 300w, https:\/\/www.tenyutool.com\/wp-content\/uploads\/2022\/08\/Electric-Hammer9.-600x600.jpg 600w, https:\/\/www.tenyutool.com\/wp-content\/uploads\/2022\/08\/Electric-Hammer9.-100x100.jpg 100w\" sizes=\"(max-width: 800px) 100vw, 800px\" \/><figcaption id=\"caption-attachment-15233\" class=\"wp-caption-text\">Furadeira de percuss\u00e3o de 7 amp (850 w), furadeira de percuss\u00e3o el\u00e9trica com fio de 1\/2 polegada com 3000 rpm, para melhoria da casa, bricolage, a\u00e7o, alvenaria, madeira (n\u00e3o para concreto armado)<\/figcaption><\/figure>\n<table width=\"1114\">\n<tbody>\n<tr>\n<td colspan=\"9\" width=\"1114\">Descri\u00e7\u00e3o do produto<\/td>\n<\/tr>\n<tr>\n<td colspan=\"9\">Mais escolha para voc\u00ea: <a href=\"https:\/\/www.tenyutool.com\/pt\/\">Casa<\/a> &gt; Martelo El\u00e9trico<\/td>\n<\/tr>\n<tr>\n<td>Nome do Produto<\/td>\n<td colspan=\"8\" width=\"910\">Furadeira de martelo de 7 Amp (850W), furadeira de martelo el\u00e9trica com fio de 1\/2 polegada com 3000 rpm, para reforma da casa, bricolage, a\u00e7o, alvenaria, madeira (N\u00c3O para concreto armado)<\/td>\n<\/tr>\n<tr>\n<td>Fonte de energia<\/td>\n<td colspan=\"8\">El\u00e9trico com fio<\/td>\n<\/tr>\n<tr>\n<td>Velocidade Rotacional M\u00e1xima<\/td>\n<td colspan=\"8\">3000 RPM<\/td>\n<\/tr>\n<tr>\n<td>Tens\u00e3o<\/td>\n<td colspan=\"8\">\u00a0110 Volts<\/td>\n<\/tr>\n<\/tbody>\n<\/table>","protected":false},"excerpt":{"rendered":"<p>Feature: This powerful 1\/2-inch corded electric hammer drill is equipped with a high-efficiency industrial copper core motor. With its variable speed feature, you can easily adjust the speed to suit your needs \u2013 from 0 to 3000rpm. Its easy-to-use design lets you quickly switch between the hammer and drilling functions, making it ideal for both [&hellip;]<\/p>\n","protected":false},"featured_media":15233,"comment_status":"closed","ping_status":"closed","template":"","meta":{"_acf_changed":false,"_seopress_robots_primary_cat":"","_seopress_titles_title":"1\/2 inch corded electri hammer drill | for Home Improvement DIY Steel Masonry Wood ","_seopress_titles_desc":"","_seopress_robots_index":"","site-sidebar-layout":"default","site-content-layout":"default","ast-site-content-layout":"default","site-content-style":"default","site-sidebar-style":"default","ast-global-header-display":"","ast-banner-title-visibility":"","ast-main-header-display":"","ast-hfb-above-header-display":"","ast-hfb-below-header-display":"","ast-hfb-mobile-header-display":"","site-post-title":"","ast-breadcrumbs-content":"","ast-featured-img":"","footer-sml-layout":"","ast-disable-related-posts":"","theme-transparent-header-meta":"default","adv-header-id-meta":"","stick-header-meta":"","header-above-stick-meta":"","header-main-stick-meta":"","header-below-stick-meta":"","astra-migrate-meta-layouts":"default","ast-page-background-enabled":"default","ast-page-background-meta":{"desktop":{"background-color":"","background-image":"","background-repeat":"repeat","background-position":"center center","background-size":"auto","background-attachment":"scroll","background-type":"","background-media":"","overlay-type":"","overlay-color":"","overlay-opacity":"","overlay-gradient":""},"tablet":{"background-color":"","background-image":"","background-repeat":"repeat","background-position":"center center","background-size":"auto","background-attachment":"scroll","background-type":"","background-media":"","overlay-type":"","overlay-color":"","overlay-opacity":"","overlay-gradient":""},"mobile":{"background-color":"","background-image":"","background-repeat":"repeat","background-position":"center center","background-size":"auto","background-attachment":"scroll","background-type":"","background-media":"","overlay-type":"","overlay-color":"","overlay-opacity":"","overlay-gradient":""}},"ast-content-background-meta":{"desktop":{"background-color":"var(--ast-global-color-5)","background-image":"","background-repeat":"repeat","background-position":"center center","background-size":"auto","background-attachment":"scroll","background-type":"","background-media":"","overlay-type":"","overlay-color":"","overlay-opacity":"","overlay-gradient":""},"tablet":{"background-color":"var(--ast-global-color-5)","background-image":"","background-repeat":"repeat","background-position":"center center","background-size":"auto","background-attachment":"scroll","background-type":"","background-media":"","overlay-type":"","overlay-color":"","overlay-opacity":"","overlay-gradient":""},"mobile":{"background-color":"var(--ast-global-color-5)","background-image":"","background-repeat":"repeat","background-position":"center center","background-size":"auto","background-attachment":"scroll","background-type":"","background-media":"","overlay-type":"","overlay-color":"","overlay-opacity":"","overlay-gradient":""}}},"product_brand":[],"product_cat":[25],"product_tag":[],"class_list":{"0":"post-15231","1":"product","2":"type-product","3":"status-publish","4":"has-post-thumbnail","6":"product_cat-electric-hammer","7":"desktop-align-left","8":"tablet-align-left","9":"mobile-align-left","11":"first","12":"instock","13":"shipping-taxable","14":"product-type-simple"},"acf":[],"_links":{"self":[{"href":"https:\/\/www.tenyutool.com\/pt\/wp-json\/wp\/v2\/product\/15231","targetHints":{"allow":["GET"]}}],"collection":[{"href":"https:\/\/www.tenyutool.com\/pt\/wp-json\/wp\/v2\/product"}],"about":[{"href":"https:\/\/www.tenyutool.com\/pt\/wp-json\/wp\/v2\/types\/product"}],"replies":[{"embeddable":true,"href":"https:\/\/www.tenyutool.com\/pt\/wp-json\/wp\/v2\/comments?post=15231"}],"wp:featuredmedia":[{"embeddable":true,"href":"https:\/\/www.tenyutool.com\/pt\/wp-json\/wp\/v2\/media\/15233"}],"wp:attachment":[{"href":"https:\/\/www.tenyutool.com\/pt\/wp-json\/wp\/v2\/media?parent=15231"}],"wp:term":[{"taxonomy":"product_brand","embeddable":true,"href":"https:\/\/www.tenyutool.com\/pt\/wp-json\/wp\/v2\/product_brand?post=15231"},{"taxonomy":"product_cat","embeddable":true,"href":"https:\/\/www.tenyutool.com\/pt\/wp-json\/wp\/v2\/product_cat?post=15231"},{"taxonomy":"product_tag","embeddable":true,"href":"https:\/\/www.tenyutool.com\/pt\/wp-json\/wp\/v2\/product_tag?post=15231"}],"curies":[{"name":"wp","href":"https:\/\/api.w.org\/{rel}","templated":true}]}}