{"id":15275,"date":"2022-08-30T05:38:38","date_gmt":"2022-08-30T05:38:38","guid":{"rendered":"https:\/\/www.tenyutool.com\/?post_type=product&#038;p=15275"},"modified":"2022-08-30T05:38:38","modified_gmt":"2022-08-30T05:38:38","slug":"cogumelo-serra-desova-inoculacao-broca","status":"publish","type":"product","link":"https:\/\/www.tenyutool.com\/pt\/product\/mushroom-sawdust-spawn-inoculation-drill-bit\/","title":{"rendered":"Broca de inocula\u00e7\u00e3o de serragem de cogumelo com rolha - haste redonda, di\u00e2metro do furo 8,5 mm"},"content":{"rendered":"<p>Caracter\u00edstica:<\/p>\n<ul>\n<li>A broca de cogumelos \u00e9 a ferramenta perfeita para quem procura melhorar a efici\u00eancia da inocula\u00e7\u00e3o de spawn de cogumelos.<\/li>\n<li>Com seu batente de profundidade embutido, ele ajuda a fazer furos consistentes, ao mesmo tempo em que expele lascas de madeira para fora do furo enquanto voc\u00ea perfura.<\/li>\n<li>O di\u00e2metro do orif\u00edcio (8,5 mm) e a profundidade (25 mm) s\u00e3o perfeitamente dimensionados para a maioria das necessidades de inocula\u00e7\u00e3o de mic\u00e9lios de cogumelos. E com uma haste redonda de 65 mm, \u00e9 compat\u00edvel com a maioria dos mandris de broca padr\u00e3o.<\/li>\n<\/ul>\n<figure id=\"attachment_15286\" aria-describedby=\"caption-attachment-15286\" style=\"width: 800px\" class=\"wp-caption alignnone\"><img fetchpriority=\"high\" decoding=\"async\" class=\"size-full wp-image-15286\" src=\"https:\/\/www.tenyutool.com\/wp-content\/uploads\/2022\/08\/Mushroom-Sawdust-Spawn-Inoculation-Drill-Bit-with-Stopper-Round-Shank-Hole-Diameter-8.5mm.jpg\" alt=\"Broca de inocula\u00e7\u00e3o de serragem de cogumelos com haste redonda de rolha, di\u00e2metro do furo 8,5 mm\" width=\"800\" height=\"800\" srcset=\"https:\/\/www.tenyutool.com\/wp-content\/uploads\/2022\/08\/Mushroom-Sawdust-Spawn-Inoculation-Drill-Bit-with-Stopper-Round-Shank-Hole-Diameter-8.5mm.jpg 800w, https:\/\/www.tenyutool.com\/wp-content\/uploads\/2022\/08\/Mushroom-Sawdust-Spawn-Inoculation-Drill-Bit-with-Stopper-Round-Shank-Hole-Diameter-8.5mm-150x150.jpg 150w, https:\/\/www.tenyutool.com\/wp-content\/uploads\/2022\/08\/Mushroom-Sawdust-Spawn-Inoculation-Drill-Bit-with-Stopper-Round-Shank-Hole-Diameter-8.5mm-768x768.jpg 768w, https:\/\/www.tenyutool.com\/wp-content\/uploads\/2022\/08\/Mushroom-Sawdust-Spawn-Inoculation-Drill-Bit-with-Stopper-Round-Shank-Hole-Diameter-8.5mm-12x12.jpg 12w, https:\/\/www.tenyutool.com\/wp-content\/uploads\/2022\/08\/Mushroom-Sawdust-Spawn-Inoculation-Drill-Bit-with-Stopper-Round-Shank-Hole-Diameter-8.5mm-300x300.jpg 300w, https:\/\/www.tenyutool.com\/wp-content\/uploads\/2022\/08\/Mushroom-Sawdust-Spawn-Inoculation-Drill-Bit-with-Stopper-Round-Shank-Hole-Diameter-8.5mm-600x600.jpg 600w, https:\/\/www.tenyutool.com\/wp-content\/uploads\/2022\/08\/Mushroom-Sawdust-Spawn-Inoculation-Drill-Bit-with-Stopper-Round-Shank-Hole-Diameter-8.5mm-100x100.jpg 100w\" sizes=\"(max-width: 800px) 100vw, 800px\" \/><figcaption id=\"caption-attachment-15286\" class=\"wp-caption-text\">Broca de inocula\u00e7\u00e3o de serragem de cogumelos com haste redonda de rolha, di\u00e2metro do furo 8,5 mm<\/figcaption><\/figure>\n<table style=\"border-collapse: collapse; width: 851.27pt;\" border=\"0\" width=\"1135\" cellspacing=\"0\" cellpadding=\"0\">\n<tbody>\n<tr style=\"height: 30.00pt;\">\n<td class=\"et2\" style=\"height: 30.00pt; width: 851.25pt;\" colspan=\"9\" width=\"1135\" height=\"40\">Descri\u00e7\u00e3o do produto<\/td>\n<\/tr>\n<tr style=\"height: 32.00pt;\">\n<td class=\"et3\" style=\"height: 32.00pt;\" colspan=\"9\" height=\"42\">Mais escolha para voc\u00ea: <a href=\"https:\/\/www.tenyutool.com\/pt\/\">Casa<\/a> &gt; Broca Cogumelo<\/td>\n<\/tr>\n<tr style=\"height: 35.00pt;\">\n<td class=\"et5\" style=\"height: 35.00pt;\" height=\"46\">Nome do Produto<\/td>\n<td class=\"et6\" style=\"width: 682.50pt;\" colspan=\"8\" width=\"910\">Broca de inocula\u00e7\u00e3o de serragem de cogumelo com rolha - haste redonda, di\u00e2metro do furo 8,5 mm<\/td>\n<\/tr>\n<tr style=\"height: 32.00pt;\">\n<td class=\"et8\" style=\"height: 32.00pt;\" height=\"42\">Material<\/td>\n<td class=\"et8\" colspan=\"8\">Liga de a\u00e7o<\/td>\n<\/tr>\n<tr style=\"height: 32.00pt;\">\n<td class=\"et4\" style=\"height: 32.00pt;\" height=\"42\">Tipo de haste<\/td>\n<td class=\"et8\" colspan=\"8\">Redondo<\/td>\n<\/tr>\n<tr style=\"height: 30.00pt;\">\n<td class=\"et12\" style=\"height: 30.00pt;\" height=\"40\">Recomenda\u00e7\u00e3o de superf\u00edcie<\/td>\n<td class=\"et13\" colspan=\"8\">Liga de a\u00e7o<\/td>\n<\/tr>\n<\/tbody>\n<\/table>\n<p>&nbsp;<\/p>","protected":false},"excerpt":{"rendered":"<p>Feature: The Mushroom Drill Bit is the perfect tool for anyone looking to improve the efficiency for mushroom spawn inoculation. With its built-in depth-stop, it helps make consistent holes, while also expelling woodchips out of the hole as you drill. Its hole diameter (8.5mm) and depth (25mm) are perfectly sized for most mushroom spawn inoculation [&hellip;]<\/p>\n","protected":false},"featured_media":15286,"comment_status":"closed","ping_status":"closed","template":"","meta":{"_acf_changed":false,"_seopress_robots_primary_cat":"","_seopress_titles_title":"Mushroom Sawdust Spawn Inoculation Drill Bit | with Stopper Round Shank ","_seopress_titles_desc":"","_seopress_robots_index":"","site-sidebar-layout":"default","site-content-layout":"default","ast-site-content-layout":"default","site-content-style":"default","site-sidebar-style":"default","ast-global-header-display":"","ast-banner-title-visibility":"","ast-main-header-display":"","ast-hfb-above-header-display":"","ast-hfb-below-header-display":"","ast-hfb-mobile-header-display":"","site-post-title":"","ast-breadcrumbs-content":"","ast-featured-img":"","footer-sml-layout":"","ast-disable-related-posts":"","theme-transparent-header-meta":"default","adv-header-id-meta":"","stick-header-meta":"","header-above-stick-meta":"","header-main-stick-meta":"","header-below-stick-meta":"","astra-migrate-meta-layouts":"default","ast-page-background-enabled":"default","ast-page-background-meta":{"desktop":{"background-color":"","background-image":"","background-repeat":"repeat","background-position":"center center","background-size":"auto","background-attachment":"scroll","background-type":"","background-media":"","overlay-type":"","overlay-color":"","overlay-opacity":"","overlay-gradient":""},"tablet":{"background-color":"","background-image":"","background-repeat":"repeat","background-position":"center center","background-size":"auto","background-attachment":"scroll","background-type":"","background-media":"","overlay-type":"","overlay-color":"","overlay-opacity":"","overlay-gradient":""},"mobile":{"background-color":"","background-image":"","background-repeat":"repeat","background-position":"center center","background-size":"auto","background-attachment":"scroll","background-type":"","background-media":"","overlay-type":"","overlay-color":"","overlay-opacity":"","overlay-gradient":""}},"ast-content-background-meta":{"desktop":{"background-color":"var(--ast-global-color-5)","background-image":"","background-repeat":"repeat","background-position":"center center","background-size":"auto","background-attachment":"scroll","background-type":"","background-media":"","overlay-type":"","overlay-color":"","overlay-opacity":"","overlay-gradient":""},"tablet":{"background-color":"var(--ast-global-color-5)","background-image":"","background-repeat":"repeat","background-position":"center center","background-size":"auto","background-attachment":"scroll","background-type":"","background-media":"","overlay-type":"","overlay-color":"","overlay-opacity":"","overlay-gradient":""},"mobile":{"background-color":"var(--ast-global-color-5)","background-image":"","background-repeat":"repeat","background-position":"center center","background-size":"auto","background-attachment":"scroll","background-type":"","background-media":"","overlay-type":"","overlay-color":"","overlay-opacity":"","overlay-gradient":""}}},"product_brand":[],"product_cat":[26],"product_tag":[],"class_list":{"0":"post-15275","1":"product","2":"type-product","3":"status-publish","4":"has-post-thumbnail","6":"product_cat-mushroom-drill-bit","7":"desktop-align-left","8":"tablet-align-left","9":"mobile-align-left","11":"first","12":"instock","13":"shipping-taxable","14":"product-type-simple"},"acf":[],"_links":{"self":[{"href":"https:\/\/www.tenyutool.com\/pt\/wp-json\/wp\/v2\/product\/15275","targetHints":{"allow":["GET"]}}],"collection":[{"href":"https:\/\/www.tenyutool.com\/pt\/wp-json\/wp\/v2\/product"}],"about":[{"href":"https:\/\/www.tenyutool.com\/pt\/wp-json\/wp\/v2\/types\/product"}],"replies":[{"embeddable":true,"href":"https:\/\/www.tenyutool.com\/pt\/wp-json\/wp\/v2\/comments?post=15275"}],"wp:featuredmedia":[{"embeddable":true,"href":"https:\/\/www.tenyutool.com\/pt\/wp-json\/wp\/v2\/media\/15286"}],"wp:attachment":[{"href":"https:\/\/www.tenyutool.com\/pt\/wp-json\/wp\/v2\/media?parent=15275"}],"wp:term":[{"taxonomy":"product_brand","embeddable":true,"href":"https:\/\/www.tenyutool.com\/pt\/wp-json\/wp\/v2\/product_brand?post=15275"},{"taxonomy":"product_cat","embeddable":true,"href":"https:\/\/www.tenyutool.com\/pt\/wp-json\/wp\/v2\/product_cat?post=15275"},{"taxonomy":"product_tag","embeddable":true,"href":"https:\/\/www.tenyutool.com\/pt\/wp-json\/wp\/v2\/product_tag?post=15275"}],"curies":[{"name":"wp","href":"https:\/\/api.w.org\/{rel}","templated":true}]}}