{"id":15300,"date":"2022-08-30T06:29:23","date_gmt":"2022-08-30T06:29:23","guid":{"rendered":"https:\/\/www.tenyutool.com\/?post_type=product&#038;p=15300"},"modified":"2022-08-30T06:29:24","modified_gmt":"2022-08-30T06:29:24","slug":"nucleo-de-serra-de-diamante-brasado-a-vacuo","status":"publish","type":"product","link":"https:\/\/www.tenyutool.com\/pt\/product\/vacuum-brazed-diamond-hole-saw-core\/","title":{"rendered":"Conjunto de brocas de broca de diamante soldadas a v\u00e1cuo para furos de serra de vidro para m\u00e1rmore e vidro fura\u00e7\u00e3o r\u00e1pida"},"content":{"rendered":"<p>Caracter\u00edstica:<\/p>\n<ul>\n<li>O Gr\u00e3o Diamante de alta qualidade proporciona uma perfura\u00e7\u00e3o r\u00e1pida e suave.<\/li>\n<li>Perfura\u00e7\u00e3o a seco sem \u00e1gua, use \u00e1gua por mais tempo.<\/li>\n<li>A tecnologia de diamante brasado a v\u00e1cuo oferece alta efici\u00eancia, cortes mais r\u00e1pidos, dur\u00e1veis e resistentes.<\/li>\n<li>Os orif\u00edcios laterais ajudam a remover facilmente os res\u00edduos enquanto dissipam o calor durante o corte do material.<\/li>\n<li>Adequado para uso em furos em concreto, m\u00e1rmore, azulejo, calc\u00e1rio, tijolo vitrificado, cer\u00e2mica, m\u00e1rmore ard\u00f3sia, pedra clara de granito, etc.&nbsp;\n<p>&nbsp;<\/p>\n<figure id=\"attachment_15302\" aria-describedby=\"caption-attachment-15302\" style=\"width: 800px\" class=\"wp-caption alignnone\"><img fetchpriority=\"high\" decoding=\"async\" class=\"size-full wp-image-15302\" src=\"https:\/\/www.tenyutool.com\/wp-content\/uploads\/2022\/08\/diamond-hole-saw.jpg\" alt=\"Conjunto de broca de n\u00facleo de serra de furo de diamante soldado a v\u00e1cuo cortador de serra de furo a v\u00e1cuo para perfura\u00e7\u00e3o r\u00e1pida de vidro de m\u00e1rmore\" width=\"800\" height=\"800\" srcset=\"https:\/\/www.tenyutool.com\/wp-content\/uploads\/2022\/08\/diamond-hole-saw.jpg 800w, https:\/\/www.tenyutool.com\/wp-content\/uploads\/2022\/08\/diamond-hole-saw-150x150.jpg 150w, https:\/\/www.tenyutool.com\/wp-content\/uploads\/2022\/08\/diamond-hole-saw-768x768.jpg 768w, https:\/\/www.tenyutool.com\/wp-content\/uploads\/2022\/08\/diamond-hole-saw-12x12.jpg 12w, https:\/\/www.tenyutool.com\/wp-content\/uploads\/2022\/08\/diamond-hole-saw-300x300.jpg 300w, https:\/\/www.tenyutool.com\/wp-content\/uploads\/2022\/08\/diamond-hole-saw-600x600.jpg 600w, https:\/\/www.tenyutool.com\/wp-content\/uploads\/2022\/08\/diamond-hole-saw-100x100.jpg 100w\" sizes=\"(max-width: 800px) 100vw, 800px\" \/><figcaption id=\"caption-attachment-15302\" class=\"wp-caption-text\">Conjunto de broca de n\u00facleo de serra de furo de diamante soldado a v\u00e1cuo cortador de serra de furo a v\u00e1cuo para perfura\u00e7\u00e3o r\u00e1pida de vidro de m\u00e1rmore<\/figcaption><\/figure>\n<table class=\"has-title hight-light-first-column all magic-6\">\n<tbody>\n<tr>\n<td colspan=\"5\" rowspan=\"1\">\n<div class=\"magic-7\" data-spm-anchor-id=\"a2700.wholesale.0.i38.68e3138dVWSF0Q\"><span class=\"magic-8\">Descri\u00e7\u00e3o do produto<\/span><\/div>\n<\/td>\n<\/tr>\n<tr>\n<td colspan=\"5\" rowspan=\"1\">\n<div class=\"magic-7\"><b><span class=\"magic-11\">Mais escolha para voc\u00ea: <a href=\"https:\/\/www.tenyutool.com\/pt\/\" target=\"_blank\" rel=\"noopener\">Casa<\/a> &gt; Serra Hole Diamante<\/span><\/b><\/div>\n<\/td>\n<\/tr>\n<tr>\n<td colspan=\"1\" rowspan=\"1\">\n<div class=\"magic-12\">Nome do processo<\/div>\n<\/td>\n<td colspan=\"1\" rowspan=\"1\">\n<div class=\"magic-13\">Conjunto de brocas de broca de diamante soldadas a v\u00e1cuo para furos de serra de vidro para m\u00e1rmore e vidro fura\u00e7\u00e3o r\u00e1pida<\/div>\n<\/td>\n<\/tr>\n<tr>\n<td colspan=\"1\" rowspan=\"1\">\n<div class=\"magic-12\">Material do corpo<\/div>\n<\/td>\n<td colspan=\"1\" rowspan=\"1\">\n<div class=\"magic-13\">A\u00e7o de alto carbono com tratamento t\u00e9rmico<\/div>\n<\/td>\n<\/tr>\n<tr>\n<td colspan=\"1\" rowspan=\"1\">\n<div class=\"magic-14\">Processo<\/div>\n<\/td>\n<td colspan=\"4\" rowspan=\"1\">\n<div class=\"magic-13\">Brasagem a V\u00e1cuo<\/div>\n<\/td>\n<\/tr>\n<tr>\n<td colspan=\"1\" rowspan=\"1\">\n<div class=\"magic-14\">Shank<\/div>\n<\/td>\n<td colspan=\"1\" rowspan=\"1\">\n<div class=\"magic-13\" data-spm-anchor-id=\"a2700.wholesale.0.i39.68e3138dVWSF0Q\">M14 (Tamb\u00e9m temos 5\/8\u2033-11, G1\/2\u2033, M10, Hex Shank, Three-Flats Shank, Round Shank)<\/div>\n<\/td>\n<\/tr>\n<tr>\n<td colspan=\"1\" rowspan=\"1\">\n<div class=\"magic-14\">Acabamento de superf\u00edcie<\/div>\n<\/td>\n<td colspan=\"4\" rowspan=\"1\">\n<div class=\"magic-13\">Dourado\/Azul\/Preto\/Outro<\/div>\n<\/td>\n<\/tr>\n<tr>\n<td colspan=\"1\" rowspan=\"1\">\n<div class=\"magic-14\">Tamanho<\/div>\n<\/td>\n<td colspan=\"4\" rowspan=\"1\">\n<div class=\"magic-13\">5mm \u2013 60mm<\/div>\n<\/td>\n<\/tr>\n<tr>\n<td colspan=\"1\" rowspan=\"1\">\n<div class=\"magic-14\">Pacote<\/div>\n<\/td>\n<td colspan=\"4\" rowspan=\"1\">\n<div class=\"magic-13\">5 pe\u00e7as, 6 pe\u00e7as, 8 pe\u00e7as, 12 pe\u00e7as em uma caixa de alum\u00ednio ou conforme sua exig\u00eancia<\/div>\n<\/td>\n<\/tr>\n<\/tbody>\n<\/table>\n<\/li>\n<\/ul>","protected":false},"excerpt":{"rendered":"<p>Feature: High-quality Diamond Grain provides fast and smooth drilling. Dry drilling without water, use water for longer time. Vacuum Brazed diamond technology provides very high efficiency, cuts faster, durable and sturdy. Side holes help to remove the waste material easily while dissipating heat during cutting of the material. Suitable for use in drill holes on [&hellip;]<\/p>\n","protected":false},"featured_media":15302,"comment_status":"closed","ping_status":"closed","template":"","meta":{"_acf_changed":false,"_seopress_robots_primary_cat":"","_seopress_titles_title":"Vacuum Brazed Diamond Hole Saw Core | for Marble Tile Glass Fast Drilling","_seopress_titles_desc":"","_seopress_robots_index":"","site-sidebar-layout":"default","site-content-layout":"default","ast-site-content-layout":"default","site-content-style":"default","site-sidebar-style":"default","ast-global-header-display":"","ast-banner-title-visibility":"","ast-main-header-display":"","ast-hfb-above-header-display":"","ast-hfb-below-header-display":"","ast-hfb-mobile-header-display":"","site-post-title":"","ast-breadcrumbs-content":"","ast-featured-img":"","footer-sml-layout":"","ast-disable-related-posts":"","theme-transparent-header-meta":"default","adv-header-id-meta":"","stick-header-meta":"","header-above-stick-meta":"","header-main-stick-meta":"","header-below-stick-meta":"","astra-migrate-meta-layouts":"default","ast-page-background-enabled":"default","ast-page-background-meta":{"desktop":{"background-color":"","background-image":"","background-repeat":"repeat","background-position":"center center","background-size":"auto","background-attachment":"scroll","background-type":"","background-media":"","overlay-type":"","overlay-color":"","overlay-opacity":"","overlay-gradient":""},"tablet":{"background-color":"","background-image":"","background-repeat":"repeat","background-position":"center center","background-size":"auto","background-attachment":"scroll","background-type":"","background-media":"","overlay-type":"","overlay-color":"","overlay-opacity":"","overlay-gradient":""},"mobile":{"background-color":"","background-image":"","background-repeat":"repeat","background-position":"center center","background-size":"auto","background-attachment":"scroll","background-type":"","background-media":"","overlay-type":"","overlay-color":"","overlay-opacity":"","overlay-gradient":""}},"ast-content-background-meta":{"desktop":{"background-color":"var(--ast-global-color-5)","background-image":"","background-repeat":"repeat","background-position":"center center","background-size":"auto","background-attachment":"scroll","background-type":"","background-media":"","overlay-type":"","overlay-color":"","overlay-opacity":"","overlay-gradient":""},"tablet":{"background-color":"var(--ast-global-color-5)","background-image":"","background-repeat":"repeat","background-position":"center center","background-size":"auto","background-attachment":"scroll","background-type":"","background-media":"","overlay-type":"","overlay-color":"","overlay-opacity":"","overlay-gradient":""},"mobile":{"background-color":"var(--ast-global-color-5)","background-image":"","background-repeat":"repeat","background-position":"center center","background-size":"auto","background-attachment":"scroll","background-type":"","background-media":"","overlay-type":"","overlay-color":"","overlay-opacity":"","overlay-gradient":""}}},"product_brand":[],"product_cat":[27],"product_tag":[],"class_list":{"0":"post-15300","1":"product","2":"type-product","3":"status-publish","4":"has-post-thumbnail","6":"product_cat-hole-saw","7":"desktop-align-left","8":"tablet-align-left","9":"mobile-align-left","11":"first","12":"instock","13":"shipping-taxable","14":"product-type-simple"},"acf":[],"_links":{"self":[{"href":"https:\/\/www.tenyutool.com\/pt\/wp-json\/wp\/v2\/product\/15300","targetHints":{"allow":["GET"]}}],"collection":[{"href":"https:\/\/www.tenyutool.com\/pt\/wp-json\/wp\/v2\/product"}],"about":[{"href":"https:\/\/www.tenyutool.com\/pt\/wp-json\/wp\/v2\/types\/product"}],"replies":[{"embeddable":true,"href":"https:\/\/www.tenyutool.com\/pt\/wp-json\/wp\/v2\/comments?post=15300"}],"wp:featuredmedia":[{"embeddable":true,"href":"https:\/\/www.tenyutool.com\/pt\/wp-json\/wp\/v2\/media\/15302"}],"wp:attachment":[{"href":"https:\/\/www.tenyutool.com\/pt\/wp-json\/wp\/v2\/media?parent=15300"}],"wp:term":[{"taxonomy":"product_brand","embeddable":true,"href":"https:\/\/www.tenyutool.com\/pt\/wp-json\/wp\/v2\/product_brand?post=15300"},{"taxonomy":"product_cat","embeddable":true,"href":"https:\/\/www.tenyutool.com\/pt\/wp-json\/wp\/v2\/product_cat?post=15300"},{"taxonomy":"product_tag","embeddable":true,"href":"https:\/\/www.tenyutool.com\/pt\/wp-json\/wp\/v2\/product_tag?post=15300"}],"curies":[{"name":"wp","href":"https:\/\/api.w.org\/{rel}","templated":true}]}}