{"id":15405,"date":"2022-09-01T06:25:50","date_gmt":"2022-09-01T06:25:50","guid":{"rendered":"https:\/\/www.tenyutool.com\/?post_type=product&#038;p=15405"},"modified":"2022-09-01T06:25:50","modified_gmt":"2022-09-01T06:25:50","slug":"cortador-cortador-de-chapas-de-metal","status":"publish","type":"product","link":"https:\/\/www.tenyutool.com\/pt\/product\/metal-sheet-nibbler-cutter\/","title":{"rendered":"Ferramenta de corte multiuso para corte de metal e madeira de cabe\u00e7a dupla"},"content":{"rendered":"<p>Caracter\u00edsticas:<\/p>\n<ul>\n<li>Inclui corpo adaptador de furadeira el\u00e9trica; l\u00e2mina de serra; lidar com; chave sextavada; barra de corte; cabe\u00e7a de corte sobressalente; cabe\u00e7a de convers\u00e3o.<\/li>\n<li>Excelente efeito de corte sem rebarbas e arestas.<\/li>\n<li>Ferro\/Cobre: 5mm (3000rpm ou -2m\/min) Madeira\/placa de fibra pl\u00e1stica\/plexiglass\/madeira compensada: 5mm (3000rpm ou -1m\/min)<\/li>\n<li>Calhas, se\u00e7\u00f5es de telhado, formas complexas ou est\u00eanceis podem ser cortados com precis\u00e3o.<\/li>\n<li data-spm-anchor-id=\"a2700.pc-decorate.0.i6.12853333mCBjgp\">O produto \u00e9 amplamente utilizado para cortar ou serrar chapas met\u00e1licas, hastes met\u00e1licas e fatias, pl\u00e1stico, fibra de vidro, madeira.\n<figure id=\"attachment_15408\" aria-describedby=\"caption-attachment-15408\" style=\"width: 800px\" class=\"wp-caption alignnone\"><img fetchpriority=\"high\" decoding=\"async\" class=\"size-full wp-image-15408\" src=\"https:\/\/www.tenyutool.com\/wp-content\/uploads\/2022\/09\/Multipurpose-Double-Head-Sheet-Metal-Nibbler-Cutter-Tool-for-Cutting-Metal-and-Wood.jpg\" alt=\"Ferramenta de corte de nibbler de folha de metal de cabe\u00e7a dupla multiuso para cortar metal e madeira\" width=\"800\" height=\"800\" srcset=\"https:\/\/www.tenyutool.com\/wp-content\/uploads\/2022\/09\/Multipurpose-Double-Head-Sheet-Metal-Nibbler-Cutter-Tool-for-Cutting-Metal-and-Wood.jpg 800w, https:\/\/www.tenyutool.com\/wp-content\/uploads\/2022\/09\/Multipurpose-Double-Head-Sheet-Metal-Nibbler-Cutter-Tool-for-Cutting-Metal-and-Wood-150x150.jpg 150w, https:\/\/www.tenyutool.com\/wp-content\/uploads\/2022\/09\/Multipurpose-Double-Head-Sheet-Metal-Nibbler-Cutter-Tool-for-Cutting-Metal-and-Wood-768x768.jpg 768w, https:\/\/www.tenyutool.com\/wp-content\/uploads\/2022\/09\/Multipurpose-Double-Head-Sheet-Metal-Nibbler-Cutter-Tool-for-Cutting-Metal-and-Wood-12x12.jpg 12w, https:\/\/www.tenyutool.com\/wp-content\/uploads\/2022\/09\/Multipurpose-Double-Head-Sheet-Metal-Nibbler-Cutter-Tool-for-Cutting-Metal-and-Wood-300x300.jpg 300w, https:\/\/www.tenyutool.com\/wp-content\/uploads\/2022\/09\/Multipurpose-Double-Head-Sheet-Metal-Nibbler-Cutter-Tool-for-Cutting-Metal-and-Wood-600x600.jpg 600w, https:\/\/www.tenyutool.com\/wp-content\/uploads\/2022\/09\/Multipurpose-Double-Head-Sheet-Metal-Nibbler-Cutter-Tool-for-Cutting-Metal-and-Wood-100x100.jpg 100w\" sizes=\"(max-width: 800px) 100vw, 800px\" \/><figcaption id=\"caption-attachment-15408\" class=\"wp-caption-text\">Ferramenta de corte multiuso para corte de metal e madeira de cabe\u00e7a dupla<\/figcaption><\/figure>\n<table class=\"has-title hight-light-first-column all magic-4\">\n<tbody>\n<tr>\n<td colspan=\"5\" rowspan=\"1\">\n<div class=\"magic-5\"><span class=\"magic-6\">Descri\u00e7\u00e3o do produto<\/span><\/div>\n<\/td>\n<\/tr>\n<tr>\n<td colspan=\"5\" rowspan=\"1\">\n<div class=\"magic-5\"><b><span class=\"magic-9\">Mais escolha para voc\u00ea: <a href=\"https:\/\/www.tenyutool.com\/pt\/\" target=\"_blank\" rel=\"noopener\">Casa<\/a> &gt; <a href=\"https:\/\/www.tenyutool.com\/pt\/metal-nibbler-cutter-2\/\">Cortador de Mordidela<\/a><\/span><\/b><\/div>\n<\/td>\n<\/tr>\n<tr>\n<td colspan=\"1\" rowspan=\"1\">\n<div class=\"magic-10\">Nome do Produto<\/div>\n<\/td>\n<td colspan=\"4\" rowspan=\"1\">\n<div class=\"magic-11\">Ferramenta de corte multiuso para corte de metal e madeira de cabe\u00e7a dupla<\/div>\n<\/td>\n<\/tr>\n<tr>\n<td colspan=\"1\" rowspan=\"1\">\n<div class=\"magic-10\">Material<\/div>\n<\/td>\n<td colspan=\"1\" rowspan=\"1\">\n<div class=\"magic-11\">A\u00e7o carbono<\/div>\n<\/td>\n<\/tr>\n<tr>\n<td colspan=\"1\" rowspan=\"1\">\n<div class=\"magic-12\">Peso<\/div>\n<\/td>\n<td colspan=\"4\" rowspan=\"1\">\n<div class=\"magic-13\">900g (o peso varia de acordo com os requisitos da embalagem)<\/div>\n<\/td>\n<\/tr>\n<tr>\n<td colspan=\"1\" rowspan=\"1\">\n<div class=\"magic-12\">Acabamento de superf\u00edcie<\/div>\n<\/td>\n<td colspan=\"4\" rowspan=\"1\">\n<div class=\"magic-13\">Prata<\/div>\n<\/td>\n<\/tr>\n<tr>\n<td colspan=\"1\" rowspan=\"1\">\n<div class=\"magic-12\">Pacote<\/div>\n<\/td>\n<td colspan=\"1\" rowspan=\"1\">\n<div class=\"magic-13\">Uma pe\u00e7a embalada em blister duplo<\/div>\n<\/td>\n<\/tr>\n<\/tbody>\n<\/table>\n<\/li>\n<\/ul>","protected":false},"excerpt":{"rendered":"<p>Features: Include\u00a0electric drill adapter body; saw blade; handle; hex wrench; cutter bar; spare cutter head; conversion head. Excellent cutting effect without any burrs and edges. Iron\/Copper: 5mm (3000rpm or -2m\/min)\u00a0Wood\/plastic fiberboard\/plexiglass\/plywood: 5mm (3000rpm or -1m\/min) Gutters, roof sections, complex shapes, or stencils can be cut with accuracy. The product is widely used for cutting or [&hellip;]<\/p>\n","protected":false},"featured_media":15408,"comment_status":"closed","ping_status":"closed","template":"","meta":{"_acf_changed":false,"_seopress_robots_primary_cat":"","_seopress_titles_title":"Metal Sheet Nibbler Cutter | Multi Metal Wood Nibbler Bit","_seopress_titles_desc":"","_seopress_robots_index":"","site-sidebar-layout":"default","site-content-layout":"default","ast-site-content-layout":"default","site-content-style":"default","site-sidebar-style":"default","ast-global-header-display":"","ast-banner-title-visibility":"","ast-main-header-display":"","ast-hfb-above-header-display":"","ast-hfb-below-header-display":"","ast-hfb-mobile-header-display":"","site-post-title":"","ast-breadcrumbs-content":"","ast-featured-img":"","footer-sml-layout":"","ast-disable-related-posts":"","theme-transparent-header-meta":"default","adv-header-id-meta":"","stick-header-meta":"","header-above-stick-meta":"","header-main-stick-meta":"","header-below-stick-meta":"","astra-migrate-meta-layouts":"default","ast-page-background-enabled":"default","ast-page-background-meta":{"desktop":{"background-color":"","background-image":"","background-repeat":"repeat","background-position":"center center","background-size":"auto","background-attachment":"scroll","background-type":"","background-media":"","overlay-type":"","overlay-color":"","overlay-opacity":"","overlay-gradient":""},"tablet":{"background-color":"","background-image":"","background-repeat":"repeat","background-position":"center center","background-size":"auto","background-attachment":"scroll","background-type":"","background-media":"","overlay-type":"","overlay-color":"","overlay-opacity":"","overlay-gradient":""},"mobile":{"background-color":"","background-image":"","background-repeat":"repeat","background-position":"center center","background-size":"auto","background-attachment":"scroll","background-type":"","background-media":"","overlay-type":"","overlay-color":"","overlay-opacity":"","overlay-gradient":""}},"ast-content-background-meta":{"desktop":{"background-color":"var(--ast-global-color-5)","background-image":"","background-repeat":"repeat","background-position":"center center","background-size":"auto","background-attachment":"scroll","background-type":"","background-media":"","overlay-type":"","overlay-color":"","overlay-opacity":"","overlay-gradient":""},"tablet":{"background-color":"var(--ast-global-color-5)","background-image":"","background-repeat":"repeat","background-position":"center center","background-size":"auto","background-attachment":"scroll","background-type":"","background-media":"","overlay-type":"","overlay-color":"","overlay-opacity":"","overlay-gradient":""},"mobile":{"background-color":"var(--ast-global-color-5)","background-image":"","background-repeat":"repeat","background-position":"center center","background-size":"auto","background-attachment":"scroll","background-type":"","background-media":"","overlay-type":"","overlay-color":"","overlay-opacity":"","overlay-gradient":""}}},"product_brand":[],"product_cat":[28],"product_tag":[],"class_list":{"0":"post-15405","1":"product","2":"type-product","3":"status-publish","4":"has-post-thumbnail","6":"product_cat-nibbler-cutter","7":"desktop-align-left","8":"tablet-align-left","9":"mobile-align-left","11":"first","12":"instock","13":"shipping-taxable","14":"product-type-simple"},"acf":[],"_links":{"self":[{"href":"https:\/\/www.tenyutool.com\/pt\/wp-json\/wp\/v2\/product\/15405","targetHints":{"allow":["GET"]}}],"collection":[{"href":"https:\/\/www.tenyutool.com\/pt\/wp-json\/wp\/v2\/product"}],"about":[{"href":"https:\/\/www.tenyutool.com\/pt\/wp-json\/wp\/v2\/types\/product"}],"replies":[{"embeddable":true,"href":"https:\/\/www.tenyutool.com\/pt\/wp-json\/wp\/v2\/comments?post=15405"}],"wp:featuredmedia":[{"embeddable":true,"href":"https:\/\/www.tenyutool.com\/pt\/wp-json\/wp\/v2\/media\/15408"}],"wp:attachment":[{"href":"https:\/\/www.tenyutool.com\/pt\/wp-json\/wp\/v2\/media?parent=15405"}],"wp:term":[{"taxonomy":"product_brand","embeddable":true,"href":"https:\/\/www.tenyutool.com\/pt\/wp-json\/wp\/v2\/product_brand?post=15405"},{"taxonomy":"product_cat","embeddable":true,"href":"https:\/\/www.tenyutool.com\/pt\/wp-json\/wp\/v2\/product_cat?post=15405"},{"taxonomy":"product_tag","embeddable":true,"href":"https:\/\/www.tenyutool.com\/pt\/wp-json\/wp\/v2\/product_tag?post=15405"}],"curies":[{"name":"wp","href":"https:\/\/api.w.org\/{rel}","templated":true}]}}