{"id":15414,"date":"2022-09-01T07:12:01","date_gmt":"2022-09-01T07:12:01","guid":{"rendered":"https:\/\/www.tenyutool.com\/?post_type=product&#038;p=15414"},"modified":"2022-09-01T07:31:47","modified_gmt":"2022-09-01T07:31:47","slug":"picadores-de-aco","status":"publish","type":"product","link":"https:\/\/www.tenyutool.com\/pt\/product\/steel-cutting-nibblers\/","title":{"rendered":"5 pe\u00e7as cortador de metal com caixa preta para chapa de pl\u00e1stico corte r\u00e1pido e suave"},"content":{"rendered":"<p>Caracter\u00edsticas:<\/p>\n<ul>\n<li>Tamanho compacto, f\u00e1cil de operar e economia de trabalho.<\/li>\n<li>Mais f\u00e1cil e mais poderoso do que tesouras e snips normais.<\/li>\n<li>Cabe\u00e7a de corte duplo para cortar linhas retas, curvas, c\u00edrculos ou muitas outras linhas e formas irregulares.<\/li>\n<li>A ferramenta perfeita para qualquer tarefa de corte.<\/li>\n<li>Encaixe facilmente em qualquer furadeira padr\u00e3o que funcione entre 1500-3000 RPM<\/li>\n<\/ul>\n<figure id=\"attachment_15373\" aria-describedby=\"caption-attachment-15373\" style=\"width: 800px\" class=\"wp-caption alignnone\"><img fetchpriority=\"high\" decoding=\"async\" class=\"size-full wp-image-15373\" src=\"https:\/\/www.tenyutool.com\/wp-content\/uploads\/2022\/08\/5pcs-Metal-Nibbler-Cutter-with-Black-Box-for-Plastic-Sheet-Metal-Fast-and-Smooth-Cutting.jpg\" alt=\"5pcs cortador de nibbler de metal com caixa preta para corte de chapa de pl\u00e1stico r\u00e1pido e suave\" width=\"800\" height=\"800\" srcset=\"https:\/\/www.tenyutool.com\/wp-content\/uploads\/2022\/08\/5pcs-Metal-Nibbler-Cutter-with-Black-Box-for-Plastic-Sheet-Metal-Fast-and-Smooth-Cutting.jpg 800w, https:\/\/www.tenyutool.com\/wp-content\/uploads\/2022\/08\/5pcs-Metal-Nibbler-Cutter-with-Black-Box-for-Plastic-Sheet-Metal-Fast-and-Smooth-Cutting-150x150.jpg 150w, https:\/\/www.tenyutool.com\/wp-content\/uploads\/2022\/08\/5pcs-Metal-Nibbler-Cutter-with-Black-Box-for-Plastic-Sheet-Metal-Fast-and-Smooth-Cutting-768x768.jpg 768w, https:\/\/www.tenyutool.com\/wp-content\/uploads\/2022\/08\/5pcs-Metal-Nibbler-Cutter-with-Black-Box-for-Plastic-Sheet-Metal-Fast-and-Smooth-Cutting-12x12.jpg 12w, https:\/\/www.tenyutool.com\/wp-content\/uploads\/2022\/08\/5pcs-Metal-Nibbler-Cutter-with-Black-Box-for-Plastic-Sheet-Metal-Fast-and-Smooth-Cutting-300x300.jpg 300w, https:\/\/www.tenyutool.com\/wp-content\/uploads\/2022\/08\/5pcs-Metal-Nibbler-Cutter-with-Black-Box-for-Plastic-Sheet-Metal-Fast-and-Smooth-Cutting-600x600.jpg 600w, https:\/\/www.tenyutool.com\/wp-content\/uploads\/2022\/08\/5pcs-Metal-Nibbler-Cutter-with-Black-Box-for-Plastic-Sheet-Metal-Fast-and-Smooth-Cutting-100x100.jpg 100w\" sizes=\"(max-width: 800px) 100vw, 800px\" \/><figcaption id=\"caption-attachment-15373\" class=\"wp-caption-text\">5 pe\u00e7as cortador de metal com caixa preta para chapa de pl\u00e1stico corte r\u00e1pido e suave<\/figcaption><\/figure>\n<table class=\"has-title hight-light-first-column all magic-4\">\n<tbody>\n<tr>\n<td colspan=\"5\" rowspan=\"1\">\n<div class=\"magic-5\"><span class=\"magic-6\">Descri\u00e7\u00e3o do produto<\/span><\/div>\n<\/td>\n<\/tr>\n<tr>\n<td colspan=\"5\" rowspan=\"1\">\n<div class=\"magic-5\"><b><span class=\"magic-9\">Mais escolha para voc\u00ea: <a href=\"https:\/\/www.tenyutool.com\/pt\/\" target=\"_blank\" rel=\"noopener\">Casa<\/a> &gt; <a href=\"https:\/\/www.tenyutool.com\/pt\/metal-nibbler-cutter-2\/\">Cortador de Mordidela<\/a><\/span><\/b><\/div>\n<\/td>\n<\/tr>\n<tr>\n<td colspan=\"1\" rowspan=\"1\">\n<div class=\"magic-10\">Nome do Produto<\/div>\n<\/td>\n<td colspan=\"4\" rowspan=\"1\">\n<div class=\"magic-11\" data-spm-anchor-id=\"a2700.wholesale.0.i35.1db34a41pH8utV\">5 pe\u00e7as cortador de metal com caixa preta para chapa de pl\u00e1stico corte r\u00e1pido e suave<\/div>\n<\/td>\n<\/tr>\n<tr>\n<td colspan=\"1\" rowspan=\"1\">\n<div class=\"magic-10\">Material<\/div>\n<\/td>\n<td colspan=\"1\" rowspan=\"1\">\n<div class=\"magic-11\">A\u00e7o carbono<\/div>\n<\/td>\n<\/tr>\n<tr>\n<td colspan=\"1\" rowspan=\"1\">\n<div class=\"magic-12\">Peso<\/div>\n<\/td>\n<td colspan=\"4\" rowspan=\"1\">\n<div class=\"magic-13\">900g (o peso varia de acordo com os requisitos da embalagem)<\/div>\n<\/td>\n<\/tr>\n<tr>\n<td colspan=\"1\" rowspan=\"1\">\n<div class=\"magic-12\">Acabamento de superf\u00edcie<\/div>\n<\/td>\n<td colspan=\"4\" rowspan=\"1\">\n<div class=\"magic-13\">Laranja<\/div>\n<\/td>\n<\/tr>\n<tr>\n<td colspan=\"1\" rowspan=\"1\">\n<div class=\"magic-12\">Pacote<\/div>\n<\/td>\n<td colspan=\"1\" rowspan=\"1\">\n<div class=\"magic-13\">Um conjunto embalado em uma caixa preta<\/div>\n<\/td>\n<\/tr>\n<\/tbody>\n<\/table>\n<p>&nbsp;<\/p>\n<p>&nbsp;<\/p>\n<p>&nbsp;<\/p>","protected":false},"excerpt":{"rendered":"<p>Features: Compact size, easy to operate, and labor-saving. Easier and more powerful than normal shears and snips. Double-cutting head to cut straight lines, curve lines, circles, or many other irregular lines and shapes. The perfect tool for any cutting task. Easily fit into any standard drill that works between 1500-3000 RPM Product Description More Choice [&hellip;]<\/p>\n","protected":false},"featured_media":15373,"comment_status":"closed","ping_status":"closed","template":"","meta":{"_acf_changed":false,"_seopress_robots_primary_cat":"none","_seopress_titles_title":"Steel Cutting Nibblers | Nibbler Cutter for Wood Metal","_seopress_titles_desc":"","_seopress_robots_index":"","site-sidebar-layout":"default","site-content-layout":"default","ast-site-content-layout":"default","site-content-style":"default","site-sidebar-style":"default","ast-global-header-display":"","ast-banner-title-visibility":"","ast-main-header-display":"","ast-hfb-above-header-display":"","ast-hfb-below-header-display":"","ast-hfb-mobile-header-display":"","site-post-title":"","ast-breadcrumbs-content":"","ast-featured-img":"","footer-sml-layout":"","ast-disable-related-posts":"","theme-transparent-header-meta":"default","adv-header-id-meta":"","stick-header-meta":"","header-above-stick-meta":"","header-main-stick-meta":"","header-below-stick-meta":"","astra-migrate-meta-layouts":"default","ast-page-background-enabled":"default","ast-page-background-meta":{"desktop":{"background-color":"","background-image":"","background-repeat":"repeat","background-position":"center center","background-size":"auto","background-attachment":"scroll","background-type":"","background-media":"","overlay-type":"","overlay-color":"","overlay-opacity":"","overlay-gradient":""},"tablet":{"background-color":"","background-image":"","background-repeat":"repeat","background-position":"center center","background-size":"auto","background-attachment":"scroll","background-type":"","background-media":"","overlay-type":"","overlay-color":"","overlay-opacity":"","overlay-gradient":""},"mobile":{"background-color":"","background-image":"","background-repeat":"repeat","background-position":"center center","background-size":"auto","background-attachment":"scroll","background-type":"","background-media":"","overlay-type":"","overlay-color":"","overlay-opacity":"","overlay-gradient":""}},"ast-content-background-meta":{"desktop":{"background-color":"var(--ast-global-color-5)","background-image":"","background-repeat":"repeat","background-position":"center center","background-size":"auto","background-attachment":"scroll","background-type":"","background-media":"","overlay-type":"","overlay-color":"","overlay-opacity":"","overlay-gradient":""},"tablet":{"background-color":"var(--ast-global-color-5)","background-image":"","background-repeat":"repeat","background-position":"center center","background-size":"auto","background-attachment":"scroll","background-type":"","background-media":"","overlay-type":"","overlay-color":"","overlay-opacity":"","overlay-gradient":""},"mobile":{"background-color":"var(--ast-global-color-5)","background-image":"","background-repeat":"repeat","background-position":"center center","background-size":"auto","background-attachment":"scroll","background-type":"","background-media":"","overlay-type":"","overlay-color":"","overlay-opacity":"","overlay-gradient":""}}},"product_brand":[],"product_cat":[28],"product_tag":[],"class_list":{"0":"post-15414","1":"product","2":"type-product","3":"status-publish","4":"has-post-thumbnail","6":"product_cat-nibbler-cutter","7":"desktop-align-left","8":"tablet-align-left","9":"mobile-align-left","11":"first","12":"instock","13":"shipping-taxable","14":"product-type-simple"},"acf":[],"_links":{"self":[{"href":"https:\/\/www.tenyutool.com\/pt\/wp-json\/wp\/v2\/product\/15414","targetHints":{"allow":["GET"]}}],"collection":[{"href":"https:\/\/www.tenyutool.com\/pt\/wp-json\/wp\/v2\/product"}],"about":[{"href":"https:\/\/www.tenyutool.com\/pt\/wp-json\/wp\/v2\/types\/product"}],"replies":[{"embeddable":true,"href":"https:\/\/www.tenyutool.com\/pt\/wp-json\/wp\/v2\/comments?post=15414"}],"wp:featuredmedia":[{"embeddable":true,"href":"https:\/\/www.tenyutool.com\/pt\/wp-json\/wp\/v2\/media\/15373"}],"wp:attachment":[{"href":"https:\/\/www.tenyutool.com\/pt\/wp-json\/wp\/v2\/media?parent=15414"}],"wp:term":[{"taxonomy":"product_brand","embeddable":true,"href":"https:\/\/www.tenyutool.com\/pt\/wp-json\/wp\/v2\/product_brand?post=15414"},{"taxonomy":"product_cat","embeddable":true,"href":"https:\/\/www.tenyutool.com\/pt\/wp-json\/wp\/v2\/product_cat?post=15414"},{"taxonomy":"product_tag","embeddable":true,"href":"https:\/\/www.tenyutool.com\/pt\/wp-json\/wp\/v2\/product_tag?post=15414"}],"curies":[{"name":"wp","href":"https:\/\/api.w.org\/{rel}","templated":true}]}}