{"id":16626,"date":"2022-12-05T02:11:16","date_gmt":"2022-12-05T02:11:16","guid":{"rendered":"https:\/\/www.tenyutool.com\/?post_type=product&#038;p=16626"},"modified":"2022-12-28T03:07:09","modified_gmt":"2022-12-28T03:07:09","slug":"solo-tijolo-sds-max-clay-spade-cinzel","status":"publish","type":"product","link":"https:\/\/www.tenyutool.com\/pt\/product\/soil-brick-sds-max-clay-spade-chisel\/","title":{"rendered":"Broca de Martelo Rotativo Tijolo de Solo SDS Max Clay Spade Broca de Cinzel para Remo\u00e7\u00e3o R\u00e1pida"},"content":{"rendered":"<div class=\"mceTemp\"><\/div>\n<p>Caracter\u00edsticas:<\/p>\n<ul>\n<li>A\u00e7o 40Cr para maior dureza e resist\u00eancia \u00e0 abras\u00e3o, oxida\u00e7\u00e3o e corros\u00e3o.<\/li>\n<li>Temperado para aumentar a durabilidade do impacto.<\/li>\n<li>Haste m\u00e1xima SDS, impacto mais forte.<\/li>\n<li>Todo o corpo pode suportar forte dureza.<\/li>\n<li>Escava atrav\u00e9s de concreto, solo compactado, argila, cascalho, adobe, arenito, terra congelada e muito mais.\n<p><figure id=\"attachment_16796\" aria-describedby=\"caption-attachment-16796\" style=\"width: 800px\" class=\"wp-caption alignnone\"><img fetchpriority=\"high\" decoding=\"async\" class=\"size-full wp-image-16796\" src=\"https:\/\/www.tenyutool.com\/wp-content\/uploads\/2022\/12\/H7206edc687a4412c97b038b3e1f4206eo.webp.jpg\" alt=\"broca de martelo rotativo solo tijolo sds max argila p\u00e1 cinzel broca para remo\u00e7\u00e3o r\u00e1pida\" width=\"800\" height=\"800\" srcset=\"https:\/\/www.tenyutool.com\/wp-content\/uploads\/2022\/12\/H7206edc687a4412c97b038b3e1f4206eo.webp.jpg 800w, https:\/\/www.tenyutool.com\/wp-content\/uploads\/2022\/12\/H7206edc687a4412c97b038b3e1f4206eo.webp-150x150.jpg 150w, https:\/\/www.tenyutool.com\/wp-content\/uploads\/2022\/12\/H7206edc687a4412c97b038b3e1f4206eo.webp-768x768.jpg 768w, https:\/\/www.tenyutool.com\/wp-content\/uploads\/2022\/12\/H7206edc687a4412c97b038b3e1f4206eo.webp-12x12.jpg 12w, https:\/\/www.tenyutool.com\/wp-content\/uploads\/2022\/12\/H7206edc687a4412c97b038b3e1f4206eo.webp-300x300.jpg 300w, https:\/\/www.tenyutool.com\/wp-content\/uploads\/2022\/12\/H7206edc687a4412c97b038b3e1f4206eo.webp-600x600.jpg 600w, https:\/\/www.tenyutool.com\/wp-content\/uploads\/2022\/12\/H7206edc687a4412c97b038b3e1f4206eo.webp-100x100.jpg 100w\" sizes=\"(max-width: 800px) 100vw, 800px\" \/><figcaption id=\"caption-attachment-16796\" class=\"wp-caption-text\">broca de martelo rotativo solo tijolo sds max argila p\u00e1 cinzel broca para remo\u00e7\u00e3o r\u00e1pida<\/figcaption><\/figure><\/li>\n<\/ul>\n<table class=\"has-title hight-light-first-column all magic-6\">\n<tbody>\n<tr>\n<td colspan=\"5\" rowspan=\"1\">\n<div class=\"magic-7\"><span class=\"magic-8\">Descri\u00e7\u00e3o do produto<\/span><\/div>\n<\/td>\n<\/tr>\n<tr>\n<td colspan=\"5\" rowspan=\"1\">\n<div class=\"magic-7\"><span class=\"magic-11\"><b data-spm-anchor-id=\"0.0.0.i43.2dea4f05AneQoR\">Mais escolha para voc\u00ea:\u00a0<a href=\"https:\/\/www.tenyutool.com\/pt\/\" target=\"_blank\" rel=\"noopener\">Casa<\/a> &gt;\u00a0<a href=\"https:\/\/www.tenyutool.com\/pt\/sds-cinzel\/\" target=\"_blank\" rel=\"noopener\">Form\u00e3o<\/a><\/b><\/span><\/div>\n<\/td>\n<\/tr>\n<tr>\n<td colspan=\"1\" rowspan=\"1\">\n<div class=\"magic-12\">Nome do Produto<\/div>\n<\/td>\n<td colspan=\"4\" rowspan=\"1\">\n<div class=\"magic-13\" data-spm-anchor-id=\"a2700.details.0.i7.285e1f2aLuNjYr\">Broca de Martelo Rotativo Tijolo de Solo SDS Max Clay Spade Broca de Cinzel para Remo\u00e7\u00e3o R\u00e1pida<\/div>\n<\/td>\n<\/tr>\n<tr>\n<td colspan=\"1\" rowspan=\"1\">\n<div class=\"magic-12\">Material<\/div>\n<\/td>\n<td colspan=\"4\" rowspan=\"1\">\n<div class=\"magic-14\">A\u00e7o 40Cr<\/div>\n<\/td>\n<\/tr>\n<tr>\n<td colspan=\"1\" rowspan=\"1\">\n<div class=\"magic-12\">Processo<\/div>\n<\/td>\n<td colspan=\"4\" rowspan=\"1\">\n<div class=\"magic-14\">Tratamento t\u00e9rmico<\/div>\n<\/td>\n<\/tr>\n<tr>\n<td colspan=\"1\" rowspan=\"1\">\n<div class=\"magic-12\">Tipo de Cabe\u00e7a<\/div>\n<\/td>\n<td colspan=\"4\" rowspan=\"1\">\n<div class=\"magic-14\">Form\u00e3o de p\u00e1<\/div>\n<\/td>\n<\/tr>\n<tr>\n<td colspan=\"1\" rowspan=\"1\">\n<div class=\"magic-12\">Shank<\/div>\n<\/td>\n<td colspan=\"4\" rowspan=\"1\">\n<div class=\"magic-14\">SDS Max Shank (tamb\u00e9m temos 65PH Shank)<\/div>\n<\/td>\n<\/tr>\n<tr>\n<td colspan=\"1\" rowspan=\"1\">\n<div class=\"magic-12\">Acabamento de superf\u00edcie<\/div>\n<\/td>\n<td colspan=\"4\" rowspan=\"1\">\n<div class=\"magic-14\">Jateado com Areia<\/div>\n<\/td>\n<\/tr>\n<tr>\n<td colspan=\"1\" rowspan=\"1\">\n<div class=\"magic-12\">Pacote<\/div>\n<\/td>\n<td colspan=\"4\" rowspan=\"1\">\n<div class=\"magic-14\">Uma pe\u00e7a em uma caixa de madeira ou caixa de pl\u00e1stico<\/div>\n<\/td>\n<\/tr>\n<\/tbody>\n<\/table>\n<p>&nbsp;<\/p>","protected":false},"excerpt":{"rendered":"<p>Features: 40Cr steel for increased hardness and resistance to abrasion, oxidation, and corrosion. Tempered to increase impact durability. SDS max shank, stronger impact. The whole body can withstand strong hardness. Digs through concrete, packed soil, clay, gravel, adobe, sandstone, frozen dirt, and more. Product Description More Choice For You:\u00a0Home &gt;\u00a0Chisel Product Name Rotary Hammer Drill [&hellip;]<\/p>\n","protected":false},"featured_media":16796,"comment_status":"closed","ping_status":"closed","template":"","meta":{"_acf_changed":false,"_seopress_robots_primary_cat":"none","_seopress_titles_title":"Clay Spade Bit | SDS Max Clay Spade Chisel","_seopress_titles_desc":"","_seopress_robots_index":"","site-sidebar-layout":"default","site-content-layout":"default","ast-site-content-layout":"default","site-content-style":"default","site-sidebar-style":"default","ast-global-header-display":"","ast-banner-title-visibility":"","ast-main-header-display":"","ast-hfb-above-header-display":"","ast-hfb-below-header-display":"","ast-hfb-mobile-header-display":"","site-post-title":"","ast-breadcrumbs-content":"","ast-featured-img":"","footer-sml-layout":"","ast-disable-related-posts":"","theme-transparent-header-meta":"default","adv-header-id-meta":"","stick-header-meta":"","header-above-stick-meta":"","header-main-stick-meta":"","header-below-stick-meta":"","astra-migrate-meta-layouts":"default","ast-page-background-enabled":"default","ast-page-background-meta":{"desktop":{"background-color":"","background-image":"","background-repeat":"repeat","background-position":"center center","background-size":"auto","background-attachment":"scroll","background-type":"","background-media":"","overlay-type":"","overlay-color":"","overlay-opacity":"","overlay-gradient":""},"tablet":{"background-color":"","background-image":"","background-repeat":"repeat","background-position":"center center","background-size":"auto","background-attachment":"scroll","background-type":"","background-media":"","overlay-type":"","overlay-color":"","overlay-opacity":"","overlay-gradient":""},"mobile":{"background-color":"","background-image":"","background-repeat":"repeat","background-position":"center center","background-size":"auto","background-attachment":"scroll","background-type":"","background-media":"","overlay-type":"","overlay-color":"","overlay-opacity":"","overlay-gradient":""}},"ast-content-background-meta":{"desktop":{"background-color":"var(--ast-global-color-5)","background-image":"","background-repeat":"repeat","background-position":"center center","background-size":"auto","background-attachment":"scroll","background-type":"","background-media":"","overlay-type":"","overlay-color":"","overlay-opacity":"","overlay-gradient":""},"tablet":{"background-color":"var(--ast-global-color-5)","background-image":"","background-repeat":"repeat","background-position":"center center","background-size":"auto","background-attachment":"scroll","background-type":"","background-media":"","overlay-type":"","overlay-color":"","overlay-opacity":"","overlay-gradient":""},"mobile":{"background-color":"var(--ast-global-color-5)","background-image":"","background-repeat":"repeat","background-position":"center center","background-size":"auto","background-attachment":"scroll","background-type":"","background-media":"","overlay-type":"","overlay-color":"","overlay-opacity":"","overlay-gradient":""}}},"product_brand":[],"product_cat":[33],"product_tag":[],"class_list":{"0":"post-16626","1":"product","2":"type-product","3":"status-publish","4":"has-post-thumbnail","6":"product_cat-sds-chisel","7":"desktop-align-left","8":"tablet-align-left","9":"mobile-align-left","11":"first","12":"instock","13":"shipping-taxable","14":"product-type-simple"},"acf":[],"_links":{"self":[{"href":"https:\/\/www.tenyutool.com\/pt\/wp-json\/wp\/v2\/product\/16626","targetHints":{"allow":["GET"]}}],"collection":[{"href":"https:\/\/www.tenyutool.com\/pt\/wp-json\/wp\/v2\/product"}],"about":[{"href":"https:\/\/www.tenyutool.com\/pt\/wp-json\/wp\/v2\/types\/product"}],"replies":[{"embeddable":true,"href":"https:\/\/www.tenyutool.com\/pt\/wp-json\/wp\/v2\/comments?post=16626"}],"wp:featuredmedia":[{"embeddable":true,"href":"https:\/\/www.tenyutool.com\/pt\/wp-json\/wp\/v2\/media\/16796"}],"wp:attachment":[{"href":"https:\/\/www.tenyutool.com\/pt\/wp-json\/wp\/v2\/media?parent=16626"}],"wp:term":[{"taxonomy":"product_brand","embeddable":true,"href":"https:\/\/www.tenyutool.com\/pt\/wp-json\/wp\/v2\/product_brand?post=16626"},{"taxonomy":"product_cat","embeddable":true,"href":"https:\/\/www.tenyutool.com\/pt\/wp-json\/wp\/v2\/product_cat?post=16626"},{"taxonomy":"product_tag","embeddable":true,"href":"https:\/\/www.tenyutool.com\/pt\/wp-json\/wp\/v2\/product_tag?post=16626"}],"curies":[{"name":"wp","href":"https:\/\/api.w.org\/{rel}","templated":true}]}}