{"id":16715,"date":"2022-12-13T02:05:22","date_gmt":"2022-12-13T02:05:22","guid":{"rendered":"https:\/\/www.tenyutool.com\/?post_type=product&#038;p=16715"},"modified":"2022-12-13T02:09:00","modified_gmt":"2022-12-13T02:09:00","slug":"broca-de-pa-de-madeira-chata","status":"publish","type":"product","link":"https:\/\/www.tenyutool.com\/pt\/product\/flat-wood-spade-paddle-drill-bit\/","title":{"rendered":"Broca de p\u00e1 de p\u00e1 de madeira plana de troca r\u00e1pida para servi\u00e7o pesado ponta central para furo de perfura\u00e7\u00e3o de madeira"},"content":{"rendered":"<p>Caracter\u00edsticas:<\/p>\n<ul>\n<li>A haste resistente oferece m\u00e1xima durabilidade.<\/li>\n<li data-spm-anchor-id=\"a2700.custom-template.0.i87.54733333hQYjKB\">As esporas de corte proporcionam um \u00f3timo acabamento do furo.<\/li>\n<li data-spm-anchor-id=\"a2700.custom-template.0.i87.54733333hQYjKB\">A haste hexagonal evita o deslizamento e se adapta a todos os sistemas de troca r\u00e1pida de 1\/4\u2033.<\/li>\n<li data-spm-anchor-id=\"a2700.custom-template.0.i87.54733333hQYjKB\">O orif\u00edcio de suspens\u00e3o permite o armazenamento de bits e a tra\u00e7\u00e3o do fio.<\/li>\n<li data-spm-anchor-id=\"a2700.custom-template.0.i87.54733333hQYjKB\">Ideal para fazer furos em tijolos, blocos, concreto e alvenaria.\n<figure id=\"attachment_16717\" aria-describedby=\"caption-attachment-16717\" style=\"width: 800px\" class=\"wp-caption alignnone\"><img fetchpriority=\"high\" decoding=\"async\" class=\"size-full wp-image-16717\" src=\"https:\/\/www.tenyutool.com\/wp-content\/uploads\/2022\/12\/H2c69e68d04e44b62ae7b63d86ad7254dd.jpg\" alt=\"Broca de p\u00e1 de p\u00e1 de madeira plana de troca r\u00e1pida para servi\u00e7o pesado para furo de perfura\u00e7\u00e3o de madeira\" width=\"800\" height=\"800\" srcset=\"https:\/\/www.tenyutool.com\/wp-content\/uploads\/2022\/12\/H2c69e68d04e44b62ae7b63d86ad7254dd.jpg 800w, https:\/\/www.tenyutool.com\/wp-content\/uploads\/2022\/12\/H2c69e68d04e44b62ae7b63d86ad7254dd-150x150.jpg 150w, https:\/\/www.tenyutool.com\/wp-content\/uploads\/2022\/12\/H2c69e68d04e44b62ae7b63d86ad7254dd-768x768.jpg 768w, https:\/\/www.tenyutool.com\/wp-content\/uploads\/2022\/12\/H2c69e68d04e44b62ae7b63d86ad7254dd-12x12.jpg 12w, https:\/\/www.tenyutool.com\/wp-content\/uploads\/2022\/12\/H2c69e68d04e44b62ae7b63d86ad7254dd-300x300.jpg 300w, https:\/\/www.tenyutool.com\/wp-content\/uploads\/2022\/12\/H2c69e68d04e44b62ae7b63d86ad7254dd-600x600.jpg 600w, https:\/\/www.tenyutool.com\/wp-content\/uploads\/2022\/12\/H2c69e68d04e44b62ae7b63d86ad7254dd-100x100.jpg 100w\" sizes=\"(max-width: 800px) 100vw, 800px\" \/><figcaption id=\"caption-attachment-16717\" class=\"wp-caption-text\">Broca de p\u00e1 de p\u00e1 de madeira plana de troca r\u00e1pida para servi\u00e7o pesado para furo de perfura\u00e7\u00e3o de madeira<\/figcaption><\/figure>\n<div class=\"magic-14\" data-spm-anchor-id=\"a2700.details.0.i26.628e3e48DIdxJy\">\n<div data-spm-anchor-id=\"a2700.custom-template.0.i87.54733333hQYjKB\">\n<table width=\"736\">\n<tbody>\n<tr>\n<td colspan=\"6\" width=\"736\">Descri\u00e7\u00e3o do produto<\/td>\n<\/tr>\n<tr>\n<td colspan=\"6\">Mais escolha para voc\u00ea: <a href=\"https:\/\/www.tenyutool.com\/pt\/\">Casa<\/a> &gt; Broca para madeira &gt; Broca para madeira<\/td>\n<\/tr>\n<tr>\n<td>Nome do Produto<\/td>\n<td colspan=\"5\" width=\"514\">Broca de p\u00e1 de p\u00e1 de madeira plana de troca r\u00e1pida para servi\u00e7o pesado ponta central para furo de perfura\u00e7\u00e3o de madeira<\/td>\n<\/tr>\n<tr>\n<td>Material<\/td>\n<td colspan=\"5\" width=\"514\">A\u00e7o de alto carbono com tratamento t\u00e9rmico<\/td>\n<\/tr>\n<tr>\n<td>Tipo de haste<\/td>\n<td colspan=\"5\">Troca r\u00e1pida de haste hexagonal (tamb\u00e9m temos haste hexagonal)<\/td>\n<\/tr>\n<tr>\n<td>Dica de cabe\u00e7a<\/td>\n<td colspan=\"5\" width=\"514\">Ponto central (Tamb\u00e9m temos Tri Point, Tri Point com ranhura de corte)<\/td>\n<\/tr>\n<tr>\n<td>Acabamento de superf\u00edcie<\/td>\n<td colspan=\"5\">\u00d3xido preto (tamb\u00e9m temos brilhante, revestido de tit\u00e2nio)<\/td>\n<\/tr>\n<tr>\n<td>Pacote<\/td>\n<td colspan=\"5\" width=\"514\">Uma pe\u00e7a em uma bolsa de pvc ou cart\u00e3o de pele de pvc ou sandu\u00edche de papel ou bolha dupla de pvc<\/td>\n<\/tr>\n<\/tbody>\n<\/table>\n<\/div>\n<\/div>\n<\/li>\n<\/ul>","protected":false},"excerpt":{"rendered":"<p>Features: Heavy-duty shank provides maximum durability. Cutting spurs provide optimum hole finish. Hex shank prevents slipping and fits all 1\/4&#8243; quick-change systems. Hang hole allows for bit storage &amp; wire pulling. Ideal for drilling holes in bricks, blocks, concrete, and masonry. Product Description More Choice For You\uff1a Home &gt; Wood Drill Bit &gt; Wood Spade [&hellip;]<\/p>\n","protected":false},"featured_media":16717,"comment_status":"closed","ping_status":"closed","template":"","meta":{"_acf_changed":false,"_seopress_robots_primary_cat":"none","_seopress_titles_title":"Quick Change Hex Shank Flat Wood Drill Bit |  for Wood Drilling Hole","_seopress_titles_desc":"","_seopress_robots_index":"","site-sidebar-layout":"default","site-content-layout":"default","ast-site-content-layout":"default","site-content-style":"default","site-sidebar-style":"default","ast-global-header-display":"","ast-banner-title-visibility":"","ast-main-header-display":"","ast-hfb-above-header-display":"","ast-hfb-below-header-display":"","ast-hfb-mobile-header-display":"","site-post-title":"","ast-breadcrumbs-content":"","ast-featured-img":"","footer-sml-layout":"","ast-disable-related-posts":"","theme-transparent-header-meta":"default","adv-header-id-meta":"","stick-header-meta":"","header-above-stick-meta":"","header-main-stick-meta":"","header-below-stick-meta":"","astra-migrate-meta-layouts":"default","ast-page-background-enabled":"default","ast-page-background-meta":{"desktop":{"background-color":"","background-image":"","background-repeat":"repeat","background-position":"center center","background-size":"auto","background-attachment":"scroll","background-type":"","background-media":"","overlay-type":"","overlay-color":"","overlay-opacity":"","overlay-gradient":""},"tablet":{"background-color":"","background-image":"","background-repeat":"repeat","background-position":"center center","background-size":"auto","background-attachment":"scroll","background-type":"","background-media":"","overlay-type":"","overlay-color":"","overlay-opacity":"","overlay-gradient":""},"mobile":{"background-color":"","background-image":"","background-repeat":"repeat","background-position":"center center","background-size":"auto","background-attachment":"scroll","background-type":"","background-media":"","overlay-type":"","overlay-color":"","overlay-opacity":"","overlay-gradient":""}},"ast-content-background-meta":{"desktop":{"background-color":"var(--ast-global-color-5)","background-image":"","background-repeat":"repeat","background-position":"center center","background-size":"auto","background-attachment":"scroll","background-type":"","background-media":"","overlay-type":"","overlay-color":"","overlay-opacity":"","overlay-gradient":""},"tablet":{"background-color":"var(--ast-global-color-5)","background-image":"","background-repeat":"repeat","background-position":"center center","background-size":"auto","background-attachment":"scroll","background-type":"","background-media":"","overlay-type":"","overlay-color":"","overlay-opacity":"","overlay-gradient":""},"mobile":{"background-color":"var(--ast-global-color-5)","background-image":"","background-repeat":"repeat","background-position":"center center","background-size":"auto","background-attachment":"scroll","background-type":"","background-media":"","overlay-type":"","overlay-color":"","overlay-opacity":"","overlay-gradient":""}}},"product_brand":[],"product_cat":[34],"product_tag":[],"class_list":{"0":"post-16715","1":"product","2":"type-product","3":"status-publish","4":"has-post-thumbnail","6":"product_cat-wood-spade-paddle-drill-bit","7":"desktop-align-left","8":"tablet-align-left","9":"mobile-align-left","11":"first","12":"instock","13":"shipping-taxable","14":"product-type-simple"},"acf":[],"_links":{"self":[{"href":"https:\/\/www.tenyutool.com\/pt\/wp-json\/wp\/v2\/product\/16715","targetHints":{"allow":["GET"]}}],"collection":[{"href":"https:\/\/www.tenyutool.com\/pt\/wp-json\/wp\/v2\/product"}],"about":[{"href":"https:\/\/www.tenyutool.com\/pt\/wp-json\/wp\/v2\/types\/product"}],"replies":[{"embeddable":true,"href":"https:\/\/www.tenyutool.com\/pt\/wp-json\/wp\/v2\/comments?post=16715"}],"wp:featuredmedia":[{"embeddable":true,"href":"https:\/\/www.tenyutool.com\/pt\/wp-json\/wp\/v2\/media\/16717"}],"wp:attachment":[{"href":"https:\/\/www.tenyutool.com\/pt\/wp-json\/wp\/v2\/media?parent=16715"}],"wp:term":[{"taxonomy":"product_brand","embeddable":true,"href":"https:\/\/www.tenyutool.com\/pt\/wp-json\/wp\/v2\/product_brand?post=16715"},{"taxonomy":"product_cat","embeddable":true,"href":"https:\/\/www.tenyutool.com\/pt\/wp-json\/wp\/v2\/product_cat?post=16715"},{"taxonomy":"product_tag","embeddable":true,"href":"https:\/\/www.tenyutool.com\/pt\/wp-json\/wp\/v2\/product_tag?post=16715"}],"curies":[{"name":"wp","href":"https:\/\/api.w.org\/{rel}","templated":true}]}}