{"id":16721,"date":"2022-12-20T08:53:01","date_gmt":"2022-12-20T08:53:01","guid":{"rendered":"https:\/\/www.tenyutool.com\/?post_type=product&#038;p=16721"},"modified":"2022-12-20T08:53:01","modified_gmt":"2022-12-20T08:53:01","slug":"broca-de-troca-hex-haste-tri-ponta-plana-para-madeira-broca-com-ranhura-de-corte-para-madeira-perfuracao-rapida-e-limpa","status":"publish","type":"product","link":"https:\/\/www.tenyutool.com\/pt\/product\/quick-change-hex-shank-tri-point-flat-wood-spade-drill-bit-with-cutting-groove-for-wood-fast-and-clean-drilling\/","title":{"rendered":"Broca de haste plana de tr\u00eas pontos de haste hexagonal de troca r\u00e1pida com sulco de corte para madeira Perfura\u00e7\u00e3o r\u00e1pida e limpa"},"content":{"rendered":"<p>Caracter\u00edsticas:<\/p>\n<ul>\n<li>Feito de a\u00e7o de alto carbono, haste tratada termicamente para prote\u00e7\u00e3o.<\/li>\n<li data-spm-anchor-id=\"a2700.pc-decorate.0.i14.50ca33330i6BKI\">O design da p\u00e1 plana apresenta uma borda de corte afiada, garante a limpeza suave do furo.<\/li>\n<li data-spm-anchor-id=\"a2700.pc-decorate.0.i16.50ca33330i6BKI\">Garanta longevidade e alta resist\u00eancia ao desgaste.<\/li>\n<li data-spm-anchor-id=\"a2700.pc-decorate.0.i13.50ca33330i6BKI\">Para remo\u00e7\u00e3o de cavacos eficiente e suave, mais r\u00e1pido do que as brocas padr\u00e3o.<\/li>\n<li data-spm-anchor-id=\"a2700.pc-decorate.0.i15.50ca33330i6BKI\">Permite perfura\u00e7\u00f5es precisas na maioria dos tipos de madeira e tamb\u00e9m em pl\u00e1sticos e metais macios, como alum\u00ednio.\n<figure id=\"attachment_16776\" aria-describedby=\"caption-attachment-16776\" style=\"width: 800px\" class=\"wp-caption alignnone\"><img fetchpriority=\"high\" decoding=\"async\" class=\"size-full wp-image-16776\" src=\"https:\/\/www.tenyutool.com\/wp-content\/uploads\/2022\/12\/H683f23de26264f9e85b803458f2826c2a.jpg\" alt=\"Broca plana de madeira plana de tr\u00eas pontos de troca r\u00e1pida com sulco de corte para madeira Perfura\u00e7\u00e3o r\u00e1pida e limpa\" width=\"800\" height=\"800\" srcset=\"https:\/\/www.tenyutool.com\/wp-content\/uploads\/2022\/12\/H683f23de26264f9e85b803458f2826c2a.jpg 800w, https:\/\/www.tenyutool.com\/wp-content\/uploads\/2022\/12\/H683f23de26264f9e85b803458f2826c2a-150x150.jpg 150w, https:\/\/www.tenyutool.com\/wp-content\/uploads\/2022\/12\/H683f23de26264f9e85b803458f2826c2a-768x768.jpg 768w, https:\/\/www.tenyutool.com\/wp-content\/uploads\/2022\/12\/H683f23de26264f9e85b803458f2826c2a-12x12.jpg 12w, https:\/\/www.tenyutool.com\/wp-content\/uploads\/2022\/12\/H683f23de26264f9e85b803458f2826c2a-300x300.jpg 300w, https:\/\/www.tenyutool.com\/wp-content\/uploads\/2022\/12\/H683f23de26264f9e85b803458f2826c2a-600x600.jpg 600w, https:\/\/www.tenyutool.com\/wp-content\/uploads\/2022\/12\/H683f23de26264f9e85b803458f2826c2a-100x100.jpg 100w\" sizes=\"(max-width: 800px) 100vw, 800px\" \/><figcaption id=\"caption-attachment-16776\" class=\"wp-caption-text\">Broca plana de madeira plana de tr\u00eas pontos de troca r\u00e1pida com sulco de corte para madeira Perfura\u00e7\u00e3o r\u00e1pida e limpa<\/figcaption><\/figure>\n<table width=\"794\">\n<tbody>\n<tr>\n<td colspan=\"6\" width=\"794\">Descri\u00e7\u00e3o do produto<\/td>\n<\/tr>\n<tr>\n<td colspan=\"6\">Mais op\u00e7\u00f5es para voc\u00ea: Casa &gt; Broca para madeira &gt; Broca para madeira<\/td>\n<\/tr>\n<tr>\n<td>Nome do Produto<\/td>\n<td colspan=\"5\" width=\"572\">Broca de haste plana de tr\u00eas pontos de haste hexagonal de troca r\u00e1pida com sulco de corte para madeira Perfura\u00e7\u00e3o r\u00e1pida e limpa<\/td>\n<\/tr>\n<tr>\n<td>Material<\/td>\n<td colspan=\"5\" width=\"572\">A\u00e7o de alto carbono com tratamento t\u00e9rmico<\/td>\n<\/tr>\n<tr>\n<td>Tipo de haste<\/td>\n<td colspan=\"5\">Troca r\u00e1pida de haste hexagonal (tamb\u00e9m temos haste hexagonal)<\/td>\n<\/tr>\n<tr>\n<td>Dica de cabe\u00e7a<\/td>\n<td colspan=\"5\" width=\"572\">\u00a0Tri-Point com Ranhura de Corte (Tamb\u00e9m temos Center Point e Tri-Point)<\/td>\n<\/tr>\n<tr>\n<td>Acabamento de superf\u00edcie<\/td>\n<td colspan=\"5\">Brilhante (tamb\u00e9m temos \u00f3xido preto e revestimento de tit\u00e2nio)<\/td>\n<\/tr>\n<tr>\n<td>Pacote<\/td>\n<td colspan=\"5\" width=\"572\">Uma pe\u00e7a em uma bolsa de pvc ou cart\u00e3o de pele de pvc ou sandu\u00edche de papel ou bolha dupla de pvc<\/td>\n<\/tr>\n<\/tbody>\n<\/table>\n<\/li>\n<\/ul>","protected":false},"excerpt":{"rendered":"<p>Features: Made of high carbon steel, heat-treated shank for protection. The flat paddle design features a sharp cutting edge, ensures the hole smooth clean. Ensure longevity and high wear resistance. For efficient and smooth chip removal, faster than standard spade bits. Allows for accurate drilling to most types of wood, and also plastic and soft [&hellip;]<\/p>\n","protected":false},"featured_media":16776,"comment_status":"closed","ping_status":"closed","template":"","meta":{"_acf_changed":false,"_seopress_robots_primary_cat":"","_seopress_titles_title":"Hex Shank Tri-Point Flat Wood Spade Drill Bit | for Wood Fast and Clean Drilling","_seopress_titles_desc":"","_seopress_robots_index":"","site-sidebar-layout":"default","site-content-layout":"default","ast-site-content-layout":"default","site-content-style":"default","site-sidebar-style":"default","ast-global-header-display":"","ast-banner-title-visibility":"","ast-main-header-display":"","ast-hfb-above-header-display":"","ast-hfb-below-header-display":"","ast-hfb-mobile-header-display":"","site-post-title":"","ast-breadcrumbs-content":"","ast-featured-img":"","footer-sml-layout":"","ast-disable-related-posts":"","theme-transparent-header-meta":"default","adv-header-id-meta":"","stick-header-meta":"","header-above-stick-meta":"","header-main-stick-meta":"","header-below-stick-meta":"","astra-migrate-meta-layouts":"default","ast-page-background-enabled":"default","ast-page-background-meta":{"desktop":{"background-color":"","background-image":"","background-repeat":"repeat","background-position":"center center","background-size":"auto","background-attachment":"scroll","background-type":"","background-media":"","overlay-type":"","overlay-color":"","overlay-opacity":"","overlay-gradient":""},"tablet":{"background-color":"","background-image":"","background-repeat":"repeat","background-position":"center center","background-size":"auto","background-attachment":"scroll","background-type":"","background-media":"","overlay-type":"","overlay-color":"","overlay-opacity":"","overlay-gradient":""},"mobile":{"background-color":"","background-image":"","background-repeat":"repeat","background-position":"center center","background-size":"auto","background-attachment":"scroll","background-type":"","background-media":"","overlay-type":"","overlay-color":"","overlay-opacity":"","overlay-gradient":""}},"ast-content-background-meta":{"desktop":{"background-color":"var(--ast-global-color-5)","background-image":"","background-repeat":"repeat","background-position":"center center","background-size":"auto","background-attachment":"scroll","background-type":"","background-media":"","overlay-type":"","overlay-color":"","overlay-opacity":"","overlay-gradient":""},"tablet":{"background-color":"var(--ast-global-color-5)","background-image":"","background-repeat":"repeat","background-position":"center center","background-size":"auto","background-attachment":"scroll","background-type":"","background-media":"","overlay-type":"","overlay-color":"","overlay-opacity":"","overlay-gradient":""},"mobile":{"background-color":"var(--ast-global-color-5)","background-image":"","background-repeat":"repeat","background-position":"center center","background-size":"auto","background-attachment":"scroll","background-type":"","background-media":"","overlay-type":"","overlay-color":"","overlay-opacity":"","overlay-gradient":""}}},"product_brand":[],"product_cat":[34],"product_tag":[],"class_list":{"0":"post-16721","1":"product","2":"type-product","3":"status-publish","4":"has-post-thumbnail","6":"product_cat-wood-spade-paddle-drill-bit","7":"desktop-align-left","8":"tablet-align-left","9":"mobile-align-left","11":"first","12":"instock","13":"shipping-taxable","14":"product-type-simple"},"acf":[],"_links":{"self":[{"href":"https:\/\/www.tenyutool.com\/pt\/wp-json\/wp\/v2\/product\/16721","targetHints":{"allow":["GET"]}}],"collection":[{"href":"https:\/\/www.tenyutool.com\/pt\/wp-json\/wp\/v2\/product"}],"about":[{"href":"https:\/\/www.tenyutool.com\/pt\/wp-json\/wp\/v2\/types\/product"}],"replies":[{"embeddable":true,"href":"https:\/\/www.tenyutool.com\/pt\/wp-json\/wp\/v2\/comments?post=16721"}],"wp:featuredmedia":[{"embeddable":true,"href":"https:\/\/www.tenyutool.com\/pt\/wp-json\/wp\/v2\/media\/16776"}],"wp:attachment":[{"href":"https:\/\/www.tenyutool.com\/pt\/wp-json\/wp\/v2\/media?parent=16721"}],"wp:term":[{"taxonomy":"product_brand","embeddable":true,"href":"https:\/\/www.tenyutool.com\/pt\/wp-json\/wp\/v2\/product_brand?post=16721"},{"taxonomy":"product_cat","embeddable":true,"href":"https:\/\/www.tenyutool.com\/pt\/wp-json\/wp\/v2\/product_cat?post=16721"},{"taxonomy":"product_tag","embeddable":true,"href":"https:\/\/www.tenyutool.com\/pt\/wp-json\/wp\/v2\/product_tag?post=16721"}],"curies":[{"name":"wp","href":"https:\/\/api.w.org\/{rel}","templated":true}]}}