{"id":16799,"date":"2022-12-28T06:25:43","date_gmt":"2022-12-28T06:25:43","guid":{"rendered":"https:\/\/www.tenyutool.com\/?post_type=product&#038;p=16799"},"modified":"2022-12-28T06:25:44","modified_gmt":"2022-12-28T06:25:44","slug":"multi-funcao-246-pcs-broca-e-bit-ferramentas-hardware-combinacao-brocas-bits-soquete-conjunto-madeira-hss-center-punch-chave-de-fenda","status":"publish","type":"product","link":"https:\/\/www.tenyutool.com\/pt\/product\/multi-function-246-pcs-drill-and-bit-tools-hardware-combination-drill-bits-socket-set-wood-hss-center-punch-screwdriver\/","title":{"rendered":"Multifuncional 246 p\u00e7s Ferramentas de broca e broca Combina\u00e7\u00e3o de hardware Brocas Conjunto de soquete Madeira Hss Chave de fenda central"},"content":{"rendered":"<p>Caracter\u00edsticas:<\/p>\n<ul>\n<li data-spm-anchor-id=\"0.0.0.i140.2dea4f05jD1M0Y\">\u00a0O conjunto completo inclui 87 brocas helicoidais HSS, 22 X brocas para madeira, 21 X brocas para alvenaria, 4 X batentes de broca, 66 X 1 broca, 30 X 2 brocas, 6 X chaves de porca, 2 X chaves sextavadas, 1 Escareador X, 4 serras copo X, 1 adaptador de mandril X, 1 pun\u00e7\u00e3o de prego X e 1 porta-bits X.<\/li>\n<li data-spm-anchor-id=\"0.0.0.i140.2dea4f05jD1M0Y\">\u00a0Adequado para perfura\u00e7\u00e3o em alvenaria, madeira, metal e pl\u00e1sticos e m\u00faltiplas aplica\u00e7\u00f5es de aparafusamento e fixa\u00e7\u00e3o.<\/li>\n<li data-spm-anchor-id=\"0.0.0.i140.2dea4f05jD1M0Y\">\u00a0Pode ser usado v\u00e1rias vezes sem deforma\u00e7\u00e3o.<\/li>\n<li data-spm-anchor-id=\"0.0.0.i140.2dea4f05jD1M0Y\">\u00a0Ele \u00e9 projetado para manter todos os componentes organizados e convenientes para armazenar.<\/li>\n<li data-spm-anchor-id=\"0.0.0.i140.2dea4f05jD1M0Y\">\u00a0Com uma ampla gama de tamanhos de bits e inclui as ferramentas mais essenciais de brocas, parafusos, escareador e muito mais, o que o ajudar\u00e1 a obter resultados profissionais em sua pr\u00f3xima reforma dom\u00e9stica ou projeto de bricolage.<\/li>\n<\/ul>\n<figure id=\"attachment_16801\" aria-describedby=\"caption-attachment-16801\" style=\"width: 800px\" class=\"wp-caption alignnone\"><img fetchpriority=\"high\" decoding=\"async\" class=\"size-full wp-image-16801\" src=\"https:\/\/www.tenyutool.com\/wp-content\/uploads\/2022\/12\/H4904a5ad7ac94753af5c62522875ec4cy.webp.jpg\" alt=\"Multifuncional 246 pe\u00e7as broca e ferramentas de broca combina\u00e7\u00e3o de brocas conjunto de soquete madeira hss chave de fenda central\" width=\"800\" height=\"800\" srcset=\"https:\/\/www.tenyutool.com\/wp-content\/uploads\/2022\/12\/H4904a5ad7ac94753af5c62522875ec4cy.webp.jpg 800w, https:\/\/www.tenyutool.com\/wp-content\/uploads\/2022\/12\/H4904a5ad7ac94753af5c62522875ec4cy.webp-150x150.jpg 150w, https:\/\/www.tenyutool.com\/wp-content\/uploads\/2022\/12\/H4904a5ad7ac94753af5c62522875ec4cy.webp-768x768.jpg 768w, https:\/\/www.tenyutool.com\/wp-content\/uploads\/2022\/12\/H4904a5ad7ac94753af5c62522875ec4cy.webp-12x12.jpg 12w, https:\/\/www.tenyutool.com\/wp-content\/uploads\/2022\/12\/H4904a5ad7ac94753af5c62522875ec4cy.webp-300x300.jpg 300w, https:\/\/www.tenyutool.com\/wp-content\/uploads\/2022\/12\/H4904a5ad7ac94753af5c62522875ec4cy.webp-600x600.jpg 600w, https:\/\/www.tenyutool.com\/wp-content\/uploads\/2022\/12\/H4904a5ad7ac94753af5c62522875ec4cy.webp-100x100.jpg 100w\" sizes=\"(max-width: 800px) 100vw, 800px\" \/><figcaption id=\"caption-attachment-16801\" class=\"wp-caption-text\">Multifuncional 246 pe\u00e7as broca e ferramentas de broca combina\u00e7\u00e3o de brocas conjunto de soquete madeira hss chave de fenda central<\/figcaption><\/figure>\n<table width=\"794\">\n<tbody>\n<tr>\n<td colspan=\"6\" width=\"794\">Descri\u00e7\u00e3o do produto<\/td>\n<\/tr>\n<tr>\n<td colspan=\"6\">Mais escolha para voc\u00ea: <a href=\"https:\/\/www.tenyutool.com\/pt\/\">Casa<\/a> &gt; Broca HSS &gt; Conjunto de brocas<\/td>\n<\/tr>\n<tr>\n<td>Nome do Produto<\/td>\n<td colspan=\"5\" width=\"572\">Multifuncional 246 p\u00e7s Ferramentas de broca e broca Combina\u00e7\u00e3o de hardware Brocas Conjunto de soquete Madeira Hss Chave de fenda central<\/td>\n<\/tr>\n<tr>\n<td>Material<\/td>\n<td colspan=\"5\" width=\"572\">\u00a0HSS 4241\/4341\/M2(HSS6542)\/M35\/M42\/A\u00e7o de alto carbono<\/td>\n<\/tr>\n<tr>\n<td>Acabamento de superf\u00edcie<\/td>\n<td colspan=\"5\">Revestido com TiN\/Superf\u00edcie brilhante opcional\/Nitretado\/Brilhante\/Cobalto\/\u00d3xido preto<\/td>\n<\/tr>\n<tr>\n<td>Tipo de haste<\/td>\n<td colspan=\"5\" width=\"572\">Haste redonda, haste sextavada, haste SDS<\/td>\n<\/tr>\n<tr>\n<td>Uso<\/td>\n<td colspan=\"5\">Para perfura\u00e7\u00e3o de alvenaria de pedra de madeira de a\u00e7o inoxid\u00e1vel de metal<\/td>\n<\/tr>\n<tr>\n<td>Pacote<\/td>\n<td colspan=\"5\" width=\"572\">\u00a0 256 pe\u00e7as em uma caixa de pl\u00e1stico\/metal<\/td>\n<\/tr>\n<\/tbody>\n<\/table>","protected":false},"excerpt":{"rendered":"<p>Features: \u00a0The full set includes 87 X HSS twist drills, 22 X wood drill bits, 21 X masonry drill bits, 4 X drill stops, 66 X 1 drill bits, 30 X 2 drill bits, 6 X nut drivers, 2 X hex keys, 1 X countersink, 4 X hole saws, 1 X arbor adaptor, 1 X [&hellip;]<\/p>\n","protected":false},"featured_media":16801,"comment_status":"closed","ping_status":"closed","template":"","meta":{"_acf_changed":false,"_seopress_robots_primary_cat":"","_seopress_titles_title":"Multi-function 246 pcs Drill and Bit Tools | Hardware Combination Drill Bits","_seopress_titles_desc":"","_seopress_robots_index":"","site-sidebar-layout":"default","site-content-layout":"default","ast-site-content-layout":"default","site-content-style":"default","site-sidebar-style":"default","ast-global-header-display":"","ast-banner-title-visibility":"","ast-main-header-display":"","ast-hfb-above-header-display":"","ast-hfb-below-header-display":"","ast-hfb-mobile-header-display":"","site-post-title":"","ast-breadcrumbs-content":"","ast-featured-img":"","footer-sml-layout":"","ast-disable-related-posts":"","theme-transparent-header-meta":"default","adv-header-id-meta":"","stick-header-meta":"","header-above-stick-meta":"","header-main-stick-meta":"","header-below-stick-meta":"","astra-migrate-meta-layouts":"default","ast-page-background-enabled":"default","ast-page-background-meta":{"desktop":{"background-color":"","background-image":"","background-repeat":"repeat","background-position":"center center","background-size":"auto","background-attachment":"scroll","background-type":"","background-media":"","overlay-type":"","overlay-color":"","overlay-opacity":"","overlay-gradient":""},"tablet":{"background-color":"","background-image":"","background-repeat":"repeat","background-position":"center center","background-size":"auto","background-attachment":"scroll","background-type":"","background-media":"","overlay-type":"","overlay-color":"","overlay-opacity":"","overlay-gradient":""},"mobile":{"background-color":"","background-image":"","background-repeat":"repeat","background-position":"center center","background-size":"auto","background-attachment":"scroll","background-type":"","background-media":"","overlay-type":"","overlay-color":"","overlay-opacity":"","overlay-gradient":""}},"ast-content-background-meta":{"desktop":{"background-color":"var(--ast-global-color-5)","background-image":"","background-repeat":"repeat","background-position":"center center","background-size":"auto","background-attachment":"scroll","background-type":"","background-media":"","overlay-type":"","overlay-color":"","overlay-opacity":"","overlay-gradient":""},"tablet":{"background-color":"var(--ast-global-color-5)","background-image":"","background-repeat":"repeat","background-position":"center center","background-size":"auto","background-attachment":"scroll","background-type":"","background-media":"","overlay-type":"","overlay-color":"","overlay-opacity":"","overlay-gradient":""},"mobile":{"background-color":"var(--ast-global-color-5)","background-image":"","background-repeat":"repeat","background-position":"center center","background-size":"auto","background-attachment":"scroll","background-type":"","background-media":"","overlay-type":"","overlay-color":"","overlay-opacity":"","overlay-gradient":""}}},"product_brand":[],"product_cat":[22],"product_tag":[],"class_list":{"0":"post-16799","1":"product","2":"type-product","3":"status-publish","4":"has-post-thumbnail","6":"product_cat-drillbits","7":"desktop-align-left","8":"tablet-align-left","9":"mobile-align-left","11":"first","12":"instock","13":"shipping-taxable","14":"product-type-simple"},"acf":[],"_links":{"self":[{"href":"https:\/\/www.tenyutool.com\/pt\/wp-json\/wp\/v2\/product\/16799","targetHints":{"allow":["GET"]}}],"collection":[{"href":"https:\/\/www.tenyutool.com\/pt\/wp-json\/wp\/v2\/product"}],"about":[{"href":"https:\/\/www.tenyutool.com\/pt\/wp-json\/wp\/v2\/types\/product"}],"replies":[{"embeddable":true,"href":"https:\/\/www.tenyutool.com\/pt\/wp-json\/wp\/v2\/comments?post=16799"}],"wp:featuredmedia":[{"embeddable":true,"href":"https:\/\/www.tenyutool.com\/pt\/wp-json\/wp\/v2\/media\/16801"}],"wp:attachment":[{"href":"https:\/\/www.tenyutool.com\/pt\/wp-json\/wp\/v2\/media?parent=16799"}],"wp:term":[{"taxonomy":"product_brand","embeddable":true,"href":"https:\/\/www.tenyutool.com\/pt\/wp-json\/wp\/v2\/product_brand?post=16799"},{"taxonomy":"product_cat","embeddable":true,"href":"https:\/\/www.tenyutool.com\/pt\/wp-json\/wp\/v2\/product_cat?post=16799"},{"taxonomy":"product_tag","embeddable":true,"href":"https:\/\/www.tenyutool.com\/pt\/wp-json\/wp\/v2\/product_tag?post=16799"}],"curies":[{"name":"wp","href":"https:\/\/api.w.org\/{rel}","templated":true}]}}