{"id":16849,"date":"2022-12-30T08:48:45","date_gmt":"2022-12-30T08:48:45","guid":{"rendered":"https:\/\/www.tenyutool.com\/?post_type=product&#038;p=16849"},"modified":"2022-12-30T08:48:46","modified_gmt":"2022-12-30T08:48:46","slug":"lamina-de-serra-disco-de-corte-roda-para-rebarbadora-diamante-ultra-fina-premium-ladrilho-de-vidro","status":"publish","type":"product","link":"https:\/\/www.tenyutool.com\/pt\/product\/premium-ultra-thin-diamond-glass-tile-saw-blade-cutting-disc-wheel-for-angle-grinder\/","title":{"rendered":"L\u00e2mina de serra de vidro de diamante ultrafina premium disco de corte para rebarbadora angular"},"content":{"rendered":"<p>Caracter\u00edsticas:<\/p>\n<ul>\n<li>Resistente a alta temperatura.<\/li>\n<li data-spm-anchor-id=\"a2700.pc-decorate.0.i6.1bf43333aRzjZV\">\u00c9 afiado e n\u00e3o entrar\u00e1 em colapso.<\/li>\n<li data-spm-anchor-id=\"a2700.pc-decorate.0.i4.1bf43333aRzjZV\">Baixo ru\u00eddo de moagem, menos poeira, menos detritos.<\/li>\n<li data-spm-anchor-id=\"a2700.pc-decorate.0.i7.1bf43333aRzjZV\">F\u00e1cil de instalar e usar.<\/li>\n<li data-spm-anchor-id=\"a2700.pc-decorate.0.i8.1bf43333aRzjZV\">Adota matriz de a\u00e7o de alto mangan\u00eas com diamante, novo processo de brasagem.<\/li>\n<\/ul>\n<figure id=\"attachment_16851\" aria-describedby=\"caption-attachment-16851\" style=\"width: 800px\" class=\"wp-caption alignnone\"><img fetchpriority=\"high\" decoding=\"async\" class=\"size-full wp-image-16851\" src=\"https:\/\/www.tenyutool.com\/wp-content\/uploads\/2022\/12\/H4c3d0b78b7454e428096972aff3c50cby.webp.jpg\" alt=\"Roda de disco de corte de l\u00e2mina de serra de vidro de diamante ultra fino premium para rebarbadora\" width=\"800\" height=\"800\" srcset=\"https:\/\/www.tenyutool.com\/wp-content\/uploads\/2022\/12\/H4c3d0b78b7454e428096972aff3c50cby.webp.jpg 800w, https:\/\/www.tenyutool.com\/wp-content\/uploads\/2022\/12\/H4c3d0b78b7454e428096972aff3c50cby.webp-150x150.jpg 150w, https:\/\/www.tenyutool.com\/wp-content\/uploads\/2022\/12\/H4c3d0b78b7454e428096972aff3c50cby.webp-768x768.jpg 768w, https:\/\/www.tenyutool.com\/wp-content\/uploads\/2022\/12\/H4c3d0b78b7454e428096972aff3c50cby.webp-12x12.jpg 12w, https:\/\/www.tenyutool.com\/wp-content\/uploads\/2022\/12\/H4c3d0b78b7454e428096972aff3c50cby.webp-300x300.jpg 300w, https:\/\/www.tenyutool.com\/wp-content\/uploads\/2022\/12\/H4c3d0b78b7454e428096972aff3c50cby.webp-600x600.jpg 600w, https:\/\/www.tenyutool.com\/wp-content\/uploads\/2022\/12\/H4c3d0b78b7454e428096972aff3c50cby.webp-100x100.jpg 100w\" sizes=\"(max-width: 800px) 100vw, 800px\" \/><figcaption id=\"caption-attachment-16851\" class=\"wp-caption-text\">Roda de disco de corte de l\u00e2mina de serra de vidro de diamante ultra fino premium para rebarbadora<\/figcaption><\/figure>\n<table width=\"794\">\n<tbody>\n<tr>\n<td colspan=\"6\" width=\"794\">Descri\u00e7\u00e3o do produto<\/td>\n<\/tr>\n<tr>\n<td colspan=\"6\">Mais escolha para voc\u00ea: <a href=\"https:\/\/www.tenyutool.com\/pt\/\">Casa<\/a> &gt; L\u00e2mina de serra &gt; L\u00e2mina de serra de vidro<\/td>\n<\/tr>\n<tr>\n<td>Nome do Produto<\/td>\n<td colspan=\"5\" width=\"572\">L\u00e2mina de serra de vidro de diamante ultrafina premium disco de corte para rebarbadora angular<\/td>\n<\/tr>\n<tr>\n<td>Material<\/td>\n<td colspan=\"5\" width=\"572\">Gr\u00e3o de Diamante<\/td>\n<\/tr>\n<tr>\n<td>Cor<\/td>\n<td colspan=\"5\" width=\"572\">\u00a0verde, azul, amarelo, laranja, preto, vermelho, azul, roxo<\/td>\n<\/tr>\n<tr>\n<td>Tipo de l\u00e2mina<\/td>\n<td colspan=\"5\" width=\"572\">\u00a0l\u00e2mina de serra de vidro<\/td>\n<\/tr>\n<tr>\n<td>Inscri\u00e7\u00e3o<\/td>\n<td colspan=\"5\" width=\"572\">Para vidro, alum\u00ednio, porcelana, cer\u00e2mica, corte de m\u00e1rmore<\/td>\n<\/tr>\n<tr>\n<td>Pacote<\/td>\n<td colspan=\"5\" width=\"572\">Uma pe\u00e7a em uma caixa de papel<\/td>\n<\/tr>\n<\/tbody>\n<\/table>","protected":false},"excerpt":{"rendered":"<p>Features\uff1a Resistant to high temperature. It is sharp and will not collapse. Low grinding noise, less dust, less debris. Easy to install and use. It adopts diamond high manganese steel matrix, new brazing process. Product Description More Choice For You: Home &gt; Saw Blade &gt; Glass Saw Blade Product Name Premium Ultra Thin Diamond Glass [&hellip;]<\/p>\n","protected":false},"featured_media":16851,"comment_status":"closed","ping_status":"closed","template":"","meta":{"_acf_changed":false,"_seopress_robots_primary_cat":"","_seopress_titles_title":"Diamond Glass Tile Saw Blade Cutting Disc Wheel | for Angle Grinder","_seopress_titles_desc":"","_seopress_robots_index":"","site-sidebar-layout":"default","site-content-layout":"default","ast-site-content-layout":"default","site-content-style":"default","site-sidebar-style":"default","ast-global-header-display":"","ast-banner-title-visibility":"","ast-main-header-display":"","ast-hfb-above-header-display":"","ast-hfb-below-header-display":"","ast-hfb-mobile-header-display":"","site-post-title":"","ast-breadcrumbs-content":"","ast-featured-img":"","footer-sml-layout":"","ast-disable-related-posts":"","theme-transparent-header-meta":"default","adv-header-id-meta":"","stick-header-meta":"","header-above-stick-meta":"","header-main-stick-meta":"","header-below-stick-meta":"","astra-migrate-meta-layouts":"default","ast-page-background-enabled":"default","ast-page-background-meta":{"desktop":{"background-color":"","background-image":"","background-repeat":"repeat","background-position":"center center","background-size":"auto","background-attachment":"scroll","background-type":"","background-media":"","overlay-type":"","overlay-color":"","overlay-opacity":"","overlay-gradient":""},"tablet":{"background-color":"","background-image":"","background-repeat":"repeat","background-position":"center center","background-size":"auto","background-attachment":"scroll","background-type":"","background-media":"","overlay-type":"","overlay-color":"","overlay-opacity":"","overlay-gradient":""},"mobile":{"background-color":"","background-image":"","background-repeat":"repeat","background-position":"center center","background-size":"auto","background-attachment":"scroll","background-type":"","background-media":"","overlay-type":"","overlay-color":"","overlay-opacity":"","overlay-gradient":""}},"ast-content-background-meta":{"desktop":{"background-color":"var(--ast-global-color-5)","background-image":"","background-repeat":"repeat","background-position":"center center","background-size":"auto","background-attachment":"scroll","background-type":"","background-media":"","overlay-type":"","overlay-color":"","overlay-opacity":"","overlay-gradient":""},"tablet":{"background-color":"var(--ast-global-color-5)","background-image":"","background-repeat":"repeat","background-position":"center center","background-size":"auto","background-attachment":"scroll","background-type":"","background-media":"","overlay-type":"","overlay-color":"","overlay-opacity":"","overlay-gradient":""},"mobile":{"background-color":"var(--ast-global-color-5)","background-image":"","background-repeat":"repeat","background-position":"center center","background-size":"auto","background-attachment":"scroll","background-type":"","background-media":"","overlay-type":"","overlay-color":"","overlay-opacity":"","overlay-gradient":""}}},"product_brand":[],"product_cat":[21],"product_tag":[],"class_list":{"0":"post-16849","1":"product","2":"type-product","3":"status-publish","4":"has-post-thumbnail","6":"product_cat-sawblade","7":"desktop-align-left","8":"tablet-align-left","9":"mobile-align-left","11":"first","12":"instock","13":"shipping-taxable","14":"product-type-simple"},"acf":[],"_links":{"self":[{"href":"https:\/\/www.tenyutool.com\/pt\/wp-json\/wp\/v2\/product\/16849","targetHints":{"allow":["GET"]}}],"collection":[{"href":"https:\/\/www.tenyutool.com\/pt\/wp-json\/wp\/v2\/product"}],"about":[{"href":"https:\/\/www.tenyutool.com\/pt\/wp-json\/wp\/v2\/types\/product"}],"replies":[{"embeddable":true,"href":"https:\/\/www.tenyutool.com\/pt\/wp-json\/wp\/v2\/comments?post=16849"}],"wp:featuredmedia":[{"embeddable":true,"href":"https:\/\/www.tenyutool.com\/pt\/wp-json\/wp\/v2\/media\/16851"}],"wp:attachment":[{"href":"https:\/\/www.tenyutool.com\/pt\/wp-json\/wp\/v2\/media?parent=16849"}],"wp:term":[{"taxonomy":"product_brand","embeddable":true,"href":"https:\/\/www.tenyutool.com\/pt\/wp-json\/wp\/v2\/product_brand?post=16849"},{"taxonomy":"product_cat","embeddable":true,"href":"https:\/\/www.tenyutool.com\/pt\/wp-json\/wp\/v2\/product_cat?post=16849"},{"taxonomy":"product_tag","embeddable":true,"href":"https:\/\/www.tenyutool.com\/pt\/wp-json\/wp\/v2\/product_tag?post=16849"}],"curies":[{"name":"wp","href":"https:\/\/api.w.org\/{rel}","templated":true}]}}