{"id":16862,"date":"2023-01-02T02:12:25","date_gmt":"2023-01-02T02:12:25","guid":{"rendered":"https:\/\/www.tenyutool.com\/?post_type=product&#038;p=16862"},"modified":"2023-01-02T02:12:26","modified_gmt":"2023-01-02T02:12:26","slug":"anel-magnetizador-anel-parafuso-apanhador-suporte-para-bits-de-chave-de-fenda-de-haste-hexagonal-de-1-4-polegadas","status":"publish","type":"product","link":"https:\/\/www.tenyutool.com\/pt\/product\/magnetizer-ring-magnetic-screw-ring-catcher-holder-for-1-4-inch-hex-shank-screwdriver-bits\/","title":{"rendered":"Anel magnetizador Anel de parafuso magn\u00e9tico Suporte coletor para pontas de chave de fenda de haste hexagonal de 1\/4 pol."},"content":{"rendered":"<p>Funcionalidade:<\/p>\n<ul>\n<li>\u00a0Material dur\u00e1vel, alta efici\u00eancia e longa vida \u00fatil.<\/li>\n<li data-spm-anchor-id=\"a2700.pc-decorate.0.i15.13673333lS58XV\">Ferramenta pr\u00e1tica para voc\u00ea pegar o parafuso com facilidade e rapidez na hora de trabalhar.<\/li>\n<li data-spm-anchor-id=\"a2700.pc-decorate.0.i15.13673333lS58XV\">Basta inserir a ponta da chave de fenda no anel magn\u00e9tico, o parafuso pode ser facilmente retirado.<\/li>\n<li data-spm-anchor-id=\"a2700.pc-decorate.0.i15.13673333lS58XV\">F\u00e1cil de usar.<\/li>\n<li data-spm-anchor-id=\"a2700.pc-decorate.0.i15.13673333lS58XV\">Prenda os parafusos com precis\u00e3o e aperte-os firmemente, reduzindo a abras\u00e3o no parafuso e na chave de fenda<\/li>\n<\/ul>\n<figure id=\"attachment_16864\" aria-describedby=\"caption-attachment-16864\" style=\"width: 800px\" class=\"wp-caption alignnone\"><img fetchpriority=\"high\" decoding=\"async\" class=\"size-full wp-image-16864\" src=\"https:\/\/www.tenyutool.com\/wp-content\/uploads\/2023\/01\/H726a59e6f93541d38be286de9ad41959E.webp.jpg\" alt=\"anel magnetizador anel de parafuso magn\u00e9tico suporte coletor para bits de chave de fenda hexagonal de 1\/4 de polegada\" width=\"800\" height=\"800\" srcset=\"https:\/\/www.tenyutool.com\/wp-content\/uploads\/2023\/01\/H726a59e6f93541d38be286de9ad41959E.webp.jpg 800w, https:\/\/www.tenyutool.com\/wp-content\/uploads\/2023\/01\/H726a59e6f93541d38be286de9ad41959E.webp-150x150.jpg 150w, https:\/\/www.tenyutool.com\/wp-content\/uploads\/2023\/01\/H726a59e6f93541d38be286de9ad41959E.webp-768x768.jpg 768w, https:\/\/www.tenyutool.com\/wp-content\/uploads\/2023\/01\/H726a59e6f93541d38be286de9ad41959E.webp-12x12.jpg 12w, https:\/\/www.tenyutool.com\/wp-content\/uploads\/2023\/01\/H726a59e6f93541d38be286de9ad41959E.webp-300x300.jpg 300w, https:\/\/www.tenyutool.com\/wp-content\/uploads\/2023\/01\/H726a59e6f93541d38be286de9ad41959E.webp-600x600.jpg 600w, https:\/\/www.tenyutool.com\/wp-content\/uploads\/2023\/01\/H726a59e6f93541d38be286de9ad41959E.webp-100x100.jpg 100w\" sizes=\"(max-width: 800px) 100vw, 800px\" \/><figcaption id=\"caption-attachment-16864\" class=\"wp-caption-text\">anel magnetizador anel de parafuso magn\u00e9tico suporte coletor para bits de chave de fenda hexagonal de 1\/4 de polegada<\/figcaption><\/figure>\n<table width=\"794\">\n<tbody>\n<tr>\n<td colspan=\"6\" width=\"794\">Descri\u00e7\u00e3o do produto<\/td>\n<\/tr>\n<tr>\n<td colspan=\"6\">Mais escolha para voc\u00ea: <a href=\"https:\/\/www.tenyutool.com\/pt\/\">Casa<\/a> &gt; Chave de fenda e removedor de parafusos danificados<\/td>\n<\/tr>\n<tr>\n<td>Nome do Produto<\/td>\n<td colspan=\"5\" width=\"572\">Anel magnetizador Anel de parafuso magn\u00e9tico Suporte coletor para pontas de chave de fenda de haste hexagonal de 1\/4 pol.<\/td>\n<\/tr>\n<tr>\n<td>Material<\/td>\n<td colspan=\"5\" width=\"572\">\u00a0Liga de alum\u00ednio<\/td>\n<\/tr>\n<tr>\n<td>Tamanho<\/td>\n<td colspan=\"5\" width=\"572\">25mm<\/td>\n<\/tr>\n<tr>\n<td>Tamanho interno<\/td>\n<td colspan=\"5\" width=\"572\">\u00a01\/4\u2033 \/ 6,35 mm<\/td>\n<\/tr>\n<tr>\n<td>Acabamento de superf\u00edcie<\/td>\n<td colspan=\"5\" width=\"572\">Vermelho, amarelo, azul<\/td>\n<\/tr>\n<tr>\n<td>Pacote<\/td>\n<td colspan=\"5\" width=\"572\">10 pe\u00e7as em uma caixa de pl\u00e1stico<\/td>\n<\/tr>\n<\/tbody>\n<\/table>","protected":false},"excerpt":{"rendered":"<p>Feature\uff1a \u00a0Durable material, high efficiency, and long service life. Practical tool for you to catch the screw easily and quickly when you are working. Just insert the screwdriver bit into the magnetic ring, the screw can be easily picked up. Easy to use. Accurately lock screws and tightly snapped while reducing abrasion to the screw [&hellip;]<\/p>\n","protected":false},"featured_media":16864,"comment_status":"closed","ping_status":"closed","template":"","meta":{"_acf_changed":false,"_seopress_robots_primary_cat":"","_seopress_titles_title":"Ring Catcher Holder | For 1\/4 Inch Hex Shank Screwdriver Bits","_seopress_titles_desc":"","_seopress_robots_index":"","site-sidebar-layout":"default","site-content-layout":"default","ast-site-content-layout":"default","site-content-style":"default","site-sidebar-style":"default","ast-global-header-display":"","ast-banner-title-visibility":"","ast-main-header-display":"","ast-hfb-above-header-display":"","ast-hfb-below-header-display":"","ast-hfb-mobile-header-display":"","site-post-title":"","ast-breadcrumbs-content":"","ast-featured-img":"","footer-sml-layout":"","ast-disable-related-posts":"","theme-transparent-header-meta":"default","adv-header-id-meta":"","stick-header-meta":"","header-above-stick-meta":"","header-main-stick-meta":"","header-below-stick-meta":"","astra-migrate-meta-layouts":"default","ast-page-background-enabled":"default","ast-page-background-meta":{"desktop":{"background-color":"","background-image":"","background-repeat":"repeat","background-position":"center center","background-size":"auto","background-attachment":"scroll","background-type":"","background-media":"","overlay-type":"","overlay-color":"","overlay-opacity":"","overlay-gradient":""},"tablet":{"background-color":"","background-image":"","background-repeat":"repeat","background-position":"center center","background-size":"auto","background-attachment":"scroll","background-type":"","background-media":"","overlay-type":"","overlay-color":"","overlay-opacity":"","overlay-gradient":""},"mobile":{"background-color":"","background-image":"","background-repeat":"repeat","background-position":"center center","background-size":"auto","background-attachment":"scroll","background-type":"","background-media":"","overlay-type":"","overlay-color":"","overlay-opacity":"","overlay-gradient":""}},"ast-content-background-meta":{"desktop":{"background-color":"var(--ast-global-color-5)","background-image":"","background-repeat":"repeat","background-position":"center center","background-size":"auto","background-attachment":"scroll","background-type":"","background-media":"","overlay-type":"","overlay-color":"","overlay-opacity":"","overlay-gradient":""},"tablet":{"background-color":"var(--ast-global-color-5)","background-image":"","background-repeat":"repeat","background-position":"center center","background-size":"auto","background-attachment":"scroll","background-type":"","background-media":"","overlay-type":"","overlay-color":"","overlay-opacity":"","overlay-gradient":""},"mobile":{"background-color":"var(--ast-global-color-5)","background-image":"","background-repeat":"repeat","background-position":"center center","background-size":"auto","background-attachment":"scroll","background-type":"","background-media":"","overlay-type":"","overlay-color":"","overlay-opacity":"","overlay-gradient":""}}},"product_brand":[],"product_cat":[38],"product_tag":[],"class_list":{"0":"post-16862","1":"product","2":"type-product","3":"status-publish","4":"has-post-thumbnail","6":"product_cat-screwdriver-and-damaged-screw-remover","7":"desktop-align-left","8":"tablet-align-left","9":"mobile-align-left","11":"first","12":"instock","13":"shipping-taxable","14":"product-type-simple"},"acf":[],"_links":{"self":[{"href":"https:\/\/www.tenyutool.com\/pt\/wp-json\/wp\/v2\/product\/16862","targetHints":{"allow":["GET"]}}],"collection":[{"href":"https:\/\/www.tenyutool.com\/pt\/wp-json\/wp\/v2\/product"}],"about":[{"href":"https:\/\/www.tenyutool.com\/pt\/wp-json\/wp\/v2\/types\/product"}],"replies":[{"embeddable":true,"href":"https:\/\/www.tenyutool.com\/pt\/wp-json\/wp\/v2\/comments?post=16862"}],"wp:featuredmedia":[{"embeddable":true,"href":"https:\/\/www.tenyutool.com\/pt\/wp-json\/wp\/v2\/media\/16864"}],"wp:attachment":[{"href":"https:\/\/www.tenyutool.com\/pt\/wp-json\/wp\/v2\/media?parent=16862"}],"wp:term":[{"taxonomy":"product_brand","embeddable":true,"href":"https:\/\/www.tenyutool.com\/pt\/wp-json\/wp\/v2\/product_brand?post=16862"},{"taxonomy":"product_cat","embeddable":true,"href":"https:\/\/www.tenyutool.com\/pt\/wp-json\/wp\/v2\/product_cat?post=16862"},{"taxonomy":"product_tag","embeddable":true,"href":"https:\/\/www.tenyutool.com\/pt\/wp-json\/wp\/v2\/product_tag?post=16862"}],"curies":[{"name":"wp","href":"https:\/\/api.w.org\/{rel}","templated":true}]}}