{"id":16865,"date":"2023-01-02T02:26:18","date_gmt":"2023-01-02T02:26:18","guid":{"rendered":"https:\/\/www.tenyutool.com\/?post_type=product&#038;p=16865"},"modified":"2023-01-02T02:26:18","modified_gmt":"2023-01-02T02:26:18","slug":"200-300mm-haste-hexagonal-broca-flexivel-chave-de-fenda-magnetica-suporte-de-bit-de-extensao-de-eixo-para-espaco-estreito","status":"publish","type":"product","link":"https:\/\/www.tenyutool.com\/pt\/product\/200-300mm-hex-shank-flexible-drill-bit-magnetic-screwdriver-shaft-extension-bit-holder-for-narrow-space\/","title":{"rendered":"Broca flex\u00edvel de haste hexagonal de 200-300 mm, chave de fenda magn\u00e9tica, haste de extens\u00e3o, suporte de broca para espa\u00e7os estreitos"},"content":{"rendered":"<p>Funcionalidade:<\/p>\n<ul>\n<li>Pl\u00e1stico e a\u00e7o de alta qualidade se combinam para torn\u00e1-lo um bom auxiliar para reparo e instala\u00e7\u00e3o.<\/li>\n<li data-spm-anchor-id=\"a2700.pc-decorate.0.i4.16b833331qKNNd\">Pode dobrar, torcer e girar em muitos \u00e2ngulos diferentes.<\/li>\n<li data-spm-anchor-id=\"a2700.pc-decorate.0.i6.16b833331qKNNd\">Deixe esta extens\u00e3o de broca flex\u00edvel ajud\u00e1-lo a resolver mais problemas rapidamente.<\/li>\n<li data-spm-anchor-id=\"a2700.pc-decorate.0.i7.16b833331qKNNd\">O eixo interno tem uma ampla faixa de rota\u00e7\u00e3o e \u00e9 est\u00e1vel em massa.<\/li>\n<li data-spm-anchor-id=\"a2700.pc-decorate.0.i2.16b83333hu3tND\">Combine o seu parafuso, 1\/4\u2033 (6,35 mm)<\/li>\n<\/ul>\n<figure id=\"attachment_16867\" aria-describedby=\"caption-attachment-16867\" style=\"width: 800px\" class=\"wp-caption alignnone\"><img fetchpriority=\"high\" decoding=\"async\" class=\"size-full wp-image-16867\" src=\"https:\/\/www.tenyutool.com\/wp-content\/uploads\/2023\/01\/H723d5dbeab014472b5f601f580ef344aQ.webp.jpg\" alt=\"200 300mm haste hexagonal broca flex\u00edvel chave de fenda magn\u00e9tica suporte de bit de extens\u00e3o de eixo para espa\u00e7o estreito\" width=\"800\" height=\"800\" srcset=\"https:\/\/www.tenyutool.com\/wp-content\/uploads\/2023\/01\/H723d5dbeab014472b5f601f580ef344aQ.webp.jpg 800w, https:\/\/www.tenyutool.com\/wp-content\/uploads\/2023\/01\/H723d5dbeab014472b5f601f580ef344aQ.webp-150x150.jpg 150w, https:\/\/www.tenyutool.com\/wp-content\/uploads\/2023\/01\/H723d5dbeab014472b5f601f580ef344aQ.webp-768x768.jpg 768w, https:\/\/www.tenyutool.com\/wp-content\/uploads\/2023\/01\/H723d5dbeab014472b5f601f580ef344aQ.webp-12x12.jpg 12w, https:\/\/www.tenyutool.com\/wp-content\/uploads\/2023\/01\/H723d5dbeab014472b5f601f580ef344aQ.webp-300x300.jpg 300w, https:\/\/www.tenyutool.com\/wp-content\/uploads\/2023\/01\/H723d5dbeab014472b5f601f580ef344aQ.webp-600x600.jpg 600w, https:\/\/www.tenyutool.com\/wp-content\/uploads\/2023\/01\/H723d5dbeab014472b5f601f580ef344aQ.webp-100x100.jpg 100w\" sizes=\"(max-width: 800px) 100vw, 800px\" \/><figcaption id=\"caption-attachment-16867\" class=\"wp-caption-text\">200 300mm haste hexagonal broca flex\u00edvel chave de fenda magn\u00e9tica suporte de bit de extens\u00e3o de eixo para espa\u00e7o estreito<\/figcaption><\/figure>\n<table width=\"794\">\n<tbody>\n<tr>\n<td colspan=\"6\" width=\"794\">Descri\u00e7\u00e3o do produto<\/td>\n<\/tr>\n<tr>\n<td colspan=\"6\">Mais escolha para voc\u00ea:<a href=\"https:\/\/www.tenyutool.com\/pt\/\"> Casa<\/a> &gt; Chave de fenda e removedor de parafusos danificados<\/td>\n<\/tr>\n<tr>\n<td>Nome do Produto<\/td>\n<td colspan=\"5\" width=\"572\">Broca flex\u00edvel de haste hexagonal de 200-300 mm, chave de fenda magn\u00e9tica, haste de extens\u00e3o, suporte de broca para Norrow Space<\/td>\n<\/tr>\n<tr>\n<td>Material<\/td>\n<td colspan=\"5\" width=\"572\">A\u00e7o carbono, a\u00e7o magn\u00e9tico e pl\u00e1stico<\/td>\n<\/tr>\n<tr>\n<td>Shank<\/td>\n<td colspan=\"5\" width=\"572\">Haste sextavada de 1\/4&quot;<\/td>\n<\/tr>\n<tr>\n<td>Cor<\/td>\n<td colspan=\"5\" width=\"572\">\u00a0Preto\/Azul\/Vermelho\/Laranja\/Amarelo<\/td>\n<\/tr>\n<tr>\n<td>Tamanho<\/td>\n<td colspan=\"5\" width=\"572\">200mm, 250mm, 300mm<\/td>\n<\/tr>\n<tr>\n<td>Pacote<\/td>\n<td colspan=\"5\" width=\"572\">Uma pe\u00e7a em uma bolha dupla<\/td>\n<\/tr>\n<\/tbody>\n<\/table>","protected":false},"excerpt":{"rendered":"<p>Feature\uff1a High quality plastic and steel combine to make it a good helper for repair and installation. It can bend, twist and spin at many different angles. Let this flexible drill bit extension help you solve more problems quickly. The inner shaft has a wide rotation range and is stable in mass. Match your screw, [&hellip;]<\/p>\n","protected":false},"featured_media":16867,"comment_status":"closed","ping_status":"closed","template":"","meta":{"_acf_changed":false,"_seopress_robots_primary_cat":"","_seopress_titles_title":"200-300mm Hex Shank Flexible Drill Bit  | for Norrow Space","_seopress_titles_desc":"","_seopress_robots_index":"","site-sidebar-layout":"default","site-content-layout":"default","ast-site-content-layout":"default","site-content-style":"default","site-sidebar-style":"default","ast-global-header-display":"","ast-banner-title-visibility":"","ast-main-header-display":"","ast-hfb-above-header-display":"","ast-hfb-below-header-display":"","ast-hfb-mobile-header-display":"","site-post-title":"","ast-breadcrumbs-content":"","ast-featured-img":"","footer-sml-layout":"","ast-disable-related-posts":"","theme-transparent-header-meta":"default","adv-header-id-meta":"","stick-header-meta":"","header-above-stick-meta":"","header-main-stick-meta":"","header-below-stick-meta":"","astra-migrate-meta-layouts":"default","ast-page-background-enabled":"default","ast-page-background-meta":{"desktop":{"background-color":"","background-image":"","background-repeat":"repeat","background-position":"center center","background-size":"auto","background-attachment":"scroll","background-type":"","background-media":"","overlay-type":"","overlay-color":"","overlay-opacity":"","overlay-gradient":""},"tablet":{"background-color":"","background-image":"","background-repeat":"repeat","background-position":"center center","background-size":"auto","background-attachment":"scroll","background-type":"","background-media":"","overlay-type":"","overlay-color":"","overlay-opacity":"","overlay-gradient":""},"mobile":{"background-color":"","background-image":"","background-repeat":"repeat","background-position":"center center","background-size":"auto","background-attachment":"scroll","background-type":"","background-media":"","overlay-type":"","overlay-color":"","overlay-opacity":"","overlay-gradient":""}},"ast-content-background-meta":{"desktop":{"background-color":"var(--ast-global-color-5)","background-image":"","background-repeat":"repeat","background-position":"center center","background-size":"auto","background-attachment":"scroll","background-type":"","background-media":"","overlay-type":"","overlay-color":"","overlay-opacity":"","overlay-gradient":""},"tablet":{"background-color":"var(--ast-global-color-5)","background-image":"","background-repeat":"repeat","background-position":"center center","background-size":"auto","background-attachment":"scroll","background-type":"","background-media":"","overlay-type":"","overlay-color":"","overlay-opacity":"","overlay-gradient":""},"mobile":{"background-color":"var(--ast-global-color-5)","background-image":"","background-repeat":"repeat","background-position":"center center","background-size":"auto","background-attachment":"scroll","background-type":"","background-media":"","overlay-type":"","overlay-color":"","overlay-opacity":"","overlay-gradient":""}}},"product_brand":[],"product_cat":[38],"product_tag":[],"class_list":{"0":"post-16865","1":"product","2":"type-product","3":"status-publish","4":"has-post-thumbnail","6":"product_cat-screwdriver-and-damaged-screw-remover","7":"desktop-align-left","8":"tablet-align-left","9":"mobile-align-left","11":"first","12":"instock","13":"shipping-taxable","14":"product-type-simple"},"acf":[],"_links":{"self":[{"href":"https:\/\/www.tenyutool.com\/pt\/wp-json\/wp\/v2\/product\/16865","targetHints":{"allow":["GET"]}}],"collection":[{"href":"https:\/\/www.tenyutool.com\/pt\/wp-json\/wp\/v2\/product"}],"about":[{"href":"https:\/\/www.tenyutool.com\/pt\/wp-json\/wp\/v2\/types\/product"}],"replies":[{"embeddable":true,"href":"https:\/\/www.tenyutool.com\/pt\/wp-json\/wp\/v2\/comments?post=16865"}],"wp:featuredmedia":[{"embeddable":true,"href":"https:\/\/www.tenyutool.com\/pt\/wp-json\/wp\/v2\/media\/16867"}],"wp:attachment":[{"href":"https:\/\/www.tenyutool.com\/pt\/wp-json\/wp\/v2\/media?parent=16865"}],"wp:term":[{"taxonomy":"product_brand","embeddable":true,"href":"https:\/\/www.tenyutool.com\/pt\/wp-json\/wp\/v2\/product_brand?post=16865"},{"taxonomy":"product_cat","embeddable":true,"href":"https:\/\/www.tenyutool.com\/pt\/wp-json\/wp\/v2\/product_cat?post=16865"},{"taxonomy":"product_tag","embeddable":true,"href":"https:\/\/www.tenyutool.com\/pt\/wp-json\/wp\/v2\/product_tag?post=16865"}],"curies":[{"name":"wp","href":"https:\/\/api.w.org\/{rel}","templated":true}]}}