{"id":16868,"date":"2023-01-03T01:00:09","date_gmt":"2023-01-03T01:00:09","guid":{"rendered":"https:\/\/www.tenyutool.com\/?post_type=product&#038;p=16868"},"modified":"2023-01-03T01:00:10","modified_gmt":"2023-01-03T01:00:10","slug":"roda-polidora-de-feltro-de-la-de-4-polegadas-feltro-de-alta-densidade-fina-de-la-branca-rebarbadora-angular-ferramenta-rotativa-abrasiva","status":"publish","type":"product","link":"https:\/\/www.tenyutool.com\/pt\/product\/4-inch-wool-felt-buffing-wheel-felt-high-density-fine-white-wool-pad-angle-grinder-rotary-tool-abrasive\/","title":{"rendered":"Roda de polimento de feltro de l\u00e3 de 4 polegadas feltro de alta densidade almofada de l\u00e3 branca fina rebarbadora ferramenta rotativa abrasiva"},"content":{"rendered":"<p>Caracter\u00edstica:<\/p>\n<ul>\n<li>\u00a0material natural macio e ecol\u00f3gico sem arranhar a superf\u00edcie ao polir.<\/li>\n<li data-spm-anchor-id=\"a2700.pc-decorate.0.i3.5fe93333wqOkWI\">\u00a0A almofada do disco \u00e9 resistente ao desgaste e segura para um longo per\u00edodo de servi\u00e7o.<\/li>\n<li data-spm-anchor-id=\"a2700.pc-decorate.0.i4.5fe93333wqOkWI\">As almofadas de roda de polimento s\u00e3o amplamente utilizadas em v\u00e1rias superf\u00edcies de polimento e limpeza.<\/li>\n<li data-spm-anchor-id=\"a2700.pc-decorate.0.i5.5fe93333wqOkWI\">\u00a0Perfeito para rebarbadora.<\/li>\n<li data-spm-anchor-id=\"a2700.pc-decorate.0.i6.5fe93333wqOkWI\">\u00a0Forte compatibilidade.<\/li>\n<\/ul>\n<figure id=\"attachment_16870\" aria-describedby=\"caption-attachment-16870\" style=\"width: 800px\" class=\"wp-caption alignnone\"><img fetchpriority=\"high\" decoding=\"async\" class=\"size-full wp-image-16870\" src=\"https:\/\/www.tenyutool.com\/wp-content\/uploads\/2023\/01\/Wool-Felt-Buffing-Wheel.jpg\" alt=\"Roda polidora de feltro de l\u00e3 de 4 polegadas feltro de l\u00e3 branca fina de alta densidade rebarbadora ferramenta rotativa abrasiva\" width=\"800\" height=\"800\" srcset=\"https:\/\/www.tenyutool.com\/wp-content\/uploads\/2023\/01\/Wool-Felt-Buffing-Wheel.jpg 800w, https:\/\/www.tenyutool.com\/wp-content\/uploads\/2023\/01\/Wool-Felt-Buffing-Wheel-150x150.jpg 150w, https:\/\/www.tenyutool.com\/wp-content\/uploads\/2023\/01\/Wool-Felt-Buffing-Wheel-768x768.jpg 768w, https:\/\/www.tenyutool.com\/wp-content\/uploads\/2023\/01\/Wool-Felt-Buffing-Wheel-12x12.jpg 12w, https:\/\/www.tenyutool.com\/wp-content\/uploads\/2023\/01\/Wool-Felt-Buffing-Wheel-300x300.jpg 300w, https:\/\/www.tenyutool.com\/wp-content\/uploads\/2023\/01\/Wool-Felt-Buffing-Wheel-600x600.jpg 600w, https:\/\/www.tenyutool.com\/wp-content\/uploads\/2023\/01\/Wool-Felt-Buffing-Wheel-100x100.jpg 100w\" sizes=\"(max-width: 800px) 100vw, 800px\" \/><figcaption id=\"caption-attachment-16870\" class=\"wp-caption-text\">Roda polidora de feltro de l\u00e3 de 4 polegadas feltro de l\u00e3 branca fina de alta densidade rebarbadora ferramenta rotativa abrasiva<\/figcaption><\/figure>\n<table width=\"794\">\n<tbody>\n<tr>\n<td colspan=\"6\" width=\"794\">Descri\u00e7\u00e3o do produto<\/td>\n<\/tr>\n<tr>\n<td colspan=\"6\">Mais escolha para voc\u00ea: <a href=\"https:\/\/www.tenyutool.com\/pt\/\">Casa<\/a> &gt; Ferramentas de polimento de polimento<\/td>\n<\/tr>\n<tr>\n<td>Nome do Produto<\/td>\n<td colspan=\"5\" width=\"572\">Roda de polimento de feltro de l\u00e3 de 4 polegadas feltro de alta densidade almofada de l\u00e3 branca fina rebarbadora ferramenta rotativa abrasiva<\/td>\n<\/tr>\n<tr>\n<td>Material<\/td>\n<td colspan=\"5\" width=\"572\">100% L\u00e3 Feltro<\/td>\n<\/tr>\n<tr>\n<td>Material de Apoio<\/td>\n<td colspan=\"5\">Pl\u00e1stico<\/td>\n<\/tr>\n<tr>\n<td>Cor<\/td>\n<td colspan=\"5\" width=\"572\">Branco<\/td>\n<\/tr>\n<tr>\n<td>Inscri\u00e7\u00e3o<\/td>\n<td colspan=\"5\" width=\"572\">\u00a0polidor de m\u00e1rmore<\/td>\n<\/tr>\n<tr>\n<td>Pacote<\/td>\n<td colspan=\"5\" width=\"572\">Saco de pl\u00e1stico interno caixa de papel\u00e3o externa para disco de polimento de feltro de l\u00e3<\/td>\n<\/tr>\n<\/tbody>\n<\/table>","protected":false},"excerpt":{"rendered":"<p>Feature: \u00a0soft &amp; enviromental-friendly natural material without scratching the surface when polishing. \u00a0The disc pad is wear resistant and safe for long service period. Buffing wheel pads are widely used in various surface buffing and cleaning. \u00a0Perfect for Angle Grinder. \u00a0Strong Compatibility. Product Description More Choice For You: Home &gt; Buffing Polishing Tools Product Name [&hellip;]<\/p>\n","protected":false},"featured_media":16870,"comment_status":"closed","ping_status":"closed","template":"","meta":{"_acf_changed":false,"_seopress_robots_primary_cat":"","_seopress_titles_title":"Wool Felt Buffing Wheel Felt |  Angle Grinder Rotary Tool Abrasive","_seopress_titles_desc":"","_seopress_robots_index":"","site-sidebar-layout":"default","site-content-layout":"default","ast-site-content-layout":"default","site-content-style":"default","site-sidebar-style":"default","ast-global-header-display":"","ast-banner-title-visibility":"","ast-main-header-display":"","ast-hfb-above-header-display":"","ast-hfb-below-header-display":"","ast-hfb-mobile-header-display":"","site-post-title":"","ast-breadcrumbs-content":"","ast-featured-img":"","footer-sml-layout":"","ast-disable-related-posts":"","theme-transparent-header-meta":"default","adv-header-id-meta":"","stick-header-meta":"","header-above-stick-meta":"","header-main-stick-meta":"","header-below-stick-meta":"","astra-migrate-meta-layouts":"default","ast-page-background-enabled":"default","ast-page-background-meta":{"desktop":{"background-color":"","background-image":"","background-repeat":"repeat","background-position":"center center","background-size":"auto","background-attachment":"scroll","background-type":"","background-media":"","overlay-type":"","overlay-color":"","overlay-opacity":"","overlay-gradient":""},"tablet":{"background-color":"","background-image":"","background-repeat":"repeat","background-position":"center center","background-size":"auto","background-attachment":"scroll","background-type":"","background-media":"","overlay-type":"","overlay-color":"","overlay-opacity":"","overlay-gradient":""},"mobile":{"background-color":"","background-image":"","background-repeat":"repeat","background-position":"center center","background-size":"auto","background-attachment":"scroll","background-type":"","background-media":"","overlay-type":"","overlay-color":"","overlay-opacity":"","overlay-gradient":""}},"ast-content-background-meta":{"desktop":{"background-color":"var(--ast-global-color-5)","background-image":"","background-repeat":"repeat","background-position":"center center","background-size":"auto","background-attachment":"scroll","background-type":"","background-media":"","overlay-type":"","overlay-color":"","overlay-opacity":"","overlay-gradient":""},"tablet":{"background-color":"var(--ast-global-color-5)","background-image":"","background-repeat":"repeat","background-position":"center center","background-size":"auto","background-attachment":"scroll","background-type":"","background-media":"","overlay-type":"","overlay-color":"","overlay-opacity":"","overlay-gradient":""},"mobile":{"background-color":"var(--ast-global-color-5)","background-image":"","background-repeat":"repeat","background-position":"center center","background-size":"auto","background-attachment":"scroll","background-type":"","background-media":"","overlay-type":"","overlay-color":"","overlay-opacity":"","overlay-gradient":""}}},"product_brand":[],"product_cat":[35],"product_tag":[],"class_list":{"0":"post-16868","1":"product","2":"type-product","3":"status-publish","4":"has-post-thumbnail","6":"product_cat-polishing-tools","7":"desktop-align-left","8":"tablet-align-left","9":"mobile-align-left","11":"first","12":"instock","13":"shipping-taxable","14":"product-type-simple"},"acf":[],"_links":{"self":[{"href":"https:\/\/www.tenyutool.com\/pt\/wp-json\/wp\/v2\/product\/16868","targetHints":{"allow":["GET"]}}],"collection":[{"href":"https:\/\/www.tenyutool.com\/pt\/wp-json\/wp\/v2\/product"}],"about":[{"href":"https:\/\/www.tenyutool.com\/pt\/wp-json\/wp\/v2\/types\/product"}],"replies":[{"embeddable":true,"href":"https:\/\/www.tenyutool.com\/pt\/wp-json\/wp\/v2\/comments?post=16868"}],"wp:featuredmedia":[{"embeddable":true,"href":"https:\/\/www.tenyutool.com\/pt\/wp-json\/wp\/v2\/media\/16870"}],"wp:attachment":[{"href":"https:\/\/www.tenyutool.com\/pt\/wp-json\/wp\/v2\/media?parent=16868"}],"wp:term":[{"taxonomy":"product_brand","embeddable":true,"href":"https:\/\/www.tenyutool.com\/pt\/wp-json\/wp\/v2\/product_brand?post=16868"},{"taxonomy":"product_cat","embeddable":true,"href":"https:\/\/www.tenyutool.com\/pt\/wp-json\/wp\/v2\/product_cat?post=16868"},{"taxonomy":"product_tag","embeddable":true,"href":"https:\/\/www.tenyutool.com\/pt\/wp-json\/wp\/v2\/product_tag?post=16868"}],"curies":[{"name":"wp","href":"https:\/\/api.w.org\/{rel}","templated":true}]}}