{"id":16875,"date":"2023-01-09T02:36:10","date_gmt":"2023-01-09T02:36:10","guid":{"rendered":"https:\/\/www.tenyutool.com\/?post_type=product&#038;p=16875"},"modified":"2023-01-09T02:36:10","modified_gmt":"2023-01-09T02:36:10","slug":"4-pecas-kit-de-escova-de-limpeza-eletrica-para-todos-os-fins-com-extensao","status":"publish","type":"product","link":"https:\/\/www.tenyutool.com\/pt\/product\/4-pcs-all-purpose-power-clean-scrubber-brush-electric-cleaning-brush-kit-with-extend\/","title":{"rendered":"Kit de escova de limpeza el\u00e9trica para limpeza el\u00e9trica multifuncional com 4 pe\u00e7as com extens\u00e3o"},"content":{"rendered":"<p>Caracter\u00edstica:<\/p>\n<ul>\n<li>A cabe\u00e7a da escova de perfura\u00e7\u00e3o de rigidez pode fazer o trabalho de limpeza mais dif\u00edcil e fazer a limpeza mais completa.<\/li>\n<li data-spm-anchor-id=\"a2700.pc-decorate.0.i11.1e803333A6CFv9\">Todas as escovas t\u00eam troca r\u00e1pida de um quarto de polegada para caber na maioria das furadeiras e drivers.<\/li>\n<li data-spm-anchor-id=\"a2700.pc-decorate.0.i12.1e803333A6CFv9\">Diferentes tamanhos e formas de escovas para limpar as superf\u00edcies do banheiro.<\/li>\n<li data-spm-anchor-id=\"a2700.pc-decorate.0.i13.1e803333A6CFv9\">As cerdas de nylon de rigidez m\u00e9dia n\u00e3o arranham as superf\u00edcies da banheira e do chuveiro.<\/li>\n<li data-spm-anchor-id=\"a2700.pc-decorate.0.i14.1e803333A6CFv9\">A limpeza com escova de perfura\u00e7\u00e3o el\u00e9trica torna-se mais eficiente e obt\u00e9m superf\u00edcies mais limpas do que a limpeza manual.<\/li>\n<\/ul>\n<figure id=\"attachment_16877\" aria-describedby=\"caption-attachment-16877\" style=\"width: 800px\" class=\"wp-caption alignnone\"><img fetchpriority=\"high\" decoding=\"async\" class=\"size-full wp-image-16877\" src=\"https:\/\/www.tenyutool.com\/wp-content\/uploads\/2023\/01\/Scrubber-Brush-Electric.jpg\" alt=\"4 pe\u00e7as kit de escova de limpeza el\u00e9trica para todos os fins com extens\u00e3o\" width=\"800\" height=\"800\" srcset=\"https:\/\/www.tenyutool.com\/wp-content\/uploads\/2023\/01\/Scrubber-Brush-Electric.jpg 800w, https:\/\/www.tenyutool.com\/wp-content\/uploads\/2023\/01\/Scrubber-Brush-Electric-150x150.jpg 150w, https:\/\/www.tenyutool.com\/wp-content\/uploads\/2023\/01\/Scrubber-Brush-Electric-768x768.jpg 768w, https:\/\/www.tenyutool.com\/wp-content\/uploads\/2023\/01\/Scrubber-Brush-Electric-12x12.jpg 12w, https:\/\/www.tenyutool.com\/wp-content\/uploads\/2023\/01\/Scrubber-Brush-Electric-300x300.jpg 300w, https:\/\/www.tenyutool.com\/wp-content\/uploads\/2023\/01\/Scrubber-Brush-Electric-600x600.jpg 600w, https:\/\/www.tenyutool.com\/wp-content\/uploads\/2023\/01\/Scrubber-Brush-Electric-100x100.jpg 100w\" sizes=\"(max-width: 800px) 100vw, 800px\" \/><figcaption id=\"caption-attachment-16877\" class=\"wp-caption-text\">4 pe\u00e7as de escova de limpeza el\u00e9trica multifuncional kit de escova de limpeza el\u00e9trica com extens\u00e3o<\/figcaption><\/figure>\n<table width=\"794\">\n<tbody>\n<tr>\n<td colspan=\"6\" width=\"794\">Descri\u00e7\u00e3o do produto<\/td>\n<\/tr>\n<tr>\n<td colspan=\"6\">Mais escolha para voc\u00ea: <a href=\"https:\/\/www.tenyutool.com\/pt\/\">Casa<\/a> &gt; Escova de limpeza<\/td>\n<\/tr>\n<tr>\n<td>Nome do Produto<\/td>\n<td colspan=\"5\">Kit de escova de limpeza el\u00e9trica para limpeza el\u00e9trica multifuncional com 4 pe\u00e7as com extens\u00e3o<\/td>\n<\/tr>\n<tr>\n<td>Material<\/td>\n<td colspan=\"5\" width=\"572\">PP<\/td>\n<\/tr>\n<tr>\n<td>Inscri\u00e7\u00e3o<\/td>\n<td colspan=\"5\" width=\"572\">\u00a0para escova de limpeza<\/td>\n<\/tr>\n<tr>\n<td>Cor<\/td>\n<td colspan=\"5\" width=\"572\">\u00a0branco, amarelo, verde, azul, vermelho, preto<\/td>\n<\/tr>\n<tr>\n<td>Pacote<\/td>\n<td colspan=\"5\" width=\"572\">100PCS\/CTN vem em uma caixa padr\u00e3o<\/td>\n<\/tr>\n<\/tbody>\n<\/table>","protected":false},"excerpt":{"rendered":"<p>Feature: Stiffness drill brush head can get the stubborn cleaning job done faster and make cleaning more thoroughly. All brushes have quarter inch quick change shift to fits most drills and drivers. Different sizes and shapes of brushes for cleaning around your bathroom surfaces. Medium stiffness nylon bristles will not scratch your bathtub and shower [&hellip;]<\/p>\n","protected":false},"featured_media":16877,"comment_status":"closed","ping_status":"closed","template":"","meta":{"_acf_changed":false,"_seopress_robots_primary_cat":"","_seopress_titles_title":"All Purpose Power Clean Scrubber Brush Electric Cleaning | Brush Kit with Extend","_seopress_titles_desc":"","_seopress_robots_index":"","site-sidebar-layout":"default","site-content-layout":"default","ast-site-content-layout":"default","site-content-style":"default","site-sidebar-style":"default","ast-global-header-display":"","ast-banner-title-visibility":"","ast-main-header-display":"","ast-hfb-above-header-display":"","ast-hfb-below-header-display":"","ast-hfb-mobile-header-display":"","site-post-title":"","ast-breadcrumbs-content":"","ast-featured-img":"","footer-sml-layout":"","ast-disable-related-posts":"","theme-transparent-header-meta":"default","adv-header-id-meta":"","stick-header-meta":"","header-above-stick-meta":"","header-main-stick-meta":"","header-below-stick-meta":"","astra-migrate-meta-layouts":"default","ast-page-background-enabled":"default","ast-page-background-meta":{"desktop":{"background-color":"","background-image":"","background-repeat":"repeat","background-position":"center center","background-size":"auto","background-attachment":"scroll","background-type":"","background-media":"","overlay-type":"","overlay-color":"","overlay-opacity":"","overlay-gradient":""},"tablet":{"background-color":"","background-image":"","background-repeat":"repeat","background-position":"center center","background-size":"auto","background-attachment":"scroll","background-type":"","background-media":"","overlay-type":"","overlay-color":"","overlay-opacity":"","overlay-gradient":""},"mobile":{"background-color":"","background-image":"","background-repeat":"repeat","background-position":"center center","background-size":"auto","background-attachment":"scroll","background-type":"","background-media":"","overlay-type":"","overlay-color":"","overlay-opacity":"","overlay-gradient":""}},"ast-content-background-meta":{"desktop":{"background-color":"var(--ast-global-color-5)","background-image":"","background-repeat":"repeat","background-position":"center center","background-size":"auto","background-attachment":"scroll","background-type":"","background-media":"","overlay-type":"","overlay-color":"","overlay-opacity":"","overlay-gradient":""},"tablet":{"background-color":"var(--ast-global-color-5)","background-image":"","background-repeat":"repeat","background-position":"center center","background-size":"auto","background-attachment":"scroll","background-type":"","background-media":"","overlay-type":"","overlay-color":"","overlay-opacity":"","overlay-gradient":""},"mobile":{"background-color":"var(--ast-global-color-5)","background-image":"","background-repeat":"repeat","background-position":"center center","background-size":"auto","background-attachment":"scroll","background-type":"","background-media":"","overlay-type":"","overlay-color":"","overlay-opacity":"","overlay-gradient":""}}},"product_brand":[],"product_cat":[36],"product_tag":[],"class_list":{"0":"post-16875","1":"product","2":"type-product","3":"status-publish","4":"has-post-thumbnail","6":"product_cat-new-tools","7":"desktop-align-left","8":"tablet-align-left","9":"mobile-align-left","11":"first","12":"instock","13":"shipping-taxable","14":"product-type-simple"},"acf":[],"_links":{"self":[{"href":"https:\/\/www.tenyutool.com\/pt\/wp-json\/wp\/v2\/product\/16875","targetHints":{"allow":["GET"]}}],"collection":[{"href":"https:\/\/www.tenyutool.com\/pt\/wp-json\/wp\/v2\/product"}],"about":[{"href":"https:\/\/www.tenyutool.com\/pt\/wp-json\/wp\/v2\/types\/product"}],"replies":[{"embeddable":true,"href":"https:\/\/www.tenyutool.com\/pt\/wp-json\/wp\/v2\/comments?post=16875"}],"wp:featuredmedia":[{"embeddable":true,"href":"https:\/\/www.tenyutool.com\/pt\/wp-json\/wp\/v2\/media\/16877"}],"wp:attachment":[{"href":"https:\/\/www.tenyutool.com\/pt\/wp-json\/wp\/v2\/media?parent=16875"}],"wp:term":[{"taxonomy":"product_brand","embeddable":true,"href":"https:\/\/www.tenyutool.com\/pt\/wp-json\/wp\/v2\/product_brand?post=16875"},{"taxonomy":"product_cat","embeddable":true,"href":"https:\/\/www.tenyutool.com\/pt\/wp-json\/wp\/v2\/product_cat?post=16875"},{"taxonomy":"product_tag","embeddable":true,"href":"https:\/\/www.tenyutool.com\/pt\/wp-json\/wp\/v2\/product_tag?post=16875"}],"curies":[{"name":"wp","href":"https:\/\/api.w.org\/{rel}","templated":true}]}}