{"id":16891,"date":"2023-01-15T05:40:47","date_gmt":"2023-01-15T05:40:47","guid":{"rendered":"https:\/\/www.tenyutool.com\/?post_type=product&#038;p=16891"},"modified":"2023-01-31T08:03:44","modified_gmt":"2023-01-31T08:03:44","slug":"gabarito-para-cavilhas-para-carpintaria-manual-localizador-de-furos-retos-para-perfuracao-de-madeira-acessorios-para-cavilhas-ferramenta-faca-voce-mesmo","status":"publish","type":"product","link":"https:\/\/www.tenyutool.com\/pt\/product\/handheld-woodworking-doweling-jig-straight-hole-locator-wood-drilling-dowelling-accessories-diy-tool\/","title":{"rendered":"Gabarito para cavilhas para carpintaria manual Localizador de furos retos Perfura\u00e7\u00e3o de madeira Acess\u00f3rios para cavilhas Ferramenta fa\u00e7a voc\u00ea mesmo"},"content":{"rendered":"<p>Caracter\u00edstica:<\/p>\n<ul>\n<li>Pl\u00e1stico de alto impacto com bucha de metal, resistente, dur\u00e1vel e longa vida \u00fatil.<\/li>\n<li data-spm-anchor-id=\"a2700.pc-decorate.0.i5.1fd53333HgqKHR\">Capaz de juntas de ponta a ponta, em T e de ponta a ponta.<\/li>\n<li data-spm-anchor-id=\"a2700.pc-decorate.0.i9.1fd53333HgqKHR\">Precis\u00e3o milim\u00e9trica, a dist\u00e2ncia pode ser ajustada com precis\u00e3o, adequada para perfura\u00e7\u00e3o em madeira.<\/li>\n<li data-spm-anchor-id=\"a2700.pc-decorate.0.i4.1fd53333HgqKHR\">A dist\u00e2ncia entre o furo e a borda da madeira pode ser ajustada para frente e para tr\u00e1s.<\/li>\n<li data-spm-anchor-id=\"a2700.pc-decorate.0.i11.1fd53333HgqKHR\">Adequado para brocas de 6mm 8mm10mm, f\u00e1cil de instalar, pode ser usado para emendar cavilhas redondas.<\/li>\n<\/ul>\n<figure id=\"attachment_16893\" aria-describedby=\"caption-attachment-16893\" style=\"width: 800px\" class=\"wp-caption alignnone\"><img fetchpriority=\"high\" decoding=\"async\" class=\"size-full wp-image-16893\" src=\"https:\/\/www.tenyutool.com\/wp-content\/uploads\/2023\/01\/Straight-Hole-Locator-.jpg\" alt=\"gabarito para cavilhas para carpintaria manual localizador de furos retos para perfura\u00e7\u00e3o de madeira acess\u00f3rios para cavilhas ferramenta fa\u00e7a voc\u00ea mesmo\" width=\"800\" height=\"800\" srcset=\"https:\/\/www.tenyutool.com\/wp-content\/uploads\/2023\/01\/Straight-Hole-Locator-.jpg 800w, https:\/\/www.tenyutool.com\/wp-content\/uploads\/2023\/01\/Straight-Hole-Locator--150x150.jpg 150w, https:\/\/www.tenyutool.com\/wp-content\/uploads\/2023\/01\/Straight-Hole-Locator--768x768.jpg 768w, https:\/\/www.tenyutool.com\/wp-content\/uploads\/2023\/01\/Straight-Hole-Locator--12x12.jpg 12w, https:\/\/www.tenyutool.com\/wp-content\/uploads\/2023\/01\/Straight-Hole-Locator--300x300.jpg 300w, https:\/\/www.tenyutool.com\/wp-content\/uploads\/2023\/01\/Straight-Hole-Locator--600x600.jpg 600w, https:\/\/www.tenyutool.com\/wp-content\/uploads\/2023\/01\/Straight-Hole-Locator--100x100.jpg 100w\" sizes=\"(max-width: 800px) 100vw, 800px\" \/><figcaption id=\"caption-attachment-16893\" class=\"wp-caption-text\">gabarito para cavilhas para carpintaria manual localizador de furos retos para perfura\u00e7\u00e3o de madeira acess\u00f3rios para cavilhas ferramenta fa\u00e7a voc\u00ea mesmo<\/figcaption><\/figure>\n<table width=\"794\">\n<tbody>\n<tr>\n<td colspan=\"6\" width=\"794\">Descri\u00e7\u00e3o do produto<\/td>\n<\/tr>\n<tr>\n<td colspan=\"6\">Mais escolha para voc\u00ea: <a href=\"https:\/\/www.tenyutool.com\/pt\/\">Casa<\/a> &gt; Produtos &gt; Novas ferramentas<\/td>\n<\/tr>\n<tr>\n<td>Nome do Produto<\/td>\n<td colspan=\"5\" width=\"572\">Gabarito para cavilhas para carpintaria manual Localizador de furos retos Perfura\u00e7\u00e3o de madeira Acess\u00f3rios para cavilhas Ferramenta fa\u00e7a voc\u00ea mesmo<\/td>\n<\/tr>\n<tr>\n<td>Inscri\u00e7\u00e3o<\/td>\n<td colspan=\"5\" width=\"572\">\u00a0Madeira<\/td>\n<\/tr>\n<tr>\n<td>Material<\/td>\n<td colspan=\"5\" width=\"572\">Pl\u00e1stico ABS<\/td>\n<\/tr>\n<tr>\n<td>Cor<\/td>\n<td colspan=\"5\" width=\"572\">Amarelo\/Laranja\/Verde\/Azul\/Cinza<\/td>\n<\/tr>\n<tr>\n<td>Uso<\/td>\n<td colspan=\"5\" width=\"572\">\u00a0Multifuncional<\/td>\n<\/tr>\n<\/tbody>\n<\/table>","protected":false},"excerpt":{"rendered":"<p>Feature: High-impact Plastic with Metal Bushing, Sturdy, Durable and Long Service Life. Capable of edge-to-edge, T, and edge-to-corner joints. Millimeter accuracy, distance can be adjusted accurately, suitable for woodworking punching. The distance between the drill hole and the wood edge can be adjusted back and forth. Suitable for 6mm 8mm10mm drill bits, easy to install, [&hellip;]<\/p>\n","protected":false},"featured_media":16893,"comment_status":"closed","ping_status":"closed","template":"","meta":{"_acf_changed":false,"_seopress_robots_primary_cat":"none","_seopress_titles_title":"Hole Locator Wood Drilling |  Dowelling Accessories DIY tool","_seopress_titles_desc":"","_seopress_robots_index":"","site-sidebar-layout":"default","site-content-layout":"default","ast-site-content-layout":"default","site-content-style":"default","site-sidebar-style":"default","ast-global-header-display":"","ast-banner-title-visibility":"","ast-main-header-display":"","ast-hfb-above-header-display":"","ast-hfb-below-header-display":"","ast-hfb-mobile-header-display":"","site-post-title":"","ast-breadcrumbs-content":"","ast-featured-img":"","footer-sml-layout":"","ast-disable-related-posts":"","theme-transparent-header-meta":"default","adv-header-id-meta":"","stick-header-meta":"","header-above-stick-meta":"","header-main-stick-meta":"","header-below-stick-meta":"","astra-migrate-meta-layouts":"default","ast-page-background-enabled":"default","ast-page-background-meta":{"desktop":{"background-color":"","background-image":"","background-repeat":"repeat","background-position":"center center","background-size":"auto","background-attachment":"scroll","background-type":"","background-media":"","overlay-type":"","overlay-color":"","overlay-opacity":"","overlay-gradient":""},"tablet":{"background-color":"","background-image":"","background-repeat":"repeat","background-position":"center center","background-size":"auto","background-attachment":"scroll","background-type":"","background-media":"","overlay-type":"","overlay-color":"","overlay-opacity":"","overlay-gradient":""},"mobile":{"background-color":"","background-image":"","background-repeat":"repeat","background-position":"center center","background-size":"auto","background-attachment":"scroll","background-type":"","background-media":"","overlay-type":"","overlay-color":"","overlay-opacity":"","overlay-gradient":""}},"ast-content-background-meta":{"desktop":{"background-color":"var(--ast-global-color-5)","background-image":"","background-repeat":"repeat","background-position":"center center","background-size":"auto","background-attachment":"scroll","background-type":"","background-media":"","overlay-type":"","overlay-color":"","overlay-opacity":"","overlay-gradient":""},"tablet":{"background-color":"var(--ast-global-color-5)","background-image":"","background-repeat":"repeat","background-position":"center center","background-size":"auto","background-attachment":"scroll","background-type":"","background-media":"","overlay-type":"","overlay-color":"","overlay-opacity":"","overlay-gradient":""},"mobile":{"background-color":"var(--ast-global-color-5)","background-image":"","background-repeat":"repeat","background-position":"center center","background-size":"auto","background-attachment":"scroll","background-type":"","background-media":"","overlay-type":"","overlay-color":"","overlay-opacity":"","overlay-gradient":""}}},"product_brand":[],"product_cat":[36],"product_tag":[],"class_list":{"0":"post-16891","1":"product","2":"type-product","3":"status-publish","4":"has-post-thumbnail","6":"product_cat-new-tools","7":"desktop-align-left","8":"tablet-align-left","9":"mobile-align-left","11":"first","12":"instock","13":"shipping-taxable","14":"product-type-simple"},"acf":[],"_links":{"self":[{"href":"https:\/\/www.tenyutool.com\/pt\/wp-json\/wp\/v2\/product\/16891","targetHints":{"allow":["GET"]}}],"collection":[{"href":"https:\/\/www.tenyutool.com\/pt\/wp-json\/wp\/v2\/product"}],"about":[{"href":"https:\/\/www.tenyutool.com\/pt\/wp-json\/wp\/v2\/types\/product"}],"replies":[{"embeddable":true,"href":"https:\/\/www.tenyutool.com\/pt\/wp-json\/wp\/v2\/comments?post=16891"}],"wp:featuredmedia":[{"embeddable":true,"href":"https:\/\/www.tenyutool.com\/pt\/wp-json\/wp\/v2\/media\/16893"}],"wp:attachment":[{"href":"https:\/\/www.tenyutool.com\/pt\/wp-json\/wp\/v2\/media?parent=16891"}],"wp:term":[{"taxonomy":"product_brand","embeddable":true,"href":"https:\/\/www.tenyutool.com\/pt\/wp-json\/wp\/v2\/product_brand?post=16891"},{"taxonomy":"product_cat","embeddable":true,"href":"https:\/\/www.tenyutool.com\/pt\/wp-json\/wp\/v2\/product_cat?post=16891"},{"taxonomy":"product_tag","embeddable":true,"href":"https:\/\/www.tenyutool.com\/pt\/wp-json\/wp\/v2\/product_tag?post=16891"}],"curies":[{"name":"wp","href":"https:\/\/api.w.org\/{rel}","templated":true}]}}