{"id":16903,"date":"2023-01-31T08:15:35","date_gmt":"2023-01-31T08:15:35","guid":{"rendered":"https:\/\/www.tenyutool.com\/?post_type=product&#038;p=16903"},"modified":"2023-01-31T08:19:55","modified_gmt":"2023-01-31T08:19:55","slug":"conjunto-de-chave-de-fenda-phillips","status":"publish","type":"product","link":"https:\/\/www.tenyutool.com\/pt\/product\/slotted-phillips-screwdriver-set\/","title":{"rendered":"Conjunto de chave de fenda Phillips com fenda de impacto de 8 pe\u00e7as, comut\u00e1vel manualmente com estojo pr\u00e1tico"},"content":{"rendered":"<p>Caracter\u00edstica:<\/p>\n<ul>\n<li>O a\u00e7o de liga S2 \u00e9 um a\u00e7o forte, dur\u00e1vel e resistente \u00e0 corros\u00e3o.<\/li>\n<li data-spm-anchor-id=\"a2700.pc-decorate.0.i5.303e3333TYi3SV\">1 ferramenta para muitas \u00e1reas de aplica\u00e7\u00e3o.<\/li>\n<li data-spm-anchor-id=\"a2700.pc-decorate.0.i6.303e3333TYi3SV\">Comut\u00e1vel para apertar e afrouxar.<\/li>\n<li data-spm-anchor-id=\"a2700.pc-decorate.0.i3.303e3333TYi3SV\">Substitua facilmente l\u00e2minas e bits para sua tarefa de trabalho espec\u00edfica.<\/li>\n<li data-spm-anchor-id=\"a2700.pc-decorate.0.i7.303e3333TYi3SV\">A parte de ader\u00eancia dur\u00e1vel garante que a chave de fenda de impacto possa suportar at\u00e9 mesmo os parafusos mais teimosos.<\/li>\n<\/ul>\n<figure id=\"attachment_16905\" aria-describedby=\"caption-attachment-16905\" style=\"width: 800px\" class=\"wp-caption alignnone\"><img fetchpriority=\"high\" decoding=\"async\" class=\"size-full wp-image-16905\" src=\"https:\/\/www.tenyutool.com\/wp-content\/uploads\/2023\/01\/Slotted-Phillips-Screwdriver-Set.jpg\" alt=\"Conjunto de chave de fenda phillips de impacto de 8 pe\u00e7as, comut\u00e1vel manualmente com estojo pr\u00e1tico\" width=\"800\" height=\"800\" srcset=\"https:\/\/www.tenyutool.com\/wp-content\/uploads\/2023\/01\/Slotted-Phillips-Screwdriver-Set.jpg 800w, https:\/\/www.tenyutool.com\/wp-content\/uploads\/2023\/01\/Slotted-Phillips-Screwdriver-Set-150x150.jpg 150w, https:\/\/www.tenyutool.com\/wp-content\/uploads\/2023\/01\/Slotted-Phillips-Screwdriver-Set-768x768.jpg 768w, https:\/\/www.tenyutool.com\/wp-content\/uploads\/2023\/01\/Slotted-Phillips-Screwdriver-Set-12x12.jpg 12w, https:\/\/www.tenyutool.com\/wp-content\/uploads\/2023\/01\/Slotted-Phillips-Screwdriver-Set-300x300.jpg 300w, https:\/\/www.tenyutool.com\/wp-content\/uploads\/2023\/01\/Slotted-Phillips-Screwdriver-Set-600x600.jpg 600w, https:\/\/www.tenyutool.com\/wp-content\/uploads\/2023\/01\/Slotted-Phillips-Screwdriver-Set-100x100.jpg 100w\" sizes=\"(max-width: 800px) 100vw, 800px\" \/><figcaption id=\"caption-attachment-16905\" class=\"wp-caption-text\">Conjunto de chave de fenda phillips de impacto de 8 pe\u00e7as, comut\u00e1vel manualmente com estojo pr\u00e1tico<\/figcaption><\/figure>\n<table width=\"816\">\n<tbody>\n<tr>\n<td colspan=\"6\" width=\"816\">Descri\u00e7\u00e3o do produto<\/td>\n<\/tr>\n<tr>\n<td colspan=\"6\" width=\"816\">Mais escolha para voc\u00ea: <a href=\"https:\/\/www.tenyutool.com\/pt\/\">Casa<\/a> &gt; Produtos &gt; Chave de fenda e removedor de parafusos danificados<\/td>\n<\/tr>\n<tr>\n<td>Nome do Produto<\/td>\n<td colspan=\"5\" width=\"594\">Conjunto de chave de fenda Phillips com fenda de impacto de 8 pe\u00e7as, comut\u00e1vel manualmente com estojo pr\u00e1tico<\/td>\n<\/tr>\n<tr>\n<td>Material<\/td>\n<td colspan=\"5\" width=\"594\">\u00a0Liga de A\u00e7o S2<\/td>\n<\/tr>\n<tr>\n<td>Tamanho<\/td>\n<td colspan=\"5\">9 x 75 mm, 8 x 36 mm, PH1 x 75 mm, PH2 x 75 mm, PH3 x 75 mm, PH3 x 36 mm<\/td>\n<\/tr>\n<tr>\n<td>Flauta<\/td>\n<td colspan=\"5\" width=\"594\">\u00a0Flauta Espiral Esquerda com Duas Pontas<\/td>\n<\/tr>\n<tr>\n<td>Acabamento de superf\u00edcie<\/td>\n<td colspan=\"5\" width=\"594\">\u00a0cromada<\/td>\n<\/tr>\n<tr>\n<td>Pacote<\/td>\n<td colspan=\"5\" width=\"594\">\u00a08 pe\u00e7as em um estojo pr\u00e1tico<\/td>\n<\/tr>\n<\/tbody>\n<\/table>\n<p>&nbsp;<\/p>\n<p>&nbsp;<\/p>","protected":false},"excerpt":{"rendered":"<p>Feature: S2 alloy steel is strong, durable steel, and corrosion-resistant. 1 tool for many application areas. Switchable for tightening and loosening. Easily replace blades and bits for your specific work task. Durable grip part ensures that the impact screwdriver can withstand even the most stubborn screws. Product Description More Choice for You: Home &gt; Products [&hellip;]<\/p>\n","protected":false},"featured_media":16905,"comment_status":"closed","ping_status":"closed","template":"","meta":{"_acf_changed":false,"_seopress_robots_primary_cat":"none","_seopress_titles_title":"Impact Slotted Phillips Screwdriver Set | Manual Switchable ","_seopress_titles_desc":"","_seopress_robots_index":"","site-sidebar-layout":"default","site-content-layout":"default","ast-site-content-layout":"default","site-content-style":"default","site-sidebar-style":"default","ast-global-header-display":"","ast-banner-title-visibility":"","ast-main-header-display":"","ast-hfb-above-header-display":"","ast-hfb-below-header-display":"","ast-hfb-mobile-header-display":"","site-post-title":"","ast-breadcrumbs-content":"","ast-featured-img":"","footer-sml-layout":"","ast-disable-related-posts":"","theme-transparent-header-meta":"default","adv-header-id-meta":"","stick-header-meta":"","header-above-stick-meta":"","header-main-stick-meta":"","header-below-stick-meta":"","astra-migrate-meta-layouts":"default","ast-page-background-enabled":"default","ast-page-background-meta":{"desktop":{"background-color":"","background-image":"","background-repeat":"repeat","background-position":"center center","background-size":"auto","background-attachment":"scroll","background-type":"","background-media":"","overlay-type":"","overlay-color":"","overlay-opacity":"","overlay-gradient":""},"tablet":{"background-color":"","background-image":"","background-repeat":"repeat","background-position":"center center","background-size":"auto","background-attachment":"scroll","background-type":"","background-media":"","overlay-type":"","overlay-color":"","overlay-opacity":"","overlay-gradient":""},"mobile":{"background-color":"","background-image":"","background-repeat":"repeat","background-position":"center center","background-size":"auto","background-attachment":"scroll","background-type":"","background-media":"","overlay-type":"","overlay-color":"","overlay-opacity":"","overlay-gradient":""}},"ast-content-background-meta":{"desktop":{"background-color":"var(--ast-global-color-5)","background-image":"","background-repeat":"repeat","background-position":"center center","background-size":"auto","background-attachment":"scroll","background-type":"","background-media":"","overlay-type":"","overlay-color":"","overlay-opacity":"","overlay-gradient":""},"tablet":{"background-color":"var(--ast-global-color-5)","background-image":"","background-repeat":"repeat","background-position":"center center","background-size":"auto","background-attachment":"scroll","background-type":"","background-media":"","overlay-type":"","overlay-color":"","overlay-opacity":"","overlay-gradient":""},"mobile":{"background-color":"var(--ast-global-color-5)","background-image":"","background-repeat":"repeat","background-position":"center center","background-size":"auto","background-attachment":"scroll","background-type":"","background-media":"","overlay-type":"","overlay-color":"","overlay-opacity":"","overlay-gradient":""}}},"product_brand":[],"product_cat":[38],"product_tag":[],"class_list":{"0":"post-16903","1":"product","2":"type-product","3":"status-publish","4":"has-post-thumbnail","6":"product_cat-screwdriver-and-damaged-screw-remover","7":"desktop-align-left","8":"tablet-align-left","9":"mobile-align-left","11":"first","12":"instock","13":"shipping-taxable","14":"product-type-simple"},"acf":[],"_links":{"self":[{"href":"https:\/\/www.tenyutool.com\/pt\/wp-json\/wp\/v2\/product\/16903","targetHints":{"allow":["GET"]}}],"collection":[{"href":"https:\/\/www.tenyutool.com\/pt\/wp-json\/wp\/v2\/product"}],"about":[{"href":"https:\/\/www.tenyutool.com\/pt\/wp-json\/wp\/v2\/types\/product"}],"replies":[{"embeddable":true,"href":"https:\/\/www.tenyutool.com\/pt\/wp-json\/wp\/v2\/comments?post=16903"}],"wp:featuredmedia":[{"embeddable":true,"href":"https:\/\/www.tenyutool.com\/pt\/wp-json\/wp\/v2\/media\/16905"}],"wp:attachment":[{"href":"https:\/\/www.tenyutool.com\/pt\/wp-json\/wp\/v2\/media?parent=16903"}],"wp:term":[{"taxonomy":"product_brand","embeddable":true,"href":"https:\/\/www.tenyutool.com\/pt\/wp-json\/wp\/v2\/product_brand?post=16903"},{"taxonomy":"product_cat","embeddable":true,"href":"https:\/\/www.tenyutool.com\/pt\/wp-json\/wp\/v2\/product_cat?post=16903"},{"taxonomy":"product_tag","embeddable":true,"href":"https:\/\/www.tenyutool.com\/pt\/wp-json\/wp\/v2\/product_tag?post=16903"}],"curies":[{"name":"wp","href":"https:\/\/api.w.org\/{rel}","templated":true}]}}