{"id":14246,"date":"2022-08-12T06:00:56","date_gmt":"2022-08-12T06:00:56","guid":{"rendered":"https:\/\/www.tenyutool.com\/?post_type=product&#038;p=14246"},"modified":"2022-08-12T06:00:56","modified_gmt":"2022-08-12T06:00:56","slug":"mini-matkap-uclari-seti-ile-21-adet-pim-mengenesi","status":"publish","type":"product","link":"https:\/\/www.tenyutool.com\/tr\/product\/21pcs-pin-vise-with-mini-drill-bits-set\/","title":{"rendered":"Mini Matkap U\u00e7lu 21 Adet Pin Mengene Seti"},"content":{"rendered":"<p>\u00d6zellik:<\/p>\n<ul>\n<li>Mikro mini burgulu matkap u\u00e7lar\u0131, y\u00fcksek h\u0131z \u00e7eli\u011finden yap\u0131lm\u0131\u015ft\u0131r, bu da onlar\u0131 hem dayan\u0131kl\u0131 hem de keskin k\u0131lar.<\/li>\n<li>K\u00fc\u00e7\u00fck bir delme direncine sahiptirler ve tala\u015flar\u0131 sorunsuz bir \u015fekilde \u00e7\u0131karabilirler.<\/li>\n<li>Bitleri g\u00fcvenli bir \u015fekilde yerinde tutan ve her seferinde bir tane da\u011f\u0131tan \u00f6zel olarak tasarlanm\u0131\u015f bir kutu ile birlikte gelirler.<\/li>\n<li>Bu mini matkap u\u00e7lar\u0131, her t\u00fcrden tak\u0131 yap\u0131m\u0131, kendin yap el i\u015fi ve saat\u00e7ilik i\u00e7in harikad\u0131r ve ayr\u0131ca ah\u015fap i\u015fleri, ev onar\u0131mlar\u0131 ve elektronik par\u00e7a onar\u0131m i\u015fleri i\u00e7in idealdir.<\/li>\n<li>D\u00fcz \u015eaftl\u0131 Mini U\u00e7lar, Pimli Mengene ile uyumludur.<\/li>\n<\/ul>\n<p>&nbsp;<\/p>\n<figure id=\"attachment_14249\" aria-describedby=\"caption-attachment-14249\" style=\"width: 800px\" class=\"wp-caption alignnone\"><img fetchpriority=\"high\" decoding=\"async\" class=\"size-full wp-image-14249\" src=\"https:\/\/www.tenyutool.com\/wp-content\/uploads\/2022\/08\/21pcs-HSS-Small-Mini-Micro-Drill-Bits-with-Aluminum-Hand-Drill-Pin-Vise-1.jpg\" alt=\"Mini matkap u\u00e7lar\u0131 seti ile 21 adet pim mengenesi\" width=\"800\" height=\"800\" srcset=\"https:\/\/www.tenyutool.com\/wp-content\/uploads\/2022\/08\/21pcs-HSS-Small-Mini-Micro-Drill-Bits-with-Aluminum-Hand-Drill-Pin-Vise-1.jpg 800w, https:\/\/www.tenyutool.com\/wp-content\/uploads\/2022\/08\/21pcs-HSS-Small-Mini-Micro-Drill-Bits-with-Aluminum-Hand-Drill-Pin-Vise-1-150x150.jpg 150w, https:\/\/www.tenyutool.com\/wp-content\/uploads\/2022\/08\/21pcs-HSS-Small-Mini-Micro-Drill-Bits-with-Aluminum-Hand-Drill-Pin-Vise-1-768x768.jpg 768w, https:\/\/www.tenyutool.com\/wp-content\/uploads\/2022\/08\/21pcs-HSS-Small-Mini-Micro-Drill-Bits-with-Aluminum-Hand-Drill-Pin-Vise-1-12x12.jpg 12w, https:\/\/www.tenyutool.com\/wp-content\/uploads\/2022\/08\/21pcs-HSS-Small-Mini-Micro-Drill-Bits-with-Aluminum-Hand-Drill-Pin-Vise-1-300x300.jpg 300w, https:\/\/www.tenyutool.com\/wp-content\/uploads\/2022\/08\/21pcs-HSS-Small-Mini-Micro-Drill-Bits-with-Aluminum-Hand-Drill-Pin-Vise-1-600x600.jpg 600w, https:\/\/www.tenyutool.com\/wp-content\/uploads\/2022\/08\/21pcs-HSS-Small-Mini-Micro-Drill-Bits-with-Aluminum-Hand-Drill-Pin-Vise-1-100x100.jpg 100w\" sizes=\"(max-width: 800px) 100vw, 800px\" \/><figcaption id=\"caption-attachment-14249\" class=\"wp-caption-text\">Mini matkap u\u00e7lar\u0131 seti ile 21 adet pim mengenesi<\/figcaption><\/figure>\n<table class=\"has-title all magic-4\">\n<tbody>\n<tr>\n<td colspan=\"1\" rowspan=\"1\">\n<div class=\"magic-5\">\u00dcr\u00fcn ad\u0131<\/div>\n<\/td>\n<td colspan=\"3\" rowspan=\"1\">\n<div class=\"magic-6\" data-spm-anchor-id=\"a2700.details.0.i53.76f9435fjge666\">21 adet HSS K\u00fc\u00e7\u00fck Mini Mikro Matkap U\u00e7lar\u0131 Seti B\u00fck\u00fcm Matkap DIY Kiti Al\u00fcminyum El Matkab\u0131 Kutusu ile D\u00f6ner El Aleti<\/div>\n<\/td>\n<\/tr>\n<tr>\n<td colspan=\"1\" rowspan=\"1\">\n<div class=\"magic-5\">Malzeme<\/div>\n<\/td>\n<td colspan=\"3\" rowspan=\"1\">\n<div class=\"magic-6\">HSS 4241 (HSS M2,HSS Kobalt M35 Mevcuttur)<\/div>\n<\/td>\n<\/tr>\n<tr>\n<td colspan=\"1\" rowspan=\"1\">\n<div class=\"magic-5\">\u0130\u015flem<\/div>\n<\/td>\n<td colspan=\"3\" rowspan=\"1\">\n<div class=\"magic-6\">HSS 4241 \u0130\u00e7in Haddelenmi\u015f (HSS M2 \u0130\u00e7in Tam Ta\u015flanm\u0131\u015f)<\/div>\n<\/td>\n<\/tr>\n<tr>\n<td colspan=\"1\" rowspan=\"1\">\n<div class=\"magic-5\">Boyut<\/div>\n<\/td>\n<td colspan=\"3\" rowspan=\"1\">\n<div class=\"magic-8\">20 Adet Matkap Ucu (0.3 0.35 0.4 0.45 0.5 0.55 0.6 0.65 0.7 0.75 0.8 0.85 0.9 0.95 1.0 1.2 1.3 1.4 1.5 1.6mm) 1 Adet ile: El Matkab\u0131<\/div>\n<\/td>\n<\/tr>\n<tr>\n<td colspan=\"1\" rowspan=\"1\">\n<div class=\"magic-5\">Paketleme<\/div>\n<\/td>\n<td colspan=\"3\" rowspan=\"1\">\n<div class=\"magic-8\">Bir Plastik Kutuda 21 Adet Koli<\/div>\n<\/td>\n<\/tr>\n<tr>\n<td colspan=\"1\" rowspan=\"1\">\n<div class=\"magic-9\"><span class=\"magic-10\" data-spm-anchor-id=\"0.0.0.i27.2dea4f05rPiUyH\">Puan T\u00fcr\u00fc<\/span><\/div>\n<\/td>\n<td colspan=\"3\" rowspan=\"1\">\n<div class=\"magic-11\">118 Derece Normal Nokta (135 Derece Ay\u0131rma Noktas\u0131 Mevcuttur)<\/div>\n<\/td>\n<\/tr>\n<tr>\n<td colspan=\"1\" rowspan=\"1\">\n<div class=\"magic-9\"><span class=\"magic-10\" data-spm-anchor-id=\"a2700.pc-decorate.0.i12.3fbd3333ASJOcD\">\u015eaft Tipi<\/span><\/div>\n<\/td>\n<td colspan=\"3\" rowspan=\"1\">\n<div class=\"magic-11\">D\u00fcz \u015eaft<\/div>\n<\/td>\n<\/tr>\n<tr>\n<td colspan=\"1\" rowspan=\"1\">\n<div class=\"magic-9\"><span class=\"magic-10\" style=\"color: #000000;\">Y\u00fczey<\/span><\/div>\n<\/td>\n<td colspan=\"3\" rowspan=\"1\">\n<div class=\"magic-11\">Parlak<\/div>\n<\/td>\n<\/tr>\n<\/tbody>\n<\/table>\n<p>&nbsp;<\/p>","protected":false},"excerpt":{"rendered":"<p>Feature: Micro mini twist drill bits are made of high-speed steel, making them both durable and sharp. They have a small drilling resistance and can remove chips smoothly. They come with a specially designed box that keeps bits securely in place and dispenses them one at a time. These mini drill bits are great for [&hellip;]<\/p>\n","protected":false},"featured_media":14249,"comment_status":"closed","ping_status":"closed","template":"","meta":{"_acf_changed":false,"_seopress_robots_primary_cat":"","_seopress_titles_title":"","_seopress_titles_desc":"","_seopress_robots_index":"","site-sidebar-layout":"default","site-content-layout":"default","ast-site-content-layout":"default","site-content-style":"default","site-sidebar-style":"default","ast-global-header-display":"","ast-banner-title-visibility":"","ast-main-header-display":"","ast-hfb-above-header-display":"","ast-hfb-below-header-display":"","ast-hfb-mobile-header-display":"","site-post-title":"","ast-breadcrumbs-content":"","ast-featured-img":"","footer-sml-layout":"","ast-disable-related-posts":"","theme-transparent-header-meta":"default","adv-header-id-meta":"","stick-header-meta":"","header-above-stick-meta":"","header-main-stick-meta":"","header-below-stick-meta":"","astra-migrate-meta-layouts":"default","ast-page-background-enabled":"default","ast-page-background-meta":{"desktop":{"background-color":"","background-image":"","background-repeat":"repeat","background-position":"center center","background-size":"auto","background-attachment":"scroll","background-type":"","background-media":"","overlay-type":"","overlay-color":"","overlay-opacity":"","overlay-gradient":""},"tablet":{"background-color":"","background-image":"","background-repeat":"repeat","background-position":"center center","background-size":"auto","background-attachment":"scroll","background-type":"","background-media":"","overlay-type":"","overlay-color":"","overlay-opacity":"","overlay-gradient":""},"mobile":{"background-color":"","background-image":"","background-repeat":"repeat","background-position":"center center","background-size":"auto","background-attachment":"scroll","background-type":"","background-media":"","overlay-type":"","overlay-color":"","overlay-opacity":"","overlay-gradient":""}},"ast-content-background-meta":{"desktop":{"background-color":"var(--ast-global-color-5)","background-image":"","background-repeat":"repeat","background-position":"center center","background-size":"auto","background-attachment":"scroll","background-type":"","background-media":"","overlay-type":"","overlay-color":"","overlay-opacity":"","overlay-gradient":""},"tablet":{"background-color":"var(--ast-global-color-5)","background-image":"","background-repeat":"repeat","background-position":"center center","background-size":"auto","background-attachment":"scroll","background-type":"","background-media":"","overlay-type":"","overlay-color":"","overlay-opacity":"","overlay-gradient":""},"mobile":{"background-color":"var(--ast-global-color-5)","background-image":"","background-repeat":"repeat","background-position":"center center","background-size":"auto","background-attachment":"scroll","background-type":"","background-media":"","overlay-type":"","overlay-color":"","overlay-opacity":"","overlay-gradient":""}}},"product_brand":[],"product_cat":[22],"product_tag":[],"class_list":{"0":"post-14246","1":"product","2":"type-product","3":"status-publish","4":"has-post-thumbnail","6":"product_cat-drillbits","7":"desktop-align-left","8":"tablet-align-left","9":"mobile-align-left","11":"first","12":"instock","13":"shipping-taxable","14":"product-type-simple"},"acf":[],"_links":{"self":[{"href":"https:\/\/www.tenyutool.com\/tr\/wp-json\/wp\/v2\/product\/14246","targetHints":{"allow":["GET"]}}],"collection":[{"href":"https:\/\/www.tenyutool.com\/tr\/wp-json\/wp\/v2\/product"}],"about":[{"href":"https:\/\/www.tenyutool.com\/tr\/wp-json\/wp\/v2\/types\/product"}],"replies":[{"embeddable":true,"href":"https:\/\/www.tenyutool.com\/tr\/wp-json\/wp\/v2\/comments?post=14246"}],"wp:featuredmedia":[{"embeddable":true,"href":"https:\/\/www.tenyutool.com\/tr\/wp-json\/wp\/v2\/media\/14249"}],"wp:attachment":[{"href":"https:\/\/www.tenyutool.com\/tr\/wp-json\/wp\/v2\/media?parent=14246"}],"wp:term":[{"taxonomy":"product_brand","embeddable":true,"href":"https:\/\/www.tenyutool.com\/tr\/wp-json\/wp\/v2\/product_brand?post=14246"},{"taxonomy":"product_cat","embeddable":true,"href":"https:\/\/www.tenyutool.com\/tr\/wp-json\/wp\/v2\/product_cat?post=14246"},{"taxonomy":"product_tag","embeddable":true,"href":"https:\/\/www.tenyutool.com\/tr\/wp-json\/wp\/v2\/product_tag?post=14246"}],"curies":[{"name":"wp","href":"https:\/\/api.w.org\/{rel}","templated":true}]}}