{"id":14425,"date":"2022-08-16T01:57:52","date_gmt":"2022-08-16T01:57:52","guid":{"rendered":"https:\/\/www.tenyutool.com\/?post_type=product&#038;p=14425"},"modified":"2022-08-16T02:03:10","modified_gmt":"2022-08-16T02:03:10","slug":"14-mm-burgu-matkap-bit","status":"publish","type":"product","link":"https:\/\/www.tenyutool.com\/tr\/product\/14mm-auger-drill-bit\/","title":{"rendered":"Saps\u0131z Tek A\u011f\u0131zl\u0131 Ah\u015fap Burgu Matkap Ucu"},"content":{"rendered":"<p>\u00d6zellik<\/p>\n<ul>\n<li>Di\u015fli u\u00e7lu y\u00fcksek karbonlu \u00e7elikten yap\u0131lm\u0131\u015ft\u0131r.<\/li>\n<li>Kendinden Beslemeli Daha h\u0131zl\u0131 delme i\u00e7in tasarlanm\u0131\u015f kaba vida noktas\u0131.<\/li>\n<li>Daha h\u0131zl\u0131 ve daha temiz bir kesim yap\u0131n ve deliklerdeki tala\u015flar\u0131 h\u0131zla temizleyin.<\/li>\n<li>Standart aynalarda kaymay\u0131 azaltmak i\u00e7in t\u00fcm elektrikli aletlerde daha g\u00fcvenli bir \u015fekilde sabitlenir.<\/li>\n<li data-spm-anchor-id=\"a2700.pc-decorate.0.i10.223f3333oqCITw\">Hassas delme i\u00e7in sert ah\u015fap, yumu\u015fak ah\u015fap, geni\u015f kesitli kiri\u015f, sunta, plastik ve kontrplakta kullan\u0131labilir.<\/li>\n<\/ul>\n<figure id=\"attachment_14427\" aria-describedby=\"caption-attachment-14427\" style=\"width: 800px\" class=\"wp-caption alignnone\"><img fetchpriority=\"high\" decoding=\"async\" class=\"size-full wp-image-14427\" src=\"https:\/\/www.tenyutool.com\/wp-content\/uploads\/2022\/08\/Hex-Shank-Titanium-Coated-Single-Flute-Wood-Auger-Drill-Bit-without-Stem-for-Wood-Drilling.jpg\" alt=\"saps\u0131z tek a\u011f\u0131zl\u0131 ah\u015fap burgu matkap ucu\" width=\"800\" height=\"800\" srcset=\"https:\/\/www.tenyutool.com\/wp-content\/uploads\/2022\/08\/Hex-Shank-Titanium-Coated-Single-Flute-Wood-Auger-Drill-Bit-without-Stem-for-Wood-Drilling.jpg 800w, https:\/\/www.tenyutool.com\/wp-content\/uploads\/2022\/08\/Hex-Shank-Titanium-Coated-Single-Flute-Wood-Auger-Drill-Bit-without-Stem-for-Wood-Drilling-150x150.jpg 150w, https:\/\/www.tenyutool.com\/wp-content\/uploads\/2022\/08\/Hex-Shank-Titanium-Coated-Single-Flute-Wood-Auger-Drill-Bit-without-Stem-for-Wood-Drilling-768x768.jpg 768w, https:\/\/www.tenyutool.com\/wp-content\/uploads\/2022\/08\/Hex-Shank-Titanium-Coated-Single-Flute-Wood-Auger-Drill-Bit-without-Stem-for-Wood-Drilling-12x12.jpg 12w, https:\/\/www.tenyutool.com\/wp-content\/uploads\/2022\/08\/Hex-Shank-Titanium-Coated-Single-Flute-Wood-Auger-Drill-Bit-without-Stem-for-Wood-Drilling-300x300.jpg 300w, https:\/\/www.tenyutool.com\/wp-content\/uploads\/2022\/08\/Hex-Shank-Titanium-Coated-Single-Flute-Wood-Auger-Drill-Bit-without-Stem-for-Wood-Drilling-600x600.jpg 600w, https:\/\/www.tenyutool.com\/wp-content\/uploads\/2022\/08\/Hex-Shank-Titanium-Coated-Single-Flute-Wood-Auger-Drill-Bit-without-Stem-for-Wood-Drilling-100x100.jpg 100w\" sizes=\"(max-width: 800px) 100vw, 800px\" \/><figcaption id=\"caption-attachment-14427\" class=\"wp-caption-text\">saps\u0131z tek a\u011f\u0131zl\u0131 ah\u015fap burgu matkap ucu<\/figcaption><\/figure>\n<table class=\"has-title hight-light-first-column all magic-4\">\n<tbody>\n<tr>\n<td colspan=\"5\" rowspan=\"1\">\n<div class=\"magic-5\"><span class=\"magic-6\">\u00dcr\u00fcn A\u00e7\u0131klamas\u0131<\/span><\/div>\n<\/td>\n<\/tr>\n<tr>\n<td colspan=\"5\" rowspan=\"1\">\n<div class=\"magic-5\"><b><span class=\"magic-11\">Sizin \u0130\u00e7in Daha Fazla Se\u00e7enek:\u00a0<a href=\"https:\/\/www.tenyutool.com\/tr\/\" target=\"_blank\" rel=\"noopener\">Ev<\/a>\u00a0&gt;\u00a0<a href=\"https:\/\/www.tenyutool.com\/tr\/ahsap-matkap-uclari\/\" target=\"_blank\" rel=\"noopener\">Ah\u015fap Matkap Ucu<\/a>\u00a0&gt;\u00a0<a href=\"https:\/\/www.tenyutool.com\/tr\/ahsap-burgu-matkap-ucu\/\" target=\"_blank\" rel=\"noopener\">Ah\u015fap Burgu Ucu<\/a><\/span><\/b><\/div>\n<\/td>\n<\/tr>\n<tr>\n<td colspan=\"1\" rowspan=\"1\">\n<div class=\"magic-12\">\u00dcr\u00fcn ad\u0131<\/div>\n<\/td>\n<td colspan=\"4\" rowspan=\"1\">\n<div class=\"magic-13\" data-spm-anchor-id=\"a2700.details.0.i45.5a5c7c8eBwqjav\">Ah\u015fap Delme i\u00e7in K\u00f6ks\u00fcz Hex Shank Tek Fl\u00fct Ah\u015fap Burgu Matkap Ucu<\/div>\n<\/td>\n<\/tr>\n<tr>\n<td colspan=\"1\" rowspan=\"1\">\n<div class=\"magic-12\">\u0130ncik<\/div>\n<\/td>\n<td colspan=\"1\" rowspan=\"1\">\n<div class=\"magic-14\" data-spm-anchor-id=\"a2700.details.0.i47.5a5c7c8eBwqjav\">H\u0131zl\u0131 De\u011fi\u015ftirilen Alt\u0131gen \u015eaft (Ayr\u0131ca Alt\u0131gen \u015eaft, SDS Plus \u015eaft ve Elle Kullan\u0131lan \u015eaft\u0131m\u0131z Var)<\/div>\n<\/td>\n<\/tr>\n<tr>\n<td colspan=\"1\" rowspan=\"1\">\n<div class=\"magic-12\">Fl\u00fct<\/div>\n<\/td>\n<td colspan=\"4\" rowspan=\"1\">\n<div class=\"magic-14\">Tek A\u011f\u0131zl\u0131 Sapl\u0131 (Ayr\u0131ca Tek A\u011f\u0131zl\u0131 Saps\u0131z, \u00c7ift A\u011f\u0131zl\u0131,<br \/>\n\u00dc\u00e7 Fl\u00fct ve D\u00f6rt Fl\u00fct)<\/div>\n<\/td>\n<\/tr>\n<tr>\n<td colspan=\"1\" rowspan=\"1\">\n<div class=\"magic-12\">U\u00e7<\/div>\n<\/td>\n<td colspan=\"4\" rowspan=\"1\">\n<div class=\"magic-14\">Vida Noktal\u0131 Tek Mahmuz (Ayr\u0131ca \u00c7ift Mahmuz, \u00dc\u00e7 Mahmuz ve D\u00f6rt Ba\u015fl\u0131 D\u00f6rt Mahmuz da Vard\u0131r)<\/div>\n<\/td>\n<\/tr>\n<tr>\n<td colspan=\"1\" rowspan=\"1\">\n<div class=\"magic-12\">Malzeme<\/div>\n<\/td>\n<td colspan=\"1\" rowspan=\"1\">\n<div class=\"magic-14\">Is\u0131l \u0130\u015flemli Karbon \u00c7eli\u011fi<\/div>\n<\/td>\n<\/tr>\n<tr>\n<td colspan=\"1\" rowspan=\"1\">\n<div class=\"magic-12\">Y\u00fczey<\/div>\n<\/td>\n<td colspan=\"1\" rowspan=\"1\">\n<div class=\"magic-14\">Titanyum Kaplama (Renkli Tablomuz da Var, Siyah ve Parlak)<\/div>\n<\/td>\n<\/tr>\n<tr>\n<td colspan=\"1\" rowspan=\"1\">\n<div class=\"magic-12\">paket<\/div>\n<\/td>\n<td colspan=\"1\" rowspan=\"1\">\n<div class=\"magic-14\">Bir PVC Kese, PVC T\u00fcp veya PVC \u00c7ift Blisterde Tek Par\u00e7a<\/div>\n<\/td>\n<\/tr>\n<\/tbody>\n<\/table>","protected":false},"excerpt":{"rendered":"<p>Feature Made of high carbon steel with a threaded tip. Self Feeding Coarse screw point designed for faster drilling. Produce a faster and cleaner cut and clear quickly chips out of holes. Fixed in all power tools more safely for slipping reducing in standard chucks. Be used in hardwood, softwood, large section beam, chipboard, plastic, [&hellip;]<\/p>\n","protected":false},"featured_media":14427,"comment_status":"closed","ping_status":"closed","template":"","meta":{"_acf_changed":false,"_seopress_robots_primary_cat":"none","_seopress_titles_title":"14mm Auger Drill Bit | Single Flute Wood Auger Bit","_seopress_titles_desc":"","_seopress_robots_index":"","site-sidebar-layout":"default","site-content-layout":"default","ast-site-content-layout":"default","site-content-style":"default","site-sidebar-style":"default","ast-global-header-display":"","ast-banner-title-visibility":"","ast-main-header-display":"","ast-hfb-above-header-display":"","ast-hfb-below-header-display":"","ast-hfb-mobile-header-display":"","site-post-title":"","ast-breadcrumbs-content":"","ast-featured-img":"","footer-sml-layout":"","ast-disable-related-posts":"","theme-transparent-header-meta":"default","adv-header-id-meta":"","stick-header-meta":"","header-above-stick-meta":"","header-main-stick-meta":"","header-below-stick-meta":"","astra-migrate-meta-layouts":"default","ast-page-background-enabled":"default","ast-page-background-meta":{"desktop":{"background-color":"","background-image":"","background-repeat":"repeat","background-position":"center center","background-size":"auto","background-attachment":"scroll","background-type":"","background-media":"","overlay-type":"","overlay-color":"","overlay-opacity":"","overlay-gradient":""},"tablet":{"background-color":"","background-image":"","background-repeat":"repeat","background-position":"center center","background-size":"auto","background-attachment":"scroll","background-type":"","background-media":"","overlay-type":"","overlay-color":"","overlay-opacity":"","overlay-gradient":""},"mobile":{"background-color":"","background-image":"","background-repeat":"repeat","background-position":"center center","background-size":"auto","background-attachment":"scroll","background-type":"","background-media":"","overlay-type":"","overlay-color":"","overlay-opacity":"","overlay-gradient":""}},"ast-content-background-meta":{"desktop":{"background-color":"var(--ast-global-color-5)","background-image":"","background-repeat":"repeat","background-position":"center center","background-size":"auto","background-attachment":"scroll","background-type":"","background-media":"","overlay-type":"","overlay-color":"","overlay-opacity":"","overlay-gradient":""},"tablet":{"background-color":"var(--ast-global-color-5)","background-image":"","background-repeat":"repeat","background-position":"center center","background-size":"auto","background-attachment":"scroll","background-type":"","background-media":"","overlay-type":"","overlay-color":"","overlay-opacity":"","overlay-gradient":""},"mobile":{"background-color":"var(--ast-global-color-5)","background-image":"","background-repeat":"repeat","background-position":"center center","background-size":"auto","background-attachment":"scroll","background-type":"","background-media":"","overlay-type":"","overlay-color":"","overlay-opacity":"","overlay-gradient":""}}},"product_brand":[],"product_cat":[23],"product_tag":[],"class_list":{"0":"post-14425","1":"product","2":"type-product","3":"status-publish","4":"has-post-thumbnail","6":"product_cat-wood-auger-drill-bits","7":"desktop-align-left","8":"tablet-align-left","9":"mobile-align-left","11":"first","12":"instock","13":"shipping-taxable","14":"product-type-simple"},"acf":[],"_links":{"self":[{"href":"https:\/\/www.tenyutool.com\/tr\/wp-json\/wp\/v2\/product\/14425","targetHints":{"allow":["GET"]}}],"collection":[{"href":"https:\/\/www.tenyutool.com\/tr\/wp-json\/wp\/v2\/product"}],"about":[{"href":"https:\/\/www.tenyutool.com\/tr\/wp-json\/wp\/v2\/types\/product"}],"replies":[{"embeddable":true,"href":"https:\/\/www.tenyutool.com\/tr\/wp-json\/wp\/v2\/comments?post=14425"}],"wp:featuredmedia":[{"embeddable":true,"href":"https:\/\/www.tenyutool.com\/tr\/wp-json\/wp\/v2\/media\/14427"}],"wp:attachment":[{"href":"https:\/\/www.tenyutool.com\/tr\/wp-json\/wp\/v2\/media?parent=14425"}],"wp:term":[{"taxonomy":"product_brand","embeddable":true,"href":"https:\/\/www.tenyutool.com\/tr\/wp-json\/wp\/v2\/product_brand?post=14425"},{"taxonomy":"product_cat","embeddable":true,"href":"https:\/\/www.tenyutool.com\/tr\/wp-json\/wp\/v2\/product_cat?post=14425"},{"taxonomy":"product_tag","embeddable":true,"href":"https:\/\/www.tenyutool.com\/tr\/wp-json\/wp\/v2\/product_tag?post=14425"}],"curies":[{"name":"wp","href":"https:\/\/api.w.org\/{rel}","templated":true}]}}