{"id":14438,"date":"2022-08-16T02:49:41","date_gmt":"2022-08-16T02:49:41","guid":{"rendered":"https:\/\/www.tenyutool.com\/?post_type=product&#038;p=14438"},"modified":"2022-08-16T02:53:21","modified_gmt":"2022-08-16T02:53:21","slug":"buz-burgu-matkap-bit","status":"publish","type":"product","link":"https:\/\/www.tenyutool.com\/tr\/product\/ice-auger-drill-bit\/","title":{"rendered":"Tungsten Karb\u00fcr \u00c7elik Buz Burgu Buz Bal\u0131k\u00e7\u0131l\u0131\u011f\u0131 i\u00e7in B\u00fck\u00fcm Matkap U\u00e7lar\u0131 Yo\u011fun A\u011f\u0131r Hizmet Mavi Burgu Matkap Ucu"},"content":{"rendered":"<p>\u00d6zellik:<\/p>\n<ul>\n<li>Buz burgusu matkap u\u00e7lar\u0131, buzda bal\u0131k tutmay\u0131 seven herkes i\u00e7in gerekli bir ekipmand\u0131r.<\/li>\n<li>Tungsten \u00c7elik \u00c7imentolu Karb\u00fcrden yap\u0131lm\u0131\u015ft\u0131r, bu da onlar\u0131 \u00e7ok sa\u011flam ve y\u00fcksek h\u0131zlara dayanabilir hale getirir.<\/li>\n<li>Ayr\u0131ca \u00e7ok hafiftirler, bu da onlar\u0131 ta\u015f\u0131may\u0131 kolayla\u015ft\u0131r\u0131r.<\/li>\n<li>\u0130ster acemi, ister deneyimli bir buz bal\u0131k\u00e7\u0131s\u0131 olun, bir buz burgusu matkap ucu \u00f6nemli bir ara\u00e7t\u0131r.<\/li>\n<li>Her ko\u015fulda g\u00fcvenilir performans. Agresif tasar\u0131m buzu h\u0131zl\u0131 ve sorunsuz bir \u015fekilde keser.<\/li>\n<\/ul>\n<figure id=\"attachment_14434\" aria-describedby=\"caption-attachment-14434\" style=\"width: 800px\" class=\"wp-caption alignnone\"><img fetchpriority=\"high\" decoding=\"async\" class=\"size-full wp-image-14434\" src=\"https:\/\/www.tenyutool.com\/wp-content\/uploads\/2022\/08\/Tungsten-Carbide-Steel-Ice-Augers-Twist-Drill-Bits-for-Ice-Fishing-Intensive-Heavy-Duty-Blue-Auger-Drill-Bit.jpg\" alt=\"tungsten karb\u00fcr \u00e7elik buz burgular\u0131 buz bal\u0131k\u00e7\u0131l\u0131\u011f\u0131 i\u00e7in b\u00fck\u00fcm matkap u\u00e7lar\u0131 yo\u011fun a\u011f\u0131r mavi burgu matkap ucu\" width=\"800\" height=\"800\" srcset=\"https:\/\/www.tenyutool.com\/wp-content\/uploads\/2022\/08\/Tungsten-Carbide-Steel-Ice-Augers-Twist-Drill-Bits-for-Ice-Fishing-Intensive-Heavy-Duty-Blue-Auger-Drill-Bit.jpg 800w, https:\/\/www.tenyutool.com\/wp-content\/uploads\/2022\/08\/Tungsten-Carbide-Steel-Ice-Augers-Twist-Drill-Bits-for-Ice-Fishing-Intensive-Heavy-Duty-Blue-Auger-Drill-Bit-150x150.jpg 150w, https:\/\/www.tenyutool.com\/wp-content\/uploads\/2022\/08\/Tungsten-Carbide-Steel-Ice-Augers-Twist-Drill-Bits-for-Ice-Fishing-Intensive-Heavy-Duty-Blue-Auger-Drill-Bit-768x768.jpg 768w, https:\/\/www.tenyutool.com\/wp-content\/uploads\/2022\/08\/Tungsten-Carbide-Steel-Ice-Augers-Twist-Drill-Bits-for-Ice-Fishing-Intensive-Heavy-Duty-Blue-Auger-Drill-Bit-12x12.jpg 12w, https:\/\/www.tenyutool.com\/wp-content\/uploads\/2022\/08\/Tungsten-Carbide-Steel-Ice-Augers-Twist-Drill-Bits-for-Ice-Fishing-Intensive-Heavy-Duty-Blue-Auger-Drill-Bit-300x300.jpg 300w, https:\/\/www.tenyutool.com\/wp-content\/uploads\/2022\/08\/Tungsten-Carbide-Steel-Ice-Augers-Twist-Drill-Bits-for-Ice-Fishing-Intensive-Heavy-Duty-Blue-Auger-Drill-Bit-600x600.jpg 600w, https:\/\/www.tenyutool.com\/wp-content\/uploads\/2022\/08\/Tungsten-Carbide-Steel-Ice-Augers-Twist-Drill-Bits-for-Ice-Fishing-Intensive-Heavy-Duty-Blue-Auger-Drill-Bit-100x100.jpg 100w\" sizes=\"(max-width: 800px) 100vw, 800px\" \/><figcaption id=\"caption-attachment-14434\" class=\"wp-caption-text\">tungsten karb\u00fcr \u00e7elik buz burgular\u0131 buz bal\u0131k\u00e7\u0131l\u0131\u011f\u0131 i\u00e7in b\u00fck\u00fcm matkap u\u00e7lar\u0131 yo\u011fun a\u011f\u0131r mavi burgu matkap ucu<\/figcaption><\/figure>\n<table class=\"has-title hight-light-first-column all magic-4\">\n<tbody>\n<tr>\n<td colspan=\"5\" rowspan=\"1\">\n<div class=\"magic-5\"><span class=\"magic-6\">\u00dcr\u00fcn A\u00e7\u0131klamas\u0131<\/span><\/div>\n<\/td>\n<\/tr>\n<tr>\n<td colspan=\"5\" rowspan=\"1\">\n<div class=\"magic-5\"><b><span class=\"magic-11\" data-spm-anchor-id=\"a2700.details.0.i34.4d9db425980MzE\">Sizin \u0130\u00e7in Daha Fazla Se\u00e7enek:\u00a0<a href=\"https:\/\/www.tenyutool.com\/tr\/\" target=\"_blank\" rel=\"noopener\">Ev<\/a> &gt; El Buz Burgusu<\/span><\/b><\/div>\n<\/td>\n<\/tr>\n<tr>\n<td colspan=\"1\" rowspan=\"1\">\n<div class=\"magic-12\">\u00dcr\u00fcn ad\u0131<\/div>\n<\/td>\n<td colspan=\"4\" rowspan=\"1\">\n<div class=\"magic-13\">Tungsten Karb\u00fcr \u00c7elik Buz Burgu Buz Bal\u0131k\u00e7\u0131l\u0131\u011f\u0131 i\u00e7in B\u00fck\u00fcm Matkap U\u00e7lar\u0131 Yo\u011fun A\u011f\u0131r Hizmet Mavi Burgu Matkap Ucu<\/div>\n<\/td>\n<\/tr>\n<tr>\n<td colspan=\"1\" rowspan=\"1\">\n<div class=\"magic-12\">\u0130ncik<\/div>\n<\/td>\n<td colspan=\"4\" rowspan=\"1\">\n<div class=\"magic-14\">Alt\u0131gen \u015eaft<\/div>\n<\/td>\n<\/tr>\n<tr>\n<td colspan=\"1\" rowspan=\"1\">\n<div class=\"magic-12\">Fl\u00fct<\/div>\n<\/td>\n<td colspan=\"4\" rowspan=\"1\">\n<div class=\"magic-14\">Tek Fl\u00fct<\/div>\n<\/td>\n<\/tr>\n<tr>\n<td colspan=\"1\" rowspan=\"1\">\n<div class=\"magic-12\">U\u00e7<\/div>\n<\/td>\n<td colspan=\"4\" rowspan=\"1\">\n<div class=\"magic-14\">B\u00fck\u00fcm Matkap Ucu<\/div>\n<\/td>\n<\/tr>\n<tr>\n<td colspan=\"1\" rowspan=\"1\">\n<div class=\"magic-12\">Malzeme<\/div>\n<\/td>\n<td colspan=\"4\" rowspan=\"1\">\n<div class=\"magic-14\">\u00c7elik<\/div>\n<\/td>\n<\/tr>\n<tr>\n<td colspan=\"1\" rowspan=\"1\">\n<div class=\"magic-12\">Y\u00fczey<\/div>\n<\/td>\n<td colspan=\"4\" rowspan=\"1\">\n<div class=\"magic-14\">Mavi<\/div>\n<\/td>\n<\/tr>\n<tr>\n<td colspan=\"1\" rowspan=\"1\">\n<div class=\"magic-12\">paket<\/div>\n<\/td>\n<td colspan=\"4\" rowspan=\"1\">\n<div class=\"magic-14\">Bir PVC T\u00fcpte Tek Par\u00e7a<\/div>\n<\/td>\n<\/tr>\n<\/tbody>\n<\/table>","protected":false},"excerpt":{"rendered":"<p>Feature: Ice auger drill bits are a necessary piece of equipment for anyone who enjoys ice fishing. They are made of Tungsten Steel Cemented Carbide, which makes them very tough and able to withstand high speeds. They are also very lightweight, making them easy to transport. Whether you&#8217;re a beginner or a seasoned ice fisherman, [&hellip;]<\/p>\n","protected":false},"featured_media":14434,"comment_status":"closed","ping_status":"closed","template":"","meta":{"_acf_changed":false,"_seopress_robots_primary_cat":"none","_seopress_titles_title":"Ice Auger Drill Bit | Ice Fishing Heavy Duty Blue Auger Bit","_seopress_titles_desc":"","_seopress_robots_index":"","site-sidebar-layout":"default","site-content-layout":"default","ast-site-content-layout":"default","site-content-style":"default","site-sidebar-style":"default","ast-global-header-display":"","ast-banner-title-visibility":"","ast-main-header-display":"","ast-hfb-above-header-display":"","ast-hfb-below-header-display":"","ast-hfb-mobile-header-display":"","site-post-title":"","ast-breadcrumbs-content":"","ast-featured-img":"","footer-sml-layout":"","ast-disable-related-posts":"","theme-transparent-header-meta":"default","adv-header-id-meta":"","stick-header-meta":"","header-above-stick-meta":"","header-main-stick-meta":"","header-below-stick-meta":"","astra-migrate-meta-layouts":"default","ast-page-background-enabled":"default","ast-page-background-meta":{"desktop":{"background-color":"","background-image":"","background-repeat":"repeat","background-position":"center center","background-size":"auto","background-attachment":"scroll","background-type":"","background-media":"","overlay-type":"","overlay-color":"","overlay-opacity":"","overlay-gradient":""},"tablet":{"background-color":"","background-image":"","background-repeat":"repeat","background-position":"center center","background-size":"auto","background-attachment":"scroll","background-type":"","background-media":"","overlay-type":"","overlay-color":"","overlay-opacity":"","overlay-gradient":""},"mobile":{"background-color":"","background-image":"","background-repeat":"repeat","background-position":"center center","background-size":"auto","background-attachment":"scroll","background-type":"","background-media":"","overlay-type":"","overlay-color":"","overlay-opacity":"","overlay-gradient":""}},"ast-content-background-meta":{"desktop":{"background-color":"var(--ast-global-color-5)","background-image":"","background-repeat":"repeat","background-position":"center center","background-size":"auto","background-attachment":"scroll","background-type":"","background-media":"","overlay-type":"","overlay-color":"","overlay-opacity":"","overlay-gradient":""},"tablet":{"background-color":"var(--ast-global-color-5)","background-image":"","background-repeat":"repeat","background-position":"center center","background-size":"auto","background-attachment":"scroll","background-type":"","background-media":"","overlay-type":"","overlay-color":"","overlay-opacity":"","overlay-gradient":""},"mobile":{"background-color":"var(--ast-global-color-5)","background-image":"","background-repeat":"repeat","background-position":"center center","background-size":"auto","background-attachment":"scroll","background-type":"","background-media":"","overlay-type":"","overlay-color":"","overlay-opacity":"","overlay-gradient":""}}},"product_brand":[],"product_cat":[23],"product_tag":[],"class_list":{"0":"post-14438","1":"product","2":"type-product","3":"status-publish","4":"has-post-thumbnail","6":"product_cat-wood-auger-drill-bits","7":"desktop-align-left","8":"tablet-align-left","9":"mobile-align-left","11":"first","12":"instock","13":"shipping-taxable","14":"product-type-simple"},"acf":[],"_links":{"self":[{"href":"https:\/\/www.tenyutool.com\/tr\/wp-json\/wp\/v2\/product\/14438","targetHints":{"allow":["GET"]}}],"collection":[{"href":"https:\/\/www.tenyutool.com\/tr\/wp-json\/wp\/v2\/product"}],"about":[{"href":"https:\/\/www.tenyutool.com\/tr\/wp-json\/wp\/v2\/types\/product"}],"replies":[{"embeddable":true,"href":"https:\/\/www.tenyutool.com\/tr\/wp-json\/wp\/v2\/comments?post=14438"}],"wp:featuredmedia":[{"embeddable":true,"href":"https:\/\/www.tenyutool.com\/tr\/wp-json\/wp\/v2\/media\/14434"}],"wp:attachment":[{"href":"https:\/\/www.tenyutool.com\/tr\/wp-json\/wp\/v2\/media?parent=14438"}],"wp:term":[{"taxonomy":"product_brand","embeddable":true,"href":"https:\/\/www.tenyutool.com\/tr\/wp-json\/wp\/v2\/product_brand?post=14438"},{"taxonomy":"product_cat","embeddable":true,"href":"https:\/\/www.tenyutool.com\/tr\/wp-json\/wp\/v2\/product_cat?post=14438"},{"taxonomy":"product_tag","embeddable":true,"href":"https:\/\/www.tenyutool.com\/tr\/wp-json\/wp\/v2\/product_tag?post=14438"}],"curies":[{"name":"wp","href":"https:\/\/api.w.org\/{rel}","templated":true}]}}