{"id":14597,"date":"2022-08-17T06:39:26","date_gmt":"2022-08-17T06:39:26","guid":{"rendered":"https:\/\/www.tenyutool.com\/?post_type=product&#038;p=14597"},"modified":"2022-08-23T07:38:13","modified_gmt":"2022-08-23T07:38:13","slug":"merkez-matkap-uclari","status":"publish","type":"product","link":"https:\/\/www.tenyutool.com\/tr\/product\/center-drill-bits\/","title":{"rendered":"7 Par\u00e7a Merkez Matkap U\u00e7 Seti, M2 HSS 60\u00b0 A\u00e7\u0131l\u0131 Merkez Matkap U\u00e7 Seti Hav\u015fa Aletleri"},"content":{"rendered":"<p>\u00d6zellik:<\/p>\n<ul>\n<li>Bu \u00e7ok y\u00f6nl\u00fc u\u00e7, genel delmeden daha hassas i\u015flere kadar \u00e7ok \u00e7e\u015fitli uygulamalar i\u00e7in m\u00fckemmeldir.<\/li>\n<li>Y\u00fcksek kaliteli malzemelerden \u00fcretilen merkez matkap ucumuz, en zorlu delme zorluklar\u0131na bile dayanacak \u015fekilde tasarlanm\u0131\u015ft\u0131r.<\/li>\n<li>60 derecelik keskin bir a\u00e7\u0131yla, \u00e7e\u015fitli malzemelerde temiz, hassas delikler olu\u015fturmak i\u00e7in m\u00fckemmeldir.<\/li>\n<li>\u00c7elik, Demir, \u015eap, Karbon \u00c7eli\u011fi, Pirin\u00e7 ve 170HB&#039;den 200HB&#039;ye kadar di\u011fer sert malzemelerde delik a\u00e7mak i\u00e7in torna makineleri ve \u00e7o\u011fu elektronik matkapla \u00e7al\u0131\u015f\u0131n.<\/li>\n<\/ul>\n<figure id=\"attachment_14190\" aria-describedby=\"caption-attachment-14190\" style=\"width: 800px\" class=\"wp-caption alignnone\"><img fetchpriority=\"high\" decoding=\"async\" class=\"size-full wp-image-14190\" src=\"https:\/\/www.tenyutool.com\/wp-content\/uploads\/2022\/08\/7-Pieces-M2-High-Speed-Steel-60-Degree-Angle-Centre-Drill-Bits-Set-Tools.jpg\" alt=\"7 adet m2 y\u00fcksek h\u0131z \u00e7eli\u011fi 60 derecelik a\u00e7\u0131 merkezi matkap u\u00e7lar\u0131 seti ara\u00e7lar\u0131\" width=\"800\" height=\"800\" srcset=\"https:\/\/www.tenyutool.com\/wp-content\/uploads\/2022\/08\/7-Pieces-M2-High-Speed-Steel-60-Degree-Angle-Centre-Drill-Bits-Set-Tools.jpg 800w, https:\/\/www.tenyutool.com\/wp-content\/uploads\/2022\/08\/7-Pieces-M2-High-Speed-Steel-60-Degree-Angle-Centre-Drill-Bits-Set-Tools-150x150.jpg 150w, https:\/\/www.tenyutool.com\/wp-content\/uploads\/2022\/08\/7-Pieces-M2-High-Speed-Steel-60-Degree-Angle-Centre-Drill-Bits-Set-Tools-768x768.jpg 768w, https:\/\/www.tenyutool.com\/wp-content\/uploads\/2022\/08\/7-Pieces-M2-High-Speed-Steel-60-Degree-Angle-Centre-Drill-Bits-Set-Tools-12x12.jpg 12w, https:\/\/www.tenyutool.com\/wp-content\/uploads\/2022\/08\/7-Pieces-M2-High-Speed-Steel-60-Degree-Angle-Centre-Drill-Bits-Set-Tools-300x300.jpg 300w, https:\/\/www.tenyutool.com\/wp-content\/uploads\/2022\/08\/7-Pieces-M2-High-Speed-Steel-60-Degree-Angle-Centre-Drill-Bits-Set-Tools-600x600.jpg 600w, https:\/\/www.tenyutool.com\/wp-content\/uploads\/2022\/08\/7-Pieces-M2-High-Speed-Steel-60-Degree-Angle-Centre-Drill-Bits-Set-Tools-100x100.jpg 100w\" sizes=\"(max-width: 800px) 100vw, 800px\" \/><figcaption id=\"caption-attachment-14190\" class=\"wp-caption-text\">7 adet m2 y\u00fcksek h\u0131z \u00e7eli\u011fi 60 derecelik a\u00e7\u0131 merkezi matkap u\u00e7lar\u0131 seti ara\u00e7lar\u0131<\/figcaption><\/figure>\n<table width=\"1078\">\n<tbody>\n<tr>\n<td colspan=\"9\" width=\"1078\">\u00dcr\u00fcn A\u00e7\u0131klamas\u0131<\/td>\n<\/tr>\n<tr>\n<td colspan=\"9\">Sizin \u0130\u00e7in Daha Fazla Se\u00e7enek: <a href=\"https:\/\/www.tenyutool.com\/tr\/\">Ev<\/a> &gt; merkez matkap u\u00e7lar\u0131<\/td>\n<\/tr>\n<tr>\n<td>\u00dcr\u00fcn ad\u0131<\/td>\n<td colspan=\"8\" width=\"910\">7 Par\u00e7a Merkez Matkap U\u00e7 Seti, M2 HSS 60\u00b0 A\u00e7\u0131l\u0131 Merkez Matkap U\u00e7 Seti Hav\u015fa Aletleri<\/td>\n<\/tr>\n<tr>\n<td>Malzeme<\/td>\n<td colspan=\"8\">Y\u00fcksek H\u0131z \u00c7eli\u011fi\/ Kobalt \u00c7eli\u011fi<\/td>\n<\/tr>\n<tr>\n<td>Renk<\/td>\n<td colspan=\"8\">G\u00fcm\u00fc\u015f alt\u0131n<\/td>\n<\/tr>\n<tr>\n<td>Tak\u0131m Yiv Tipi<\/td>\n<td colspan=\"8\">Sarmal<\/td>\n<\/tr>\n<tr>\n<td>paket<\/td>\n<td colspan=\"8\">Plastik kutu<\/td>\n<\/tr>\n<\/tbody>\n<\/table>","protected":false},"excerpt":{"rendered":"<p>Feature: This versatile bit is perfect for a wide range of applications, from general drilling to more precise jobs. Made from high-quality materials, our center drill bit is designed to withstand even the toughest drilling challenges. with a sharp 60-degree angle, it&#8217;s perfect for creating clean, precise holes in a variety of materials. work with [&hellip;]<\/p>\n","protected":false},"featured_media":14190,"comment_status":"closed","ping_status":"closed","template":"","meta":{"_acf_changed":false,"_seopress_robots_primary_cat":"none","_seopress_titles_title":"Center Drill Bits Set | 60\u00b0 Angle Center Drill Bits Kit Countersink Tools","_seopress_titles_desc":"","_seopress_robots_index":"","site-sidebar-layout":"default","site-content-layout":"default","ast-site-content-layout":"default","site-content-style":"default","site-sidebar-style":"default","ast-global-header-display":"","ast-banner-title-visibility":"","ast-main-header-display":"","ast-hfb-above-header-display":"","ast-hfb-below-header-display":"","ast-hfb-mobile-header-display":"","site-post-title":"","ast-breadcrumbs-content":"","ast-featured-img":"","footer-sml-layout":"","ast-disable-related-posts":"","theme-transparent-header-meta":"default","adv-header-id-meta":"","stick-header-meta":"","header-above-stick-meta":"","header-main-stick-meta":"","header-below-stick-meta":"","astra-migrate-meta-layouts":"default","ast-page-background-enabled":"default","ast-page-background-meta":{"desktop":{"background-color":"","background-image":"","background-repeat":"repeat","background-position":"center center","background-size":"auto","background-attachment":"scroll","background-type":"","background-media":"","overlay-type":"","overlay-color":"","overlay-opacity":"","overlay-gradient":""},"tablet":{"background-color":"","background-image":"","background-repeat":"repeat","background-position":"center center","background-size":"auto","background-attachment":"scroll","background-type":"","background-media":"","overlay-type":"","overlay-color":"","overlay-opacity":"","overlay-gradient":""},"mobile":{"background-color":"","background-image":"","background-repeat":"repeat","background-position":"center center","background-size":"auto","background-attachment":"scroll","background-type":"","background-media":"","overlay-type":"","overlay-color":"","overlay-opacity":"","overlay-gradient":""}},"ast-content-background-meta":{"desktop":{"background-color":"var(--ast-global-color-5)","background-image":"","background-repeat":"repeat","background-position":"center center","background-size":"auto","background-attachment":"scroll","background-type":"","background-media":"","overlay-type":"","overlay-color":"","overlay-opacity":"","overlay-gradient":""},"tablet":{"background-color":"var(--ast-global-color-5)","background-image":"","background-repeat":"repeat","background-position":"center center","background-size":"auto","background-attachment":"scroll","background-type":"","background-media":"","overlay-type":"","overlay-color":"","overlay-opacity":"","overlay-gradient":""},"mobile":{"background-color":"var(--ast-global-color-5)","background-image":"","background-repeat":"repeat","background-position":"center center","background-size":"auto","background-attachment":"scroll","background-type":"","background-media":"","overlay-type":"","overlay-color":"","overlay-opacity":"","overlay-gradient":""}}},"product_brand":[],"product_cat":[24],"product_tag":[],"class_list":{"0":"post-14597","1":"product","2":"type-product","3":"status-publish","4":"has-post-thumbnail","6":"product_cat-center-drill-bit","7":"desktop-align-left","8":"tablet-align-left","9":"mobile-align-left","11":"first","12":"instock","13":"shipping-taxable","14":"product-type-simple"},"acf":[],"_links":{"self":[{"href":"https:\/\/www.tenyutool.com\/tr\/wp-json\/wp\/v2\/product\/14597","targetHints":{"allow":["GET"]}}],"collection":[{"href":"https:\/\/www.tenyutool.com\/tr\/wp-json\/wp\/v2\/product"}],"about":[{"href":"https:\/\/www.tenyutool.com\/tr\/wp-json\/wp\/v2\/types\/product"}],"replies":[{"embeddable":true,"href":"https:\/\/www.tenyutool.com\/tr\/wp-json\/wp\/v2\/comments?post=14597"}],"wp:featuredmedia":[{"embeddable":true,"href":"https:\/\/www.tenyutool.com\/tr\/wp-json\/wp\/v2\/media\/14190"}],"wp:attachment":[{"href":"https:\/\/www.tenyutool.com\/tr\/wp-json\/wp\/v2\/media?parent=14597"}],"wp:term":[{"taxonomy":"product_brand","embeddable":true,"href":"https:\/\/www.tenyutool.com\/tr\/wp-json\/wp\/v2\/product_brand?post=14597"},{"taxonomy":"product_cat","embeddable":true,"href":"https:\/\/www.tenyutool.com\/tr\/wp-json\/wp\/v2\/product_cat?post=14597"},{"taxonomy":"product_tag","embeddable":true,"href":"https:\/\/www.tenyutool.com\/tr\/wp-json\/wp\/v2\/product_tag?post=14597"}],"curies":[{"name":"wp","href":"https:\/\/api.w.org\/{rel}","templated":true}]}}