{"id":14606,"date":"2022-08-17T07:18:45","date_gmt":"2022-08-17T07:18:45","guid":{"rendered":"https:\/\/www.tenyutool.com\/?post_type=product&#038;p=14606"},"modified":"2022-08-23T07:34:36","modified_gmt":"2022-08-23T07:34:36","slug":"m2-hss-torna-merkezi-matkap-uclari","status":"publish","type":"product","link":"https:\/\/www.tenyutool.com\/tr\/product\/m2-hss-lathe-center-drill-bits\/","title":{"rendered":"60 Derece Titanyum Kapl\u0131 M2 HSS Torna Merkezi Dereotu Bit Metal \u0130\u015fleme Metal"},"content":{"rendered":"<p>\u00d6zellik:<\/p>\n<ul>\n<li>Bu \u00e7ok y\u00f6nl\u00fc u\u00e7, genel delmeden daha hassas i\u015flere kadar \u00e7ok \u00e7e\u015fitli uygulamalar i\u00e7in m\u00fckemmeldir.<\/li>\n<li>Y\u00fcksek kaliteli malzemelerden \u00fcretilen merkez matkap ucumuz, en zorlu delme zorluklar\u0131na bile dayanacak \u015fekilde tasarlanm\u0131\u015ft\u0131r.<\/li>\n<li>60 derecelik keskin bir a\u00e7\u0131yla, \u00e7e\u015fitli malzemelerde temiz, hassas delikler olu\u015fturmak i\u00e7in m\u00fckemmeldir.<\/li>\n<\/ul>\n<figure id=\"attachment_14184\" aria-describedby=\"caption-attachment-14184\" style=\"width: 800px\" class=\"wp-caption alignnone\"><img fetchpriority=\"high\" decoding=\"async\" class=\"size-full wp-image-14184\" src=\"https:\/\/www.tenyutool.com\/wp-content\/uploads\/2022\/08\/60-Degree-Titanium-Coated-M2-HSS-Lathe-Centre-Dill-Bit-Metalworking-Metal.jpg\" alt=\"60 derece titanyum kapl\u0131 m2 hss torna merkezi dereotu bit metal i\u015fleme metal\" width=\"800\" height=\"800\" srcset=\"https:\/\/www.tenyutool.com\/wp-content\/uploads\/2022\/08\/60-Degree-Titanium-Coated-M2-HSS-Lathe-Centre-Dill-Bit-Metalworking-Metal.jpg 800w, https:\/\/www.tenyutool.com\/wp-content\/uploads\/2022\/08\/60-Degree-Titanium-Coated-M2-HSS-Lathe-Centre-Dill-Bit-Metalworking-Metal-150x150.jpg 150w, https:\/\/www.tenyutool.com\/wp-content\/uploads\/2022\/08\/60-Degree-Titanium-Coated-M2-HSS-Lathe-Centre-Dill-Bit-Metalworking-Metal-768x768.jpg 768w, https:\/\/www.tenyutool.com\/wp-content\/uploads\/2022\/08\/60-Degree-Titanium-Coated-M2-HSS-Lathe-Centre-Dill-Bit-Metalworking-Metal-12x12.jpg 12w, https:\/\/www.tenyutool.com\/wp-content\/uploads\/2022\/08\/60-Degree-Titanium-Coated-M2-HSS-Lathe-Centre-Dill-Bit-Metalworking-Metal-300x300.jpg 300w, https:\/\/www.tenyutool.com\/wp-content\/uploads\/2022\/08\/60-Degree-Titanium-Coated-M2-HSS-Lathe-Centre-Dill-Bit-Metalworking-Metal-600x600.jpg 600w, https:\/\/www.tenyutool.com\/wp-content\/uploads\/2022\/08\/60-Degree-Titanium-Coated-M2-HSS-Lathe-Centre-Dill-Bit-Metalworking-Metal-100x100.jpg 100w\" sizes=\"(max-width: 800px) 100vw, 800px\" \/><figcaption id=\"caption-attachment-14184\" class=\"wp-caption-text\">60 derece titanyum kapl\u0131 m2 hss torna merkezi dereotu bit metal i\u015fleme metal<\/figcaption><\/figure>\n<table style=\"border-collapse: collapse; width: 808.52pt;\" border=\"0\" width=\"1078\" cellspacing=\"0\" cellpadding=\"0\">\n<tbody>\n<tr style=\"height: 30.00pt;\">\n<td class=\"et3\" style=\"height: 30.00pt; width: 808.50pt;\" colspan=\"9\" width=\"1078\" height=\"40\">\u00dcr\u00fcn A\u00e7\u0131klamas\u0131<\/td>\n<\/tr>\n<tr style=\"height: 32.00pt;\">\n<td class=\"et4\" style=\"height: 32.00pt;\" colspan=\"9\" height=\"42\">Sizin \u0130\u00e7in Daha Fazla Se\u00e7enek: <a href=\"https:\/\/www.tenyutool.com\/tr\/\">Ev<\/a> &gt; merkez matkap u\u00e7lar\u0131<\/td>\n<\/tr>\n<tr style=\"height: 35.00pt;\">\n<td class=\"et6\" style=\"height: 35.00pt;\" height=\"46\">\u00dcr\u00fcn ad\u0131<\/td>\n<td class=\"et7\" style=\"width: 682.50pt;\" colspan=\"8\" width=\"910\">60 Derece Titanyum Kapl\u0131 M2 HSS Torna Merkezi Dereotu Bit Metal \u0130\u015fleme Metal<\/td>\n<\/tr>\n<tr style=\"height: 32.00pt;\">\n<td class=\"et9\" style=\"height: 32.00pt;\" height=\"42\">Malzeme<\/td>\n<td class=\"et10\" colspan=\"8\">Y\u00fcksek H\u0131z \u00c7eli\u011fi, Ala\u015f\u0131ml\u0131 \u00c7elik, Pirin\u00e7<\/td>\n<\/tr>\n<tr style=\"height: 32.00pt;\">\n<td class=\"et12\" style=\"height: 32.00pt;\" height=\"42\">Biti\u015f Tipi<\/td>\n<td class=\"et13\" style=\"border-right: .5pt solid #000000;\" colspan=\"8\">Titanyum<\/td>\n<\/tr>\n<tr style=\"height: 32.00pt;\">\n<td class=\"et15\" style=\"height: 32.00pt;\" height=\"42\">Tak\u0131m Yiv Tipi<\/td>\n<td class=\"et10\" colspan=\"8\">Sarmal<\/td>\n<\/tr>\n<tr style=\"height: 32.00pt;\">\n<td class=\"et15\" style=\"height: 32.00pt;\" height=\"42\">paket<\/td>\n<td class=\"et13\" style=\"border-right: .5pt solid #000000;\" colspan=\"8\">Plastik kutu<\/td>\n<\/tr>\n<\/tbody>\n<\/table>","protected":false},"excerpt":{"rendered":"<p>Feature: This versatile bit is perfect for a wide range of applications, from general drilling to more precise jobs. Made from high-quality materials, our center drill bit is designed to withstand even the toughest drilling challenges. with a sharp 60-degree angle, it&#8217;s perfect for creating clean, precise holes in a variety of materials. Product Description [&hellip;]<\/p>\n","protected":false},"featured_media":14184,"comment_status":"closed","ping_status":"closed","template":"","meta":{"_acf_changed":false,"_seopress_robots_primary_cat":"none","_seopress_titles_title":"m2 hss lathe center drill bits | 60 Degree Titanium Coated","_seopress_titles_desc":"","_seopress_robots_index":"","site-sidebar-layout":"default","site-content-layout":"default","ast-site-content-layout":"default","site-content-style":"default","site-sidebar-style":"default","ast-global-header-display":"","ast-banner-title-visibility":"","ast-main-header-display":"","ast-hfb-above-header-display":"","ast-hfb-below-header-display":"","ast-hfb-mobile-header-display":"","site-post-title":"","ast-breadcrumbs-content":"","ast-featured-img":"","footer-sml-layout":"","ast-disable-related-posts":"","theme-transparent-header-meta":"default","adv-header-id-meta":"","stick-header-meta":"","header-above-stick-meta":"","header-main-stick-meta":"","header-below-stick-meta":"","astra-migrate-meta-layouts":"default","ast-page-background-enabled":"default","ast-page-background-meta":{"desktop":{"background-color":"","background-image":"","background-repeat":"repeat","background-position":"center center","background-size":"auto","background-attachment":"scroll","background-type":"","background-media":"","overlay-type":"","overlay-color":"","overlay-opacity":"","overlay-gradient":""},"tablet":{"background-color":"","background-image":"","background-repeat":"repeat","background-position":"center center","background-size":"auto","background-attachment":"scroll","background-type":"","background-media":"","overlay-type":"","overlay-color":"","overlay-opacity":"","overlay-gradient":""},"mobile":{"background-color":"","background-image":"","background-repeat":"repeat","background-position":"center center","background-size":"auto","background-attachment":"scroll","background-type":"","background-media":"","overlay-type":"","overlay-color":"","overlay-opacity":"","overlay-gradient":""}},"ast-content-background-meta":{"desktop":{"background-color":"var(--ast-global-color-5)","background-image":"","background-repeat":"repeat","background-position":"center center","background-size":"auto","background-attachment":"scroll","background-type":"","background-media":"","overlay-type":"","overlay-color":"","overlay-opacity":"","overlay-gradient":""},"tablet":{"background-color":"var(--ast-global-color-5)","background-image":"","background-repeat":"repeat","background-position":"center center","background-size":"auto","background-attachment":"scroll","background-type":"","background-media":"","overlay-type":"","overlay-color":"","overlay-opacity":"","overlay-gradient":""},"mobile":{"background-color":"var(--ast-global-color-5)","background-image":"","background-repeat":"repeat","background-position":"center center","background-size":"auto","background-attachment":"scroll","background-type":"","background-media":"","overlay-type":"","overlay-color":"","overlay-opacity":"","overlay-gradient":""}}},"product_brand":[],"product_cat":[24],"product_tag":[],"class_list":{"0":"post-14606","1":"product","2":"type-product","3":"status-publish","4":"has-post-thumbnail","6":"product_cat-center-drill-bit","7":"desktop-align-left","8":"tablet-align-left","9":"mobile-align-left","11":"first","12":"instock","13":"shipping-taxable","14":"product-type-simple"},"acf":[],"_links":{"self":[{"href":"https:\/\/www.tenyutool.com\/tr\/wp-json\/wp\/v2\/product\/14606","targetHints":{"allow":["GET"]}}],"collection":[{"href":"https:\/\/www.tenyutool.com\/tr\/wp-json\/wp\/v2\/product"}],"about":[{"href":"https:\/\/www.tenyutool.com\/tr\/wp-json\/wp\/v2\/types\/product"}],"replies":[{"embeddable":true,"href":"https:\/\/www.tenyutool.com\/tr\/wp-json\/wp\/v2\/comments?post=14606"}],"wp:featuredmedia":[{"embeddable":true,"href":"https:\/\/www.tenyutool.com\/tr\/wp-json\/wp\/v2\/media\/14184"}],"wp:attachment":[{"href":"https:\/\/www.tenyutool.com\/tr\/wp-json\/wp\/v2\/media?parent=14606"}],"wp:term":[{"taxonomy":"product_brand","embeddable":true,"href":"https:\/\/www.tenyutool.com\/tr\/wp-json\/wp\/v2\/product_brand?post=14606"},{"taxonomy":"product_cat","embeddable":true,"href":"https:\/\/www.tenyutool.com\/tr\/wp-json\/wp\/v2\/product_cat?post=14606"},{"taxonomy":"product_tag","embeddable":true,"href":"https:\/\/www.tenyutool.com\/tr\/wp-json\/wp\/v2\/product_tag?post=14606"}],"curies":[{"name":"wp","href":"https:\/\/api.w.org\/{rel}","templated":true}]}}