{"id":14608,"date":"2022-08-17T07:37:35","date_gmt":"2022-08-17T07:37:35","guid":{"rendered":"https:\/\/www.tenyutool.com\/?post_type=product&#038;p=14608"},"modified":"2022-08-23T07:32:34","modified_gmt":"2022-08-23T07:32:34","slug":"4mm-hss-punta-matkap-seti","status":"publish","type":"product","link":"https:\/\/www.tenyutool.com\/tr\/product\/4mm-hss-centre-drill-set\/","title":{"rendered":"1 Adet \u00e7ip fl\u00fct tasar\u0131m\u0131 AType 4mm HSS Merkezi Matkap Seti Merkezi Matkap Hav\u015fa Torna Bit"},"content":{"rendered":"<p>\u00d6zellik:<\/p>\n<ul>\n<li>Tezgah matkaplar\u0131, freze makineleri, i\u015fleme merkezleri i\u00e7in uygundur.<\/li>\n<li>Y\u00fcksek sertlik, keskinlik, a\u015f\u0131nmaya dayan\u0131kl\u0131 ve \u0131s\u0131ya dayan\u0131kl\u0131, uzun hizmet \u00f6mr\u00fcne sahip y\u00fcksek h\u0131zl\u0131 \u00e7elik malzeme.<\/li>\n<li>Geni\u015fletilmi\u015f tala\u015f olu\u011fu tasar\u0131m\u0131, y\u00fcksek h\u0131zl\u0131 \u00e7al\u0131\u015fma i\u00e7in faydal\u0131d\u0131r ve tala\u015f kald\u0131rmay\u0131 h\u0131zland\u0131r\u0131r.<\/li>\n<li>Y\u00fcksek \u00e7al\u0131\u015fma verimlili\u011fi ile daha iyi g\u00fc\u00e7 ve dayan\u0131kl\u0131l\u0131k t\u00fcm zeminde spiral konumland\u0131rma.<\/li>\n<li>Kal\u0131p \u00e7eli\u011fi ve paslanmaz \u00e7elik i\u015fleme i\u00e7in \u00f6zel, \u00e7ok pratik.<\/li>\n<\/ul>\n<figure id=\"attachment_14186\" aria-describedby=\"caption-attachment-14186\" style=\"width: 800px\" class=\"wp-caption alignnone\"><img fetchpriority=\"high\" decoding=\"async\" class=\"size-full wp-image-14186\" src=\"https:\/\/www.tenyutool.com\/wp-content\/uploads\/2022\/08\/AType-4mm-HSS-Centre-Drill-Set-Center-Drill-Countersink-Lathe-Bit-Mill-Tooling.jpg\" alt=\"atype 4mm hss merkezi matkap seti merkezi matkap hav\u015fa torna bit freze tak\u0131m\" width=\"800\" height=\"800\" srcset=\"https:\/\/www.tenyutool.com\/wp-content\/uploads\/2022\/08\/AType-4mm-HSS-Centre-Drill-Set-Center-Drill-Countersink-Lathe-Bit-Mill-Tooling.jpg 800w, https:\/\/www.tenyutool.com\/wp-content\/uploads\/2022\/08\/AType-4mm-HSS-Centre-Drill-Set-Center-Drill-Countersink-Lathe-Bit-Mill-Tooling-150x150.jpg 150w, https:\/\/www.tenyutool.com\/wp-content\/uploads\/2022\/08\/AType-4mm-HSS-Centre-Drill-Set-Center-Drill-Countersink-Lathe-Bit-Mill-Tooling-768x768.jpg 768w, https:\/\/www.tenyutool.com\/wp-content\/uploads\/2022\/08\/AType-4mm-HSS-Centre-Drill-Set-Center-Drill-Countersink-Lathe-Bit-Mill-Tooling-12x12.jpg 12w, https:\/\/www.tenyutool.com\/wp-content\/uploads\/2022\/08\/AType-4mm-HSS-Centre-Drill-Set-Center-Drill-Countersink-Lathe-Bit-Mill-Tooling-300x300.jpg 300w, https:\/\/www.tenyutool.com\/wp-content\/uploads\/2022\/08\/AType-4mm-HSS-Centre-Drill-Set-Center-Drill-Countersink-Lathe-Bit-Mill-Tooling-600x600.jpg 600w, https:\/\/www.tenyutool.com\/wp-content\/uploads\/2022\/08\/AType-4mm-HSS-Centre-Drill-Set-Center-Drill-Countersink-Lathe-Bit-Mill-Tooling-100x100.jpg 100w\" sizes=\"(max-width: 800px) 100vw, 800px\" \/><figcaption id=\"caption-attachment-14186\" class=\"wp-caption-text\">atype 4mm hss merkezi matkap seti merkezi matkap hav\u015fa torna bit freze tak\u0131m<\/figcaption><\/figure>\n<table width=\"1078\">\n<tbody>\n<tr>\n<td colspan=\"9\" width=\"1078\">\u00dcr\u00fcn A\u00e7\u0131klamas\u0131<\/td>\n<\/tr>\n<tr>\n<td colspan=\"9\">Sizin \u0130\u00e7in Daha Fazla Se\u00e7enek: <a href=\"https:\/\/www.tenyutool.com\/tr\/\">Ev<\/a> &gt; merkez matkap u\u00e7lar\u0131<\/td>\n<\/tr>\n<tr>\n<td>\u00dcr\u00fcn ad\u0131<\/td>\n<td colspan=\"8\" width=\"910\">1 Adet \u00e7ip fl\u00fct tasar\u0131m\u0131 AType 4mm HSS Merkezi Matkap Seti Merkezi Matkap Hav\u015fa Torna Bit<\/td>\n<\/tr>\n<tr>\n<td>Malzeme<\/td>\n<td colspan=\"8\">Y\u00fcksek H\u0131z \u00c7eli\u011fi<\/td>\n<\/tr>\n<tr>\n<td>Biti\u015f Tipi<\/td>\n<td colspan=\"8\">Titanyum<\/td>\n<\/tr>\n<tr>\n<td>\u015eartname:<\/td>\n<td colspan=\"8\">yakla\u015f\u0131k 4 mm \/ 0,2 in\u00e7<\/td>\n<\/tr>\n<tr>\n<td>Tak\u0131m Yiv Tipi<\/td>\n<td colspan=\"8\">Sarmal<\/td>\n<\/tr>\n<tr>\n<td>paket<\/td>\n<td colspan=\"8\">Plastik kutu<\/td>\n<\/tr>\n<\/tbody>\n<\/table>","protected":false},"excerpt":{"rendered":"<p>Feature: Suitable for bench drills, milling machines, machining centers. High\u2011speed steel material, with high hardness, of sharpness, wear\u2011resistant and heat\u2011resistant, long service life. Enlarged chip flute design, beneficial to high\u2011speed operation and accelerate chip removal. Better strength and durability all\u2011ground spiral positioning with high work efficiency. Special for die steel and stainless steel processing, very [&hellip;]<\/p>\n","protected":false},"featured_media":14186,"comment_status":"closed","ping_status":"closed","template":"","meta":{"_acf_changed":false,"_seopress_robots_primary_cat":"none","_seopress_titles_title":"4mm Center Drill | Countersink Lathe Bit","_seopress_titles_desc":"","_seopress_robots_index":"","site-sidebar-layout":"default","site-content-layout":"default","ast-site-content-layout":"default","site-content-style":"default","site-sidebar-style":"default","ast-global-header-display":"","ast-banner-title-visibility":"","ast-main-header-display":"","ast-hfb-above-header-display":"","ast-hfb-below-header-display":"","ast-hfb-mobile-header-display":"","site-post-title":"","ast-breadcrumbs-content":"","ast-featured-img":"","footer-sml-layout":"","ast-disable-related-posts":"","theme-transparent-header-meta":"default","adv-header-id-meta":"","stick-header-meta":"","header-above-stick-meta":"","header-main-stick-meta":"","header-below-stick-meta":"","astra-migrate-meta-layouts":"default","ast-page-background-enabled":"default","ast-page-background-meta":{"desktop":{"background-color":"","background-image":"","background-repeat":"repeat","background-position":"center center","background-size":"auto","background-attachment":"scroll","background-type":"","background-media":"","overlay-type":"","overlay-color":"","overlay-opacity":"","overlay-gradient":""},"tablet":{"background-color":"","background-image":"","background-repeat":"repeat","background-position":"center center","background-size":"auto","background-attachment":"scroll","background-type":"","background-media":"","overlay-type":"","overlay-color":"","overlay-opacity":"","overlay-gradient":""},"mobile":{"background-color":"","background-image":"","background-repeat":"repeat","background-position":"center center","background-size":"auto","background-attachment":"scroll","background-type":"","background-media":"","overlay-type":"","overlay-color":"","overlay-opacity":"","overlay-gradient":""}},"ast-content-background-meta":{"desktop":{"background-color":"var(--ast-global-color-5)","background-image":"","background-repeat":"repeat","background-position":"center center","background-size":"auto","background-attachment":"scroll","background-type":"","background-media":"","overlay-type":"","overlay-color":"","overlay-opacity":"","overlay-gradient":""},"tablet":{"background-color":"var(--ast-global-color-5)","background-image":"","background-repeat":"repeat","background-position":"center center","background-size":"auto","background-attachment":"scroll","background-type":"","background-media":"","overlay-type":"","overlay-color":"","overlay-opacity":"","overlay-gradient":""},"mobile":{"background-color":"var(--ast-global-color-5)","background-image":"","background-repeat":"repeat","background-position":"center center","background-size":"auto","background-attachment":"scroll","background-type":"","background-media":"","overlay-type":"","overlay-color":"","overlay-opacity":"","overlay-gradient":""}}},"product_brand":[],"product_cat":[24],"product_tag":[],"class_list":{"0":"post-14608","1":"product","2":"type-product","3":"status-publish","4":"has-post-thumbnail","6":"product_cat-center-drill-bit","7":"desktop-align-left","8":"tablet-align-left","9":"mobile-align-left","11":"first","12":"instock","13":"shipping-taxable","14":"product-type-simple"},"acf":[],"_links":{"self":[{"href":"https:\/\/www.tenyutool.com\/tr\/wp-json\/wp\/v2\/product\/14608","targetHints":{"allow":["GET"]}}],"collection":[{"href":"https:\/\/www.tenyutool.com\/tr\/wp-json\/wp\/v2\/product"}],"about":[{"href":"https:\/\/www.tenyutool.com\/tr\/wp-json\/wp\/v2\/types\/product"}],"replies":[{"embeddable":true,"href":"https:\/\/www.tenyutool.com\/tr\/wp-json\/wp\/v2\/comments?post=14608"}],"wp:featuredmedia":[{"embeddable":true,"href":"https:\/\/www.tenyutool.com\/tr\/wp-json\/wp\/v2\/media\/14186"}],"wp:attachment":[{"href":"https:\/\/www.tenyutool.com\/tr\/wp-json\/wp\/v2\/media?parent=14608"}],"wp:term":[{"taxonomy":"product_brand","embeddable":true,"href":"https:\/\/www.tenyutool.com\/tr\/wp-json\/wp\/v2\/product_brand?post=14608"},{"taxonomy":"product_cat","embeddable":true,"href":"https:\/\/www.tenyutool.com\/tr\/wp-json\/wp\/v2\/product_cat?post=14608"},{"taxonomy":"product_tag","embeddable":true,"href":"https:\/\/www.tenyutool.com\/tr\/wp-json\/wp\/v2\/product_tag?post=14608"}],"curies":[{"name":"wp","href":"https:\/\/api.w.org\/{rel}","templated":true}]}}