{"id":14623,"date":"2022-08-17T08:20:31","date_gmt":"2022-08-17T08:20:31","guid":{"rendered":"https:\/\/www.tenyutool.com\/?post_type=product&#038;p=14623"},"modified":"2022-08-23T07:16:10","modified_gmt":"2022-08-23T07:16:10","slug":"uzun-uzunluk-merkezi-matkap-uclari","status":"publish","type":"product","link":"https:\/\/www.tenyutool.com\/tr\/product\/long-length-centre-drill-bits\/","title":{"rendered":"Yava\u015f Spiral Kaplamas\u0131z Y\u00fcksek H\u0131zl\u0131 \u00c7elik Parlak Y\u00fczeyli Uzun Boylu Merkez Matkap Ucu"},"content":{"rendered":"<p>\u00d6zellik:<\/p>\n<ul>\n<li>Daha fazla stabilite ve keskin bir kesme kenar\u0131 i\u00e7in uzun bir \u015faft ile.<\/li>\n<li>\u00c7e\u015fitli malzemelerde do\u011fru ve hassas delikler a\u00e7mak i\u00e7in ideal olan bu matkap ucu, y\u00fcksek kaliteli malzemelerden yap\u0131lm\u0131\u015ft\u0131r ve uzun s\u00fcre dayanacak \u015fekilde tasarlanm\u0131\u015ft\u0131r.<\/li>\n<li>t\u00fcm standart merkezlere uyan 60 derecelik bir hav\u015fa a\u00e7\u0131s\u0131na sahiptir.<\/li>\n<\/ul>\n<figure id=\"attachment_14187\" aria-describedby=\"caption-attachment-14187\" style=\"width: 800px\" class=\"wp-caption alignnone\"><img fetchpriority=\"high\" decoding=\"async\" class=\"size-full wp-image-14187\" src=\"https:\/\/www.tenyutool.com\/wp-content\/uploads\/2022\/08\/High-Speed-Steel-Bright-Surface-Long-Length-Centre-Drill-Bit-with-Slow-Spiral.jpg\" alt=\"yava\u015f spiralli y\u00fcksek h\u0131z \u00e7eli\u011fi parlak y\u00fczeyli uzun boy merkez matkap ucu\" width=\"800\" height=\"800\" srcset=\"https:\/\/www.tenyutool.com\/wp-content\/uploads\/2022\/08\/High-Speed-Steel-Bright-Surface-Long-Length-Centre-Drill-Bit-with-Slow-Spiral.jpg 800w, https:\/\/www.tenyutool.com\/wp-content\/uploads\/2022\/08\/High-Speed-Steel-Bright-Surface-Long-Length-Centre-Drill-Bit-with-Slow-Spiral-150x150.jpg 150w, https:\/\/www.tenyutool.com\/wp-content\/uploads\/2022\/08\/High-Speed-Steel-Bright-Surface-Long-Length-Centre-Drill-Bit-with-Slow-Spiral-768x768.jpg 768w, https:\/\/www.tenyutool.com\/wp-content\/uploads\/2022\/08\/High-Speed-Steel-Bright-Surface-Long-Length-Centre-Drill-Bit-with-Slow-Spiral-12x12.jpg 12w, https:\/\/www.tenyutool.com\/wp-content\/uploads\/2022\/08\/High-Speed-Steel-Bright-Surface-Long-Length-Centre-Drill-Bit-with-Slow-Spiral-300x300.jpg 300w, https:\/\/www.tenyutool.com\/wp-content\/uploads\/2022\/08\/High-Speed-Steel-Bright-Surface-Long-Length-Centre-Drill-Bit-with-Slow-Spiral-600x600.jpg 600w, https:\/\/www.tenyutool.com\/wp-content\/uploads\/2022\/08\/High-Speed-Steel-Bright-Surface-Long-Length-Centre-Drill-Bit-with-Slow-Spiral-100x100.jpg 100w\" sizes=\"(max-width: 800px) 100vw, 800px\" \/><figcaption id=\"caption-attachment-14187\" class=\"wp-caption-text\">yava\u015f spiralli y\u00fcksek h\u0131z \u00e7eli\u011fi parlak y\u00fczeyli uzun boy merkez matkap ucu<\/figcaption><\/figure>\n<table width=\"1078\">\n<tbody>\n<tr>\n<td colspan=\"9\" width=\"1078\">\u00dcr\u00fcn A\u00e7\u0131klamas\u0131<\/td>\n<\/tr>\n<tr>\n<td colspan=\"9\">Sizin \u0130\u00e7in Daha Fazla Se\u00e7enek: <a href=\"https:\/\/www.tenyutool.com\/tr\/\">Ev<\/a> &gt; merkez matkap u\u00e7lar\u0131<\/td>\n<\/tr>\n<tr>\n<td>\u00dcr\u00fcn ad\u0131<\/td>\n<td colspan=\"8\" width=\"910\">Yava\u015f Spiral Kaplamas\u0131z Y\u00fcksek H\u0131zl\u0131 \u00c7elik Parlak Y\u00fczeyli Uzun Boylu Merkez Matkap Ucu<\/td>\n<\/tr>\n<tr>\n<td>Malzeme<\/td>\n<td colspan=\"8\">Y\u00fcksek H\u0131z \u00c7eli\u011fi<\/td>\n<\/tr>\n<tr>\n<td>\u00dcr\u00fcn \u00c7ap\u0131<\/td>\n<td colspan=\"8\">3\/64 in\u00e7<\/td>\n<\/tr>\n<tr>\n<td>Kesme A\u00e7\u0131s\u0131<\/td>\n<td colspan=\"8\">60 derece<\/td>\n<\/tr>\n<tr>\n<td>Tak\u0131m Yiv Tipi<\/td>\n<td colspan=\"8\">Sarmal<\/td>\n<\/tr>\n<tr>\n<td>Biti\u015f Tipi<\/td>\n<td colspan=\"8\">kaplamas\u0131z<\/td>\n<\/tr>\n<tr>\n<td>paket<\/td>\n<td colspan=\"8\">Plastik kutu<\/td>\n<\/tr>\n<\/tbody>\n<\/table>\n<p>&nbsp;<\/p>\n<p>&nbsp;<\/p>\n<p>&nbsp;<\/p>","protected":false},"excerpt":{"rendered":"<p>Feature: With a long-length shank for added stability and a sharp cutting edge. Ideal for drilling accurate and precise holes in a variety of materials, this drill bit is made from high-quality materials and engineered to last. it has a 60 degree countersink angle that fits all standard centers. Product Description More Choice For You: [&hellip;]<\/p>\n","protected":false},"featured_media":14187,"comment_status":"closed","ping_status":"closed","template":"","meta":{"_acf_changed":false,"_seopress_robots_primary_cat":"none","_seopress_titles_title":"Long Length Centre Drill Bit | HSS Bright Surface Slow Spiral Uncoated","_seopress_titles_desc":"","_seopress_robots_index":"","site-sidebar-layout":"default","site-content-layout":"default","ast-site-content-layout":"default","site-content-style":"default","site-sidebar-style":"default","ast-global-header-display":"","ast-banner-title-visibility":"","ast-main-header-display":"","ast-hfb-above-header-display":"","ast-hfb-below-header-display":"","ast-hfb-mobile-header-display":"","site-post-title":"","ast-breadcrumbs-content":"","ast-featured-img":"","footer-sml-layout":"","ast-disable-related-posts":"","theme-transparent-header-meta":"default","adv-header-id-meta":"","stick-header-meta":"","header-above-stick-meta":"","header-main-stick-meta":"","header-below-stick-meta":"","astra-migrate-meta-layouts":"default","ast-page-background-enabled":"default","ast-page-background-meta":{"desktop":{"background-color":"","background-image":"","background-repeat":"repeat","background-position":"center center","background-size":"auto","background-attachment":"scroll","background-type":"","background-media":"","overlay-type":"","overlay-color":"","overlay-opacity":"","overlay-gradient":""},"tablet":{"background-color":"","background-image":"","background-repeat":"repeat","background-position":"center center","background-size":"auto","background-attachment":"scroll","background-type":"","background-media":"","overlay-type":"","overlay-color":"","overlay-opacity":"","overlay-gradient":""},"mobile":{"background-color":"","background-image":"","background-repeat":"repeat","background-position":"center center","background-size":"auto","background-attachment":"scroll","background-type":"","background-media":"","overlay-type":"","overlay-color":"","overlay-opacity":"","overlay-gradient":""}},"ast-content-background-meta":{"desktop":{"background-color":"var(--ast-global-color-5)","background-image":"","background-repeat":"repeat","background-position":"center center","background-size":"auto","background-attachment":"scroll","background-type":"","background-media":"","overlay-type":"","overlay-color":"","overlay-opacity":"","overlay-gradient":""},"tablet":{"background-color":"var(--ast-global-color-5)","background-image":"","background-repeat":"repeat","background-position":"center center","background-size":"auto","background-attachment":"scroll","background-type":"","background-media":"","overlay-type":"","overlay-color":"","overlay-opacity":"","overlay-gradient":""},"mobile":{"background-color":"var(--ast-global-color-5)","background-image":"","background-repeat":"repeat","background-position":"center center","background-size":"auto","background-attachment":"scroll","background-type":"","background-media":"","overlay-type":"","overlay-color":"","overlay-opacity":"","overlay-gradient":""}}},"product_brand":[],"product_cat":[24],"product_tag":[],"class_list":{"0":"post-14623","1":"product","2":"type-product","3":"status-publish","4":"has-post-thumbnail","6":"product_cat-center-drill-bit","7":"desktop-align-left","8":"tablet-align-left","9":"mobile-align-left","11":"first","12":"instock","13":"shipping-taxable","14":"product-type-simple"},"acf":[],"_links":{"self":[{"href":"https:\/\/www.tenyutool.com\/tr\/wp-json\/wp\/v2\/product\/14623","targetHints":{"allow":["GET"]}}],"collection":[{"href":"https:\/\/www.tenyutool.com\/tr\/wp-json\/wp\/v2\/product"}],"about":[{"href":"https:\/\/www.tenyutool.com\/tr\/wp-json\/wp\/v2\/types\/product"}],"replies":[{"embeddable":true,"href":"https:\/\/www.tenyutool.com\/tr\/wp-json\/wp\/v2\/comments?post=14623"}],"wp:featuredmedia":[{"embeddable":true,"href":"https:\/\/www.tenyutool.com\/tr\/wp-json\/wp\/v2\/media\/14187"}],"wp:attachment":[{"href":"https:\/\/www.tenyutool.com\/tr\/wp-json\/wp\/v2\/media?parent=14623"}],"wp:term":[{"taxonomy":"product_brand","embeddable":true,"href":"https:\/\/www.tenyutool.com\/tr\/wp-json\/wp\/v2\/product_brand?post=14623"},{"taxonomy":"product_cat","embeddable":true,"href":"https:\/\/www.tenyutool.com\/tr\/wp-json\/wp\/v2\/product_cat?post=14623"},{"taxonomy":"product_tag","embeddable":true,"href":"https:\/\/www.tenyutool.com\/tr\/wp-json\/wp\/v2\/product_tag?post=14623"}],"curies":[{"name":"wp","href":"https:\/\/api.w.org\/{rel}","templated":true}]}}