{"id":14731,"date":"2022-08-19T05:31:28","date_gmt":"2022-08-19T05:31:28","guid":{"rendered":"https:\/\/www.tenyutool.com\/?post_type=product&#038;p=14731"},"modified":"2022-08-19T05:42:10","modified_gmt":"2022-08-19T05:42:10","slug":"en-esnek-matkap-ucu","status":"publish","type":"product","link":"https:\/\/www.tenyutool.com\/tr\/product\/best-flexible-drill-bit\/","title":{"rendered":"Vida Noktal\u0131 Flex Burgu Ucu 9\/16 \u0130n\u00e7 x 54 \u0130n\u00e7 Uzun Esnek Kablo Matkap Ucu Duvarlar\u0131n Arkas\u0131nda Tel \u00c7ekmek i\u00e7in Bal\u0131k Ucu"},"content":{"rendered":"<p>\u00d6zellik:<\/p>\n<ul>\n<li>Bir duvardaki ah\u015fapta delikler a\u00e7man\u0131za yard\u0131mc\u0131 olabilecek esnek matkap ucu.<\/li>\n<li>Ucu ah\u015fab\u0131n i\u00e7inden \u00e7eken bir vida u\u00e7lu uca sahiptir.<\/li>\n<li>Tel veya kablo \u00e7ekme kulplar\u0131 ile kullan\u0131ma izin veren u\u00e7ta uygun bir delik.<\/li>\n<li>Ucun konik arkas\u0131, geri al\u0131nmas\u0131n\u0131 kolayla\u015ft\u0131r\u0131r ve yay \u00e7eli\u011fi mili deformasyona kar\u015f\u0131 dayan\u0131kl\u0131d\u0131r.<\/li>\n<li>Bit 9\/16 in\u00e7 \u00c7apa ve 54 in\u00e7 uzunlu\u011fa sahiptir.<\/li>\n<\/ul>\n<figure id=\"attachment_14736\" aria-describedby=\"caption-attachment-14736\" style=\"width: 800px\" class=\"wp-caption alignnone\"><img fetchpriority=\"high\" decoding=\"async\" class=\"size-full wp-image-14736\" src=\"https:\/\/www.tenyutool.com\/wp-content\/uploads\/2022\/08\/Flex-Auger-Bit-with-Screw-Point-0.5625Inch-x-54Inch-Long-Flexible-Cable-Drill-Bit-Fish-Bit-for-Pulling-Wire-Behind-Walls.jpg\" alt=\"vida noktal\u0131 esnek burgu ucu 0,5625 in\u00e7 x 54 in\u00e7 uzunlu\u011funda esnek kablo matkap ucu duvarlar\u0131n arkas\u0131ndan tel \u00e7ekmek i\u00e7in bal\u0131k ucu\" width=\"800\" height=\"800\" srcset=\"https:\/\/www.tenyutool.com\/wp-content\/uploads\/2022\/08\/Flex-Auger-Bit-with-Screw-Point-0.5625Inch-x-54Inch-Long-Flexible-Cable-Drill-Bit-Fish-Bit-for-Pulling-Wire-Behind-Walls.jpg 800w, https:\/\/www.tenyutool.com\/wp-content\/uploads\/2022\/08\/Flex-Auger-Bit-with-Screw-Point-0.5625Inch-x-54Inch-Long-Flexible-Cable-Drill-Bit-Fish-Bit-for-Pulling-Wire-Behind-Walls-150x150.jpg 150w, https:\/\/www.tenyutool.com\/wp-content\/uploads\/2022\/08\/Flex-Auger-Bit-with-Screw-Point-0.5625Inch-x-54Inch-Long-Flexible-Cable-Drill-Bit-Fish-Bit-for-Pulling-Wire-Behind-Walls-768x768.jpg 768w, https:\/\/www.tenyutool.com\/wp-content\/uploads\/2022\/08\/Flex-Auger-Bit-with-Screw-Point-0.5625Inch-x-54Inch-Long-Flexible-Cable-Drill-Bit-Fish-Bit-for-Pulling-Wire-Behind-Walls-12x12.jpg 12w, https:\/\/www.tenyutool.com\/wp-content\/uploads\/2022\/08\/Flex-Auger-Bit-with-Screw-Point-0.5625Inch-x-54Inch-Long-Flexible-Cable-Drill-Bit-Fish-Bit-for-Pulling-Wire-Behind-Walls-300x300.jpg 300w, https:\/\/www.tenyutool.com\/wp-content\/uploads\/2022\/08\/Flex-Auger-Bit-with-Screw-Point-0.5625Inch-x-54Inch-Long-Flexible-Cable-Drill-Bit-Fish-Bit-for-Pulling-Wire-Behind-Walls-600x600.jpg 600w, https:\/\/www.tenyutool.com\/wp-content\/uploads\/2022\/08\/Flex-Auger-Bit-with-Screw-Point-0.5625Inch-x-54Inch-Long-Flexible-Cable-Drill-Bit-Fish-Bit-for-Pulling-Wire-Behind-Walls-100x100.jpg 100w\" sizes=\"(max-width: 800px) 100vw, 800px\" \/><figcaption id=\"caption-attachment-14736\" class=\"wp-caption-text\">vida noktal\u0131 esnek burgu ucu 0,5625 in\u00e7 x 54 in\u00e7 uzunlu\u011funda esnek kablo matkap ucu duvarlar\u0131n arkas\u0131ndan tel \u00e7ekmek i\u00e7in bal\u0131k ucu<\/figcaption><\/figure>\n<table class=\"has-title hight-light-first-column all magic-4\">\n<tbody>\n<tr>\n<td colspan=\"5\" rowspan=\"1\">\n<div class=\"magic-5\"><span class=\"magic-6\">\u00dcr\u00fcn A\u00e7\u0131klamas\u0131<\/span><\/div>\n<\/td>\n<\/tr>\n<tr>\n<td colspan=\"5\" rowspan=\"1\">\n<div class=\"magic-5\"><b><span class=\"magic-11\">Sizin \u0130\u00e7in Daha Fazla Se\u00e7enek:\u00a0<a href=\"https:\/\/www.tenyutool.com\/tr\/\" target=\"_blank\" rel=\"noopener\">Ev<\/a>\u00a0&gt;\u00a0<a href=\"https:\/\/www.tenyutool.com\/tr\/ahsap-matkap-uclari\/\" target=\"_blank\" rel=\"noopener\">Ah\u015fap Matkap Ucu<\/a>\u00a0&gt;\u00a0<a href=\"https:\/\/www.tenyutool.com\/tr\/ahsap-burgu-matkap-ucu\/\" target=\"_blank\" rel=\"noopener\">Ah\u015fap Burgu Ucu<\/a><\/span><\/b><\/div>\n<\/td>\n<\/tr>\n<tr>\n<td colspan=\"1\" rowspan=\"1\">\n<div class=\"magic-12\">\u00dcr\u00fcn ad\u0131<\/div>\n<\/td>\n<td colspan=\"4\" rowspan=\"1\">\n<div class=\"magic-13\" data-spm-anchor-id=\"a2700.details.0.i33.3ea41c75KgF4Wo\">Vida Noktal\u0131 Flex Burgu Ucu 9\/16 \u0130n\u00e7 x 54 \u0130n\u00e7 Uzun Esnek Kablo Matkap Ucu Duvarlar\u0131n Arkas\u0131nda Tel \u00c7ekmek i\u00e7in Bal\u0131k Ucu<\/div>\n<\/td>\n<\/tr>\n<tr>\n<td colspan=\"1\" rowspan=\"1\">\n<div class=\"magic-12\">\u0130ncik<\/div>\n<\/td>\n<td colspan=\"4\" rowspan=\"1\">\n<div class=\"magic-14\">D\u00fcz \u015eaft<\/div>\n<\/td>\n<\/tr>\n<tr>\n<td colspan=\"1\" rowspan=\"1\">\n<div class=\"magic-12\">U\u00e7<\/div>\n<\/td>\n<td colspan=\"4\" rowspan=\"1\">\n<div class=\"magic-14\">Vida Noktas\u0131 Ucu<\/div>\n<\/td>\n<\/tr>\n<tr>\n<td colspan=\"1\" rowspan=\"1\">\n<div class=\"magic-12\">Matkap Ucu Malzemesi<\/div>\n<\/td>\n<td colspan=\"4\" rowspan=\"1\">\n<div class=\"magic-14\">65 Milyon<\/div>\n<\/td>\n<\/tr>\n<tr>\n<td colspan=\"1\" rowspan=\"1\">\n<div class=\"magic-12\">\u015eaft Malzemesi<\/div>\n<\/td>\n<td colspan=\"4\" rowspan=\"1\">\n<div class=\"magic-14\">yay \u00e7eli\u011fi<\/div>\n<\/td>\n<\/tr>\n<tr>\n<td colspan=\"1\" rowspan=\"1\">\n<div class=\"magic-12\">Y\u00fczey<\/div>\n<\/td>\n<td colspan=\"4\" rowspan=\"1\">\n<div class=\"magic-14\">Siyah oksid<\/div>\n<\/td>\n<\/tr>\n<tr>\n<td colspan=\"1\" rowspan=\"1\">\n<div class=\"magic-12\">paket<\/div>\n<\/td>\n<td colspan=\"4\" rowspan=\"1\">\n<div class=\"magic-14\">Plastik Kutu ve PVC Po\u015fet<\/div>\n<\/td>\n<\/tr>\n<\/tbody>\n<\/table>\n<table width=\"820\">\n<tbody>\n<tr>\n<td colspan=\"8\" width=\"820\">\u00dcr\u00fcn boyutu<\/td>\n<\/tr>\n<tr>\n<td>\u0130n\u00e7 Boyut \u00c7ap\u0131<\/td>\n<td>\u015eaft Tipi<\/td>\n<td>\u0130pucu T\u00fcr\u00fc<\/td>\n<td>\u015eaft Boyutu<\/td>\n<td>\u015eaft \u00c7ap\u0131<\/td>\n<td>Toplam uzunluk<\/td>\n<td>Maksimum Delme Derinli\u011fi<\/td>\n<td>Kullan\u0131lan i\u00e7in<\/td>\n<\/tr>\n<tr>\n<td>3\/8&#8243;(0.375&#8243;)<\/td>\n<td>Yuvarlak\/\u00dc\u00e7 D\u00fcz<\/td>\n<td>Vida Ucu<\/td>\n<td>3\/16&#8243;<\/td>\n<td>3\/16&#8243;<\/td>\n<td>54&#8243;<\/td>\n<td>53&#8243;<\/td>\n<td>Odun<\/td>\n<\/tr>\n<tr>\n<td>1\/2&#8243;(0.5&#8243;)<\/td>\n<td>Yuvarlak\/\u00dc\u00e7 D\u00fcz<\/td>\n<td>Vida Ucu<\/td>\n<td>1\/4&#8243;<\/td>\n<td>3\/16&#8243;<\/td>\n<td>54&#8243;<\/td>\n<td>53&#8243;<\/td>\n<td>Odun<\/td>\n<\/tr>\n<tr>\n<td>9\/16&#8243;(0.5625&#8243;)<\/td>\n<td>Yuvarlak\/\u00dc\u00e7 D\u00fcz<\/td>\n<td>Vida Ucu<\/td>\n<td>1\/4&#8243;<\/td>\n<td>3\/16&#8243;<\/td>\n<td>54&#8243;<\/td>\n<td>53&#8243;<\/td>\n<td>Odun<\/td>\n<\/tr>\n<tr>\n<td>5\/8&#8243;(0.625&#8243;)<\/td>\n<td>Yuvarlak\/\u00dc\u00e7 D\u00fcz<\/td>\n<td>Vida Ucu<\/td>\n<td>1\/4&#8243;<\/td>\n<td>3\/16&#8243;<\/td>\n<td>54&#8243;<\/td>\n<td>53&#8243;<\/td>\n<td>Odun<\/td>\n<\/tr>\n<tr>\n<td>3\/4&#8243;(0.75&#8243;)<\/td>\n<td>Yuvarlak\/\u00dc\u00e7 D\u00fcz<\/td>\n<td>Vida Ucu<\/td>\n<td>1\/4&#8243;<\/td>\n<td>1\/4&#8243;<\/td>\n<td>54&#8243;<\/td>\n<td>53&#8243;<\/td>\n<td>Odun<\/td>\n<\/tr>\n<tr>\n<td>1&#8243;(1&#8243;)<\/td>\n<td>Yuvarlak\/\u00dc\u00e7 D\u00fcz<\/td>\n<td>Vida Ucu<\/td>\n<td>1\/4&#8243;<\/td>\n<td>1\/4&#8243;<\/td>\n<td>54&#8243;<\/td>\n<td>53&#8243;<\/td>\n<td>Odun<\/td>\n<\/tr>\n<tr>\n<td><\/td>\n<td><\/td>\n<td><\/td>\n<td><\/td>\n<td><\/td>\n<td><\/td>\n<td><\/td>\n<td><\/td>\n<\/tr>\n<tr>\n<td>\u0130n\u00e7 Boyut \u00c7ap\u0131<\/td>\n<td>\u015eaft Tipi<\/td>\n<td>\u0130pucu T\u00fcr\u00fc<\/td>\n<td>\u015eaft Boyutu<\/td>\n<td>\u015eaft \u00c7ap\u0131<\/td>\n<td>Toplam uzunluk<\/td>\n<td>Maksimum Delme Derinli\u011fi<\/td>\n<td>Kullan\u0131lan i\u00e7in<\/td>\n<\/tr>\n<tr>\n<td>3\/8&#8243;(0.375&#8243;)<\/td>\n<td>Yuvarlak\/\u00dc\u00e7 D\u00fcz<\/td>\n<td>Vida Ucu<\/td>\n<td>3\/16&#8243;<\/td>\n<td>3\/16&#8243;<\/td>\n<td>72&#8243;<\/td>\n<td>71&#8243;<\/td>\n<td>Odun<\/td>\n<\/tr>\n<tr>\n<td>1\/2&#8243;(0.5&#8243;)<\/td>\n<td>Yuvarlak\/\u00dc\u00e7 D\u00fcz<\/td>\n<td>Vida Ucu<\/td>\n<td>1\/4&#8243;<\/td>\n<td>3\/16&#8243;<\/td>\n<td>72&#8243;<\/td>\n<td>71&#8243;<\/td>\n<td>Odun<\/td>\n<\/tr>\n<tr>\n<td>9\/16&#8243;(0.5625&#8243;)<\/td>\n<td>Yuvarlak\/\u00dc\u00e7 D\u00fcz<\/td>\n<td>Vida Ucu<\/td>\n<td>1\/4&#8243;<\/td>\n<td>3\/16&#8243;<\/td>\n<td>72&#8243;<\/td>\n<td>71&#8243;<\/td>\n<td>Odun<\/td>\n<\/tr>\n<\/tbody>\n<\/table>","protected":false},"excerpt":{"rendered":"<p>Feature: Flexible drill bit that can help you drill holes through wood within a wall. It features a screw point tip that pulls the bit through wood. A convenient hole in the tip that allows for use with wire or cable pulling grips. The tapered back of the bit makes it easy to retrieve, and [&hellip;]<\/p>\n","protected":false},"featured_media":14736,"comment_status":"closed","ping_status":"closed","template":"","meta":{"_acf_changed":false,"_seopress_robots_primary_cat":"none","_seopress_titles_title":"Best Flexible Drill Bit | 9\/16&quot; x 54&quot; Cable Fish Wood Bit","_seopress_titles_desc":"","_seopress_robots_index":"","site-sidebar-layout":"default","site-content-layout":"default","ast-site-content-layout":"default","site-content-style":"default","site-sidebar-style":"default","ast-global-header-display":"","ast-banner-title-visibility":"","ast-main-header-display":"","ast-hfb-above-header-display":"","ast-hfb-below-header-display":"","ast-hfb-mobile-header-display":"","site-post-title":"","ast-breadcrumbs-content":"","ast-featured-img":"","footer-sml-layout":"","ast-disable-related-posts":"","theme-transparent-header-meta":"default","adv-header-id-meta":"","stick-header-meta":"","header-above-stick-meta":"","header-main-stick-meta":"","header-below-stick-meta":"","astra-migrate-meta-layouts":"default","ast-page-background-enabled":"default","ast-page-background-meta":{"desktop":{"background-color":"","background-image":"","background-repeat":"repeat","background-position":"center center","background-size":"auto","background-attachment":"scroll","background-type":"","background-media":"","overlay-type":"","overlay-color":"","overlay-opacity":"","overlay-gradient":""},"tablet":{"background-color":"","background-image":"","background-repeat":"repeat","background-position":"center center","background-size":"auto","background-attachment":"scroll","background-type":"","background-media":"","overlay-type":"","overlay-color":"","overlay-opacity":"","overlay-gradient":""},"mobile":{"background-color":"","background-image":"","background-repeat":"repeat","background-position":"center center","background-size":"auto","background-attachment":"scroll","background-type":"","background-media":"","overlay-type":"","overlay-color":"","overlay-opacity":"","overlay-gradient":""}},"ast-content-background-meta":{"desktop":{"background-color":"var(--ast-global-color-5)","background-image":"","background-repeat":"repeat","background-position":"center center","background-size":"auto","background-attachment":"scroll","background-type":"","background-media":"","overlay-type":"","overlay-color":"","overlay-opacity":"","overlay-gradient":""},"tablet":{"background-color":"var(--ast-global-color-5)","background-image":"","background-repeat":"repeat","background-position":"center center","background-size":"auto","background-attachment":"scroll","background-type":"","background-media":"","overlay-type":"","overlay-color":"","overlay-opacity":"","overlay-gradient":""},"mobile":{"background-color":"var(--ast-global-color-5)","background-image":"","background-repeat":"repeat","background-position":"center center","background-size":"auto","background-attachment":"scroll","background-type":"","background-media":"","overlay-type":"","overlay-color":"","overlay-opacity":"","overlay-gradient":""}}},"product_brand":[],"product_cat":[23],"product_tag":[],"class_list":{"0":"post-14731","1":"product","2":"type-product","3":"status-publish","4":"has-post-thumbnail","6":"product_cat-wood-auger-drill-bits","7":"desktop-align-left","8":"tablet-align-left","9":"mobile-align-left","11":"first","12":"instock","13":"shipping-taxable","14":"product-type-simple"},"acf":[],"_links":{"self":[{"href":"https:\/\/www.tenyutool.com\/tr\/wp-json\/wp\/v2\/product\/14731","targetHints":{"allow":["GET"]}}],"collection":[{"href":"https:\/\/www.tenyutool.com\/tr\/wp-json\/wp\/v2\/product"}],"about":[{"href":"https:\/\/www.tenyutool.com\/tr\/wp-json\/wp\/v2\/types\/product"}],"replies":[{"embeddable":true,"href":"https:\/\/www.tenyutool.com\/tr\/wp-json\/wp\/v2\/comments?post=14731"}],"wp:featuredmedia":[{"embeddable":true,"href":"https:\/\/www.tenyutool.com\/tr\/wp-json\/wp\/v2\/media\/14736"}],"wp:attachment":[{"href":"https:\/\/www.tenyutool.com\/tr\/wp-json\/wp\/v2\/media?parent=14731"}],"wp:term":[{"taxonomy":"product_brand","embeddable":true,"href":"https:\/\/www.tenyutool.com\/tr\/wp-json\/wp\/v2\/product_brand?post=14731"},{"taxonomy":"product_cat","embeddable":true,"href":"https:\/\/www.tenyutool.com\/tr\/wp-json\/wp\/v2\/product_cat?post=14731"},{"taxonomy":"product_tag","embeddable":true,"href":"https:\/\/www.tenyutool.com\/tr\/wp-json\/wp\/v2\/product_tag?post=14731"}],"curies":[{"name":"wp","href":"https:\/\/api.w.org\/{rel}","templated":true}]}}